{"id":11240,"date":"2021-09-16T19:40:01","date_gmt":"2021-09-16T22:40:01","guid":{"rendered":"http:\/\/www.colegio-sanandres.cl\/?page_id=11240"},"modified":"2021-09-19T00:04:22","modified_gmt":"2021-09-19T03:04:22","slug":"actividades-pedagogicas-link-clases-via-meet-lunes-20-al-viernes-24-de-septiembre","status":"publish","type":"page","link":"http:\/\/www.colegio-sanandres.cl\/?page_id=11240","title":{"rendered":"Actividades Pedag\u00f3gicas \/ Link Clases v\u00eda Meet Lunes 20 al Viernes 24 de Septiembre."},"content":{"rendered":"\n<p style=\"font-size:24px\" class=\"has-text-color has-background has-text-align-center has-very-dark-gray-color has-vivid-green-cyan-background-color\"><strong>EDUCACI\u00d3N PARVULARIA<\/strong><\/p>\n\n\n\n<p><span style=\"background-color: #ffffff;\"><strong><a href=\"http:\/\/www.colegio-sanandres.cl\/?page_id=11280\">PRE K\u00cdNDER A<\/a><br><\/strong><\/span><\/p>\n<p><a href=\"http:\/\/www.colegio-sanandres.cl\/?page_id=11282\"><strong>PRE K\u00cdNDER B<\/strong><\/a><\/p>\n\n\n\n<p><a href=\"http:\/\/www.colegio-sanandres.cl\/?page_id=11274\"><strong>K\u00cdNDER<\/strong> <strong>A<\/strong><\/a><\/p>\n\n\n\n<p><strong><a href=\"http:\/\/www.colegio-sanandres.cl\/?page_id=11277\">K\u00cdNDER B<\/a><\/strong><\/p>\n\n\n\n\n\n<p style=\"font-size:24px\" class=\"has-text-color has-background has-text-align-center has-very-dark-gray-color has-luminous-vivid-orange-background-color\"><strong>PRIMER CICLO B\u00c1SICO<\/strong><\/p>\n\n\n\n<p><a href=\"http:\/\/www.colegio-sanandres.cl\/?page_id=11244\"><strong>1\u00ba B\u00c1SICO<\/strong> <strong>A<\/strong><\/a><\/p>\n\n\n\n<p><strong><a href=\"http:\/\/www.colegio-sanandres.cl\/?page_id=11310\">1\u00b0 B\u00c1SICO B<\/a><\/strong><\/p>\n\n\n\n<p><a href=\"http:\/\/www.colegio-sanandres.cl\/?page_id=11247\"><strong>2\u00ba B\u00c1SICO<\/strong> <strong>A<\/strong><\/a><\/p>\n\n\n\n<p><strong><a href=\"http:\/\/www.colegio-sanandres.cl\/?page_id=11322\">2\u00b0 B\u00c1SICO B<\/a><\/strong><\/p>\n\n\n\n<p><a href=\"http:\/\/www.colegio-sanandres.cl\/?page_id=11250\"><strong>3\u00ba B\u00c1SICO<\/strong> <strong>A<\/strong><\/a><\/p>\n\n\n\n<p><a href=\"http:\/\/www.colegio-sanandres.cl\/?page_id=11253\"><strong>3\u00ba B\u00c1SICO<\/strong> <strong>B<\/strong><\/a><\/p>\n\n\n\n<p><a href=\"http:\/\/www.colegio-sanandres.cl\/?page_id=11256\"><strong>4\u00ba B\u00c1SICO<\/strong> <strong>A<\/strong><\/a><\/p>\n\n\n\n<p><a href=\"http:\/\/www.colegio-sanandres.cl\/?page_id=11355\"><strong>4\u00ba B\u00c1SICO<\/strong> <strong>B<\/strong><\/a><\/p>\n\n\n\n\n\n<p style=\"font-size:24px\" class=\"has-text-color has-background has-text-align-center has-very-dark-gray-color has-vivid-cyan-blue-background-color\"><strong>SEGUNDO CICLO B\u00c1SICO<\/strong><\/p>\n\n\n\n<p><a href=\"http:\/\/www.colegio-sanandres.cl\/?page_id=11259\"><strong>5\u00ba B\u00c1SICO<\/strong> <strong>A<\/strong><\/a><\/p>\n\n\n\n<p><a href=\"http:\/\/www.colegio-sanandres.cl\/?page_id=11262\"><strong>5\u00ba B\u00c1SICO<\/strong> <strong>B<\/strong><\/a><\/p>\n\n\n\n<p><a href=\"http:\/\/www.colegio-sanandres.cl\/?page_id=11265\"><strong>6\u00ba B\u00c1SICO<\/strong> <strong>A<\/strong><\/a><\/p>\n\n\n\n<p><a href=\"http:\/\/www.colegio-sanandres.cl\/?page_id=11394\"><strong>6\u00ba B\u00c1SICO<\/strong> <strong>B<\/strong><\/a><\/p>\n\n\n\n<p><a href=\"http:\/\/www.colegio-sanandres.cl\/?page_id=11268\"><strong>7\u00ba B\u00c1SICO<\/strong> <strong>A<\/strong><\/a><\/p>\n\n\n\n<p><strong><a href=\"http:\/\/www.colegio-sanandres.cl\/?page_id=11410\">7\u00ba B\u00c1SICO B<\/a><\/strong><\/p>\n\n\n\n<p><a href=\"http:\/\/www.colegio-sanandres.cl\/?page_id=11271\"><strong>8\u00ba B\u00c1SICO<\/strong> <strong>A<\/strong><\/a><\/p>\n\n\n\n<p><a href=\"http:\/\/www.colegio-sanandres.cl\/?page_id=11428\"><strong>8\u00ba B\u00c1SICO<\/strong> <strong>B<\/strong><\/a><\/p>\n\n\n","protected":false},"excerpt":{"rendered":"<p>EDUCACI\u00d3N PARVULARIA PRE K\u00cdNDER A PRE K\u00cdNDER B K\u00cdNDER A K\u00cdNDER B PRIMER CICLO B\u00c1SICO 1\u00ba B\u00c1SICO A 1\u00b0 B\u00c1SICO B 2\u00ba B\u00c1SICO A 2\u00b0 B\u00c1SICO B 3\u00ba B\u00c1SICO A 3\u00ba B\u00c1SICO B 4\u00ba B\u00c1SICO A 4\u00ba B\u00c1SICO B SEGUNDO CICLO B\u00c1SICO 5\u00ba B\u00c1SICO A 5\u00ba B\u00c1SICO B 6\u00ba B\u00c1SICO A 6\u00ba B\u00c1SICO B 7\u00ba [&hellip;]<\/p>\n","protected":false},"author":3,"featured_media":0,"parent":0,"menu_order":0,"comment_status":"closed","ping_status":"closed","template":"","meta":{"footnotes":""},"class_list":["post-11240","page","type-page","status-publish","hentry"],"amp_enabled":true,"_links":{"self":[{"href":"http:\/\/www.colegio-sanandres.cl\/index.php?rest_route=\/wp\/v2\/pages\/11240","targetHints":{"allow":["GET"]}}],"collection":[{"href":"http:\/\/www.colegio-sanandres.cl\/index.php?rest_route=\/wp\/v2\/pages"}],"about":[{"href":"http:\/\/www.colegio-sanandres.cl\/index.php?rest_route=\/wp\/v2\/types\/page"}],"author":[{"embeddable":true,"href":"http:\/\/www.colegio-sanandres.cl\/index.php?rest_route=\/wp\/v2\/users\/3"}],"replies":[{"embeddable":true,"href":"http:\/\/www.colegio-sanandres.cl\/index.php?rest_route=%2Fwp%2Fv2%2Fcomments&post=11240"}],"version-history":[{"count":9,"href":"http:\/\/www.colegio-sanandres.cl\/index.php?rest_route=\/wp\/v2\/pages\/11240\/revisions"}],"predecessor-version":[{"id":11430,"href":"http:\/\/www.colegio-sanandres.cl\/index.php?rest_route=\/wp\/v2\/pages\/11240\/revisions\/11430"}],"wp:attachment":[{"href":"http:\/\/www.colegio-sanandres.cl\/index.php?rest_route=%2Fwp%2Fv2%2Fmedia&parent=11240"}],"curies":[{"name":"wp","href":"https:\/\/api.w.org\/{rel}","templated":true}]}}