{"id":12903,"date":"2021-12-03T18:08:58","date_gmt":"2021-12-03T21:08:58","guid":{"rendered":"http:\/\/www.colegio-sanandres.cl\/?page_id=12903"},"modified":"2021-12-03T18:08:58","modified_gmt":"2021-12-03T21:08:58","slug":"kinder-b-semana-lunes-6-al-viernes-10-de-diciembre","status":"publish","type":"page","link":"http:\/\/www.colegio-sanandres.cl\/?page_id=12903","title":{"rendered":"K\u00ednder B (Semana Lunes 6 al Viernes 10 de Diciembre)."},"content":{"rendered":"\n<div style=\"height:20px\" aria-hidden=\"true\" class=\"wp-block-spacer\"><\/div>\n\n\n\n<blockquote>\n<h3 style=\"text-align: justify;\"><span style=\"background-color: #ffcc00;\"><strong><u>Atenci\u00f3n<\/u><\/strong><strong>: Mi\u00e9rcoles 8 de Diciembre es Feriado por tanto no habr\u00e1n clases Online.<\/strong><\/span><\/h3>\n<\/blockquote>\n\n\n\n<hr class=\"wp-block-separator\"\/>\n\n\n\n<div style=\"height:20px\" aria-hidden=\"true\" class=\"wp-block-spacer\"><\/div>\n\n\n\n<h2 style=\"text-align: center;\"><span style=\"text-decoration: underline;\"><strong>HORARIO DE CLASES PRESENCIALES<\/strong><\/span><\/h2>\n\n\n\n<figure class=\"wp-block-image size-large is-resized\"><img loading=\"lazy\" decoding=\"async\" src=\"http:\/\/www.colegio-sanandres.cl\/wp-content\/uploads\/2021\/11\/K\u00ednder-B-Modalidad-desde-el-8-Noviembre-1200x675.jpg\" alt=\"\" class=\"wp-image-12457\" width=\"792\" height=\"445\" srcset=\"http:\/\/www.colegio-sanandres.cl\/wp-content\/uploads\/2021\/11\/K\u00ednder-B-Modalidad-desde-el-8-Noviembre-1200x675.jpg 1200w, http:\/\/www.colegio-sanandres.cl\/wp-content\/uploads\/2021\/11\/K\u00ednder-B-Modalidad-desde-el-8-Noviembre-850x478.jpg 850w, http:\/\/www.colegio-sanandres.cl\/wp-content\/uploads\/2021\/11\/K\u00ednder-B-Modalidad-desde-el-8-Noviembre-250x141.jpg 250w, http:\/\/www.colegio-sanandres.cl\/wp-content\/uploads\/2021\/11\/K\u00ednder-B-Modalidad-desde-el-8-Noviembre-768x432.jpg 768w, http:\/\/www.colegio-sanandres.cl\/wp-content\/uploads\/2021\/11\/K\u00ednder-B-Modalidad-desde-el-8-Noviembre.jpg 1280w\" sizes=\"auto, (max-width: 792px) 100vw, 792px\" \/><\/figure>\n\n\n\n<hr class=\"wp-block-separator\"\/>\n\n\n","protected":false},"excerpt":{"rendered":"<p>Atenci\u00f3n: Mi\u00e9rcoles 8 de Diciembre es Feriado por tanto no habr\u00e1n clases Online. HORARIO DE CLASES PRESENCIALES<\/p>\n","protected":false},"author":3,"featured_media":0,"parent":0,"menu_order":0,"comment_status":"closed","ping_status":"closed","template":"","meta":{"footnotes":""},"class_list":["post-12903","page","type-page","status-publish","hentry"],"amp_enabled":true,"_links":{"self":[{"href":"http:\/\/www.colegio-sanandres.cl\/index.php?rest_route=\/wp\/v2\/pages\/12903","targetHints":{"allow":["GET"]}}],"collection":[{"href":"http:\/\/www.colegio-sanandres.cl\/index.php?rest_route=\/wp\/v2\/pages"}],"about":[{"href":"http:\/\/www.colegio-sanandres.cl\/index.php?rest_route=\/wp\/v2\/types\/page"}],"author":[{"embeddable":true,"href":"http:\/\/www.colegio-sanandres.cl\/index.php?rest_route=\/wp\/v2\/users\/3"}],"replies":[{"embeddable":true,"href":"http:\/\/www.colegio-sanandres.cl\/index.php?rest_route=%2Fwp%2Fv2%2Fcomments&post=12903"}],"version-history":[{"count":1,"href":"http:\/\/www.colegio-sanandres.cl\/index.php?rest_route=\/wp\/v2\/pages\/12903\/revisions"}],"predecessor-version":[{"id":12904,"href":"http:\/\/www.colegio-sanandres.cl\/index.php?rest_route=\/wp\/v2\/pages\/12903\/revisions\/12904"}],"wp:attachment":[{"href":"http:\/\/www.colegio-sanandres.cl\/index.php?rest_route=%2Fwp%2Fv2%2Fmedia&parent=12903"}],"curies":[{"name":"wp","href":"https:\/\/api.w.org\/{rel}","templated":true}]}}