{"id":13055,"date":"2022-03-01T20:26:30","date_gmt":"2022-03-01T23:26:30","guid":{"rendered":"http:\/\/www.colegio-sanandres.cl\/?page_id=13055"},"modified":"2022-03-01T20:53:12","modified_gmt":"2022-03-01T23:53:12","slug":"lista-etudiantes-cursos-2022","status":"publish","type":"page","link":"http:\/\/www.colegio-sanandres.cl\/?page_id=13055","title":{"rendered":"Listas de Cursos 2022"},"content":{"rendered":"\n<p style=\"font-size:24px\" class=\"has-text-color has-background has-text-align-center has-very-dark-gray-color has-vivid-green-cyan-background-color\"><strong>EDUCACI\u00d3N PARVULARIA<\/strong> <\/p>\n\n\n\n<p><span style=\"background-color: #ffffff;\"><strong><a href=\"http:\/\/www.colegio-sanandres.cl\/wp-content\/uploads\/2022\/03\/Pre-K\u00ednder-A.pdf\">PRE K\u00cdNDER A<\/a><br><\/strong><\/span><\/p>\n<p><a href=\"http:\/\/www.colegio-sanandres.cl\/wp-content\/uploads\/2022\/03\/Pre-K\u00ednder-B.pdf\"><strong>PRE K\u00cdNDER B<\/strong><\/a><\/p>\n\n\n\n<p><a href=\"http:\/\/www.colegio-sanandres.cl\/wp-content\/uploads\/2022\/03\/K\u00ednder-A.pdf\"><strong>K\u00cdNDER<\/strong> <strong>A<\/strong><\/a><\/p>\n\n\n\n<p><a href=\"http:\/\/www.colegio-sanandres.cl\/wp-content\/uploads\/2022\/03\/K\u00ednder-B.pdf\"><strong>K\u00cdNDER B<\/strong><\/a><\/p>\n\n\n\n\n\n<p style=\"font-size:24px\" class=\"has-text-color has-background has-text-align-center has-very-dark-gray-color has-luminous-vivid-orange-background-color\"><strong>PRIMER CICLO B\u00c1SICO<\/strong><\/p>\n\n\n\n<p><a href=\"http:\/\/www.colegio-sanandres.cl\/wp-content\/uploads\/2022\/03\/1\u00b0A.pdf\"><strong>1\u00ba B\u00c1SICO<\/strong> <strong>A<\/strong><\/a><\/p>\n\n\n\n<p><a href=\"http:\/\/www.colegio-sanandres.cl\/wp-content\/uploads\/2022\/03\/1\u00b0B.pdf\"><strong>1\u00b0 B\u00c1SICO B<\/strong><\/a><\/p>\n\n\n\n<p><a href=\"http:\/\/www.colegio-sanandres.cl\/wp-content\/uploads\/2022\/03\/2\u00b0A.pdf\"><strong>2\u00ba B\u00c1SICO<\/strong> <strong>A<\/strong><\/a><\/p>\n\n\n\n<p><a href=\"http:\/\/www.colegio-sanandres.cl\/wp-content\/uploads\/2022\/03\/2\u00b0B.pdf\"><strong>2\u00b0 B\u00c1SICO B<\/strong><\/a><\/p>\n\n\n\n<p><a href=\"http:\/\/www.colegio-sanandres.cl\/wp-content\/uploads\/2022\/03\/3\u00b0A.pdf\"><strong>3\u00ba B\u00c1SICO<\/strong> <strong>A<\/strong><\/a><\/p>\n\n\n\n<p><a href=\"http:\/\/www.colegio-sanandres.cl\/wp-content\/uploads\/2022\/03\/3\u00b0B.pdf\"><strong>3\u00ba B\u00c1SICO<\/strong> <strong>B<\/strong><\/a><\/p>\n\n\n\n<p><a href=\"http:\/\/www.colegio-sanandres.cl\/wp-content\/uploads\/2022\/03\/4\u00b0A.pdf\"><strong>4\u00ba B\u00c1SICO<\/strong> <strong>A<\/strong><\/a><\/p>\n\n\n\n<p><a href=\"http:\/\/www.colegio-sanandres.cl\/wp-content\/uploads\/2022\/03\/4\u00b0B.pdf\"><strong>4\u00ba B\u00c1SICO<\/strong> <strong>B<\/strong><\/a><\/p>\n\n\n\n\n\n<p style=\"font-size:24px\" class=\"has-text-color has-background has-text-align-center has-very-dark-gray-color has-vivid-cyan-blue-background-color\"><strong>SEGUNDO CICLO B\u00c1SICO<\/strong><\/p>\n\n\n\n<p><a href=\"http:\/\/www.colegio-sanandres.cl\/wp-content\/uploads\/2022\/03\/5\u00b0A.pdf\"><strong>5\u00ba B\u00c1SICO A<\/strong><\/a><\/p>\n\n\n\n<p><a href=\"http:\/\/www.colegio-sanandres.cl\/wp-content\/uploads\/2022\/03\/5\u00b0B.pdf\"><strong>5\u00ba B\u00c1SICO<\/strong> <strong>B<\/strong><\/a><\/p>\n\n\n\n<p><a href=\"http:\/\/www.colegio-sanandres.cl\/wp-content\/uploads\/2022\/03\/6\u00b0A.pdf\"><strong>6\u00ba B\u00c1SICO<\/strong> <strong>A<\/strong><\/a><\/p>\n\n\n\n<p><a href=\"http:\/\/www.colegio-sanandres.cl\/wp-content\/uploads\/2022\/03\/6\u00b0B.pdf\"><strong>6\u00ba B\u00c1SICO<\/strong> <strong>B<\/strong><\/a><\/p>\n\n\n\n<p><a href=\"http:\/\/www.colegio-sanandres.cl\/wp-content\/uploads\/2022\/03\/7\u00b0A.pdf\"><strong>7\u00ba B\u00c1SICO<\/strong> <strong>A<\/strong><\/a><\/p>\n\n\n\n<p><a href=\"http:\/\/www.colegio-sanandres.cl\/wp-content\/uploads\/2022\/03\/7\u00b0B.pdf\"><strong>7\u00ba B\u00c1SICO B<\/strong><\/a><\/p>\n\n\n\n<p><a href=\"http:\/\/www.colegio-sanandres.cl\/wp-content\/uploads\/2022\/03\/8\u00b0A.pdf\"><strong>8\u00ba B\u00c1SICO<\/strong> <strong>A<\/strong><\/a><\/p>\n\n\n\n<p><a href=\"http:\/\/www.colegio-sanandres.cl\/wp-content\/uploads\/2022\/03\/8\u00b0B.pdf\"><strong>8\u00ba B\u00c1SICO<\/strong> <strong>B<\/strong><\/a><\/p>\n","protected":false},"excerpt":{"rendered":"<p>EDUCACI\u00d3N PARVULARIA PRE K\u00cdNDER A PRE K\u00cdNDER B K\u00cdNDER A K\u00cdNDER B PRIMER CICLO B\u00c1SICO 1\u00ba B\u00c1SICO A 1\u00b0 B\u00c1SICO B 2\u00ba B\u00c1SICO A 2\u00b0 B\u00c1SICO B 3\u00ba B\u00c1SICO A 3\u00ba B\u00c1SICO B 4\u00ba B\u00c1SICO A 4\u00ba B\u00c1SICO B SEGUNDO CICLO B\u00c1SICO 5\u00ba B\u00c1SICO A 5\u00ba B\u00c1SICO B 6\u00ba B\u00c1SICO A 6\u00ba B\u00c1SICO B 7\u00ba [&hellip;]<\/p>\n","protected":false},"author":3,"featured_media":0,"parent":0,"menu_order":0,"comment_status":"closed","ping_status":"closed","template":"","meta":{"footnotes":""},"class_list":["post-13055","page","type-page","status-publish","hentry"],"amp_enabled":true,"_links":{"self":[{"href":"http:\/\/www.colegio-sanandres.cl\/index.php?rest_route=\/wp\/v2\/pages\/13055","targetHints":{"allow":["GET"]}}],"collection":[{"href":"http:\/\/www.colegio-sanandres.cl\/index.php?rest_route=\/wp\/v2\/pages"}],"about":[{"href":"http:\/\/www.colegio-sanandres.cl\/index.php?rest_route=\/wp\/v2\/types\/page"}],"author":[{"embeddable":true,"href":"http:\/\/www.colegio-sanandres.cl\/index.php?rest_route=\/wp\/v2\/users\/3"}],"replies":[{"embeddable":true,"href":"http:\/\/www.colegio-sanandres.cl\/index.php?rest_route=%2Fwp%2Fv2%2Fcomments&post=13055"}],"version-history":[{"count":5,"href":"http:\/\/www.colegio-sanandres.cl\/index.php?rest_route=\/wp\/v2\/pages\/13055\/revisions"}],"predecessor-version":[{"id":13083,"href":"http:\/\/www.colegio-sanandres.cl\/index.php?rest_route=\/wp\/v2\/pages\/13055\/revisions\/13083"}],"wp:attachment":[{"href":"http:\/\/www.colegio-sanandres.cl\/index.php?rest_route=%2Fwp%2Fv2%2Fmedia&parent=13055"}],"curies":[{"name":"wp","href":"https:\/\/api.w.org\/{rel}","templated":true}]}}