{"id":13211,"date":"2022-04-13T19:47:23","date_gmt":"2022-04-13T23:47:23","guid":{"rendered":"http:\/\/www.colegio-sanandres.cl\/?page_id=13211"},"modified":"2022-04-13T19:47:23","modified_gmt":"2022-04-13T23:47:23","slug":"talleres-extra-programaticos-5-a-8-basico-2022","status":"publish","type":"page","link":"http:\/\/www.colegio-sanandres.cl\/?page_id=13211","title":{"rendered":"Talleres Extra Program\u00e1ticos 5\u00b0 a 8\u00b0 B\u00e1sico 2022."},"content":{"rendered":"\n<p>Los talleres de 5\u00b0 a 8\u00b0 B\u00e1sico son los siguintes:<\/p>\n\n\n\n<figure class=\"wp-block-image size-large is-resized\"><img loading=\"lazy\" decoding=\"async\" src=\"http:\/\/www.colegio-sanandres.cl\/wp-content\/uploads\/2022\/04\/TALLERES-EXTRAESCOLARES-5\u00b0a-8\u00b0-B\u00e1sico-2022_page-0001-1-1200x675.jpg\" alt=\"\" class=\"wp-image-13212\" width=\"894\" height=\"502\" srcset=\"http:\/\/www.colegio-sanandres.cl\/wp-content\/uploads\/2022\/04\/TALLERES-EXTRAESCOLARES-5\u00b0a-8\u00b0-B\u00e1sico-2022_page-0001-1-1200x675.jpg 1200w, http:\/\/www.colegio-sanandres.cl\/wp-content\/uploads\/2022\/04\/TALLERES-EXTRAESCOLARES-5\u00b0a-8\u00b0-B\u00e1sico-2022_page-0001-1-850x478.jpg 850w, http:\/\/www.colegio-sanandres.cl\/wp-content\/uploads\/2022\/04\/TALLERES-EXTRAESCOLARES-5\u00b0a-8\u00b0-B\u00e1sico-2022_page-0001-1-250x141.jpg 250w, http:\/\/www.colegio-sanandres.cl\/wp-content\/uploads\/2022\/04\/TALLERES-EXTRAESCOLARES-5\u00b0a-8\u00b0-B\u00e1sico-2022_page-0001-1-768x432.jpg 768w, http:\/\/www.colegio-sanandres.cl\/wp-content\/uploads\/2022\/04\/TALLERES-EXTRAESCOLARES-5\u00b0a-8\u00b0-B\u00e1sico-2022_page-0001-1.jpg 1280w\" sizes=\"auto, (max-width: 894px) 100vw, 894px\" \/><\/figure>\n\n\n\n<hr class=\"wp-block-separator\"\/>\n\n\n\n<div style=\"height:20px\" aria-hidden=\"true\" class=\"wp-block-spacer\"><\/div>\n\n\n\n<p style=\"text-align: justify;\">Si te interesa alguno de estos talleres debes ingresar al formulario de google forms e inscribirte (es una inscripci\u00f3n por taller).<\/p>\n\n\n\n<hr class=\"wp-block-separator\"\/>\n\n\n\n<div style=\"height:20px\" aria-hidden=\"true\" class=\"wp-block-spacer\"><\/div>\n\n\n\n<h3 style=\"text-align: center;\"><strong><span style=\"background-color: #ffcc00;\">DANZA (5\u00b0 a 8\u00b0 B\u00e1sico)<\/span><br \/><\/strong><\/h3>\n<p style=\"text-align: center;\"><span style=\"text-decoration: underline;\"><strong>20 CUPOS<\/strong><\/span><\/p>\n<table style=\"width: 100%; height: 97px;\">\n<tbody>\n<tr style=\"height: 24px;\">\n<td style=\"text-align: center; height: 24px;\" width=\"273\"><strong>MARTES<br \/><\/strong><\/td>\n<\/tr>\n<tr style=\"height: 24px;\">\n<td style=\"height: 24px;\" width=\"273\">Horario 15:40 a 17:00<\/td>\n<\/tr>\n<tr style=\"height: 24px;\">\n<td style=\"height: 24px;\" width=\"273\">Docente: Mar\u00eda Alejandra La Paz<\/td>\n<\/tr>\n<tr style=\"height: 25px;\">\n<td style=\"height: 25px;\" width=\"273\">Formulario de Inscripci\u00f3n:\u00a0\u00a0 <a href=\"https:\/\/forms.gle\/95Cd3QsyvEVCMXUQ6\">https:\/\/forms.gle\/95Cd3QsyvEVCMXUQ6<\/a><\/td>\n<\/tr>\n<\/tbody>\n<\/table>\n\n\n\n<hr class=\"wp-block-separator\"\/>\n\n\n\n<div style=\"height:20px\" aria-hidden=\"true\" class=\"wp-block-spacer\"><\/div>\n\n\n\n<h3 style=\"text-align: center;\"><strong><span style=\"background-color: #99cc00;\">GIMNASIA ART\u00cdSTICA (5\u00b0 a 8\u00b0 B\u00e1sico)<br \/><\/span><\/strong><\/h3>\n<table style=\"width: 100%; height: 121px;\" width=\"273\">\n<tbody>\n<tr style=\"height: 24px;\">\n<td style=\"text-align: center; height: 24px; width: 100%;\" width=\"273\"><strong>MI\u00c9RCOLES<br \/><\/strong><\/td>\n<\/tr>\n<tr style=\"height: 24px;\">\n<td style=\"text-align: left; height: 24px; width: 100%;\" width=\"273\">Cupos: 20 estudiantes. \u00a0\u00a0\u00a0\u00a0\u00a0\u00a0\u00a0\u00a0\u00a0\u00a0\u00a0\u00a0\u00a0\u00a0\u00a0\u00a0<\/td>\n<\/tr>\n<tr style=\"height: 24px;\">\n<td style=\"text-align: left; height: 24px; width: 100%;\" width=\"273\">Horario 14:00 a 15:20<\/td>\n<\/tr>\n<tr style=\"height: 24px;\">\n<td style=\"text-align: left; height: 24px; width: 100%;\" width=\"273\">Docente: Mar\u00eda Alejandra La Paz<\/td>\n<\/tr>\n<tr style=\"height: 24px;\">\n<td style=\"text-align: left; height: 25px; width: 100%;\" width=\"273\">Formulario de Inscripci\u00f3n:\u00a0 <a href=\"https:\/\/forms.gle\/EFD4PLybTKmL8jHY9\">https:\/\/forms.gle\/EFD4PLybTKmL8jHY9<\/a><\/td>\n<\/tr>\n<\/tbody>\n<\/table>\n\n\n\n<hr class=\"wp-block-separator\"\/>\n\n\n\n<div style=\"height:20px\" aria-hidden=\"true\" class=\"wp-block-spacer\"><\/div>\n\n\n\n<h3 style=\"text-align: center;\"><span style=\"background-color: #ff99cc;\"><strong>TALLER GUITARRA INICIAL (5\u00b0 a 8\u00b0 B\u00e1sico)<br \/><\/strong><\/span><\/h3>\n<table style=\"width: 100%; height: 116px;\" width=\"273\">\n<tbody>\n<tr style=\"height: 24px;\">\n<td style=\"text-align: center; height: 24px; width: 98.9655%;\" width=\"273\"><strong>JUEVES<br \/><\/strong><\/td>\n<\/tr>\n<tr style=\"height: 24px;\">\n<td style=\"height: 24px; text-align: left; width: 98.9655%;\" width=\"273\">Cupos: 15 estudiantes. \u00a0 \u00a0\u00a0\u00a0\u00a0\u00a0\u00a0\u00a0\u00a0\u00a0\u00a0\u00a0<\/td>\n<\/tr>\n<tr style=\"height: 24px;\">\n<td style=\"height: 24px; text-align: left; width: 98.9655%;\" width=\"273\">Horario 14:00 a 15:20<\/td>\n<\/tr>\n<tr style=\"height: 24px;\">\n<td style=\"width: 98.9655%; height: 24px;\" width=\"182\">Docente: Pamela Oyarz\u00fan<\/td>\n<\/tr>\n<tr style=\"height: 24px;\">\n<td style=\"height: 20px; text-align: left; width: 98.9655%;\" width=\"273\">Formulario de Inscripci\u00f3n: <a href=\"https:\/\/forms.gle\/TCLqhz7s5XUpnZuz5\">https:\/\/forms.gle\/TCLqhz7s5XUpnZuz5<\/a><\/td>\n<\/tr>\n<\/tbody>\n<\/table>\n\n\n\n<hr class=\"wp-block-separator\"\/>\n\n\n\n<div style=\"height:20px\" aria-hidden=\"true\" class=\"wp-block-spacer\"><\/div>\n\n\n\n<h3 style=\"text-align: center;\"><span style=\"background-color: #ff6600;\"><strong>TALLER DE CANTO (5\u00b0 a 8\u00b0 B\u00e1sico) <br \/><\/strong><\/span><\/h3>\n<table style=\"width: 100%; height: 120px;\" width=\"273\">\n<tbody>\n<tr style=\"height: 24px;\">\n<td style=\"text-align: center; height: 24px; width: 100%;\" width=\"273\"><strong>MI\u00c9RCOLES<br \/><\/strong><\/td>\n<\/tr>\n<tr style=\"height: 24px;\">\n<td style=\"text-align: left; height: 24px; width: 100%;\" width=\"273\">Cupos: 15 estudiantes. \u00a0\u00a0\u00a0\u00a0\u00a0\u00a0\u00a0\u00a0\u00a0\u00a0\u00a0\u00a0\u00a0\u00a0<\/td>\n<\/tr>\n<tr style=\"height: 24px;\">\n<td style=\"text-align: left; height: 24px; width: 100%;\" width=\"273\">Horario 14:00 a 15:50<\/td>\n<\/tr>\n<tr style=\"height: 24px;\">\n<td style=\"text-align: left; height: 24px; width: 100%;\" width=\"273\">Docente: Pamela Oyarz\u00fan<\/td>\n<\/tr>\n<tr style=\"height: 24px;\">\n<td style=\"text-align: left; height: 24px; width: 100%;\" width=\"273\">Formulario de Inscripci\u00f3n: <a href=\"https:\/\/forms.gle\/mNM5A9Xw3KusfEzL7\">https:\/\/forms.gle\/mNM5A9Xw3KusfEzL7<\/a><\/td>\n<\/tr>\n<\/tbody>\n<\/table>\n\n\n\n<hr class=\"wp-block-separator\"\/>\n\n\n\n<div style=\"height:20px\" aria-hidden=\"true\" class=\"wp-block-spacer\"><\/div>\n\n\n\n<h3 style=\"text-align: center;\"><span style=\"background-color: #ff6600;\"><strong><span style=\"background-color: #ffff00;\">TALLER DE ARTES (5\u00b0 a 8\u00b0 B\u00e1sico) <\/span><br \/><\/strong><\/span><\/h3>\n<table style=\"width: 100%; height: 120px;\" width=\"273\">\n<tbody>\n<tr style=\"height: 24px;\">\n<td style=\"text-align: center; height: 24px; width: 100%;\" width=\"273\"><strong>MI\u00c9RCOLES<br \/><\/strong><\/td>\n<\/tr>\n<tr style=\"height: 24px;\">\n<td style=\"text-align: left; height: 24px; width: 100%;\" width=\"273\">Cupos: 20 estudiantes. \u00a0\u00a0\u00a0\u00a0\u00a0\u00a0\u00a0\u00a0\u00a0\u00a0\u00a0\u00a0\u00a0\u00a0<\/td>\n<\/tr>\n<tr style=\"height: 24px;\">\n<td style=\"text-align: left; height: 24px; width: 100%;\" width=\"273\">Horario 14:00 a 15:00<\/td>\n<\/tr>\n<tr style=\"height: 24px;\">\n<td style=\"text-align: left; height: 24px; width: 100%;\" width=\"273\">Docente: Susana Ortiz<\/td>\n<\/tr>\n<tr style=\"height: 24px;\">\n<td style=\"text-align: left; height: 24px; width: 100%;\" width=\"273\">Formulario de Inscripci\u00f3n: <a href=\"https:\/\/forms.gle\/nuLMZn553Yusbbby6\">https:\/\/forms.gle\/nuLMZn553Yusbbby6<\/a><\/td>\n<\/tr>\n<\/tbody>\n<\/table>\n\n\n\n<hr class=\"wp-block-separator\"\/>\n\n\n\n<div style=\"height:20px\" aria-hidden=\"true\" class=\"wp-block-spacer\"><\/div>\n\n\n\n<h3 style=\"text-align: center;\"><span style=\"background-color: #33cccc;\"><strong><span style=\"background-color: #cc99ff;\">FUTBOL MIXTO \/ DAMAS y VARONES (5\u00b0 y 6\u00b0 B\u00e1sico)<br \/><\/span><\/strong><\/span><\/h3>\n<table style=\"width: 100%; height: 106px;\" width=\"273\">\n<tbody>\n<tr style=\"height: 24px;\">\n<td style=\"text-align: center; height: 24px; width: 98.9655%;\" width=\"273\"><strong>MARTES<br \/><\/strong><\/td>\n<\/tr>\n<tr style=\"height: 24px;\">\n<td style=\"height: 23px; text-align: left; width: 98.9655%;\" width=\"273\">Cupos: 20 estudiantes. \u00a0\u00a0\u00a0\u00a0\u00a0\u00a0\u00a0\u00a0<\/td>\n<\/tr>\n<tr style=\"height: 24px;\">\n<td style=\"height: 24px; text-align: left; width: 98.9655%;\" width=\"273\">Horario 14:00 a 15:00<\/td>\n<\/tr>\n<tr style=\"height: 24px;\">\n<td style=\"width: 98.9655%; height: 25px;\" width=\"173\">Docente: Mauricio Or\u00f3stica<\/td>\n<\/tr>\n<tr style=\"height: 24px;\">\n<td style=\"height: 10px; text-align: left; width: 98.9655%;\" width=\"273\">Formulario de Inscripci\u00f3n: <a href=\"https:\/\/forms.gle\/YwgeJua1rwsnhQ9f6\">https:\/\/forms.gle\/YwgeJua1rwsnhQ9f6<\/a><\/td>\n<\/tr>\n<\/tbody>\n<\/table>\n\n\n\n<hr class=\"wp-block-separator\"\/>\n\n\n\n<div style=\"height:20px\" aria-hidden=\"true\" class=\"wp-block-spacer\"><\/div>\n\n\n\n<h3 style=\"text-align: center;\"><strong><span style=\"background-color: #ffcc00;\">FUTBOL VARONES (5\u00b0 y 6\u00b0 B\u00e1sico)<\/span><br \/><\/strong><\/h3>\n<table style=\"width: 100%; height: 119px;\" width=\"273\">\n<tbody>\n<tr style=\"height: 24px;\">\n<td style=\"text-align: center; height: 24px;\" width=\"273\"><strong>JUEVES<br \/><\/strong><\/td>\n<\/tr>\n<tr style=\"height: 24px;\">\n<td style=\"text-align: left; height: 24px;\" width=\"273\">Cupos: 20 estudiantes. \u00a0\u00a0\u00a0\u00a0\u00a0\u00a0\u00a0\u00a0\u00a0\u00a0\u00a0\u00a0\u00a0\u00a0\u00a0\u00a0<\/td>\n<\/tr>\n<tr style=\"height: 24px;\">\n<td style=\"text-align: left; height: 24px;\" width=\"273\">Horario 14:00 a 15:00<\/td>\n<\/tr>\n<tr style=\"height: 24px;\">\n<td style=\"text-align: left; height: 23px;\" width=\"273\">Docente: Mauricio Or\u00f3stica<\/td>\n<\/tr>\n<tr style=\"height: 24px;\">\n<td style=\"text-align: left; height: 24px;\" width=\"273\">Formulario de Inscripci\u00f3n: <a href=\"https:\/\/forms.gle\/HJR4WSLfSEHtfUrU6\">https:\/\/forms.gle\/HJR4WSLfSEHtfUrU6<\/a><\/td>\n<\/tr>\n<\/tbody>\n<\/table>\n\n\n\n<hr class=\"wp-block-separator\"\/>\n\n\n\n<div style=\"height:20px\" aria-hidden=\"true\" class=\"wp-block-spacer\"><\/div>\n\n\n\n<h3 style=\"text-align: center;\"><span style=\"background-color: #33cccc;\"><strong>FUTBOL MIXTO \/ DAMAS y VARONES (7\u00b0 y 8\u00b0 B\u00e1sico)<br \/><\/strong><\/span><\/h3>\n<table style=\"width: 100%; height: 120px;\" width=\"273\">\n<tbody>\n<tr style=\"height: 24px;\">\n<td style=\"text-align: center; height: 24px; width: 98.9655%;\" width=\"273\"><strong>MARTES<br \/><\/strong><\/td>\n<\/tr>\n<tr style=\"height: 24px;\">\n<td style=\"height: 24px; text-align: left; width: 98.9655%;\" width=\"273\">Cupos: 20 estudiantes. \u00a0\u00a0\u00a0\u00a0\u00a0\u00a0\u00a0\u00a0\u00a0\u00a0<\/td>\n<\/tr>\n<tr style=\"height: 24px;\">\n<td style=\"height: 24px; text-align: left; width: 98.9655%;\" width=\"273\">Horario 15:00 a 16:00<\/td>\n<\/tr>\n<tr style=\"height: 24px;\">\n<td style=\"width: 98.9655%; height: 24px;\" width=\"210\">Docente: Mauricio Or\u00f3stica<\/td>\n<\/tr>\n<tr style=\"height: 24px;\">\n<td style=\"height: 24px; text-align: left; width: 98.9655%;\" width=\"273\">Formulario de Inscripci\u00f3n: <a href=\"https:\/\/forms.gle\/1xH2YZJgCqGZyT8P8\">https:\/\/forms.gle\/1xH2YZJgCqGZyT8P8<\/a><\/td>\n<\/tr>\n<\/tbody>\n<\/table>\n\n\n\n<hr class=\"wp-block-separator\"\/>\n\n\n\n<div style=\"height:20px\" aria-hidden=\"true\" class=\"wp-block-spacer\"><\/div>\n\n\n\n<h3 style=\"text-align: center;\"><span style=\"background-color: #cc99ff;\"><strong>FUTBOL VARONES (7\u00b0 y 8\u00b0 B\u00e1sico)<\/strong><\/span><\/h3>\n<table style=\"width: 100%; height: 120px;\" width=\"273\">\n<tbody>\n<tr style=\"height: 24px;\">\n<td style=\"text-align: center; height: 24px; width: 98.9655%;\" width=\"273\"><strong>JUEVES<br \/><\/strong><\/td>\n<\/tr>\n<tr style=\"height: 24px;\">\n<td style=\"height: 24px; text-align: left; width: 98.9655%;\" width=\"273\">Cupos: 20 estudiantes. \u00a0\u00a0\u00a0\u00a0\u00a0\u00a0\u00a0\u00a0\u00a0\u00a0<\/td>\n<\/tr>\n<tr style=\"height: 24px;\">\n<td style=\"height: 24px; text-align: left; width: 98.9655%;\" width=\"273\">Horario 15:00 a 16:00<\/td>\n<\/tr>\n<tr style=\"height: 24px;\">\n<td style=\"width: 98.9655%; height: 24px;\" width=\"210\">Docente: Mauricio Or\u00f3stica<\/td>\n<\/tr>\n<tr style=\"height: 24px;\">\n<td style=\"height: 24px; text-align: left; width: 98.9655%;\" width=\"273\">Formulario de Inscripci\u00f3n: <a href=\"https:\/\/forms.gle\/7c5Fuc2k4NanM27s9\">https:\/\/forms.gle\/7c5Fuc2k4NanM27s9<\/a><\/td>\n<\/tr>\n<\/tbody>\n<\/table>\n\n\n\n<hr class=\"wp-block-separator\"\/>\n\n\n\n<hr class=\"wp-block-separator\"\/>\n","protected":false},"excerpt":{"rendered":"<p>Los talleres de 5\u00b0 a 8\u00b0 B\u00e1sico son los siguintes: Si te interesa alguno de estos talleres debes ingresar al formulario de google forms e inscribirte (es una inscripci\u00f3n por taller). DANZA (5\u00b0 a 8\u00b0 B\u00e1sico) 20 CUPOS MARTES Horario 15:40 a 17:00 Docente: Mar\u00eda Alejandra La Paz Formulario de Inscripci\u00f3n:\u00a0\u00a0 https:\/\/forms.gle\/95Cd3QsyvEVCMXUQ6 GIMNASIA ART\u00cdSTICA (5\u00b0 [&hellip;]<\/p>\n","protected":false},"author":3,"featured_media":0,"parent":0,"menu_order":0,"comment_status":"closed","ping_status":"closed","template":"","meta":{"footnotes":""},"class_list":["post-13211","page","type-page","status-publish","hentry"],"amp_enabled":true,"_links":{"self":[{"href":"http:\/\/www.colegio-sanandres.cl\/index.php?rest_route=\/wp\/v2\/pages\/13211","targetHints":{"allow":["GET"]}}],"collection":[{"href":"http:\/\/www.colegio-sanandres.cl\/index.php?rest_route=\/wp\/v2\/pages"}],"about":[{"href":"http:\/\/www.colegio-sanandres.cl\/index.php?rest_route=\/wp\/v2\/types\/page"}],"author":[{"embeddable":true,"href":"http:\/\/www.colegio-sanandres.cl\/index.php?rest_route=\/wp\/v2\/users\/3"}],"replies":[{"embeddable":true,"href":"http:\/\/www.colegio-sanandres.cl\/index.php?rest_route=%2Fwp%2Fv2%2Fcomments&post=13211"}],"version-history":[{"count":1,"href":"http:\/\/www.colegio-sanandres.cl\/index.php?rest_route=\/wp\/v2\/pages\/13211\/revisions"}],"predecessor-version":[{"id":13213,"href":"http:\/\/www.colegio-sanandres.cl\/index.php?rest_route=\/wp\/v2\/pages\/13211\/revisions\/13213"}],"wp:attachment":[{"href":"http:\/\/www.colegio-sanandres.cl\/index.php?rest_route=%2Fwp%2Fv2%2Fmedia&parent=13211"}],"curies":[{"name":"wp","href":"https:\/\/api.w.org\/{rel}","templated":true}]}}