{"id":3262,"date":"2020-04-05T01:34:42","date_gmt":"2020-04-05T05:34:42","guid":{"rendered":"http:\/\/www.colegio-sanandres.cl\/?page_id=3262"},"modified":"2020-04-30T09:02:25","modified_gmt":"2020-04-30T13:02:25","slug":"7-basico","status":"publish","type":"page","link":"http:\/\/www.colegio-sanandres.cl\/?page_id=3262","title":{"rendered":"7\u00b0 B\u00c1SICO"},"content":{"rendered":"<p><span style=\"text-decoration: underline;\"><strong>LENGUAJE:<\/strong><\/span><\/p>\n<p><iframe loading=\"lazy\" src=\"\/\/www.youtube.com\/embed\/QaH0z_CaOrw\" width=\"560\" height=\"314\" allowfullscreen=\"allowfullscreen\"><\/iframe><\/p>\n<p><a href=\"http:\/\/www.colegio-sanandres.cl\/wp-content\/uploads\/2020\/04\/Instrucciones-de-Trabajo-7\u00b0-B\u00e1sico-Lenguaje-2.pdf\">Instrucciones de Trabajo 7\u00b0 B\u00e1sico Lenguaje.<\/a><\/p>\n<p><a href=\"http:\/\/www.colegio-sanandres.cl\/wp-content\/uploads\/2020\/04\/7mo-Lenguaje-Solucionario.pdf\">Solucionario 7\u00b0 B\u00e1sico Lenguaje.<\/a><\/p>\n<p>&nbsp;<\/p>\n<p><span style=\"text-decoration: underline;\"><strong>MATEM\u00c1TICA:<\/strong><\/span><\/p>\n<p><iframe loading=\"lazy\" src=\"\/\/www.youtube.com\/embed\/uvAzPqOkDzw\" width=\"560\" height=\"314\" allowfullscreen=\"allowfullscreen\"><\/iframe><\/p>\n<p><a href=\"http:\/\/www.colegio-sanandres.cl\/wp-content\/uploads\/2020\/04\/Instrucciones-de-Trabajo-7\u00b0-B\u00e1sico-Matem\u00e1tica-1.pdf\">Instrucciones de Trabajo 7\u00b0 B\u00e1sico Matem\u00e1tica.<\/a><\/p>\n<p><a href=\"http:\/\/www.colegio-sanandres.cl\/wp-content\/uploads\/2020\/04\/Gu\u00eda-de-Trabajo-7\u00b0-B\u00e1sico-Matem\u00e1tica.pdf\">Gu\u00eda Ejercicios 7\u00b0 B\u00e1sico Matem\u00e1tica.<\/a><\/p>\n<p>&nbsp;<\/p>\n<p><span style=\"text-decoration: underline;\"><strong>HISTORIA:<\/strong><\/span><\/p>\n<p><iframe loading=\"lazy\" src=\"\/\/www.youtube.com\/embed\/2Te9GRtT75A\" width=\"560\" height=\"314\" allowfullscreen=\"allowfullscreen\"><\/iframe><\/p>\n<p><a href=\"http:\/\/www.colegio-sanandres.cl\/wp-content\/uploads\/2020\/04\/Instrucciones-de-Trabajo-7\u00b0-B\u00e1sico-Historia-1.pdf\">Instrucciones de Trabajo 7\u00b0 B\u00e1sico Historia.<\/a><\/p>\n<p>&nbsp;<\/p>\n<p><span style=\"text-decoration: underline;\"><strong>CIENCIAS NATURALES:<\/strong><\/span><\/p>\n<p><iframe loading=\"lazy\" src=\"\/\/www.youtube.com\/embed\/5gf-zE0I4h8\" width=\"560\" height=\"314\" allowfullscreen=\"allowfullscreen\"><\/iframe><\/p>\n<p><a href=\"http:\/\/www.colegio-sanandres.cl\/wp-content\/uploads\/2020\/04\/Instrucciones-de-Trabajo-7\u00b0-B\u00e1sico-Ciencias-1.pdf\">Instrucciones de Trabajo 7\u00b0 B\u00e1sico Ciencias Naturales.<\/a><\/p>\n<p>&nbsp;<\/p>\n<p><span style=\"text-decoration: underline;\"><strong>INGL\u00c9S:<\/strong><\/span><\/p>\n<p><iframe loading=\"lazy\" src=\"\/\/www.youtube.com\/embed\/GSDGzZU0ll4\" width=\"560\" height=\"314\" allowfullscreen=\"allowfullscreen\"><\/iframe><\/p>\n<p><a href=\"http:\/\/www.colegio-sanandres.cl\/wp-content\/uploads\/2020\/04\/Instrucciones-de-Trabajo-7\u00b0-B\u00e1sico-Ingl\u00e9s.pdf\">Instrucciones para trabajar con el texto Ingl\u00e9s _ 7\u00b0 b\u00e1sico.<\/a><\/p>\n<p>&nbsp;<\/p>\n<p><span style=\"text-decoration: underline;\"><strong>TECNOLOG\u00cdA:<\/strong><\/span><\/p>\n<p><a href=\"http:\/\/www.colegio-sanandres.cl\/wp-content\/uploads\/2020\/04\/Instrucciones-de-Trabajo-7\u00b0-B\u00e1sico-Tecnolog\u00eda-1.pdf\">Instrucciones de Trabajo 7\u00b0 B\u00e1sico Tecnolog\u00eda.<\/a><\/p>\n<p><a href=\"http:\/\/www.colegio-sanandres.cl\/wp-content\/uploads\/2020\/04\/Gu\u00eda-de-Trabajo-7\u00b0-B\u00e1sico-Tecnolog\u00eda-1.pdf\">Gu\u00eda de Trabajo 7\u00b0 B\u00e1sico Tecnolog\u00eda.<\/a><\/p>\n<p>&nbsp;<\/p>\n<p><span style=\"text-decoration: underline;\"><strong>EDUCACI\u00d3N MUSICAL:<\/strong><\/span><\/p>\n<p><iframe loading=\"lazy\" src=\"\/\/www.youtube.com\/embed\/pAlpzOUs-t8\" width=\"560\" height=\"314\" allowfullscreen=\"allowfullscreen\"><\/iframe><\/p>\n<p><a href=\"http:\/\/www.colegio-sanandres.cl\/wp-content\/uploads\/2020\/04\/Gu\u00eda-de-Trabajo-7\u00b0-B\u00e1sico-M\u00fasica.pdf\">Gu\u00eda de Trabajo 7\u00b0 B\u00e1sico M\u00fasica.<\/a><\/p>\n<p>&nbsp;<\/p>\n<p><span style=\"text-decoration: underline;\"><strong>ARTES VISUALES:<\/strong><\/span><\/p>\n<p><iframe loading=\"lazy\" src=\"\/\/www.youtube.com\/embed\/JMUe2pwv6ds\" width=\"560\" height=\"314\" allowfullscreen=\"allowfullscreen\"><\/iframe><\/p>\n<p><a href=\"http:\/\/www.colegio-sanandres.cl\/wp-content\/uploads\/2020\/04\/Gu\u00eda-de-Trabajo-7\u00b0-B\u00e1sico-Artes-Visuales-1.pdf\">Gu\u00eda de Trabajo 7\u00b0 B\u00e1sico Artes Visuales.<\/a><\/p>\n<p>&nbsp;<\/p>\n<p><span style=\"text-decoration: underline;\"><strong>EDUCACI\u00d3N F\u00cdSICA:<\/strong><\/span><\/p>\n<p><iframe loading=\"lazy\" src=\"\/\/www.youtube.com\/embed\/Wvq__UZ4Xq8\" width=\"560\" height=\"314\" allowfullscreen=\"allowfullscreen\"><\/iframe><\/p>\n<p>&nbsp;<\/p>\n<p><a href=\"http:\/\/www.colegio-sanandres.cl\/wp-content\/uploads\/2020\/04\/Instrucciones-de-Trabajo-7\u00b0-B\u00e1sico-EFI-1.pdf\">Instrucciones de Trabajo 7\u00b0 B\u00e1sico Educaci\u00f3n F\u00edsica.<\/a><\/p>\n<p><a href=\"http:\/\/www.colegio-sanandres.cl\/wp-content\/uploads\/2020\/04\/Gu\u00eda-de-Trabajo-7\u00b0-B\u00e1sico-EFI-1.pdf\">Gu\u00eda de Trabajo 7\u00b0 B\u00e1sico Educaci\u00f3n F\u00edsica.<\/a><\/p>\n","protected":false},"excerpt":{"rendered":"<p>LENGUAJE: Instrucciones de Trabajo 7\u00b0 B\u00e1sico Lenguaje. Solucionario 7\u00b0 B\u00e1sico Lenguaje. &nbsp; MATEM\u00c1TICA: Instrucciones de Trabajo 7\u00b0 B\u00e1sico Matem\u00e1tica. Gu\u00eda Ejercicios 7\u00b0 B\u00e1sico Matem\u00e1tica. &nbsp; HISTORIA: Instrucciones de Trabajo 7\u00b0 B\u00e1sico Historia. &nbsp; CIENCIAS NATURALES: Instrucciones de Trabajo 7\u00b0 B\u00e1sico Ciencias Naturales. &nbsp; INGL\u00c9S: Instrucciones para trabajar con el texto Ingl\u00e9s _ 7\u00b0 b\u00e1sico. &nbsp; [&hellip;]<\/p>\n","protected":false},"author":3,"featured_media":0,"parent":0,"menu_order":0,"comment_status":"closed","ping_status":"closed","template":"","meta":{"footnotes":""},"class_list":["post-3262","page","type-page","status-publish","hentry"],"amp_enabled":true,"_links":{"self":[{"href":"http:\/\/www.colegio-sanandres.cl\/index.php?rest_route=\/wp\/v2\/pages\/3262","targetHints":{"allow":["GET"]}}],"collection":[{"href":"http:\/\/www.colegio-sanandres.cl\/index.php?rest_route=\/wp\/v2\/pages"}],"about":[{"href":"http:\/\/www.colegio-sanandres.cl\/index.php?rest_route=\/wp\/v2\/types\/page"}],"author":[{"embeddable":true,"href":"http:\/\/www.colegio-sanandres.cl\/index.php?rest_route=\/wp\/v2\/users\/3"}],"replies":[{"embeddable":true,"href":"http:\/\/www.colegio-sanandres.cl\/index.php?rest_route=%2Fwp%2Fv2%2Fcomments&post=3262"}],"version-history":[{"count":7,"href":"http:\/\/www.colegio-sanandres.cl\/index.php?rest_route=\/wp\/v2\/pages\/3262\/revisions"}],"predecessor-version":[{"id":3559,"href":"http:\/\/www.colegio-sanandres.cl\/index.php?rest_route=\/wp\/v2\/pages\/3262\/revisions\/3559"}],"wp:attachment":[{"href":"http:\/\/www.colegio-sanandres.cl\/index.php?rest_route=%2Fwp%2Fv2%2Fmedia&parent=3262"}],"curies":[{"name":"wp","href":"https:\/\/api.w.org\/{rel}","templated":true}]}}