{"id":4974,"date":"2020-07-19T21:06:38","date_gmt":"2020-07-20T01:06:38","guid":{"rendered":"http:\/\/www.colegio-sanandres.cl\/?page_id=4974"},"modified":"2020-07-19T21:13:45","modified_gmt":"2020-07-20T01:13:45","slug":"actividades-planes-de-gestion","status":"publish","type":"page","link":"http:\/\/www.colegio-sanandres.cl\/?page_id=4974","title":{"rendered":"Actividades Planes de Gesti\u00f3n (Lunes 20 al Viernes 24 Julio)."},"content":{"rendered":"\n<p style=\"text-align: justify;\"><span style=\"text-decoration: underline;\"><strong>Plan de H\u00e1bitos de Vida Saludable:<\/strong><\/span> Coordinadora Profesora Mar\u00eda Alejandra La Paz \/ alejandra.lapaz@colegio-sanandres.cl<\/p>\n\n\n\n<figure class=\"wp-block-embed-youtube wp-block-embed is-type-video is-provider-youtube wp-embed-aspect-16-9 wp-has-aspect-ratio\"><div class=\"wp-block-embed__wrapper\">\n<iframe loading=\"lazy\" title=\"PLAN H\u00c1BITOS DE VIDA SALUDABLE- INVITACI\u00d3N A TALLER DE COCINA VIRTUAL\" width=\"830\" height=\"467\" src=\"https:\/\/www.youtube.com\/embed\/O5qw1rr8IFQ?feature=oembed\" frameborder=\"0\" allow=\"accelerometer; autoplay; encrypted-media; gyroscope; picture-in-picture\" allowfullscreen><\/iframe>\n<\/div><\/figure>\n\n\n\n<h4 style=\"text-align: center;\"><a href=\"https:\/\/forms.gle\/1u9px7cJiF97vaj57\"><strong><span style=\"background-color: #00ff00;\">Formulario Inscripci\u00f3n Taller Cocina Saludable HVS<\/span><\/strong><\/a><\/h4>\n\n\n\n<div style=\"height:87px\" aria-hidden=\"true\" class=\"wp-block-spacer\"><\/div>\n\n\n\n<p style=\"text-align: justify;\"><span style=\"text-decoration: underline;\"><b>Plan de&nbsp;Formaci\u00f3n Ciudadana <\/b><\/span>Coordinadora_ Profesora \u00c1ngela Mendoza \/ angela.mendoza@colegio-sanandres.cl&nbsp;<\/p>\n\n\n\n<figure class=\"wp-block-embed-youtube wp-block-embed is-type-video is-provider-youtube wp-embed-aspect-16-9 wp-has-aspect-ratio\"><div class=\"wp-block-embed__wrapper\">\n<iframe loading=\"lazy\" title=\"Plan de Formaci\u00f3n Ciudadana \/ Gobierno Estudiantil (Creatividad y Participaci\u00f3n)\" width=\"830\" height=\"467\" src=\"https:\/\/www.youtube.com\/embed\/DA3wzs3lr2M?feature=oembed\" frameborder=\"0\" allow=\"accelerometer; autoplay; encrypted-media; gyroscope; picture-in-picture\" allowfullscreen><\/iframe>\n<\/div><\/figure>\n\n\n\n<h4 style=\"text-align: center;\"><span style=\"background-color: #ccffff;\"><a style=\"background-color: #ccffff;\" href=\"https:\/\/forms.gle\/ti9MkLDTG1JuhHZd8\">Link Formulario de Inscripci\u00f3n Reuni\u00f3n Gobierno Estudiantil<\/a><\/span><\/h4>\n<p>Haz clic aqu\u00ed para ver: <a href=\"https:\/\/www.canva.com\/design\/DAECRoduftQ\/2niCalf3O8dbh_o20ne-zA\/view?utm_content=DAECRoduftQ&amp;utm_campaign=designshare&amp;utm_medium=link&amp;utm_source=publishsharelink\">Wikirin sobre La Creatividad (Por Monserrat Nu\u00f1ez 7\u00b0A).<\/a><\/p>\n\n\n\n<div style=\"height:75px\" aria-hidden=\"true\" class=\"wp-block-spacer\"><\/div>\n\n\n\n<p style=\"text-align: justify;\"><span style=\"text-decoration: underline;\"><b>Plan de Sexualidad, Afectividad y G\u00e9nero:<\/b><\/span> Coordinadora_ Profesora Nayadher Villanueva \/ nayadher.villanueva@colegio-sanandres.cl<\/p>\n\n\n\n<p><a href=\"http:\/\/www.colegio-sanandres.cl\/wp-content\/uploads\/2020\/07\/Presentaci\u00f3n-Plan-Sexualidad-Afectividad-y-G\u00e9nero.pdf\">Presentaci\u00f3n Plan Sexualidad, Afectividad y G\u00e9nero.<\/a><\/p>\n\n\n\n<figure class=\"wp-block-embed-youtube wp-block-embed is-type-video is-provider-youtube wp-embed-aspect-16-9 wp-has-aspect-ratio\"><div class=\"wp-block-embed__wrapper\">\n<iframe loading=\"lazy\" title=\"Las emociones\" width=\"830\" height=\"467\" src=\"https:\/\/www.youtube.com\/embed\/jOaBFBBCR2k?feature=oembed\" frameborder=\"0\" allow=\"accelerometer; autoplay; encrypted-media; gyroscope; picture-in-picture\" allowfullscreen><\/iframe>\n<\/div><\/figure>\n\n\n\n<p style=\"text-align: justify;\"><b><span style=\"text-decoration: underline;\">Centro de Educaci\u00f3n y Tecnolog\u00eda_ENLACE<\/span>:&nbsp;<\/b> Coordinador_Profesor Manuel Hevia \/ manuel.hevia@colegio-sanandres.cl&nbsp;<\/p>\n\n\n\n<div style=\"height:81px\" aria-hidden=\"true\" class=\"wp-block-spacer\"><\/div>\n\n\n\n<figure class=\"wp-block-embed-youtube wp-block-embed is-type-video is-provider-youtube wp-embed-aspect-16-9 wp-has-aspect-ratio\"><div class=\"wp-block-embed__wrapper\">\n<iframe loading=\"lazy\" title=\"Instalaci\u00f3n y uso b\u00e1sico de Google Meet\" width=\"830\" height=\"467\" src=\"https:\/\/www.youtube.com\/embed\/7cHgtnidZBw?feature=oembed\" frameborder=\"0\" allow=\"accelerometer; autoplay; encrypted-media; gyroscope; picture-in-picture\" allowfullscreen><\/iframe>\n<\/div><figcaption>Video Tutorial: \u00abUso B\u00e1sico Google Meet\u00bb (Para Estudiantes y Apoderados).<\/figcaption><\/figure>\n\n\n\n<div style=\"height:75px\" aria-hidden=\"true\" class=\"wp-block-spacer\"><\/div>\n","protected":false},"excerpt":{"rendered":"<p>Plan de H\u00e1bitos de Vida Saludable: Coordinadora Profesora Mar\u00eda Alejandra La Paz \/ alejandra.lapaz@colegio-sanandres.cl Formulario Inscripci\u00f3n Taller Cocina Saludable HVS Plan de&nbsp;Formaci\u00f3n Ciudadana Coordinadora_ Profesora \u00c1ngela Mendoza \/ angela.mendoza@colegio-sanandres.cl&nbsp; Link Formulario de Inscripci\u00f3n Reuni\u00f3n Gobierno Estudiantil Haz clic aqu\u00ed para ver: Wikirin sobre La Creatividad (Por Monserrat Nu\u00f1ez 7\u00b0A). Plan de Sexualidad, Afectividad y G\u00e9nero: [&hellip;]<\/p>\n","protected":false},"author":3,"featured_media":0,"parent":0,"menu_order":0,"comment_status":"closed","ping_status":"closed","template":"","meta":{"footnotes":""},"class_list":["post-4974","page","type-page","status-publish","hentry"],"amp_enabled":true,"_links":{"self":[{"href":"http:\/\/www.colegio-sanandres.cl\/index.php?rest_route=\/wp\/v2\/pages\/4974","targetHints":{"allow":["GET"]}}],"collection":[{"href":"http:\/\/www.colegio-sanandres.cl\/index.php?rest_route=\/wp\/v2\/pages"}],"about":[{"href":"http:\/\/www.colegio-sanandres.cl\/index.php?rest_route=\/wp\/v2\/types\/page"}],"author":[{"embeddable":true,"href":"http:\/\/www.colegio-sanandres.cl\/index.php?rest_route=\/wp\/v2\/users\/3"}],"replies":[{"embeddable":true,"href":"http:\/\/www.colegio-sanandres.cl\/index.php?rest_route=%2Fwp%2Fv2%2Fcomments&post=4974"}],"version-history":[{"count":4,"href":"http:\/\/www.colegio-sanandres.cl\/index.php?rest_route=\/wp\/v2\/pages\/4974\/revisions"}],"predecessor-version":[{"id":4982,"href":"http:\/\/www.colegio-sanandres.cl\/index.php?rest_route=\/wp\/v2\/pages\/4974\/revisions\/4982"}],"wp:attachment":[{"href":"http:\/\/www.colegio-sanandres.cl\/index.php?rest_route=%2Fwp%2Fv2%2Fmedia&parent=4974"}],"curies":[{"name":"wp","href":"https:\/\/api.w.org\/{rel}","templated":true}]}}