{"id":4998,"date":"2020-07-21T19:30:49","date_gmt":"2020-07-21T23:30:49","guid":{"rendered":"http:\/\/www.colegio-sanandres.cl\/?page_id=4998"},"modified":"2020-07-21T20:02:47","modified_gmt":"2020-07-22T00:02:47","slug":"pre-kinder-12","status":"publish","type":"page","link":"http:\/\/www.colegio-sanandres.cl\/?page_id=4998","title":{"rendered":"PRE K\u00cdNDER (2a Semana Retroalimentaci\u00f3n)"},"content":{"rendered":"\n<p><strong>Retroalimentaci\u00f3n Lenguaje Verbal<\/strong>: \u00abEl Malvado Malisforo\u00bb.<\/p>\n\n\n\n<p><a href=\"http:\/\/www.colegio-sanandres.cl\/wp-content\/uploads\/2020\/07\/Instrucciones-de-Trabajo-Pre-Kinder-Lenguaje-Verbal.pdf\">Instrucciones de Trabajo Pre Kinder Lenguaje Verbal.<\/a><\/p>\n\n\n\n<figure class=\"wp-block-embed-youtube wp-block-embed is-type-video is-provider-youtube wp-embed-aspect-16-9 wp-has-aspect-ratio\"><div class=\"wp-block-embed__wrapper\">\n<iframe loading=\"lazy\" title=\"Cuento &#039;El Malvado Malisforo&#039;\" width=\"830\" height=\"467\" src=\"https:\/\/www.youtube.com\/embed\/0C1Wfohrmow?feature=oembed\" frameborder=\"0\" allow=\"accelerometer; autoplay; encrypted-media; gyroscope; picture-in-picture\" allowfullscreen><\/iframe>\n<\/div><\/figure>\n\n\n\n<p>Formulario Ticket de Salida Lenguaje Verbal:<\/p>\n<p style=\"text-align: center;\"><a href=\"https:\/\/forms.gle\/8fjr2iGUiA4gs4X49\">https:\/\/forms.gle\/8fjr2iGUiA4gs4X49<\/a><\/p>\n\n\n\n<div style=\"height:48px\" aria-hidden=\"true\" class=\"wp-block-spacer\"><\/div>\n\n\n\n<p style=\"text-align: justify;\"><strong>Retroalimentaci\u00f3n Pensamiento Matem\u00e1tico Aprendiendo el n\u00famero 4<\/strong><\/p>\n<p><a href=\"http:\/\/www.colegio-sanandres.cl\/wp-content\/uploads\/2020\/07\/Instrucciones-de-Trabajo-Pre-Kinder-Pensamiento-Matem\u00e1tico-1.pdf\">Instrucciones de Trabajo Pre Kinder Pensamiento Matem\u00e1tico.<\/a><\/p>\n\n\n\n<figure class=\"wp-block-embed-youtube wp-block-embed is-type-video is-provider-youtube wp-embed-aspect-16-9 wp-has-aspect-ratio wp-embed-aspect-4-3\"><div class=\"wp-block-embed__wrapper\">\n<iframe loading=\"lazy\" title=\"Pensamiento matem\u00e1tico Pre Kinder\" width=\"830\" height=\"623\" src=\"https:\/\/www.youtube.com\/embed\/KwP3llBCnVA?feature=oembed\" frameborder=\"0\" allow=\"accelerometer; autoplay; encrypted-media; gyroscope; picture-in-picture\" allowfullscreen><\/iframe>\n<\/div><\/figure>\n\n\n\n<p>Formulario Ticket de Salida Pensamiento Matem\u00e1tico:<\/p>\n<p style=\"text-align: center;\"><a href=\"https:\/\/docs.google.com\/forms\/d\/e\/1FAIpQLScAMhZ81frBo1ZJN0qDUPMVMAp4ARvnE8Didd861eNPyimrtg\/viewform\">https:\/\/docs.google.com\/forms\/d\/e\/1FAIpQLScAMhZ81frBo1ZJN0qDUPMVMAp4ARvnE8Didd861eNPyimrtg\/viewform<\/a><\/p>\n\n\n\n<div style=\"height:49px\" aria-hidden=\"true\" class=\"wp-block-spacer\"><\/div>\n\n\n\n<p><strong>Retroalimentaci\u00f3n <strong>Exploraci\u00f3n del Entorno Natural: \u00abEl Invierno\u00bb.<\/strong><\/strong><\/p>\n\n\n\n<p><a href=\"http:\/\/www.colegio-sanandres.cl\/wp-content\/uploads\/2020\/07\/Instrucciones-de-Trabajo-Pre-Kinder-Exploraci\u00f3n-del-Entorno-Natural.pdf\">Instrucciones de Trabajo Pre Kinder Exploraci\u00f3n del Entorno Natural.<\/a><\/p>\n\n\n\n<figure class=\"wp-block-embed-youtube wp-block-embed is-type-video is-provider-youtube wp-embed-aspect-16-9 wp-has-aspect-ratio\"><div class=\"wp-block-embed__wrapper\">\n<iframe loading=\"lazy\" title=\"El invierno\" width=\"830\" height=\"467\" src=\"https:\/\/www.youtube.com\/embed\/BsHynJy-dAU?feature=oembed\" frameborder=\"0\" allow=\"accelerometer; autoplay; encrypted-media; gyroscope; picture-in-picture\" allowfullscreen><\/iframe>\n<\/div><\/figure>\n\n\n\n<div style=\"height:58px\" aria-hidden=\"true\" class=\"wp-block-spacer\"><\/div>\n\n\n\n<p><strong>Retroalimentaci\u00f3n <strong>Corporalidad y Movimiento.<\/strong><\/strong><\/p>\n<p><a href=\"http:\/\/www.colegio-sanandres.cl\/wp-content\/uploads\/2020\/07\/Instrucciones-de-Trabajo-Pre-Kinder-Corporalidad-y-Movimiento-1.pdf\">Instrucciones de Trabajo Pre Kinder Corporalidad y Movimiento.<\/a><\/p>\n\n\n\n<figure class=\"wp-block-embed-youtube wp-block-embed is-type-video is-provider-youtube wp-embed-aspect-16-9 wp-has-aspect-ratio\"><div class=\"wp-block-embed__wrapper\">\n<iframe loading=\"lazy\" title=\"Corporalidad y movimiento Pre Kinder\" width=\"830\" height=\"467\" src=\"https:\/\/www.youtube.com\/embed\/SH-qBftt6Lo?feature=oembed\" frameborder=\"0\" allow=\"accelerometer; autoplay; encrypted-media; gyroscope; picture-in-picture\" allowfullscreen><\/iframe>\n<\/div><\/figure>\n","protected":false},"excerpt":{"rendered":"<p>Retroalimentaci\u00f3n Lenguaje Verbal: \u00abEl Malvado Malisforo\u00bb. Instrucciones de Trabajo Pre Kinder Lenguaje Verbal. Formulario Ticket de Salida Lenguaje Verbal: https:\/\/forms.gle\/8fjr2iGUiA4gs4X49 Retroalimentaci\u00f3n Pensamiento Matem\u00e1tico Aprendiendo el n\u00famero 4 Instrucciones de Trabajo Pre Kinder Pensamiento Matem\u00e1tico. Formulario Ticket de Salida Pensamiento Matem\u00e1tico: https:\/\/docs.google.com\/forms\/d\/e\/1FAIpQLScAMhZ81frBo1ZJN0qDUPMVMAp4ARvnE8Didd861eNPyimrtg\/viewform Retroalimentaci\u00f3n Exploraci\u00f3n del Entorno Natural: \u00abEl Invierno\u00bb. Instrucciones de Trabajo Pre Kinder Exploraci\u00f3n del [&hellip;]<\/p>\n","protected":false},"author":3,"featured_media":0,"parent":0,"menu_order":0,"comment_status":"closed","ping_status":"closed","template":"","meta":{"footnotes":""},"class_list":["post-4998","page","type-page","status-publish","hentry"],"amp_enabled":true,"_links":{"self":[{"href":"http:\/\/www.colegio-sanandres.cl\/index.php?rest_route=\/wp\/v2\/pages\/4998","targetHints":{"allow":["GET"]}}],"collection":[{"href":"http:\/\/www.colegio-sanandres.cl\/index.php?rest_route=\/wp\/v2\/pages"}],"about":[{"href":"http:\/\/www.colegio-sanandres.cl\/index.php?rest_route=\/wp\/v2\/types\/page"}],"author":[{"embeddable":true,"href":"http:\/\/www.colegio-sanandres.cl\/index.php?rest_route=\/wp\/v2\/users\/3"}],"replies":[{"embeddable":true,"href":"http:\/\/www.colegio-sanandres.cl\/index.php?rest_route=%2Fwp%2Fv2%2Fcomments&post=4998"}],"version-history":[{"count":2,"href":"http:\/\/www.colegio-sanandres.cl\/index.php?rest_route=\/wp\/v2\/pages\/4998\/revisions"}],"predecessor-version":[{"id":5010,"href":"http:\/\/www.colegio-sanandres.cl\/index.php?rest_route=\/wp\/v2\/pages\/4998\/revisions\/5010"}],"wp:attachment":[{"href":"http:\/\/www.colegio-sanandres.cl\/index.php?rest_route=%2Fwp%2Fv2%2Fmedia&parent=4998"}],"curies":[{"name":"wp","href":"https:\/\/api.w.org\/{rel}","templated":true}]}}