{"id":5005,"date":"2020-07-21T19:59:16","date_gmt":"2020-07-21T23:59:16","guid":{"rendered":"http:\/\/www.colegio-sanandres.cl\/?page_id=5005"},"modified":"2020-07-23T10:40:17","modified_gmt":"2020-07-23T14:40:17","slug":"kinder-12","status":"publish","type":"page","link":"http:\/\/www.colegio-sanandres.cl\/?page_id=5005","title":{"rendered":"K\u00cdNDER (2a Semana Retroalimentaci\u00f3n)"},"content":{"rendered":"\n<div style=\"height:20px\" aria-hidden=\"true\" class=\"wp-block-spacer\"><\/div>\n\n\n\n<h3 style=\"text-align: center;\"><span style=\"background-color: #99cc00;\">ACTIVIDADES K\u00cdNDER A <\/span><\/h3>\n<h3 style=\"text-align: center;\"><span style=\"background-color: #99cc00;\">(Jornada Ma\u00f1ana)<\/span><\/h3>\n<p><strong>EDUCADORA<\/strong>:<\/p>\n<p><strong>K\u00ednder A<\/strong>: Mar\u00eda Olga General \/ maria.general@colegio-sanandres.cl<\/p>\n\n\n\n<p style=\"text-align: justify;\"><strong><span style=\"text-decoration: underline;\">Retroalimentaci\u00f3n Actividad Pensamiento Matem\u00e1tico.<br><\/span><\/strong><\/p>\n\n\n\n<figure class=\"wp-block-embed-youtube wp-block-embed is-type-video is-provider-youtube wp-embed-aspect-16-9 wp-has-aspect-ratio\"><div class=\"wp-block-embed__wrapper\">\n<iframe loading=\"lazy\" title=\"20 de julio de 2020\" width=\"830\" height=\"467\" src=\"https:\/\/www.youtube.com\/embed\/mGpWcY1IcuM?feature=oembed\" frameborder=\"0\" allow=\"accelerometer; autoplay; encrypted-media; gyroscope; picture-in-picture\" allowfullscreen><\/iframe>\n<\/div><\/figure>\n\n\n\n<p>Formulario Ticket de Salida Pensamiento Matem\u00e1tico:<\/p>\n<p style=\"text-align: center;\"><a href=\"https:\/\/docs.google.com\/forms\/d\/e\/1FAIpQLSfq_EOM4RGD3svF8-5xSfssGb91q1V8zu58vo2HdMKmoLXY3A\/viewform?usp=sf_link\">https:\/\/docs.google.com\/forms\/d\/e\/1FAIpQLSfq_EOM4RGD3svF8-5xSfssGb91q1V8zu58vo2HdMKmoLXY3A\/viewform?usp=sf_link<\/a><\/p>\n\n\n\n<div style=\"height:69px\" aria-hidden=\"true\" class=\"wp-block-spacer\"><\/div>\n\n\n\n<h3 style=\"text-align: center;\"><span style=\"background-color: #cc99ff;\">ACTIVIDADES K\u00cdNDER B <\/span><\/h3>\n<h3 style=\"text-align: center;\"><span style=\"background-color: #cc99ff;\">(Jornada Tarde)<\/span><\/h3>\n<p><strong>EDUCADORA:<\/strong><\/p>\n<p><strong>K\u00ednder B: <\/strong>Margarita Conzue \/ margarita.conzue@colegio-sanandres.cl<\/p>\n\n\n\n<p style=\"text-align: justify;\"><strong><span style=\"text-decoration: underline;\">Retroalimentaci\u00f3n Actividades: N\u00ba1 Lenguaje Verbal y N\u00ba2 Pensamiento Matem\u00e1tico.<br><\/span><\/strong><\/p>\n\n\n\n<figure class=\"wp-block-embed-youtube wp-block-embed is-type-video is-provider-youtube wp-embed-aspect-16-9 wp-has-aspect-ratio\"><div class=\"wp-block-embed__wrapper\">\n<iframe loading=\"lazy\" title=\"Retroalimentaci\u00f3n de la escucha atenta y registrando patrones\" width=\"830\" height=\"467\" src=\"https:\/\/www.youtube.com\/embed\/ya_lI45FCRg?feature=oembed\" frameborder=\"0\" allow=\"accelerometer; autoplay; encrypted-media; gyroscope; picture-in-picture\" allowfullscreen><\/iframe>\n<\/div><\/figure>\n\n\n\n<p>Formulario Ticket de Salida Actividad Lenguaje Verbal \u00abEscucha Atenta\u00bb:<\/p>\n<p style=\"text-align: center;\"><a href=\"https:\/\/docs.google.com\/forms\/d\/e\/1FAIpQLScJk_IL_27AGJ4DV4zfrvSxtvCbwe2tdf9M3BklMcdjMHqugA\/viewform?usp=sf_link\">https:\/\/docs.google.com\/forms\/d\/e\/1FAIpQLScJk_IL_27AGJ4DV4zfrvSxtvCbwe2tdf9M3BklMcdjMHqugA\/viewform?usp=sf_link<\/a><\/p>\n<p>Formulario Ticket de Salida Actividad Pensamiento Matem\u00e1tico:<\/p>\n<p style=\"text-align: center;\"><a href=\"https:\/\/docs.google.com\/forms\/d\/e\/1FAIpQLSfq_EOM4RGD3svF8-5xSfssGb91q1V8zu58vo2HdMKmoLXY3A\/viewform?usp=sf_link\">https:\/\/docs.google.com\/forms\/d\/e\/1FAIpQLSfq_EOM4RGD3svF8-5xSfssGb91q1V8zu58vo2HdMKmoLXY3A\/viewform?usp=sf_link<\/a><\/p>\n\n\n\n<div style=\"height:74px\" aria-hidden=\"true\" class=\"wp-block-spacer\"><\/div>\n\n\n\n<h4 style=\"text-align: center;\"><strong>PROYECTO DE INTEGRACI\u00d3N ESCOLAR (PIE).<\/strong><\/h4>\n<p style=\"text-align: center;\"><span style=\"text-decoration: underline;\"><strong>EDUCACI\u00d3N DIFERENCIAL<\/strong><\/span><\/p>\n<p><strong>EDUCADORAS<\/strong>:<\/p>\n<p><strong>K\u00ednder A<\/strong>: Yerka Curaz \/ yerka.curaz@colegio-sanandres.cl<\/p>\n<p><strong>K\u00ednder B: <\/strong>Denise Morales \/ denise.morales@colegio-sanandres.cl<\/p>\n\n\n\n<div style=\"height:20px\" aria-hidden=\"true\" class=\"wp-block-spacer\"><\/div>\n\n\n\n<h5 style=\"text-align: center;\"><strong>Retroalimentaci\u00f3n Actividad N\u00b01_ Educadora Diferencial.<\/strong><\/h5>\n\n\n\n<figure class=\"wp-block-embed-youtube wp-block-embed is-type-video is-provider-youtube wp-embed-aspect-16-9 wp-has-aspect-ratio\"><div class=\"wp-block-embed__wrapper\">\n<iframe loading=\"lazy\" title=\"Retroalimentaci\u00f3n kinder 20 de julio\" width=\"830\" height=\"467\" src=\"https:\/\/www.youtube.com\/embed\/Wsrh7I2EgRA?start=45&#038;feature=oembed\" frameborder=\"0\" allow=\"accelerometer; autoplay; encrypted-media; gyroscope; picture-in-picture\" allowfullscreen><\/iframe>\n<\/div><\/figure>\n\n\n\n<figure class=\"wp-block-embed-youtube wp-block-embed is-type-video is-provider-youtube wp-embed-aspect-16-9 wp-has-aspect-ratio\"><div class=\"wp-block-embed__wrapper\">\n<iframe loading=\"lazy\" title=\"iNSTRUCCIONES TICKET DE SALIDA KINDER\" width=\"830\" height=\"467\" src=\"https:\/\/www.youtube.com\/embed\/2FzypfIhBjk?feature=oembed\" frameborder=\"0\" allow=\"accelerometer; autoplay; encrypted-media; gyroscope; picture-in-picture\" allowfullscreen><\/iframe>\n<\/div><\/figure>\n\n\n\n<p>Formulario Ticket de Salida Actividad N\u00b01:<\/p>\n<p style=\"text-align: center;\"><a href=\"https:\/\/forms.gle\/TKuDLpM372vUyT8u6\">https:\/\/forms.gle\/TKuDLpM372vUyT8u6<\/a><\/p>\n\n\n\n<div style=\"height:66px\" aria-hidden=\"true\" class=\"wp-block-spacer\"><\/div>\n\n\n\n<h5 style=\"text-align: center;\"><strong>Retroalimentaci\u00f3n Actividad N\u00b02_ Educadora Diferencial.<\/strong><\/h5>\n\n\n\n<figure class=\"wp-block-embed-youtube wp-block-embed is-type-video is-provider-youtube wp-embed-aspect-16-9 wp-has-aspect-ratio\"><div class=\"wp-block-embed__wrapper\">\n<iframe loading=\"lazy\" title=\"Retroalimentaci\u00f3n actividad kinder, semana 6\/07\/2020\" width=\"830\" height=\"467\" src=\"https:\/\/www.youtube.com\/embed\/qW5iED378CE?feature=oembed\" frameborder=\"0\" allow=\"accelerometer; autoplay; encrypted-media; gyroscope; picture-in-picture\" allowfullscreen><\/iframe>\n<\/div><\/figure>\n\n\n\n<p>Formulario Ticket de Salida Actividad N\u00b02:<\/p>\n<p style=\"text-align: center;\"><a href=\"https:\/\/forms.gle\/oqWeRhVWiWWyxDNc6\">https:\/\/forms.gle\/oqWeRhVWiWWyxDNc6<\/a><\/p>\n\n\n\n<div style=\"height:67px\" aria-hidden=\"true\" class=\"wp-block-spacer\"><\/div>\n\n\n\n<p><strong>FONOAUDIOLOG\u00cdA (PIE).<br><\/strong><\/p>\n<p style=\"text-align: justify;\"><span style=\"text-decoration: underline;\"><strong>Fonoaudi\u00f3loga<\/strong><\/span>: Valentina Gutierrez \/ valentina.gutierrez@colegio-sanandres.cl&nbsp;<\/p>\n\n\n\n<figure class=\"wp-block-embed-youtube wp-block-embed is-type-video is-provider-youtube wp-embed-aspect-16-9 wp-has-aspect-ratio wp-embed-aspect-4-3\"><div class=\"wp-block-embed__wrapper\">\n<iframe loading=\"lazy\" title=\"Retroalimentaci\u00f3n fonoaudi\u00f3loga k\u00ednder 22\/07\" width=\"830\" height=\"467\" src=\"https:\/\/www.youtube.com\/embed\/fKTDY7WfP2c?feature=oembed\" frameborder=\"0\" allow=\"accelerometer; autoplay; encrypted-media; gyroscope; picture-in-picture\" allowfullscreen><\/iframe>\n<\/div><\/figure>\n\n\n\n<p>Formulario Ticket de Salida Actividad Fonoaudiolog\u00eda:<\/p>\n<p style=\"text-align: center;\"><a href=\"https:\/\/forms.gle\/Ju41YWn6DnG3UiE6A\">https:\/\/forms.gle\/Ju41YWn6DnG3UiE6A<\/a><\/p>\n\n\n\n<div style=\"height:100px\" aria-hidden=\"true\" class=\"wp-block-spacer\"><\/div>\n","protected":false},"excerpt":{"rendered":"<p>ACTIVIDADES K\u00cdNDER A (Jornada Ma\u00f1ana) EDUCADORA: K\u00ednder A: Mar\u00eda Olga General \/ maria.general@colegio-sanandres.cl Retroalimentaci\u00f3n Actividad Pensamiento Matem\u00e1tico. Formulario Ticket de Salida Pensamiento Matem\u00e1tico: https:\/\/docs.google.com\/forms\/d\/e\/1FAIpQLSfq_EOM4RGD3svF8-5xSfssGb91q1V8zu58vo2HdMKmoLXY3A\/viewform?usp=sf_link ACTIVIDADES K\u00cdNDER B (Jornada Tarde) EDUCADORA: K\u00ednder B: Margarita Conzue \/ margarita.conzue@colegio-sanandres.cl Retroalimentaci\u00f3n Actividades: N\u00ba1 Lenguaje Verbal y N\u00ba2 Pensamiento Matem\u00e1tico. Formulario Ticket de Salida Actividad Lenguaje Verbal \u00abEscucha Atenta\u00bb: https:\/\/docs.google.com\/forms\/d\/e\/1FAIpQLScJk_IL_27AGJ4DV4zfrvSxtvCbwe2tdf9M3BklMcdjMHqugA\/viewform?usp=sf_link [&hellip;]<\/p>\n","protected":false},"author":3,"featured_media":0,"parent":0,"menu_order":0,"comment_status":"closed","ping_status":"closed","template":"","meta":{"footnotes":""},"class_list":["post-5005","page","type-page","status-publish","hentry"],"amp_enabled":true,"_links":{"self":[{"href":"http:\/\/www.colegio-sanandres.cl\/index.php?rest_route=\/wp\/v2\/pages\/5005","targetHints":{"allow":["GET"]}}],"collection":[{"href":"http:\/\/www.colegio-sanandres.cl\/index.php?rest_route=\/wp\/v2\/pages"}],"about":[{"href":"http:\/\/www.colegio-sanandres.cl\/index.php?rest_route=\/wp\/v2\/types\/page"}],"author":[{"embeddable":true,"href":"http:\/\/www.colegio-sanandres.cl\/index.php?rest_route=\/wp\/v2\/users\/3"}],"replies":[{"embeddable":true,"href":"http:\/\/www.colegio-sanandres.cl\/index.php?rest_route=%2Fwp%2Fv2%2Fcomments&post=5005"}],"version-history":[{"count":7,"href":"http:\/\/www.colegio-sanandres.cl\/index.php?rest_route=\/wp\/v2\/pages\/5005\/revisions"}],"predecessor-version":[{"id":5089,"href":"http:\/\/www.colegio-sanandres.cl\/index.php?rest_route=\/wp\/v2\/pages\/5005\/revisions\/5089"}],"wp:attachment":[{"href":"http:\/\/www.colegio-sanandres.cl\/index.php?rest_route=%2Fwp%2Fv2%2Fmedia&parent=5005"}],"curies":[{"name":"wp","href":"https:\/\/api.w.org\/{rel}","templated":true}]}}