{"id":5020,"date":"2020-07-21T20:45:29","date_gmt":"2020-07-22T00:45:29","guid":{"rendered":"http:\/\/www.colegio-sanandres.cl\/?page_id=5020"},"modified":"2020-07-21T20:48:44","modified_gmt":"2020-07-22T00:48:44","slug":"2o-basico-12","status":"publish","type":"page","link":"http:\/\/www.colegio-sanandres.cl\/?page_id=5020","title":{"rendered":"2\u00ba B\u00c1SICO (2a Semana Retroalimentaci\u00f3n)"},"content":{"rendered":"\n<h4>Retroalimentaci\u00f3n&nbsp; 2\u00b0 B\u00e1sico <strong>Lenguaje<\/strong><\/h4>\n<p>Profesora: Ximena Hidalgo \/ ximena.hidalgo@colegio-sanandres.cl<\/p>\n<p><a href=\"http:\/\/www.colegio-sanandres.cl\/wp-content\/uploads\/2020\/07\/Solucionario-2\u00b0-B\u00e1sico-Lenguaje.pdf\">Solucionario 2\u00b0 B\u00e1sico Lenguaje.<\/a><\/p>\n\n\n\n<figure class=\"wp-block-embed-youtube wp-block-embed is-type-video is-provider-youtube wp-embed-aspect-16-9 wp-has-aspect-ratio\"><div class=\"wp-block-embed__wrapper\">\n<iframe loading=\"lazy\" title=\"Retroalimentaci\u00f3n f\u00e1bula &quot;La t\u00f3rtola y la hormiga&quot;\" width=\"830\" height=\"467\" src=\"https:\/\/www.youtube.com\/embed\/mwPlLbtHnr4?feature=oembed\" frameborder=\"0\" allow=\"accelerometer; autoplay; encrypted-media; gyroscope; picture-in-picture\" allowfullscreen><\/iframe>\n<\/div><\/figure>\n\n\n\n<p>Formulario Ticket de Salida Actividad Lenguaje:<\/p>\n<p style=\"text-align: center;\"><a href=\"https:\/\/forms.gle\/qJczUzcxM9knP75w8\">https:\/\/forms.gle\/qJczUzcxM9knP75w8<\/a><\/p>\n\n\n\n<div style=\"height:39px\" aria-hidden=\"true\" class=\"wp-block-spacer\"><\/div>\n\n\n\n<h4>Retroalimentaci\u00f3n 2\u00b0 B\u00e1sico <strong>Matem\u00e1tica<\/strong><\/h4>\n<p>Profesora: Constanza P\u00e9rez \/ constanza.perez@colegio-sanandres.cl<\/p>\n<p><a href=\"http:\/\/www.colegio-sanandres.cl\/wp-content\/uploads\/2020\/07\/Instrucciones-de-Trabajo-2\u00b0-B\u00e1sico-Matem\u00e1ticas-1.pdf\">Instrucciones de Trabajo 2\u00b0 B\u00e1sico Matem\u00e1tica<\/a><\/p>\n\n\n\n<figure class=\"wp-block-embed-youtube wp-block-embed is-type-video is-provider-youtube wp-embed-aspect-16-9 wp-has-aspect-ratio\"><div class=\"wp-block-embed__wrapper\">\n<iframe loading=\"lazy\" title=\"Retroalimentaci\u00f3n Matem\u00e1tica 2\u00ba b\u00e1sico.\" width=\"830\" height=\"467\" src=\"https:\/\/www.youtube.com\/embed\/HEhK4s0RMpY?feature=oembed\" frameborder=\"0\" allow=\"accelerometer; autoplay; encrypted-media; gyroscope; picture-in-picture\" allowfullscreen><\/iframe>\n<\/div><\/figure>\n\n\n\n<p>Formulario Ticket de Salida Actividad Matem\u00e1tica:<\/p>\n<p style=\"text-align: center;\"><a href=\"https:\/\/forms.gle\/jbu7XsWqs8pX3sXUA\">https:\/\/forms.gle\/jbu7XsWqs8pX3sXUA<\/a><\/p>\n\n\n\n<div style=\"height:56px\" aria-hidden=\"true\" class=\"wp-block-spacer\"><\/div>\n\n\n\n<h4>Retroalimentaci\u00f3n 2\u00b0 B\u00e1sico<strong>&nbsp;Historia<\/strong><\/h4>\n<p>Profesora: Ximena Hidalgo \/ ximena.hidalgo@colegio-sanandres.cl<\/p>\n<figure class=\"wp-block-embed-youtube wp-block-embed is-type-video is-provider-youtube wp-embed-aspect-16-9 wp-has-aspect-ratio wp-embed-aspect-4-3\"><\/figure>\n\n\n\n<p><a href=\"http:\/\/www.colegio-sanandres.cl\/wp-content\/uploads\/2020\/07\/Solucionario-2\u00b0-B\u00e1sico-Historia.pdf\">Solucionario 2\u00b0 B\u00e1sico Historia.<\/a><\/p>\n\n\n\n<figure class=\"wp-block-embed-youtube wp-block-embed is-type-video is-provider-youtube wp-embed-aspect-16-9 wp-has-aspect-ratio\"><div class=\"wp-block-embed__wrapper\">\n<iframe loading=\"lazy\" title=\"Retroalimentaci\u00f3n Historia pueblos originarios\" width=\"830\" height=\"467\" src=\"https:\/\/www.youtube.com\/embed\/Puk_T7LFG-g?feature=oembed\" frameborder=\"0\" allow=\"accelerometer; autoplay; encrypted-media; gyroscope; picture-in-picture\" allowfullscreen><\/iframe>\n<\/div><\/figure>\n\n\n\n<p>Formulario Ticket de Salida Actividad Historia:<\/p>\n<p style=\"text-align: center;\"><a href=\"https:\/\/forms.gle\/9PfdkYuSX4gMmGDf8\">https:\/\/forms.gle\/9PfdkYuSX4gMmGDf8<\/a><\/p>\n\n\n\n<div style=\"height:60px\" aria-hidden=\"true\" class=\"wp-block-spacer\"><\/div>\n\n\n\n<h4>Retroalimentaci\u00f3n 2\u00b0 B\u00e1sico<strong>&nbsp;Ciencias Naturales<\/strong><\/h4>\n<p>Profesora: Constanza P\u00e9rez \/ constanza.perez@colegio-sanandres.cl<\/p>\n<p><a href=\"http:\/\/www.colegio-sanandres.cl\/wp-content\/uploads\/2020\/07\/Instrucciones-de-Trabajo-2\u00b0-B\u00e1sico-Ciencias-1.pdf\">Instrucciones de Trabajo 2\u00b0 B\u00e1sico Ciencias Naturales.<\/a><\/p>\n<p><a href=\"http:\/\/www.colegio-sanandres.cl\/wp-content\/uploads\/2020\/07\/Solucionario-2\u00b0-B\u00e1sico-Ciencias.pdf\">Solucionario 2\u00b0 B\u00e1sico Ciencias Naturales.<\/a><\/p>\n<figure class=\"wp-block-embed-youtube wp-block-embed is-type-video is-provider-youtube wp-embed-aspect-16-9 wp-has-aspect-ratio wp-embed-aspect-4-3\"><\/figure>\n\n\n\n<figure class=\"wp-block-embed-youtube wp-block-embed is-type-video is-provider-youtube wp-embed-aspect-16-9 wp-has-aspect-ratio\"><div class=\"wp-block-embed__wrapper\">\n<iframe loading=\"lazy\" title=\"Retroalimentaci\u00f3n Ciencias Naturales 2\u00ba.\" width=\"830\" height=\"467\" src=\"https:\/\/www.youtube.com\/embed\/hiXcbqA_LU8?feature=oembed\" frameborder=\"0\" allow=\"accelerometer; autoplay; encrypted-media; gyroscope; picture-in-picture\" allowfullscreen><\/iframe>\n<\/div><\/figure>\n\n\n\n<p>Formulario Ticket de Salida Actividad Ciencias Naturales:<\/p>\n<p style=\"text-align: center;\"><a href=\"https:\/\/forms.gle\/DomrH8an43Pgetyk9\">https:\/\/forms.gle\/DomrH8an43Pgetyk9<\/a><\/p>\n\n\n\n<div style=\"height:49px\" aria-hidden=\"true\" class=\"wp-block-spacer\"><\/div>\n\n\n\n<h4>Retroalimentaci\u00f3n 2\u00b0 B\u00e1sico<strong>&nbsp;Educaci\u00f3n F\u00edsica<\/strong><\/h4>\n<p>Profesor: Jonathan Ibacache \/ jonathan.ibacache@colegio-sanandres.cl<\/p>\n\n\n\n<figure class=\"wp-block-embed-youtube wp-block-embed is-type-video is-provider-youtube wp-embed-aspect-16-9 wp-has-aspect-ratio\"><div class=\"wp-block-embed__wrapper\">\n<iframe loading=\"lazy\" title=\"Retroalimentaci\u00f3n de  desaf\u00edos\" width=\"830\" height=\"467\" src=\"https:\/\/www.youtube.com\/embed\/kpeTjCDqP-w?feature=oembed\" frameborder=\"0\" allow=\"accelerometer; autoplay; encrypted-media; gyroscope; picture-in-picture\" allowfullscreen><\/iframe>\n<\/div><\/figure>\n\n\n\n<p>Formulario Ticket de Salida Actividad Educaci\u00f3n F\u00edsica:<\/p>\n<p style=\"text-align: center;\"><a href=\"https:\/\/forms.gle\/PCLrvNyU3zFqCWHQ7\">https:\/\/forms.gle\/PCLrvNyU3zFqCWHQ7<\/a><\/p>\n\n\n\n<div style=\"height:20px\" aria-hidden=\"true\" class=\"wp-block-spacer\"><\/div>\n\n\n\n<h3 style=\"text-align: center;\"><strong>PROYECTO DE INTEGRACI\u00d3N ESCOLAR (PIE)<\/strong><\/h3>\n<p>&nbsp;<\/p>\n<h4>Retroalimentaci\u00f3n 2\u00b0 B\u00e1sico Educadora Diferencial.<\/h4>\n<p style=\"text-align: justify;\"><strong>Educadora Diferencial<\/strong>: Cinthia Pizarro \/ cinthia.pizarro@colegio-sanandres.cl<\/p>\n\n\n\n<figure class=\"wp-block-embed-youtube wp-block-embed is-type-video is-provider-youtube wp-embed-aspect-16-9 wp-has-aspect-ratio\"><div class=\"wp-block-embed__wrapper\">\n<iframe loading=\"lazy\" title=\"Retroalimentaci\u00f3n letra T\" width=\"830\" height=\"467\" src=\"https:\/\/www.youtube.com\/embed\/OfmtW2SwTF8?feature=oembed\" frameborder=\"0\" allow=\"accelerometer; autoplay; encrypted-media; gyroscope; picture-in-picture\" allowfullscreen><\/iframe>\n<\/div><\/figure>\n\n\n\n<p>Formulario Ticket de Salida Actividad Educaci\u00f3n Diferencial:<\/p>\n<p style=\"text-align: center;\"><a href=\"https:\/\/forms.gle\/TsHRmx43Eww6Yhj39\">https:\/\/forms.gle\/TsHRmx43Eww6Yhj39<\/a><\/p>\n\n\n\n<div style=\"height:53px\" aria-hidden=\"true\" class=\"wp-block-spacer\"><\/div>\n\n\n\n<h4>Retroalimentaci\u00f3n 2\u00b0 B\u00e1sico Fonoaudi\u00f3loga.<\/h4>\n<p style=\"text-align: justify;\"><strong>Fonoaudi\u00f3loga<\/strong>: Valentina Gutierrez \/ valentina.gutierrez@colegio-sanandres.cl&nbsp;<\/p>\n\n\n\n<figure class=\"wp-block-embed-youtube wp-block-embed is-type-video is-provider-youtube wp-embed-aspect-16-9 wp-has-aspect-ratio\"><div class=\"wp-block-embed__wrapper\">\n<iframe loading=\"lazy\" title=\"Retroalimentaci\u00f3n  fonoaudi\u00f3loga 2\u00ba b\u00e1sico 22\/07\" width=\"830\" height=\"467\" src=\"https:\/\/www.youtube.com\/embed\/FCOf_7bvx30?feature=oembed\" frameborder=\"0\" allow=\"accelerometer; autoplay; encrypted-media; gyroscope; picture-in-picture\" allowfullscreen><\/iframe>\n<\/div><\/figure>\n\n\n\n<p>Formulario Ticket de Salida Actividad Fonoaudiolog\u00eda:<\/p>\n<p style=\"text-align: center;\"><a href=\"https:\/\/forms.gle\/EpwJyv99eBJs3hZ19\">https:\/\/forms.gle\/EpwJyv99eBJs3hZ19<\/a><\/p>\n\n\n\n<div style=\"height:49px\" aria-hidden=\"true\" class=\"wp-block-spacer\"><\/div>\n","protected":false},"excerpt":{"rendered":"<p>Retroalimentaci\u00f3n&nbsp; 2\u00b0 B\u00e1sico Lenguaje Profesora: Ximena Hidalgo \/ ximena.hidalgo@colegio-sanandres.cl Solucionario 2\u00b0 B\u00e1sico Lenguaje. Formulario Ticket de Salida Actividad Lenguaje: https:\/\/forms.gle\/qJczUzcxM9knP75w8 Retroalimentaci\u00f3n 2\u00b0 B\u00e1sico Matem\u00e1tica Profesora: Constanza P\u00e9rez \/ constanza.perez@colegio-sanandres.cl Instrucciones de Trabajo 2\u00b0 B\u00e1sico Matem\u00e1tica Formulario Ticket de Salida Actividad Matem\u00e1tica: https:\/\/forms.gle\/jbu7XsWqs8pX3sXUA Retroalimentaci\u00f3n 2\u00b0 B\u00e1sico&nbsp;Historia Profesora: Ximena Hidalgo \/ ximena.hidalgo@colegio-sanandres.cl Solucionario 2\u00b0 B\u00e1sico Historia. Formulario [&hellip;]<\/p>\n","protected":false},"author":3,"featured_media":0,"parent":0,"menu_order":0,"comment_status":"closed","ping_status":"closed","template":"","meta":{"footnotes":""},"class_list":["post-5020","page","type-page","status-publish","hentry"],"amp_enabled":true,"_links":{"self":[{"href":"http:\/\/www.colegio-sanandres.cl\/index.php?rest_route=\/wp\/v2\/pages\/5020","targetHints":{"allow":["GET"]}}],"collection":[{"href":"http:\/\/www.colegio-sanandres.cl\/index.php?rest_route=\/wp\/v2\/pages"}],"about":[{"href":"http:\/\/www.colegio-sanandres.cl\/index.php?rest_route=\/wp\/v2\/types\/page"}],"author":[{"embeddable":true,"href":"http:\/\/www.colegio-sanandres.cl\/index.php?rest_route=\/wp\/v2\/users\/3"}],"replies":[{"embeddable":true,"href":"http:\/\/www.colegio-sanandres.cl\/index.php?rest_route=%2Fwp%2Fv2%2Fcomments&post=5020"}],"version-history":[{"count":2,"href":"http:\/\/www.colegio-sanandres.cl\/index.php?rest_route=\/wp\/v2\/pages\/5020\/revisions"}],"predecessor-version":[{"id":5028,"href":"http:\/\/www.colegio-sanandres.cl\/index.php?rest_route=\/wp\/v2\/pages\/5020\/revisions\/5028"}],"wp:attachment":[{"href":"http:\/\/www.colegio-sanandres.cl\/index.php?rest_route=%2Fwp%2Fv2%2Fmedia&parent=5020"}],"curies":[{"name":"wp","href":"https:\/\/api.w.org\/{rel}","templated":true}]}}