{"id":5030,"date":"2020-07-21T21:20:52","date_gmt":"2020-07-22T01:20:52","guid":{"rendered":"http:\/\/www.colegio-sanandres.cl\/?page_id=5030"},"modified":"2020-07-21T21:20:52","modified_gmt":"2020-07-22T01:20:52","slug":"3o-basico-2a-semana-retroalimentacion","status":"publish","type":"page","link":"http:\/\/www.colegio-sanandres.cl\/?page_id=5030","title":{"rendered":"3\u00ba B\u00c1SICO (2a Semana Retroalimentaci\u00f3n)"},"content":{"rendered":"\n<h4>Retroalimentaci\u00f3n\u00a0 3\u00b0 B\u00e1sico <strong>Lenguaje<\/strong><\/h4>\n<p>Profesoras:<\/p>\n<p>Camila Ortiz \/ camila.ortiz@colegio-sanandres.cl<\/p>\n<p>Valentina Guti\u00e9rrez \/ valentina.guitierrez@colegio-sanandres.cl<\/p>\n<p><a href=\"http:\/\/www.colegio-sanandres.cl\/wp-content\/uploads\/2020\/07\/R\u00fabrica-revisi\u00f3n-3\u00b0-B\u00e1sico-Lenguaje.pdf\">R\u00fabrica revisi\u00f3n 3\u00b0 B\u00e1sico Lenguaje.<\/a><\/p>\n\n\n\n<figure class=\"wp-block-embed-youtube wp-block-embed is-type-video is-provider-youtube wp-embed-aspect-16-9 wp-has-aspect-ratio wp-embed-aspect-4-3\"><div class=\"wp-block-embed__wrapper\">\n<iframe loading=\"lazy\" title=\"Retroalimentaci\u00f3n lenguaje 3\u00ba b\u00e1sico- 22\/07 autobiograf\u00eda\" width=\"830\" height=\"623\" src=\"https:\/\/www.youtube.com\/embed\/ROPWctt2MQQ?feature=oembed\" frameborder=\"0\" allow=\"accelerometer; autoplay; encrypted-media; gyroscope; picture-in-picture\" allowfullscreen><\/iframe>\n<\/div><\/figure>\n\n\n\n<p>Formulario Ticket de Salida Lenguaje:<\/p>\n<p style=\"text-align: center;\"><a href=\"https:\/\/forms.gle\/c6ho8eWu63wpD2az9\">https:\/\/forms.gle\/c6ho8eWu63wpD2az9<\/a><\/p>\n\n\n\n<div style=\"height:42px\" aria-hidden=\"true\" class=\"wp-block-spacer\"><\/div>\n\n\n\n<h4>Retroalimentaci\u00f3n 3\u00b0 B\u00e1sico <strong>Matem\u00e1tica<\/strong><\/h4>\n<p>Profesor: Manuel Hevia \/ manuel.hevia@colegio-sanandres.cl&nbsp;<\/p>\n\n\n\n<h5><a href=\"http:\/\/www.colegio-sanandres.cl\/wp-content\/uploads\/2020\/07\/Solucionario-3\u00b0-B\u00e1sico-Matem\u00e1tica.pdf\">Solucionario 3\u00b0 B\u00e1sico Matem\u00e1tica.<\/a><\/h5>\n\n\n\n<figure class=\"wp-block-embed-youtube wp-block-embed is-type-video is-provider-youtube wp-embed-aspect-16-9 wp-has-aspect-ratio\"><div class=\"wp-block-embed__wrapper\">\n<iframe loading=\"lazy\" title=\"3\u00b0 B\u00e1sico: Clase 8 - Retroaimentaci\u00f3n: Comprender la multiplicaci\u00f3n y las tablas de multiplicar.\" width=\"830\" height=\"467\" src=\"https:\/\/www.youtube.com\/embed\/IuTqg9i357U?feature=oembed\" frameborder=\"0\" allow=\"accelerometer; autoplay; encrypted-media; gyroscope; picture-in-picture\" allowfullscreen><\/iframe>\n<\/div><\/figure>\n\n\n\n<p>Formulario Ticket de Salida Matem\u00e1tica:<\/p>\n<p style=\"text-align: center;\"><a href=\"https:\/\/forms.gle\/xpaHPohuPrTchuJH9\">https:\/\/forms.gle\/xpaHPohuPrTchuJH9<\/a><\/p>\n\n\n\n<div style=\"height:56px\" aria-hidden=\"true\" class=\"wp-block-spacer\"><\/div>\n\n\n\n<h4>Retroalimentaci\u00f3n 3\u00b0 B\u00e1sico<strong>\u00a0Historia<\/strong><\/h4>\n<p>Profesora: \u00c1lvaro Pino \/ alvaro.pino@colegio-sanandres.cl<\/p>\n<p><a href=\"http:\/\/www.colegio-sanandres.cl\/wp-content\/uploads\/2020\/07\/Solucionario-3\u00b0-B\u00e1sico-Historia.pdf\">Solucionario 3\u00b0 B\u00e1sico Historia.<\/a><\/p>\n<figure class=\"wp-block-embed-youtube wp-block-embed is-type-video is-provider-youtube wp-embed-aspect-16-9 wp-has-aspect-ratio wp-embed-aspect-4-3\"><\/figure>\n\n\n\n<figure class=\"wp-block-embed-youtube wp-block-embed is-type-video is-provider-youtube wp-embed-aspect-16-9 wp-has-aspect-ratio\"><div class=\"wp-block-embed__wrapper\">\n<iframe loading=\"lazy\" title=\"Retroalimentaci\u00f3n Historia 3\u00b0 B\u00e1sico\" width=\"830\" height=\"467\" src=\"https:\/\/www.youtube.com\/embed\/u-1tRtEOjIk?feature=oembed\" frameborder=\"0\" allow=\"accelerometer; autoplay; encrypted-media; gyroscope; picture-in-picture\" allowfullscreen><\/iframe>\n<\/div><\/figure>\n\n\n\n<p>Formulario Ticket de Salida Historia:<\/p>\n<p style=\"text-align: center;\"><a href=\"https:\/\/forms.gle\/C26ZWF2jTGTjtewY7\">https:\/\/forms.gle\/C26ZWF2jTGTjtewY7<\/a><\/p>\n\n\n\n<div style=\"height:52px\" aria-hidden=\"true\" class=\"wp-block-spacer\"><\/div>\n\n\n\n<h4>Retroalimentaci\u00f3n 3\u00b0 B\u00e1sico<strong> Ciencias Naturales<\/strong><\/h4>\n<p>Profesora: M\u00f3nica Maldonado \/ monica.maldonado@colegio-sanandres.cl<\/p>\n<figure class=\"wp-block-embed-youtube wp-block-embed is-type-video is-provider-youtube wp-embed-aspect-16-9 wp-has-aspect-ratio wp-embed-aspect-4-3\"><\/figure>\n\n\n\n<h5><a href=\"http:\/\/www.colegio-sanandres.cl\/wp-content\/uploads\/2020\/07\/Solucionario-3\u00b0-B\u00e1sico-Ciencias.pdf\">Solucionario 3\u00b0 B\u00e1sico Ciencias Naturales.<\/a><\/h5>\n\n\n\n<figure class=\"wp-block-embed-youtube wp-block-embed is-type-video is-provider-youtube wp-embed-aspect-16-9 wp-has-aspect-ratio\"><div class=\"wp-block-embed__wrapper\">\n<iframe loading=\"lazy\" title=\"Sonido\" width=\"830\" height=\"467\" src=\"https:\/\/www.youtube.com\/embed\/fKZYSe0x3Og?feature=oembed\" frameborder=\"0\" allow=\"accelerometer; autoplay; encrypted-media; gyroscope; picture-in-picture\" allowfullscreen><\/iframe>\n<\/div><\/figure>\n\n\n\n<p>Formulario Ticket de Salida Ciencias Naturales:<\/p>\n<p style=\"text-align: center;\"><a href=\"https:\/\/forms.gle\/oWnnqzymRgu1DBY89\">https:\/\/forms.gle\/oWnnqzymRgu1DBY89<\/a><\/p>\n\n\n\n<div style=\"height:53px\" aria-hidden=\"true\" class=\"wp-block-spacer\"><\/div>\n\n\n\n<h4>Retroalimentaci\u00f3n 3\u00b0 B\u00e1sico<strong> Ingl\u00e9s<\/strong><\/h4>\n<p>Profesora: Patricia Catal\u00e1n \/ patricia.catalan@colegio-sanandres.cl<\/p>\n<p><a href=\"http:\/\/www.colegio-sanandres.cl\/wp-content\/uploads\/2020\/07\/Solucionario-3\u00b0-B\u00e1sico-Ingl\u00e9s.pdf\">Solucionario 3\u00b0 B\u00e1sico Ingl\u00e9s.<\/a><\/p>\n<figure class=\"wp-block-embed-youtube wp-block-embed is-type-video is-provider-youtube wp-embed-aspect-16-9 wp-has-aspect-ratio wp-embed-aspect-4-3\"><\/figure>\n\n\n\n<figure class=\"wp-block-embed-youtube wp-block-embed is-type-video is-provider-youtube wp-embed-aspect-16-9 wp-has-aspect-ratio\"><div class=\"wp-block-embed__wrapper\">\n<iframe loading=\"lazy\" title=\"Retroalimentaci\u00f3n Ingl\u00e9s - 3\u00b0 b\u00e1sico\" width=\"830\" height=\"467\" src=\"https:\/\/www.youtube.com\/embed\/I5ZOedyUrgc?feature=oembed\" frameborder=\"0\" allow=\"accelerometer; autoplay; encrypted-media; gyroscope; picture-in-picture\" allowfullscreen><\/iframe>\n<\/div><\/figure>\n\n\n\n<p>Formulario Ticket de Salida Ingl\u00e9s:<\/p>\n<p style=\"text-align: center;\"><a href=\"https:\/\/forms.gle\/WWFcLxWRL5kV7Bkx7\">https:\/\/forms.gle\/WWFcLxWRL5kV7Bkx7<\/a><\/p>\n\n\n\n<div style=\"height:57px\" aria-hidden=\"true\" class=\"wp-block-spacer\"><\/div>\n\n\n\n<h4>Retroalimentaci\u00f3n 3\u00b0 B\u00e1sico<strong> M\u00fasica<\/strong><\/h4>\n<p>Profesor: Cristian Chac\u00f3n \/ cristian.chacon@colegio-sanandres.cl<\/p>\n<figure class=\"wp-block-embed-youtube wp-block-embed is-type-video is-provider-youtube wp-embed-aspect-16-9 wp-has-aspect-ratio wp-embed-aspect-4-3\"><\/figure>\n\n\n\n<figure class=\"wp-block-embed-youtube wp-block-embed is-type-video is-provider-youtube wp-embed-aspect-16-9 wp-has-aspect-ratio wp-embed-aspect-4-3\"><div class=\"wp-block-embed__wrapper\">\n<iframe loading=\"lazy\" title=\"Guia 9 retroalimentaci\u00f3n 3ro b\u00e1sico\" width=\"830\" height=\"623\" src=\"https:\/\/www.youtube.com\/embed\/yfqwXiekDh0?feature=oembed\" frameborder=\"0\" allow=\"accelerometer; autoplay; encrypted-media; gyroscope; picture-in-picture\" allowfullscreen><\/iframe>\n<\/div><\/figure>\n\n\n\n<p>Formulario Ticket de Salida M\u00fasica:<\/p>\n<p style=\"text-align: center;\"><a href=\"https:\/\/forms.gle\/D1bDXYVcipQxLymn7\">https:\/\/forms.gle\/D1bDXYVcipQxLymn7<\/a><\/p>\n\n\n\n<div style=\"height:53px\" aria-hidden=\"true\" class=\"wp-block-spacer\"><\/div>\n\n\n\n<h4>Retroalimentaci\u00f3n 3\u00b0 B\u00e1sico<strong> Educaci\u00f3n F\u00edsica<\/strong><\/h4>\n<p>Profesora: Mar\u00eda Alejandra La Paz \/ alejandra.lapaz@colegio-sanandres.cl<\/p>\n<figure class=\"wp-block-embed-youtube wp-block-embed is-type-video is-provider-youtube wp-embed-aspect-16-9 wp-has-aspect-ratio wp-embed-aspect-4-3\"><\/figure>\n\n\n\n<figure class=\"wp-block-embed-youtube wp-block-embed is-type-video is-provider-youtube wp-embed-aspect-16-9 wp-has-aspect-ratio\"><div class=\"wp-block-embed__wrapper\">\n<iframe loading=\"lazy\" title=\"RETROALIMENTACI\u00d3N CLASE DE JUEGOS\" width=\"830\" height=\"467\" src=\"https:\/\/www.youtube.com\/embed\/KNgjUslC8bs?feature=oembed\" frameborder=\"0\" allow=\"accelerometer; autoplay; encrypted-media; gyroscope; picture-in-picture\" allowfullscreen><\/iframe>\n<\/div><\/figure>\n\n\n\n<p>Formulario Ticket de Salida Educaci\u00f3n F\u00edsica:<\/p>\n<p style=\"text-align: center;\"><a href=\"https:\/\/forms.gle\/mGoeqUER8vNv2ex39\">https:\/\/forms.gle\/mGoeqUER8vNv2ex39<\/a><\/p>\n\n\n\n<div style=\"height:44px\" aria-hidden=\"true\" class=\"wp-block-spacer\"><\/div>\n\n\n\n<h3 style=\"text-align: center;\"><strong>PROYECTO DE INTEGRACI\u00d3N ESCOLAR (PIE)<\/strong><\/h3>\n<p>\u00a0<\/p>\n<h4>Retroalimentaci\u00f3n 3\u00b0 B\u00e1sico Educadora Diferencial.<\/h4>\n<p style=\"text-align: justify;\"><strong>Educadora Diferencial<\/strong>: Cinthia Pizarro \/ cinthia.pizarro@colegio-sanandres.cl<\/p>\n<figure class=\"wp-block-embed-youtube wp-block-embed is-type-video is-provider-youtube wp-embed-aspect-16-9 wp-has-aspect-ratio wp-embed-aspect-4-3\"><\/figure>\n\n\n\n<figure class=\"wp-block-embed-youtube wp-block-embed is-type-video is-provider-youtube wp-embed-aspect-16-9 wp-has-aspect-ratio\"><div class=\"wp-block-embed__wrapper\">\n<iframe loading=\"lazy\" title=\"Retroalimentaci\u00f3n autobiograf\u00eda.\" width=\"830\" height=\"467\" src=\"https:\/\/www.youtube.com\/embed\/fNiQNv4ISIQ?feature=oembed\" frameborder=\"0\" allow=\"accelerometer; autoplay; encrypted-media; gyroscope; picture-in-picture\" allowfullscreen><\/iframe>\n<\/div><\/figure>\n\n\n\n<p>Formulario Ticket de Salida Educaci\u00f3n Diferencial:<\/p>\n<p style=\"text-align: center;\"><a href=\"https:\/\/forms.gle\/ojmaGuaFfpxiDtiD9\">https:\/\/forms.gle\/ojmaGuaFfpxiDtiD9<\/a><\/p>\n\n\n\n<div style=\"height:37px\" aria-hidden=\"true\" class=\"wp-block-spacer\"><\/div>\n","protected":false},"excerpt":{"rendered":"<p>Retroalimentaci\u00f3n\u00a0 3\u00b0 B\u00e1sico Lenguaje Profesoras: Camila Ortiz \/ camila.ortiz@colegio-sanandres.cl Valentina Guti\u00e9rrez \/ valentina.guitierrez@colegio-sanandres.cl R\u00fabrica revisi\u00f3n 3\u00b0 B\u00e1sico Lenguaje. Formulario Ticket de Salida Lenguaje: https:\/\/forms.gle\/c6ho8eWu63wpD2az9 Retroalimentaci\u00f3n 3\u00b0 B\u00e1sico Matem\u00e1tica Profesor: Manuel Hevia \/ manuel.hevia@colegio-sanandres.cl&nbsp; Solucionario 3\u00b0 B\u00e1sico Matem\u00e1tica. Formulario Ticket de Salida Matem\u00e1tica: https:\/\/forms.gle\/xpaHPohuPrTchuJH9 Retroalimentaci\u00f3n 3\u00b0 B\u00e1sico\u00a0Historia Profesora: \u00c1lvaro Pino \/ alvaro.pino@colegio-sanandres.cl Solucionario 3\u00b0 B\u00e1sico Historia. [&hellip;]<\/p>\n","protected":false},"author":3,"featured_media":0,"parent":0,"menu_order":0,"comment_status":"closed","ping_status":"closed","template":"","meta":{"footnotes":""},"class_list":["post-5030","page","type-page","status-publish","hentry"],"amp_enabled":true,"_links":{"self":[{"href":"http:\/\/www.colegio-sanandres.cl\/index.php?rest_route=\/wp\/v2\/pages\/5030","targetHints":{"allow":["GET"]}}],"collection":[{"href":"http:\/\/www.colegio-sanandres.cl\/index.php?rest_route=\/wp\/v2\/pages"}],"about":[{"href":"http:\/\/www.colegio-sanandres.cl\/index.php?rest_route=\/wp\/v2\/types\/page"}],"author":[{"embeddable":true,"href":"http:\/\/www.colegio-sanandres.cl\/index.php?rest_route=\/wp\/v2\/users\/3"}],"replies":[{"embeddable":true,"href":"http:\/\/www.colegio-sanandres.cl\/index.php?rest_route=%2Fwp%2Fv2%2Fcomments&post=5030"}],"version-history":[{"count":1,"href":"http:\/\/www.colegio-sanandres.cl\/index.php?rest_route=\/wp\/v2\/pages\/5030\/revisions"}],"predecessor-version":[{"id":5037,"href":"http:\/\/www.colegio-sanandres.cl\/index.php?rest_route=\/wp\/v2\/pages\/5030\/revisions\/5037"}],"wp:attachment":[{"href":"http:\/\/www.colegio-sanandres.cl\/index.php?rest_route=%2Fwp%2Fv2%2Fmedia&parent=5030"}],"curies":[{"name":"wp","href":"https:\/\/api.w.org\/{rel}","templated":true}]}}