{"id":5039,"date":"2020-07-21T21:51:56","date_gmt":"2020-07-22T01:51:56","guid":{"rendered":"http:\/\/www.colegio-sanandres.cl\/?page_id=5039"},"modified":"2020-07-22T17:47:42","modified_gmt":"2020-07-22T21:47:42","slug":"4o-basico-12","status":"publish","type":"page","link":"http:\/\/www.colegio-sanandres.cl\/?page_id=5039","title":{"rendered":"4\u00ba B\u00c1SICO (2a Semana Retroalimentaci\u00f3n)"},"content":{"rendered":"\n<h4>Retroalimentaci\u00f3n&nbsp; 4\u00b0 B\u00e1sico <strong>Lenguaje<\/strong><\/h4>\n<p>Profesora: Camila Ortiz \/ camila.ortiz@colegio-sanandres.cl<\/p>\n\n\n\n<figure class=\"wp-block-embed-youtube wp-block-embed is-type-video is-provider-youtube wp-embed-aspect-16-9 wp-has-aspect-ratio\"><div class=\"wp-block-embed__wrapper\">\n<iframe loading=\"lazy\" title=\"RETROALIMENTACI\u00d3N (SOLUCIONARIO) FIGURAS LITERARIAS CIERRE\" width=\"830\" height=\"467\" src=\"https:\/\/www.youtube.com\/embed\/1yqTQ8UVzPA?feature=oembed\" frameborder=\"0\" allow=\"accelerometer; autoplay; encrypted-media; gyroscope; picture-in-picture\" allowfullscreen><\/iframe>\n<\/div><\/figure>\n\n\n\n<p>Formulario Ticket de Salida Lenguaje:<\/p>\n<p style=\"text-align: center;\"><a href=\"https:\/\/forms.gle\/jsZ8JK7JUrjCKVCk7\">https:\/\/forms.gle\/jsZ8JK7JUrjCKVCk7<\/a><\/p>\n\n\n\n<div style=\"height:59px\" aria-hidden=\"true\" class=\"wp-block-spacer\"><\/div>\n\n\n\n<h4>Retroalimentaci\u00f3n&nbsp; 4\u00b0 B\u00e1sico <strong>Matem\u00e1tica<\/strong><\/h4>\n<p>Profesor: Manuel Hevia \/ manuel.hevia@colegio-sanandres.cl&nbsp;<\/p>\n\n\n\n<h5><a href=\"http:\/\/www.colegio-sanandres.cl\/wp-content\/uploads\/2020\/07\/Solucionario-4\u00b0-B\u00e1sico-Matem\u00e1tica.pdf\">Solucionario 4\u00b0 B\u00e1sico Matem\u00e1tica.<\/a><\/h5>\n\n\n\n<figure class=\"wp-block-embed-youtube wp-block-embed is-type-video is-provider-youtube wp-embed-aspect-16-9 wp-has-aspect-ratio\"><div class=\"wp-block-embed__wrapper\">\n<iframe loading=\"lazy\" title=\"4\u00b0 Clase 8: Reconocer y descibrir patrones num\u00e9ricos.\" width=\"830\" height=\"467\" src=\"https:\/\/www.youtube.com\/embed\/s5Rfdz08AaM?feature=oembed\" frameborder=\"0\" allow=\"accelerometer; autoplay; encrypted-media; gyroscope; picture-in-picture\" allowfullscreen><\/iframe>\n<\/div><\/figure>\n\n\n\n<p>Formulario Ticket de Salida Matem\u00e1tica:<\/p>\n<p style=\"text-align: center;\"><a href=\"https:\/\/forms.gle\/fr63xZ3iYnAFMG6X8\">https:\/\/forms.gle\/fr63xZ3iYnAFMG6X8<\/a><\/p>\n\n\n\n<div style=\"height:48px\" aria-hidden=\"true\" class=\"wp-block-spacer\"><\/div>\n\n\n\n<h4>Retroalimentaci\u00f3n 4\u00b0 B\u00e1sico<strong>&nbsp;Historia<\/strong><\/h4>\n<p>Profesora: \u00c1lvaro Pino \/ alvaro.pino@colegio-sanandres.cl<\/p>\n<p><a href=\"http:\/\/www.colegio-sanandres.cl\/wp-content\/uploads\/2020\/07\/Solucionario-4\u00b0-B\u00e1sico-Historia.pdf\">Solucionario 4\u00b0 B\u00e1sico Historia.<\/a><\/p>\n\n\n\n<figure class=\"wp-block-embed-youtube wp-block-embed is-type-video is-provider-youtube wp-embed-aspect-16-9 wp-has-aspect-ratio\"><div class=\"wp-block-embed__wrapper\">\n<iframe loading=\"lazy\" title=\"Retroalimentaci\u00f3n Historia 4\u00b0 B\u00e1sico\" width=\"830\" height=\"467\" src=\"https:\/\/www.youtube.com\/embed\/YBi1ZNBA3f8?feature=oembed\" frameborder=\"0\" allow=\"accelerometer; autoplay; encrypted-media; gyroscope; picture-in-picture\" allowfullscreen><\/iframe>\n<\/div><\/figure>\n\n\n\n<p>Formulario Ticket de Salida Historia:<\/p>\n<p style=\"text-align: center;\"><a href=\"https:\/\/forms.gle\/5CF7KokUpZ16BWXn9\">https:\/\/forms.gle\/5CF7KokUpZ16BWXn9<\/a><\/p>\n\n\n\n<div style=\"height:53px\" aria-hidden=\"true\" class=\"wp-block-spacer\"><\/div>\n\n\n\n<h4>Retroalimentaci\u00f3n 4\u00b0 B\u00e1sico<strong>&nbsp;Ciencias Naturales<\/strong><\/h4>\n<p>Profesora: M\u00f3nica Maldonado \/ monica.maldonado@colegio-sanandres.cl<\/p>\n\n\n\n<h5><a href=\"http:\/\/www.colegio-sanandres.cl\/wp-content\/uploads\/2020\/07\/Solucionario-4\u00b0-B\u00e1sico-Ciencias.pdf\">Solucionario 4\u00b0 B\u00e1sico Ciencias Naturales.<\/a><\/h5>\n\n\n\n<figure class=\"wp-block-embed-youtube wp-block-embed is-type-video is-provider-youtube wp-embed-aspect-16-9 wp-has-aspect-ratio\"><div class=\"wp-block-embed__wrapper\">\n<iframe loading=\"lazy\" title=\"Efectos de fuerza\" width=\"830\" height=\"467\" src=\"https:\/\/www.youtube.com\/embed\/K1zp7Q_12tw?feature=oembed\" frameborder=\"0\" allow=\"accelerometer; autoplay; encrypted-media; gyroscope; picture-in-picture\" allowfullscreen><\/iframe>\n<\/div><\/figure>\n\n\n\n<p>Formulario Ticket de Salida Ciencias Naturales:<\/p>\n<p style=\"text-align: center;\"><a href=\"https:\/\/forms.gle\/1WN1wY9sk9y7msrj8\">https:\/\/forms.gle\/1WN1wY9sk9y7msrj8<\/a><\/p>\n\n\n\n<div style=\"height:43px\" aria-hidden=\"true\" class=\"wp-block-spacer\"><\/div>\n\n\n\n<h4>Retroalimentaci\u00f3n 4\u00b0 B\u00e1sico<strong>&nbsp;Ingl\u00e9s<\/strong><\/h4>\n<p>Profesora: Patricia Catal\u00e1n \/ patricia.catalan@colegio-sanandres.cl<\/p>\n<p><a href=\"http:\/\/www.colegio-sanandres.cl\/wp-content\/uploads\/2020\/07\/Solucionario-4\u00b0-B\u00e1sico-Ingl\u00e9s.pdf\">Solucionario 4\u00b0 B\u00e1sico Ingl\u00e9s.<\/a><\/p>\n\n\n\n<figure class=\"wp-block-embed-youtube wp-block-embed is-type-video is-provider-youtube wp-embed-aspect-16-9 wp-has-aspect-ratio\"><div class=\"wp-block-embed__wrapper\">\n<iframe loading=\"lazy\" title=\"Retroalimentaci\u00f3n Ingl\u00e9s - 4\u00b0 b\u00e1sico\" width=\"830\" height=\"467\" src=\"https:\/\/www.youtube.com\/embed\/JIh5qvEowkA?feature=oembed\" frameborder=\"0\" allow=\"accelerometer; autoplay; encrypted-media; gyroscope; picture-in-picture\" allowfullscreen><\/iframe>\n<\/div><\/figure>\n\n\n\n<p>Formulario Ticket de Salida Ingl\u00e9s:<\/p>\n<p style=\"text-align: center;\"><a href=\"https:\/\/forms.gle\/SSvJP2QSb9eXoRaMA\">https:\/\/forms.gle\/SSvJP2QSb9eXoRaMA<\/a><\/p>\n\n\n\n<div style=\"height:47px\" aria-hidden=\"true\" class=\"wp-block-spacer\"><\/div>\n\n\n\n<h4>Retroalimentaci\u00f3n 4\u00b0 B\u00e1sico<strong>&nbsp;M\u00fasica<\/strong><\/h4>\n<p>Profesor: Cristian Chac\u00f3n \/ cristian.chacon@colegio-sanandres.cl<\/p>\n\n\n\n<figure class=\"wp-block-embed-youtube wp-block-embed is-type-video is-provider-youtube wp-embed-aspect-16-9 wp-has-aspect-ratio\"><div class=\"wp-block-embed__wrapper\">\n<iframe loading=\"lazy\" title=\"Guia 9 retroalimentaci\u00f3n 4to b\u00e1sico\" width=\"830\" height=\"467\" src=\"https:\/\/www.youtube.com\/embed\/YeGReuNcC3k?feature=oembed\" frameborder=\"0\" allow=\"accelerometer; autoplay; encrypted-media; gyroscope; picture-in-picture\" allowfullscreen><\/iframe>\n<\/div><\/figure>\n\n\n\n<p>Formulario Ticket de Salida M\u00fasica:<\/p>\n<p style=\"text-align: center;\"><a href=\"https:\/\/forms.gle\/kxWd6dDDT9DSGhVS8\">https:\/\/forms.gle\/kxWd6dDDT9DSGhVS8<\/a><\/p>\n\n\n\n<div style=\"height:52px\" aria-hidden=\"true\" class=\"wp-block-spacer\"><\/div>\n\n\n\n<h4>Retroalimentaci\u00f3n 4\u00b0 B\u00e1sico<strong>&nbsp;Educaci\u00f3n F\u00edsica<\/strong><\/h4>\n<p>Profesora: Mar\u00eda Alejandra La Paz \/ alejandra.lapaz@colegio-sanandres.cl<\/p>\n\n\n\n<figure class=\"wp-block-embed-youtube wp-block-embed is-type-video is-provider-youtube wp-embed-aspect-16-9 wp-has-aspect-ratio\"><div class=\"wp-block-embed__wrapper\">\n<iframe loading=\"lazy\" title=\"RETROALIMENTACI\u00d3N CLASE DE JUEGOS\" width=\"830\" height=\"467\" src=\"https:\/\/www.youtube.com\/embed\/KNgjUslC8bs?feature=oembed\" frameborder=\"0\" allow=\"accelerometer; autoplay; encrypted-media; gyroscope; picture-in-picture\" allowfullscreen><\/iframe>\n<\/div><\/figure>\n\n\n\n<p>Formulario Ticket de Salida Educaci\u00f3n F\u00edsica:<\/p>\n<p style=\"text-align: center;\"><a href=\"https:\/\/forms.gle\/YJzzuyXSk36GWHL89\">https:\/\/forms.gle\/YJzzuyXSk36GWHL89<\/a><\/p>\n\n\n\n<div style=\"height:86px\" aria-hidden=\"true\" class=\"wp-block-spacer\"><\/div>\n\n\n\n<h3><strong>PROYECTO DE INTEGRACI\u00d3N ESCOLAR (PIE)<\/strong><\/h3>\n<pre>&nbsp;<\/pre>\n<h4 style=\"text-align: center;\">Retroalimentaci\u00f3n 4\u00b0 B\u00e1sico Educadora Diferencial.<\/h4>\n<p><strong>Educadora Diferencial<\/strong>: Yerka Markic \/ yerka.markic@colegio-sanandres.cl<\/p>\n<figure class=\"wp-block-embed-youtube wp-block-embed is-type-video is-provider-youtube wp-embed-aspect-16-9 wp-has-aspect-ratio wp-embed-aspect-4-3\"><\/figure>\n<p><a href=\"http:\/\/www.colegio-sanandres.cl\/wp-content\/uploads\/2020\/07\/Solucionario-4\u00b0-B\u00e1sico-Educadora-Diferencial.pdf\">Solucionario 4\u00b0 B\u00e1sico Educaci\u00f3n Diferencial.<\/a><\/p>\n\n\n\n<figure class=\"wp-block-embed-youtube wp-block-embed is-type-video is-provider-youtube wp-embed-aspect-16-9 wp-has-aspect-ratio wp-embed-aspect-4-3\"><div class=\"wp-block-embed__wrapper\">\n<iframe loading=\"lazy\" title=\"RETROALIMENTACI\u00d3N SOLUCIONARIO CHILENISMOS\" width=\"830\" height=\"467\" src=\"https:\/\/www.youtube.com\/embed\/I5HMSIrSa1c?feature=oembed\" frameborder=\"0\" allow=\"accelerometer; autoplay; encrypted-media; gyroscope; picture-in-picture\" allowfullscreen><\/iframe>\n<\/div><\/figure>\n\n\n\n<p>Formulario Ticket de Salida Educaci\u00f3n Diferencial:<\/p>\n<p style=\"text-align: center;\"><a href=\"https:\/\/forms.gle\/sHDY5kmTYCbG2GqX6\">https:\/\/forms.gle\/sHDY5kmTYCbG2GqX6<\/a><\/p>\n\n\n\n<div style=\"height:60px\" aria-hidden=\"true\" class=\"wp-block-spacer\"><\/div>\n","protected":false},"excerpt":{"rendered":"<p>Retroalimentaci\u00f3n&nbsp; 4\u00b0 B\u00e1sico Lenguaje Profesora: Camila Ortiz \/ camila.ortiz@colegio-sanandres.cl Formulario Ticket de Salida Lenguaje: https:\/\/forms.gle\/jsZ8JK7JUrjCKVCk7 Retroalimentaci\u00f3n&nbsp; 4\u00b0 B\u00e1sico Matem\u00e1tica Profesor: Manuel Hevia \/ manuel.hevia@colegio-sanandres.cl&nbsp; Solucionario 4\u00b0 B\u00e1sico Matem\u00e1tica. Formulario Ticket de Salida Matem\u00e1tica: https:\/\/forms.gle\/fr63xZ3iYnAFMG6X8 Retroalimentaci\u00f3n 4\u00b0 B\u00e1sico&nbsp;Historia Profesora: \u00c1lvaro Pino \/ alvaro.pino@colegio-sanandres.cl Solucionario 4\u00b0 B\u00e1sico Historia. Formulario Ticket de Salida Historia: https:\/\/forms.gle\/5CF7KokUpZ16BWXn9 Retroalimentaci\u00f3n 4\u00b0 B\u00e1sico&nbsp;Ciencias [&hellip;]<\/p>\n","protected":false},"author":3,"featured_media":0,"parent":0,"menu_order":0,"comment_status":"closed","ping_status":"closed","template":"","meta":{"footnotes":""},"class_list":["post-5039","page","type-page","status-publish","hentry"],"amp_enabled":true,"_links":{"self":[{"href":"http:\/\/www.colegio-sanandres.cl\/index.php?rest_route=\/wp\/v2\/pages\/5039","targetHints":{"allow":["GET"]}}],"collection":[{"href":"http:\/\/www.colegio-sanandres.cl\/index.php?rest_route=\/wp\/v2\/pages"}],"about":[{"href":"http:\/\/www.colegio-sanandres.cl\/index.php?rest_route=\/wp\/v2\/types\/page"}],"author":[{"embeddable":true,"href":"http:\/\/www.colegio-sanandres.cl\/index.php?rest_route=\/wp\/v2\/users\/3"}],"replies":[{"embeddable":true,"href":"http:\/\/www.colegio-sanandres.cl\/index.php?rest_route=%2Fwp%2Fv2%2Fcomments&post=5039"}],"version-history":[{"count":5,"href":"http:\/\/www.colegio-sanandres.cl\/index.php?rest_route=\/wp\/v2\/pages\/5039\/revisions"}],"predecessor-version":[{"id":5084,"href":"http:\/\/www.colegio-sanandres.cl\/index.php?rest_route=\/wp\/v2\/pages\/5039\/revisions\/5084"}],"wp:attachment":[{"href":"http:\/\/www.colegio-sanandres.cl\/index.php?rest_route=%2Fwp%2Fv2%2Fmedia&parent=5039"}],"curies":[{"name":"wp","href":"https:\/\/api.w.org\/{rel}","templated":true}]}}