{"id":5068,"date":"2020-07-22T00:30:25","date_gmt":"2020-07-22T04:30:25","guid":{"rendered":"http:\/\/www.colegio-sanandres.cl\/?page_id=5068"},"modified":"2020-07-22T00:30:25","modified_gmt":"2020-07-22T04:30:25","slug":"8o-basico-2a-semana-retroalimentacion","status":"publish","type":"page","link":"http:\/\/www.colegio-sanandres.cl\/?page_id=5068","title":{"rendered":"8\u00ba B\u00c1SICO (2a Semana Retroalimentaci\u00f3n)"},"content":{"rendered":"\n<h4>Retroalimentaci\u00f3n\u00a0 8\u00b0 B\u00e1sico <strong>Lenguaje<\/strong><\/h4>\n<p>Profesora: Denisse Vergara \/ denisse.vergara@colegio-sanandres.cl<\/p>\n<p><a href=\"http:\/\/www.colegio-sanandres.cl\/wp-content\/uploads\/2020\/07\/Solucionario-8\u00b0-B\u00e1sico-Lenguaje.pdf\">Solucionario 8\u00b0 B\u00e1sico Lenguaje.<\/a><\/p>\n\n\n\n<figure class=\"wp-block-embed-youtube wp-block-embed is-type-video is-provider-youtube wp-embed-aspect-16-9 wp-has-aspect-ratio\"><div class=\"wp-block-embed__wrapper\">\n<iframe loading=\"lazy\" title=\"RETROALIMENTACI\u00d3N OCTAVA SEMANA 8\u00b0\" width=\"830\" height=\"467\" src=\"https:\/\/www.youtube.com\/embed\/zNKlbUOwS6g?feature=oembed\" frameborder=\"0\" allow=\"accelerometer; autoplay; encrypted-media; gyroscope; picture-in-picture\" allowfullscreen><\/iframe>\n<\/div><\/figure>\n\n\n\n<p>Formulario Ticket de Salida Lenguaje:<\/p>\n<p style=\"text-align: center;\"><a href=\"https:\/\/forms.gle\/jhqaMCeDosd7rN239\">https:\/\/forms.gle\/jhqaMCeDosd7rN239<\/a><\/p>\n\n\n\n<div style=\"height:55px\" aria-hidden=\"true\" class=\"wp-block-spacer\"><\/div>\n\n\n\n<h4>Retroalimentaci\u00f3n\u00a0 8\u00b0 B\u00e1sico Matem\u00e1tica<\/h4>\n<p style=\"text-align: justify;\">Profesora: Nayadher Villanueva \/ nayadher.villanueva@colegio-sanandres.cl<\/p>\n<p><a href=\"http:\/\/www.colegio-sanandres.cl\/wp-content\/uploads\/2020\/07\/Solucionario-8\u00b0-B\u00e1sico-Matem\u00e1ticas.pdf\">Solucionario 8\u00b0 B\u00e1sico Matem\u00e1tica.<\/a><\/p>\n\n\n\n<figure class=\"wp-block-embed-youtube wp-block-embed is-type-video is-provider-youtube wp-embed-aspect-16-9 wp-has-aspect-ratio\"><div class=\"wp-block-embed__wrapper\">\n<iframe loading=\"lazy\" title=\"Correcci\u00f3n_8\u00b0\" width=\"830\" height=\"467\" src=\"https:\/\/www.youtube.com\/embed\/WSIQc0gsImY?feature=oembed\" frameborder=\"0\" allow=\"accelerometer; autoplay; encrypted-media; gyroscope; picture-in-picture\" allowfullscreen><\/iframe>\n<\/div><\/figure>\n\n\n\n<p>Formulario Ticket de Salida Matem\u00e1tica:<\/p>\n<p style=\"text-align: center;\"><a href=\"https:\/\/docs.google.com\/forms\/d\/e\/1FAIpQLSeEoLoku4iR-HsuVI11mz70Vg8e9cX0tgLgXgj9h_rtdLRZQA\/viewform?vc=0&amp;c=0&amp;w=1\">https:\/\/docs.google.com\/forms\/d\/e\/1FAIpQLSeEoLoku4iR-HsuVI11mz70Vg8e9cX0tgLgXgj9h_rtdLRZQA\/viewform?vc=0&amp;c=0&amp;w=1<\/a><\/p>\n\n\n\n<div style=\"height:50px\" aria-hidden=\"true\" class=\"wp-block-spacer\"><\/div>\n\n\n\n<h4>Retroalimentaci\u00f3n\u00a0 8\u00b0 B\u00e1sico Historia<\/h4>\n<p>Profesora: \u00c1ngela Mendoza \/ angela.mendoza@colegio-sanandres.cl<\/p>\n\n\n\n<figure class=\"wp-block-embed-youtube wp-block-embed is-type-video is-provider-youtube wp-embed-aspect-16-9 wp-has-aspect-ratio\"><div class=\"wp-block-embed__wrapper\">\n<iframe loading=\"lazy\" title=\"Revisi\u00f3n actividad Organizaci\u00f3n pol\u00edtico - administrativa de Espa\u00f1a y Am\u00e9rica en el siglo XVI\" width=\"830\" height=\"467\" src=\"https:\/\/www.youtube.com\/embed\/ixfmt4mAJJs?feature=oembed\" frameborder=\"0\" allow=\"accelerometer; autoplay; encrypted-media; gyroscope; picture-in-picture\" allowfullscreen><\/iframe>\n<\/div><\/figure>\n\n\n\n<p>Formulario Ticket de Salida Historia:<\/p>\n<p style=\"text-align: center;\"><a href=\"https:\/\/forms.gle\/Wr1gR8M2k76JvcCB9\">https:\/\/forms.gle\/Wr1gR8M2k76JvcCB9<\/a><\/p>\n\n\n\n<div style=\"height:57px\" aria-hidden=\"true\" class=\"wp-block-spacer\"><\/div>\n\n\n\n<h4>Retroalimentaci\u00f3n\u00a0 8\u00b0 B\u00e1sico Ciencias Naturales<\/h4>\n<p>Profesora: Priscila Mu\u00f1oz \/ priscila.munoz@colegio-sanandres.cl<\/p>\n<p><a href=\"http:\/\/www.colegio-sanandres.cl\/wp-content\/uploads\/2020\/07\/Retroalimentaci\u00f3n-8\u00b0-B\u00e1sico-Ciencias.pdf\">Solucionario 8\u00b0 B\u00e1sico Ciencias Naturales.<\/a><\/p>\n\n\n\n<figure class=\"wp-block-embed-youtube wp-block-embed is-type-video is-provider-youtube wp-embed-aspect-16-9 wp-has-aspect-ratio\"><div class=\"wp-block-embed__wrapper\">\n<iframe loading=\"lazy\" title=\"Retroalimentaci\u00f3n c\u00e9lula\" width=\"830\" height=\"467\" src=\"https:\/\/www.youtube.com\/embed\/0SrlHwDacfM?feature=oembed\" frameborder=\"0\" allow=\"accelerometer; autoplay; encrypted-media; gyroscope; picture-in-picture\" allowfullscreen><\/iframe>\n<\/div><\/figure>\n\n\n\n<p>Formulario Ticket de Salida Ciencias Naturales:<\/p>\n<p style=\"text-align: center;\"><a href=\"https:\/\/forms.gle\/86uiUL2CBdUfYTHh9\">https:\/\/forms.gle\/86uiUL2CBdUfYTHh9<\/a><\/p>\n\n\n\n<div style=\"height:46px\" aria-hidden=\"true\" class=\"wp-block-spacer\"><\/div>\n\n\n\n<h4>Retroalimentaci\u00f3n\u00a0 8\u00b0 B\u00e1sico <strong>Ingl\u00e9s<\/strong><\/h4>\n<p>Profesora: Patricia Catal\u00e1n \/ patricia.catalan@colegio-sanandres.cl<\/p>\n<p><a href=\"http:\/\/www.colegio-sanandres.cl\/wp-content\/uploads\/2020\/07\/Solucionario-8\u00b0-B\u00e1sico-Ingl\u00e9s.pdf\">Solucionario 8\u00b0 B\u00e1sico Ingl\u00e9s.<\/a><\/p>\n\n\n\n<figure class=\"wp-block-embed-youtube wp-block-embed is-type-video is-provider-youtube wp-embed-aspect-16-9 wp-has-aspect-ratio\"><div class=\"wp-block-embed__wrapper\">\n<iframe loading=\"lazy\" title=\"Retroalimentaci\u00f3n Ingl\u00e9s - 8\u00b0 b\u00e1sico\" width=\"830\" height=\"467\" src=\"https:\/\/www.youtube.com\/embed\/JwKuuUl8ZcU?feature=oembed\" frameborder=\"0\" allow=\"accelerometer; autoplay; encrypted-media; gyroscope; picture-in-picture\" allowfullscreen><\/iframe>\n<\/div><\/figure>\n\n\n\n<p>Formulario Ticket de Salida Ingl\u00e9s:<\/p>\n<p style=\"text-align: center;\"><a href=\"https:\/\/forms.gle\/v8j17JwELo2wMsb9A\">https:\/\/forms.gle\/v8j17JwELo2wMsb9A<\/a><\/p>\n\n\n\n<div style=\"height:51px\" aria-hidden=\"true\" class=\"wp-block-spacer\"><\/div>\n\n\n\n<h4>Retroalimentaci\u00f3n&nbsp; 8\u00b0 B\u00e1sico <strong>M\u00fasica<\/strong><\/h4>\n<p>Profesor: Cristian Chac\u00f3n \/ cristian.chacon@colegio-sanandres.cl<\/p>\n\n\n\n<figure class=\"wp-block-embed-youtube wp-block-embed is-type-video is-provider-youtube wp-embed-aspect-16-9 wp-has-aspect-ratio\"><div class=\"wp-block-embed__wrapper\">\n<iframe loading=\"lazy\" title=\"Guia 9 retroalimentaci\u00f3n 8vo b\u00e1sico\" width=\"830\" height=\"467\" src=\"https:\/\/www.youtube.com\/embed\/Tp9W4vNCkyQ?feature=oembed\" frameborder=\"0\" allow=\"accelerometer; autoplay; encrypted-media; gyroscope; picture-in-picture\" allowfullscreen><\/iframe>\n<\/div><\/figure>\n\n\n\n<p>Formulario Ticket de Salida M\u00fasica:<\/p>\n<p style=\"text-align: center;\"><a href=\"https:\/\/forms.gle\/aatjUaDHWhL786PaA\">https:\/\/forms.gle\/aatjUaDHWhL786PaA<\/a><\/p>\n\n\n\n<div style=\"height:51px\" aria-hidden=\"true\" class=\"wp-block-spacer\"><\/div>\n\n\n\n<h4>Retroalimentaci\u00f3n\u00a0 8\u00b0 B\u00e1sico Artes Visuales<\/h4>\n<p>Profesora: Susana Ortiz \/ susana.ortiz@colegio-sanandres.cl<\/p>\n\n\n\n<figure class=\"wp-block-embed-youtube wp-block-embed is-type-video is-provider-youtube wp-embed-aspect-16-9 wp-has-aspect-ratio\"><div class=\"wp-block-embed__wrapper\">\n<iframe loading=\"lazy\" title=\"Video retroalimentaci\u00f3n artes octavo b\u00e1sico.\" width=\"830\" height=\"467\" src=\"https:\/\/www.youtube.com\/embed\/1D7I4mg7JOk?feature=oembed\" frameborder=\"0\" allow=\"accelerometer; autoplay; encrypted-media; gyroscope; picture-in-picture\" allowfullscreen><\/iframe>\n<\/div><\/figure>\n\n\n\n<p>Formulario Ticket de Salida Artes Visuales:<\/p>\n<p style=\"text-align: center;\"><a href=\"https:\/\/forms.gle\/QSbWGDDXoYZYSH749\">https:\/\/forms.gle\/QSbWGDDXoYZYSH749<\/a><\/p>\n\n\n\n<div style=\"height:39px\" aria-hidden=\"true\" class=\"wp-block-spacer\"><\/div>\n\n\n\n<h4>Retroalimentaci\u00f3n&nbsp; 8\u00b0 B\u00e1sico <strong>Educaci\u00f3n F\u00edsica<\/strong><\/h4>\n<p>Profesor: Javier \u00c1vila \/ javier.avila@colegio-sanandres.cl<\/p>\n\n\n\n<figure class=\"wp-block-embed-youtube wp-block-embed is-type-video is-provider-youtube wp-embed-aspect-16-9 wp-has-aspect-ratio\"><div class=\"wp-block-embed__wrapper\">\n<iframe loading=\"lazy\" title=\"Retroalimentaci\u00f3n 7\u00b0 y  8\u00b0 b\u00e1sicos + Ticket de salida\" width=\"830\" height=\"467\" src=\"https:\/\/www.youtube.com\/embed\/ZEL7mO6dHXc?feature=oembed\" frameborder=\"0\" allow=\"accelerometer; autoplay; encrypted-media; gyroscope; picture-in-picture\" allowfullscreen><\/iframe>\n<\/div><\/figure>\n\n\n\n<p>Formulario Ticket de Salida Educaci\u00f3n F\u00edsica:<\/p>\n<p style=\"text-align: center;\"><a href=\"https:\/\/forms.gle\/A62d77HQ8kX4VrU38\">https:\/\/forms.gle\/A62d77HQ8kX4VrU38<\/a><\/p>\n\n\n\n<div style=\"height:20px\" aria-hidden=\"true\" class=\"wp-block-spacer\"><\/div>\n","protected":false},"excerpt":{"rendered":"<p>Retroalimentaci\u00f3n\u00a0 8\u00b0 B\u00e1sico Lenguaje Profesora: Denisse Vergara \/ denisse.vergara@colegio-sanandres.cl Solucionario 8\u00b0 B\u00e1sico Lenguaje. Formulario Ticket de Salida Lenguaje: https:\/\/forms.gle\/jhqaMCeDosd7rN239 Retroalimentaci\u00f3n\u00a0 8\u00b0 B\u00e1sico Matem\u00e1tica Profesora: Nayadher Villanueva \/ nayadher.villanueva@colegio-sanandres.cl Solucionario 8\u00b0 B\u00e1sico Matem\u00e1tica. Formulario Ticket de Salida Matem\u00e1tica: https:\/\/docs.google.com\/forms\/d\/e\/1FAIpQLSeEoLoku4iR-HsuVI11mz70Vg8e9cX0tgLgXgj9h_rtdLRZQA\/viewform?vc=0&amp;c=0&amp;w=1 Retroalimentaci\u00f3n\u00a0 8\u00b0 B\u00e1sico Historia Profesora: \u00c1ngela Mendoza \/ angela.mendoza@colegio-sanandres.cl Formulario Ticket de Salida Historia: https:\/\/forms.gle\/Wr1gR8M2k76JvcCB9 Retroalimentaci\u00f3n\u00a0 8\u00b0 [&hellip;]<\/p>\n","protected":false},"author":3,"featured_media":0,"parent":0,"menu_order":0,"comment_status":"closed","ping_status":"closed","template":"","meta":{"footnotes":""},"class_list":["post-5068","page","type-page","status-publish","hentry"],"amp_enabled":true,"_links":{"self":[{"href":"http:\/\/www.colegio-sanandres.cl\/index.php?rest_route=\/wp\/v2\/pages\/5068","targetHints":{"allow":["GET"]}}],"collection":[{"href":"http:\/\/www.colegio-sanandres.cl\/index.php?rest_route=\/wp\/v2\/pages"}],"about":[{"href":"http:\/\/www.colegio-sanandres.cl\/index.php?rest_route=\/wp\/v2\/types\/page"}],"author":[{"embeddable":true,"href":"http:\/\/www.colegio-sanandres.cl\/index.php?rest_route=\/wp\/v2\/users\/3"}],"replies":[{"embeddable":true,"href":"http:\/\/www.colegio-sanandres.cl\/index.php?rest_route=%2Fwp%2Fv2%2Fcomments&post=5068"}],"version-history":[{"count":1,"href":"http:\/\/www.colegio-sanandres.cl\/index.php?rest_route=\/wp\/v2\/pages\/5068\/revisions"}],"predecessor-version":[{"id":5073,"href":"http:\/\/www.colegio-sanandres.cl\/index.php?rest_route=\/wp\/v2\/pages\/5068\/revisions\/5073"}],"wp:attachment":[{"href":"http:\/\/www.colegio-sanandres.cl\/index.php?rest_route=%2Fwp%2Fv2%2Fmedia&parent=5068"}],"curies":[{"name":"wp","href":"https:\/\/api.w.org\/{rel}","templated":true}]}}