{"id":5124,"date":"2020-07-24T13:33:40","date_gmt":"2020-07-24T17:33:40","guid":{"rendered":"http:\/\/www.colegio-sanandres.cl\/?page_id=5124"},"modified":"2020-07-25T11:32:28","modified_gmt":"2020-07-25T15:32:28","slug":"reuniones-5o-basico-retroalimentacion-y-cierre-ciclo-de-aprendizaje-3","status":"publish","type":"page","link":"http:\/\/www.colegio-sanandres.cl\/?page_id=5124","title":{"rendered":"Reuniones 5\u00ba B\u00e1sico (Retroalimentaci\u00f3n y Cierre Ciclo de Aprendizaje)"},"content":{"rendered":"\n<figure class=\"wp-block-image size-large is-resized\"><img loading=\"lazy\" decoding=\"async\" src=\"http:\/\/www.colegio-sanandres.cl\/wp-content\/uploads\/2020\/07\/5\u00ba-1200x675.jpg\" alt=\"\" class=\"wp-image-5099\" width=\"800\" height=\"450\" srcset=\"http:\/\/www.colegio-sanandres.cl\/wp-content\/uploads\/2020\/07\/5\u00ba-1200x675.jpg 1200w, http:\/\/www.colegio-sanandres.cl\/wp-content\/uploads\/2020\/07\/5\u00ba-850x478.jpg 850w, http:\/\/www.colegio-sanandres.cl\/wp-content\/uploads\/2020\/07\/5\u00ba-250x141.jpg 250w, http:\/\/www.colegio-sanandres.cl\/wp-content\/uploads\/2020\/07\/5\u00ba-768x432.jpg 768w, http:\/\/www.colegio-sanandres.cl\/wp-content\/uploads\/2020\/07\/5\u00ba.jpg 1280w\" sizes=\"auto, (max-width: 800px) 100vw, 800px\" \/><\/figure>\n\n\n\n<h3 style=\"text-align: center;\"><strong><span style=\"background-color: #99cc00;\">LENGUAJE<\/span><br><\/strong><\/h3>\n<table style=\"width: 100%; height: 120px;\" width=\"273\">\n<tbody>\n<tr style=\"height: 24px;\">\n<td style=\"text-align: center; height: 24px; width: 100%;\" width=\"273\"><strong>MARTES 28 JULIO<br><\/strong><\/td>\n<\/tr>\n<tr style=\"height: 24px;\">\n<td style=\"text-align: left; height: 24px; width: 100%;\" width=\"273\">Asignatura Lenguaje y Comunicaci\u00f3n &nbsp;&nbsp;&nbsp;&nbsp;&nbsp;&nbsp;&nbsp;&nbsp;&nbsp;&nbsp;&nbsp;&nbsp;&nbsp;&nbsp;&nbsp;&nbsp;&nbsp;&nbsp;&nbsp;<\/td>\n<\/tr>\n<tr style=\"height: 24px;\">\n<td style=\"text-align: left; height: 24px; width: 100%;\" width=\"273\">Horario 11:00 a 11:45<\/td>\n<\/tr>\n<tr style=\"height: 24px;\">\n<td style=\"text-align: left; height: 24px; width: 100%;\" width=\"273\">Docente: Isabel Rivera<\/td>\n<\/tr>\n<tr style=\"height: 24px;\">\n<td style=\"text-align: left; height: 24px; width: 100%;\" width=\"273\">Link de Acceso <a href=\"https:\/\/meet.google.com\/pty-tfyt-ign\">https:\/\/meet.google.com\/pty-tfyt-ign<\/a><\/td>\n<\/tr>\n<\/tbody>\n<\/table>\n\n\n\n<div style=\"height:20px\" aria-hidden=\"true\" class=\"wp-block-spacer\"><\/div>\n\n\n\n<h3 style=\"text-align: center;\"><span style=\"background-color: #ff6600;\"><strong>M\u00daSICA<\/strong><\/span><\/h3>\n<table style=\"width: 100%; height: 120px;\" width=\"273\">\n<tbody>\n<tr style=\"height: 24px;\">\n<td style=\"text-align: center; height: 24px; width: 100%;\" width=\"273\"><strong>MARTES 28 JULIO<br><\/strong><\/td>\n<\/tr>\n<tr style=\"height: 24px;\">\n<td style=\"text-align: left; height: 24px; width: 100%;\" width=\"273\">Asignatura M\u00fasica &nbsp;&nbsp;&nbsp;&nbsp;&nbsp;&nbsp;&nbsp;&nbsp;&nbsp;&nbsp;&nbsp;&nbsp;&nbsp;&nbsp;&nbsp;&nbsp; <\/td>\n<\/tr>\n<tr style=\"height: 24px;\">\n<td style=\"text-align: left; height: 24px; width: 100%;\" width=\"273\">Horario 12:00 a 12:45<\/td>\n<\/tr>\n<tr style=\"height: 24px;\">\n<td style=\"text-align: left; height: 24px; width: 100%;\" width=\"273\">Docente: Cristian Chac\u00f3n<\/td>\n<\/tr>\n<tr style=\"height: 24px;\">\n<td style=\"text-align: left; height: 24px; width: 100%;\" width=\"273\">Link de Acceso <a href=\"https:\/\/meet.google.com\/jjc-ptmw-sez\">https:\/\/meet.google.com\/jjc-ptmw-sez<\/a><\/td>\n<\/tr>\n<\/tbody>\n<\/table>\n\n\n\n<div style=\"height:20px\" aria-hidden=\"true\" class=\"wp-block-spacer\"><\/div>\n\n\n\n<h3 style=\"text-align: center;\"><span style=\"background-color: #ff99cc;\"><strong>MATEM\u00c1TICA<\/strong><\/span><\/h3>\n<table style=\"width: 100%; height: 120px;\" width=\"273\">\n<tbody>\n<tr style=\"height: 24px;\">\n<td style=\"text-align: center; height: 24px; width: 98.9655%;\" width=\"273\"><strong>MIERCOLES 29 JULIO<br><\/strong><\/td>\n<\/tr>\n<tr style=\"height: 24px;\">\n<td style=\"height: 24px; text-align: left; width: 98.9655%;\" width=\"273\">Asignatura Matem\u00e1tica &nbsp;&nbsp;&nbsp;&nbsp;&nbsp;&nbsp;&nbsp;&nbsp;&nbsp;&nbsp;&nbsp;&nbsp;<\/td>\n<\/tr>\n<tr style=\"height: 24px;\">\n<td style=\"height: 24px; text-align: left; width: 98.9655%;\" width=\"273\">Horario 11:00 a 11:45<\/td>\n<\/tr>\n<tr style=\"height: 24px;\">\n<td style=\"width: 98.9655%; height: 24px;\" width=\"182\">Docente: Pamela P\u00e9rez<\/td>\n<\/tr>\n<tr style=\"height: 24px;\">\n<td style=\"height: 24px; text-align: left; width: 98.9655%;\" width=\"273\">Link de Acceso <a href=\"https:\/\/meet.google.com\/jai-jvdb-cyh\">https:\/\/meet.google.com\/jai-jvdb-cyh<\/a><\/td>\n<\/tr>\n<\/tbody>\n<\/table>\n\n\n\n<div style=\"height:20px\" aria-hidden=\"true\" class=\"wp-block-spacer\"><\/div>\n\n\n\n<h3 style=\"text-align: center;\"><span style=\"background-color: #999999;\"><strong>ARTES VISUALES<\/strong><\/span><\/h3>\n<table style=\"width: 100%; height: 120px;\" width=\"273\">\n<tbody>\n<tr style=\"height: 24px;\">\n<td style=\"text-align: center; height: 24px; width: 98.9655%;\" width=\"273\"><strong>MIERCOLES 29 JULIO<br \/><\/strong><\/td>\n<\/tr>\n<tr style=\"height: 24px;\">\n<td style=\"height: 24px; text-align: left; width: 98.9655%;\" width=\"273\">Asignatura Artes Visuales \u00a0\u00a0\u00a0\u00a0\u00a0\u00a0\u00a0\u00a0\u00a0\u00a0 <\/td>\n<\/tr>\n<tr style=\"height: 24px;\">\n<td style=\"height: 24px; text-align: left; width: 98.9655%;\" width=\"273\">Horario 12:00 a 12:45<\/td>\n<\/tr>\n<tr style=\"height: 24px;\">\n<td style=\"width: 98.9655%; height: 24px;\" width=\"182\">Docente: Susana Ortiz<\/td>\n<\/tr>\n<tr style=\"height: 24px;\">\n<td style=\"height: 24px; text-align: left; width: 98.9655%;\" width=\"273\">Link de Acceso <a href=\"https:\/\/meet.google.com\/wmq-mxsz-puj\">https:\/\/meet.google.com\/wmq-mxsz-puj<\/a><\/td>\n<\/tr>\n<\/tbody>\n<\/table>\n\n\n\n<div style=\"height:20px\" aria-hidden=\"true\" class=\"wp-block-spacer\"><\/div>\n\n\n\n<h3 style=\"text-align: center;\"><strong><span style=\"background-color: #ffcc00;\">HISTORIA<\/span><br><\/strong><\/h3>\n<table style=\"width: 100%; height: 120px;\" width=\"273\">\n<tbody>\n<tr style=\"height: 24px;\">\n<td style=\"text-align: center; height: 24px;\" width=\"273\"><strong>JUEVES 30 JULIO<br><\/strong><\/td>\n<\/tr>\n<tr style=\"height: 24px;\">\n<td style=\"text-align: left; height: 24px;\" width=\"273\">Asignatura Historia &nbsp;&nbsp;&nbsp;&nbsp;&nbsp;&nbsp;&nbsp;&nbsp;&nbsp;&nbsp;&nbsp;&nbsp;&nbsp;&nbsp;&nbsp;&nbsp;&nbsp;<\/td>\n<\/tr>\n<tr style=\"height: 24px;\">\n<td style=\"text-align: left; height: 24px;\" width=\"273\">Horario 11:00 a 11:45<\/td>\n<\/tr>\n<tr style=\"height: 24px;\">\n<td style=\"text-align: left; height: 24px;\" width=\"273\">Docente: \u00c1ngela Mendoza<\/td>\n<\/tr>\n<tr style=\"height: 24px;\">\n<td style=\"text-align: left; height: 24px;\" width=\"273\">Link de Acceso <a href=\"https:\/\/meet.google.com\/hmm-mbmr-fgs\">https:\/\/meet.google.com\/hmm-mbmr-fgs<\/a><\/td>\n<\/tr>\n<\/tbody>\n<\/table>\n\n\n\n<div style=\"height:20px\" aria-hidden=\"true\" class=\"wp-block-spacer\"><\/div>\n\n\n\n<h3 style=\"text-align: center;\"><span style=\"background-color: #33cccc;\"><strong><span style=\"background-color: #cc99ff;\">EDUCACI\u00d3N F\u00cdSICA<\/span><br><\/strong><\/span><\/h3>\n<table style=\"width: 100%; height: 120px;\" width=\"273\">\n<tbody>\n<tr style=\"height: 24px;\">\n<td style=\"text-align: center; height: 24px; width: 98.9655%;\" width=\"273\"><strong>JUEVES 30 JULIO<br><\/strong><\/td>\n<\/tr>\n<tr style=\"height: 24px;\">\n<td style=\"height: 24px; text-align: left; width: 98.9655%;\" width=\"273\">Asignatura Educaci\u00f3n F\u00edsica &nbsp;&nbsp;&nbsp;&nbsp;&nbsp;&nbsp;&nbsp;&nbsp;&nbsp;<\/td>\n<\/tr>\n<tr style=\"height: 24px;\">\n<td style=\"height: 24px; text-align: left; width: 98.9655%;\" width=\"273\">Horario 12:00 a 12:45<\/td>\n<\/tr>\n<tr style=\"height: 24px;\">\n<td style=\"width: 98.9655%; height: 24px;\" width=\"173\">Docente: Javier \u00c1vila<\/td>\n<\/tr>\n<tr style=\"height: 24px;\">\n<td style=\"height: 24px; text-align: left; width: 98.9655%;\" width=\"273\">Link de Acceso <a href=\"https:\/\/meet.google.com\/ais-rvpo-hwc\">https:\/\/meet.google.com\/ais-rvpo-hwc<\/a><\/td>\n<\/tr>\n<\/tbody>\n<\/table>\n\n\n\n<div style=\"height:20px\" aria-hidden=\"true\" class=\"wp-block-spacer\"><\/div>\n\n\n\n<h3 style=\"text-align: center;\"><span style=\"background-color: #33cccc;\"><strong>CIENCIAS NATURALES<\/strong><\/span><\/h3>\n<table style=\"width: 100%; height: 120px;\" width=\"273\">\n<tbody>\n<tr style=\"height: 24px;\">\n<td style=\"text-align: center; height: 24px; width: 98.9655%;\" width=\"273\"><strong>VIERNES 31 JULIO<br><\/strong><\/td>\n<\/tr>\n<tr style=\"height: 24px;\">\n<td style=\"height: 24px; text-align: left; width: 98.9655%;\" width=\"273\">Asignatura Ciencias Naturales &nbsp;&nbsp;&nbsp;&nbsp;&nbsp;&nbsp;&nbsp;&nbsp;&nbsp;&nbsp;&nbsp;<\/td>\n<\/tr>\n<tr style=\"height: 24px;\">\n<td style=\"height: 24px; text-align: left; width: 98.9655%;\" width=\"273\">Horario 11:00 a 11:45<\/td>\n<\/tr>\n<tr style=\"height: 24px;\">\n<td style=\"width: 98.9655%; height: 24px;\" width=\"210\">Docente: Priscila Mu\u00f1oz<\/td>\n<\/tr>\n<tr style=\"height: 24px;\">\n<td style=\"height: 24px; text-align: left; width: 98.9655%;\" width=\"273\">Link de Acceso <a href=\"https:\/\/meet.google.com\/hfg-pfeg-ycg\">https:\/\/meet.google.com\/hfg-pfeg-ycg<\/a><\/td>\n<\/tr>\n<\/tbody>\n<\/table>\n\n\n\n<div style=\"height:20px\" aria-hidden=\"true\" class=\"wp-block-spacer\"><\/div>\n\n\n\n<h3 style=\"text-align: center;\"><span style=\"background-color: #33cccc;\"><strong><span style=\"background-color: #3366ff;\">INGL\u00c9S<\/span><br><\/strong><\/span><\/h3>\n<table style=\"width: 100%; height: 120px;\" width=\"273\">\n<tbody>\n<tr style=\"height: 24px;\">\n<td style=\"text-align: center; height: 24px; width: 98.9655%;\" width=\"273\"><strong>VIERNES 31 JULIO<br><\/strong><\/td>\n<\/tr>\n<tr style=\"height: 24px;\">\n<td style=\"height: 24px; text-align: left; width: 98.9655%;\" width=\"273\">Asignatura Ingl\u00e9s &nbsp;&nbsp;&nbsp;&nbsp;&nbsp;&nbsp;&nbsp;&nbsp;<\/td>\n<\/tr>\n<tr style=\"height: 24px;\">\n<td style=\"height: 24px; text-align: left; width: 98.9655%;\" width=\"273\">Horario 12:00 a 12:45<\/td>\n<\/tr>\n<tr style=\"height: 24px;\">\n<td style=\"width: 98.9655%; height: 24px;\" width=\"173\">Docente: Patricia Catal\u00e1n<\/td>\n<\/tr>\n<tr style=\"height: 24px;\">\n<td style=\"height: 24px; text-align: left; width: 98.9655%;\" width=\"273\">Link de Acceso <a href=\"https:\/\/meet.google.com\/ycf-ycez-wbo\">https:\/\/meet.google.com\/ycf-ycez-wbo<\/a><\/td>\n<\/tr>\n<\/tbody>\n<\/table>\n","protected":false},"excerpt":{"rendered":"<p>LENGUAJE MARTES 28 JULIO Asignatura Lenguaje y Comunicaci\u00f3n &nbsp;&nbsp;&nbsp;&nbsp;&nbsp;&nbsp;&nbsp;&nbsp;&nbsp;&nbsp;&nbsp;&nbsp;&nbsp;&nbsp;&nbsp;&nbsp;&nbsp;&nbsp;&nbsp; Horario 11:00 a 11:45 Docente: Isabel Rivera Link de Acceso https:\/\/meet.google.com\/pty-tfyt-ign M\u00daSICA MARTES 28 JULIO Asignatura M\u00fasica &nbsp;&nbsp;&nbsp;&nbsp;&nbsp;&nbsp;&nbsp;&nbsp;&nbsp;&nbsp;&nbsp;&nbsp;&nbsp;&nbsp;&nbsp;&nbsp; Horario 12:00 a 12:45 Docente: Cristian Chac\u00f3n Link de Acceso https:\/\/meet.google.com\/jjc-ptmw-sez MATEM\u00c1TICA MIERCOLES 29 JULIO Asignatura Matem\u00e1tica &nbsp;&nbsp;&nbsp;&nbsp;&nbsp;&nbsp;&nbsp;&nbsp;&nbsp;&nbsp;&nbsp;&nbsp; Horario 11:00 a 11:45 Docente: Pamela P\u00e9rez Link de Acceso [&hellip;]<\/p>\n","protected":false},"author":3,"featured_media":0,"parent":0,"menu_order":0,"comment_status":"closed","ping_status":"closed","template":"","meta":{"footnotes":""},"class_list":["post-5124","page","type-page","status-publish","hentry"],"amp_enabled":true,"_links":{"self":[{"href":"http:\/\/www.colegio-sanandres.cl\/index.php?rest_route=\/wp\/v2\/pages\/5124","targetHints":{"allow":["GET"]}}],"collection":[{"href":"http:\/\/www.colegio-sanandres.cl\/index.php?rest_route=\/wp\/v2\/pages"}],"about":[{"href":"http:\/\/www.colegio-sanandres.cl\/index.php?rest_route=\/wp\/v2\/types\/page"}],"author":[{"embeddable":true,"href":"http:\/\/www.colegio-sanandres.cl\/index.php?rest_route=\/wp\/v2\/users\/3"}],"replies":[{"embeddable":true,"href":"http:\/\/www.colegio-sanandres.cl\/index.php?rest_route=%2Fwp%2Fv2%2Fcomments&post=5124"}],"version-history":[{"count":2,"href":"http:\/\/www.colegio-sanandres.cl\/index.php?rest_route=\/wp\/v2\/pages\/5124\/revisions"}],"predecessor-version":[{"id":5147,"href":"http:\/\/www.colegio-sanandres.cl\/index.php?rest_route=\/wp\/v2\/pages\/5124\/revisions\/5147"}],"wp:attachment":[{"href":"http:\/\/www.colegio-sanandres.cl\/index.php?rest_route=%2Fwp%2Fv2%2Fmedia&parent=5124"}],"curies":[{"name":"wp","href":"https:\/\/api.w.org\/{rel}","templated":true}]}}