{"id":5168,"date":"2020-08-02T19:02:49","date_gmt":"2020-08-02T23:02:49","guid":{"rendered":"http:\/\/www.colegio-sanandres.cl\/?page_id=5168"},"modified":"2020-08-02T23:07:14","modified_gmt":"2020-08-03T03:07:14","slug":"kinder-1a-semana-nuevo-aprendizaje","status":"publish","type":"page","link":"http:\/\/www.colegio-sanandres.cl\/?page_id=5168","title":{"rendered":"K\u00cdNDER (Semana 1: Nuevo Aprendizaje)"},"content":{"rendered":"\n<div style=\"height:20px\" aria-hidden=\"true\" class=\"wp-block-spacer\"><\/div>\n\n\n\n<p><strong>EDUCADORAS<\/strong>:<\/p>\n<p><strong>K\u00ednder A<\/strong>: Mar\u00eda Olga General \/ maria.general@colegio-sanandres.cl<\/p>\n<p><strong>K\u00ednder B: <\/strong>Margarita Conzue \/ margarita.conzue@colegio-sanandres.cl<\/p>\n<p style=\"text-align: justify;\"><span style=\"text-decoration: underline;\"><strong>IMPORTANTE<\/strong><\/span>: A partir de este Ciclo de Aprendizaje las Actividades pedag\u00f3gicas que ser\u00e1n presentadas a continuaci\u00f3n, aplicar\u00e1n para ambos cursos, sin distinci\u00f3n de K\u00ednder A o K\u00ednder B. Por tanto, los estudiantes deber\u00e1n realizar todas las actividades publicadas para el nivel.<\/p>\n\n\n\n<div style=\"height:20px\" aria-hidden=\"true\" class=\"wp-block-spacer\"><\/div>\n\n\n\n<h5><strong>Actividad N\u00b01:<\/strong><strong> Pensamiento Matem\u00e1tico \u00abComparar diferentes objetos seg\u00fan sus atributos \u00bb<\/strong><\/h5>\n<p><a href=\"http:\/\/www.colegio-sanandres.cl\/wp-content\/uploads\/2020\/08\/Instrucciones-de-Trabajo-Kinder-Pensamiento-Matem\u00e1tico-1.pdf\">Instrucciones de Trabajo&nbsp; Kinder Pensamiento Matem\u00e1tico.<\/a><\/p>\n\n\n\n<figure class=\"wp-block-embed-youtube wp-block-embed is-type-video is-provider-youtube wp-embed-aspect-16-9 wp-has-aspect-ratio\"><div class=\"wp-block-embed__wrapper\">\n<iframe loading=\"lazy\" title=\"Comparando por atributos\" width=\"830\" height=\"467\" src=\"https:\/\/www.youtube.com\/embed\/BpZ3gi7MDFQ?feature=oembed\" frameborder=\"0\" allow=\"accelerometer; autoplay; encrypted-media; gyroscope; picture-in-picture\" allowfullscreen><\/iframe>\n<\/div><figcaption>Video Explicativo Actividades N\u00ba1:  Pensamiento Matem\u00e1tico.<\/figcaption><\/figure>\n\n\n\n<p><iframe loading=\"lazy\" title=\"EP - Pens. matem&amp;aacute;tico - Semana 5 - D&amp;iacute;a 5\" src=\"https:\/\/player.vimeo.com\/video\/407448851?dnt=1&amp;app_id=122963\" width=\"830\" height=\"467\" frameborder=\"0\" allow=\"autoplay; fullscreen\" allowfullscreen><\/iframe><\/p>\n\n\n\n<div style=\"height:62px\" aria-hidden=\"true\" class=\"wp-block-spacer\"><\/div>\n\n\n\n<h5><strong><span style=\"text-decoration: underline;\">Video Explicativo<\/span> <span style=\"text-decoration: underline;\">Actividad N\u00ba2<\/span>: Lenguaje Verbal y <span style=\"text-decoration: underline;\">Actividad N\u00b03<\/span>: Comprensi\u00f3n del Entorno Natural.<br><\/strong><\/h5>\n\n\n\n<figure class=\"wp-block-embed-youtube wp-block-embed is-type-video is-provider-youtube wp-embed-aspect-16-9 wp-has-aspect-ratio\"><div class=\"wp-block-embed__wrapper\">\n<iframe loading=\"lazy\" title=\"Primera Semana de Agosto\" width=\"830\" height=\"467\" src=\"https:\/\/www.youtube.com\/embed\/joGhwkMkqr4?feature=oembed\" frameborder=\"0\" allow=\"accelerometer; autoplay; encrypted-media; gyroscope; picture-in-picture\" allowfullscreen><\/iframe>\n<\/div><\/figure>\n\n\n\n<div style=\"height:20px\" aria-hidden=\"true\" class=\"wp-block-spacer\"><\/div>\n\n\n\n<p><a href=\"http:\/\/www.colegio-sanandres.cl\/wp-content\/uploads\/2020\/08\/Instrucciones-de-Trabajo-Kinder-Lenguaje-Verbal.pdf\">Instrucciones de Trabajo Kinder Lenguaje Verbal.<\/a><\/p>\n<p><iframe loading=\"lazy\" title=\"EP - Lenguaje verbal - Semana 5 - D&amp;iacute;a 1\" src=\"https:\/\/player.vimeo.com\/video\/405886939?dnt=1&amp;app_id=122963\" width=\"830\" height=\"467\" frameborder=\"0\" allow=\"autoplay; fullscreen\" allowfullscreen><\/iframe><\/p>\n\n\n\n<div style=\"height:20px\" aria-hidden=\"true\" class=\"wp-block-spacer\"><\/div>\n\n\n\n<p><a href=\"http:\/\/www.colegio-sanandres.cl\/wp-content\/uploads\/2020\/08\/Instrucciones-de-Trabajo-Kinder-Comprensi\u00f3n-del-Entorno-Natural.pdf\">Instrucciones de Trabajo K\u00ednder Comprensi\u00f3n del Entorno Natural.<\/a><\/p>\n<p><iframe loading=\"lazy\" title=\"EP - Expl. ent. natural - Semana 5 - D&amp;iacute;a 2\" src=\"https:\/\/player.vimeo.com\/video\/407445354?dnt=1&amp;app_id=122963\" width=\"830\" height=\"467\" frameborder=\"0\" allow=\"autoplay; fullscreen\" allowfullscreen><\/iframe><\/p>\n\n\n\n<div style=\"height:86px\" aria-hidden=\"true\" class=\"wp-block-spacer\"><\/div>\n\n\n\n<h4><strong>PROYECTO DE INTEGRACI\u00d3N ESCOLAR (PIE).<\/strong><\/h4>\n<p>&nbsp;<\/p>\n<p style=\"text-align: center;\"><span style=\"text-decoration: underline;\"><strong>EDUCACI\u00d3N DIFERENCIAL<\/strong><\/span><\/p>\n<p><strong>EDUCADORAS<\/strong>:<\/p>\n<p><strong>K\u00ednder A<\/strong>: Yerka Curaz \/ yerka.curaz@colegio-sanandres.cl<\/p>\n<p><strong>K\u00ednder B: <\/strong>Denise Morales \/ denise.morales@colegio-sanandres.cl<\/p>\n\n\n\n<div style=\"height:20px\" aria-hidden=\"true\" class=\"wp-block-spacer\"><\/div>\n\n\n\n<h5 style=\"text-align: center;\"><strong>Actividad N\u00b01_ Educadora Diferencial.<\/strong><\/h5>\n<p><a href=\"http:\/\/www.colegio-sanandres.cl\/wp-content\/uploads\/2020\/08\/Instrucciones-de-Trabajo-Kinder-Educadora-Diferencial-Denise.pdf\">Instrucciones de Trabajo Kinder Educadora Diferencial.<\/a><\/p>\n\n\n\n<figure class=\"wp-block-embed-youtube wp-block-embed is-type-video is-provider-youtube wp-embed-aspect-16-9 wp-has-aspect-ratio\"><div class=\"wp-block-embed__wrapper\">\n<iframe loading=\"lazy\" title=\"Clase kinder 3 de Agosto\" width=\"830\" height=\"467\" src=\"https:\/\/www.youtube.com\/embed\/95GbaiqmtyY?feature=oembed\" frameborder=\"0\" allow=\"accelerometer; autoplay; encrypted-media; gyroscope; picture-in-picture\" allowfullscreen><\/iframe>\n<\/div><figcaption>Rese\u00f1a: En este video continuamos potenciando la conciencia fonol\u00f3gica a trav\u00e9s de la construcci\u00f3n de rimas \u00bfPor qu\u00e9 es importante el desarrollo de esta habilidad? Al desarrollar la conciencia fonol\u00f3gica los ni\u00f1os descubren que las palabras orales&nbsp;est\u00e1n formadas por s\u00edlabas y por sonidos m\u00e1s peque\u00f1os&nbsp;(fonemas). Es as\u00ed como pueden comenzar a identificar y manipular estos sonidos, y finalmente asociarlos a s\u00edmbolos (letras). Luego de esto los ni\u00f1os estar\u00e1n preparados para el aprendizaje de la lectoescritura.<\/figcaption><\/figure>\n\n\n\n<div style=\"height:20px\" aria-hidden=\"true\" class=\"wp-block-spacer\"><\/div>\n\n\n\n<h5 style=\"text-align: center;\"><strong>Actividad N\u00b02_ Educadora Diferencial.<\/strong><\/h5>\n<p><a href=\"http:\/\/www.colegio-sanandres.cl\/wp-content\/uploads\/2020\/08\/Instrucciones-de-Trabajo-Kinder-Educadora-Diferencial-Yerka.pdf\">Instrucciones de Trabajo Kinder Educadora Diferencia.<\/a><\/p>\n\n\n\n<figure class=\"wp-block-embed-youtube wp-block-embed is-type-video is-provider-youtube wp-embed-aspect-16-9 wp-has-aspect-ratio\"><div class=\"wp-block-embed__wrapper\">\n<iframe loading=\"lazy\" title=\"Actividad Kinder - Semana 03\/08\/2020\" width=\"830\" height=\"467\" src=\"https:\/\/www.youtube.com\/embed\/AMt8kRafHHk?feature=oembed\" frameborder=\"0\" allow=\"accelerometer; autoplay; encrypted-media; gyroscope; picture-in-picture\" allowfullscreen><\/iframe>\n<\/div><figcaption>Rese\u00f1a: Esta actividad favorece principalmente la comprensi\u00f3n oral de instrucciones (el ni\u00f1o debe seguir las \u00f3rdenes que se le entregan), y la expresi\u00f3n verbal (cuando el ni\u00f1o crea instrucciones para entregarle a su familia). Dichas habilidades potencian el desempe\u00f1o en el n\u00facleo de lenguaje verbal.<\/figcaption><\/figure>\n\n\n\n<div style=\"height:20px\" aria-hidden=\"true\" class=\"wp-block-spacer\"><\/div>\n\n\n\n<h5 style=\"text-align: center;\"><strong>FONOAUDIOLOG\u00cdA (PIE)<br><\/strong><\/h5>\n<p style=\"text-align: justify;\"><span style=\"text-decoration: underline;\"><strong>Fonoaudi\u00f3loga<\/strong><\/span>: Valentina Gutierrez \/ valentina.gutierrez@colegio-sanandres.cl&nbsp;<\/p>\n<p><a href=\"http:\/\/www.colegio-sanandres.cl\/wp-content\/uploads\/2020\/08\/Instrucciones-de-Trabajo-Kinder-Fonoaudi\u00f3loga.pdf\">Instrucciones de Trabajo Kinder Fonoaudi\u00f3loga.<\/a><\/p>\n\n\n\n<figure class=\"wp-block-embed-youtube wp-block-embed is-type-video is-provider-youtube wp-embed-aspect-16-9 wp-has-aspect-ratio wp-embed-aspect-4-3\"><div class=\"wp-block-embed__wrapper\">\n<iframe loading=\"lazy\" title=\"Estudiantes kinder fonoaudi\u00f3loga 03\/08\" width=\"830\" height=\"467\" src=\"https:\/\/www.youtube.com\/embed\/Ko6o3WiCnXs?feature=oembed\" frameborder=\"0\" allow=\"accelerometer; autoplay; encrypted-media; gyroscope; picture-in-picture\" allowfullscreen><\/iframe>\n<\/div><figcaption>Rese\u00f1a: En este video trabajamos el discurso narrativo, que es uno de los mejores predictores de \u00e9xito escolar, puesto que favorece la comprensi\u00f3n lectora y el relato de experiencias personales. El trabajo con cuentos favorece el vocabulario y la imaginaci\u00f3n.<\/figcaption><\/figure>\n","protected":false},"excerpt":{"rendered":"<p>EDUCADORAS: K\u00ednder A: Mar\u00eda Olga General \/ maria.general@colegio-sanandres.cl K\u00ednder B: Margarita Conzue \/ margarita.conzue@colegio-sanandres.cl IMPORTANTE: A partir de este Ciclo de Aprendizaje las Actividades pedag\u00f3gicas que ser\u00e1n presentadas a continuaci\u00f3n, aplicar\u00e1n para ambos cursos, sin distinci\u00f3n de K\u00ednder A o K\u00ednder B. Por tanto, los estudiantes deber\u00e1n realizar todas las actividades publicadas para el nivel. [&hellip;]<\/p>\n","protected":false},"author":3,"featured_media":0,"parent":0,"menu_order":0,"comment_status":"closed","ping_status":"closed","template":"","meta":{"footnotes":""},"class_list":["post-5168","page","type-page","status-publish","hentry"],"amp_enabled":true,"_links":{"self":[{"href":"http:\/\/www.colegio-sanandres.cl\/index.php?rest_route=\/wp\/v2\/pages\/5168","targetHints":{"allow":["GET"]}}],"collection":[{"href":"http:\/\/www.colegio-sanandres.cl\/index.php?rest_route=\/wp\/v2\/pages"}],"about":[{"href":"http:\/\/www.colegio-sanandres.cl\/index.php?rest_route=\/wp\/v2\/types\/page"}],"author":[{"embeddable":true,"href":"http:\/\/www.colegio-sanandres.cl\/index.php?rest_route=\/wp\/v2\/users\/3"}],"replies":[{"embeddable":true,"href":"http:\/\/www.colegio-sanandres.cl\/index.php?rest_route=%2Fwp%2Fv2%2Fcomments&post=5168"}],"version-history":[{"count":6,"href":"http:\/\/www.colegio-sanandres.cl\/index.php?rest_route=\/wp\/v2\/pages\/5168\/revisions"}],"predecessor-version":[{"id":5350,"href":"http:\/\/www.colegio-sanandres.cl\/index.php?rest_route=\/wp\/v2\/pages\/5168\/revisions\/5350"}],"wp:attachment":[{"href":"http:\/\/www.colegio-sanandres.cl\/index.php?rest_route=%2Fwp%2Fv2%2Fmedia&parent=5168"}],"curies":[{"name":"wp","href":"https:\/\/api.w.org\/{rel}","templated":true}]}}