{"id":5525,"date":"2020-08-23T21:39:01","date_gmt":"2020-08-24T01:39:01","guid":{"rendered":"http:\/\/www.colegio-sanandres.cl\/?page_id=5525"},"modified":"2020-08-23T21:39:01","modified_gmt":"2020-08-24T01:39:01","slug":"2o-basico-semana-1-nuevo-aprendizaje","status":"publish","type":"page","link":"http:\/\/www.colegio-sanandres.cl\/?page_id=5525","title":{"rendered":"2\u00ba B\u00c1SICO (Semana 1: Nuevo Aprendizaje)"},"content":{"rendered":"\n<p><span style=\"text-decoration: underline;\"><strong>LENGUAJE<\/strong><\/span><\/p>\n<p>Profesora: Ximena Hidalgo \/ ximena.hidalgo@colegio-sanandres.cl<\/p>\n\n\n\n<p><a href=\"http:\/\/www.colegio-sanandres.cl\/wp-content\/uploads\/2020\/08\/Instrucciones-de-Trabajo-2\u00b0-B\u00e1sico-Lenguaje-1.pdf\">Instrucciones de Trabajo 2\u00b0 B\u00e1sico Lenguaje.<\/a><\/p>\n\n\n\n<figure class=\"wp-block-embed-youtube wp-block-embed is-type-video is-provider-youtube wp-embed-aspect-16-9 wp-has-aspect-ratio\"><div class=\"wp-block-embed__wrapper\">\n<iframe loading=\"lazy\" title=\"Poema &quot;Yo soy un ni\u00f1o mapuche&quot;\" width=\"830\" height=\"467\" src=\"https:\/\/www.youtube.com\/embed\/PmnA578_NRA?feature=oembed\" frameborder=\"0\" allow=\"accelerometer; autoplay; encrypted-media; gyroscope; picture-in-picture\" allowfullscreen><\/iframe>\n<\/div><\/figure>\n\n\n\n<div style=\"height:20px\" aria-hidden=\"true\" class=\"wp-block-spacer\"><\/div>\n\n\n\n<p><span style=\"text-decoration: underline;\"><strong>MATEM\u00c1TICAS<\/strong><\/span><\/p>\n<p>Profesora: Constanza P\u00e9rez \/ constanza.perez@colegio-sanandres.cl<\/p>\n\n\n\n<p><a href=\"http:\/\/www.colegio-sanandres.cl\/wp-content\/uploads\/2020\/08\/Instrucciones-de-Trabajo-2\u00b0-B\u00e1sico-Matem\u00e1ticas-1.pdf\">Instrucciones de Trabajo 2\u00b0 B\u00e1sico Matem\u00e1ticas.<\/a><\/p>\n<p><iframe loading=\"lazy\" title=\"Matem\u00e1tica: lunes 24 a viernes 28 de agosto.\" width=\"830\" height=\"467\" src=\"https:\/\/www.youtube.com\/embed\/aCFr9Y0n2s0?feature=oembed\" frameborder=\"0\" allow=\"accelerometer; autoplay; encrypted-media; gyroscope; picture-in-picture\" allowfullscreen><\/iframe><\/p>\n\n\n\n<div style=\"height:20px\" aria-hidden=\"true\" class=\"wp-block-spacer\"><\/div>\n\n\n\n<p><span style=\"text-decoration: underline;\"><strong>HISTORIA<\/strong><\/span><\/p>\n<p>Profesora: Ximena Hidalgo \/ ximena.hidalgo@colegio-sanandres.cl<\/p>\n\n\n\n<p><a href=\"http:\/\/www.colegio-sanandres.cl\/wp-content\/uploads\/2020\/08\/Instrucciones-de-Trabajo-2\u00b0-B\u00e1sico-Historia-1.pdf\">Instrucciones de Trabajo 2\u00b0 B\u00e1sico Historia.<\/a><\/p>\n\n\n\n<figure class=\"wp-block-embed-youtube wp-block-embed is-type-video is-provider-youtube wp-embed-aspect-16-9 wp-has-aspect-ratio\"><div class=\"wp-block-embed__wrapper\">\n<iframe loading=\"lazy\" title=\"Cumplea\u00f1os feliz en mapudung\u00fan\" width=\"830\" height=\"467\" src=\"https:\/\/www.youtube.com\/embed\/CHhzvHfM7AM?feature=oembed\" frameborder=\"0\" allow=\"accelerometer; autoplay; encrypted-media; gyroscope; picture-in-picture\" allowfullscreen><\/iframe>\n<\/div><\/figure>\n\n\n\n<div style=\"height:20px\" aria-hidden=\"true\" class=\"wp-block-spacer\"><\/div>\n\n\n\n<p><span style=\"text-decoration: underline;\"><strong>CIENCIAS NATURALES<br><\/strong><\/span><\/p>\n<p>Profesora: Constanza P\u00e9rez \/ constanza.perez@colegio-sanandres.cl<\/p>\n\n\n\n<p><a href=\"http:\/\/www.colegio-sanandres.cl\/wp-content\/uploads\/2020\/08\/Instrucciones-de-trabajo-2\u00b0-B\u00e1sico-Ciencias.pdf\">Instrucciones de trabajo 2\u00b0 B\u00e1sico Ciencias Naturales.<\/a><\/p>\n\n\n\n<figure class=\"wp-block-embed-youtube wp-block-embed is-type-video is-provider-youtube wp-embed-aspect-16-9 wp-has-aspect-ratio\"><div class=\"wp-block-embed__wrapper\">\n<iframe loading=\"lazy\" title=\"Ciencias naturales: lunes 24 a viernes 28 de agosto.\" width=\"830\" height=\"467\" src=\"https:\/\/www.youtube.com\/embed\/dZaTqQON-Gc?feature=oembed\" frameborder=\"0\" allow=\"accelerometer; autoplay; encrypted-media; gyroscope; picture-in-picture\" allowfullscreen><\/iframe>\n<\/div><\/figure>\n\n\n\n<div style=\"height:20px\" aria-hidden=\"true\" class=\"wp-block-spacer\"><\/div>\n\n\n\n<p><strong>EDUCACI\u00d3N F\u00cdSICA<br \/><\/strong><\/p>\n<p>Profesor: Jonathan Ibacache \/ jonathan.ibacache@colegio-sanandres.cl<\/p>\n<p><a href=\"http:\/\/www.colegio-sanandres.cl\/wp-content\/uploads\/2020\/08\/Instrucciones-de-Trabajo-2\u00b0-B\u00e1sico-Educaci\u00f3n-F\u00edsica-1.pdf\">Instrucciones de Trabajo 2\u00b0 B\u00e1sico Educaci\u00f3n F\u00edsica.<\/a><\/p>\n\n\n\n<figure class=\"wp-block-embed-youtube wp-block-embed is-type-video is-provider-youtube wp-embed-aspect-16-9 wp-has-aspect-ratio\"><div class=\"wp-block-embed__wrapper\">\n<iframe loading=\"lazy\" title=\"Desafio 3, 2dos ba\u0301sicos\" width=\"830\" height=\"467\" src=\"https:\/\/www.youtube.com\/embed\/bBmlZd17ep0?feature=oembed\" frameborder=\"0\" allow=\"accelerometer; autoplay; encrypted-media; gyroscope; picture-in-picture\" allowfullscreen><\/iframe>\n<\/div><\/figure>\n\n\n\n<div style=\"height:20px\" aria-hidden=\"true\" class=\"wp-block-spacer\"><\/div>\n\n\n\n<h4 style=\"text-align: center;\"><strong>PROYECTO DE INTEGRACI\u00d3N ESCOLAR (PIE).<\/strong><\/h4>\n<p>\u00a0<\/p>\n<p><strong>EDUCACI\u00d3N DIFERENCIAL<\/strong><\/p>\n<p style=\"text-align: justify;\"><strong>Educadora Diferencial<\/strong>: Cinthia Pizarro \/ cinthia.pizarro@colegio-sanandres.cl<\/p>\n<p><a href=\"http:\/\/www.colegio-sanandres.cl\/wp-content\/uploads\/2020\/08\/Instrucciones-de-Trabajo-2\u00b0-B\u00e1sico-Educadora-Diferencial-1.pdf\">Instrucciones de Trabajo 2\u00b0 B\u00e1sico Educadora Diferencial.<\/a><\/p>\n<p><a href=\"http:\/\/www.colegio-sanandres.cl\/wp-content\/uploads\/2020\/08\/Gu\u00eda-2\u00b0-B\u00e1sico-Educadora-Diferencial.pdf\">Gu\u00eda de Trabajo 2\u00b0 B\u00e1sico Educadora Diferencial.<\/a><\/p>\n\n\n\n<figure class=\"wp-block-embed-youtube wp-block-embed is-type-video is-provider-youtube wp-embed-aspect-16-9 wp-has-aspect-ratio\"><div class=\"wp-block-embed__wrapper\">\n<iframe loading=\"lazy\" title=\"Letra N\" width=\"830\" height=\"467\" src=\"https:\/\/www.youtube.com\/embed\/zHC7ayszYog?feature=oembed\" frameborder=\"0\" allow=\"accelerometer; autoplay; encrypted-media; gyroscope; picture-in-picture\" allowfullscreen><\/iframe>\n<\/div><figcaption>Rese\u00f1a: Este material permitir\u00e1 reforzar aspectos de escritura y lectura en relaci\u00f3n a la letra N, as\u00ed como favorecer la comprensi\u00f3n literal de oraciones, enfatizando en el uso de letra manuscrita y redacci\u00f3n de respuestas completas.<\/figcaption><\/figure>\n\n\n\n<div style=\"height:20px\" aria-hidden=\"true\" class=\"wp-block-spacer\"><\/div>\n\n\n\n<p><strong>FONOAUDIOLOG\u00cdA (PIE)<br \/><\/strong><\/p>\n<p style=\"text-align: justify;\"><strong>Fonoaudi\u00f3loga<\/strong>: Valentina Gutierrez \/ valentina.gutierrez@colegio-sanandres.cl\u00a0<\/p>\n<p><a href=\"http:\/\/www.colegio-sanandres.cl\/wp-content\/uploads\/2020\/08\/Instrucciones-de-Trabajo-2\u00b0-B\u00e1sico-Fonoaudi\u00f3loga-1.pdf\">Instrucciones de Trabajo 2\u00b0 B\u00e1sico Fonoaudi\u00f3loga.<\/a><\/p>\n\n\n\n<figure class=\"wp-block-embed-youtube wp-block-embed is-type-video is-provider-youtube wp-embed-aspect-4-3 wp-has-aspect-ratio wp-embed-aspect-16-9\"><div class=\"wp-block-embed__wrapper\">\n<iframe loading=\"lazy\" title=\"Estudiantes 2\u00ba b\u00e1sico fonoaudi\u00f3loga\" width=\"830\" height=\"623\" src=\"https:\/\/www.youtube.com\/embed\/_JzENRjXPKA?feature=oembed\" frameborder=\"0\" allow=\"accelerometer; autoplay; encrypted-media; gyroscope; picture-in-picture\" allowfullscreen><\/iframe>\n<\/div><figcaption>Rese\u00f1a:\u00a0En este video trabajamos el discurso narrativo, que es uno de los mejores predictores de \u00e9xito escolar, puesto que favorece la comprensi\u00f3n lectora y el relato de experiencias personales. El trabajo con cuentos favorece el vocabulario y la imaginaci\u00f3n.\u00a0<\/figcaption><\/figure>\n","protected":false},"excerpt":{"rendered":"<p>LENGUAJE Profesora: Ximena Hidalgo \/ ximena.hidalgo@colegio-sanandres.cl Instrucciones de Trabajo 2\u00b0 B\u00e1sico Lenguaje. MATEM\u00c1TICAS Profesora: Constanza P\u00e9rez \/ constanza.perez@colegio-sanandres.cl Instrucciones de Trabajo 2\u00b0 B\u00e1sico Matem\u00e1ticas. HISTORIA Profesora: Ximena Hidalgo \/ ximena.hidalgo@colegio-sanandres.cl Instrucciones de Trabajo 2\u00b0 B\u00e1sico Historia. CIENCIAS NATURALES Profesora: Constanza P\u00e9rez \/ constanza.perez@colegio-sanandres.cl Instrucciones de trabajo 2\u00b0 B\u00e1sico Ciencias Naturales. EDUCACI\u00d3N F\u00cdSICA Profesor: Jonathan Ibacache [&hellip;]<\/p>\n","protected":false},"author":3,"featured_media":0,"parent":0,"menu_order":0,"comment_status":"closed","ping_status":"closed","template":"","meta":{"footnotes":""},"class_list":["post-5525","page","type-page","status-publish","hentry"],"amp_enabled":true,"_links":{"self":[{"href":"http:\/\/www.colegio-sanandres.cl\/index.php?rest_route=\/wp\/v2\/pages\/5525","targetHints":{"allow":["GET"]}}],"collection":[{"href":"http:\/\/www.colegio-sanandres.cl\/index.php?rest_route=\/wp\/v2\/pages"}],"about":[{"href":"http:\/\/www.colegio-sanandres.cl\/index.php?rest_route=\/wp\/v2\/types\/page"}],"author":[{"embeddable":true,"href":"http:\/\/www.colegio-sanandres.cl\/index.php?rest_route=\/wp\/v2\/users\/3"}],"replies":[{"embeddable":true,"href":"http:\/\/www.colegio-sanandres.cl\/index.php?rest_route=%2Fwp%2Fv2%2Fcomments&post=5525"}],"version-history":[{"count":1,"href":"http:\/\/www.colegio-sanandres.cl\/index.php?rest_route=\/wp\/v2\/pages\/5525\/revisions"}],"predecessor-version":[{"id":5534,"href":"http:\/\/www.colegio-sanandres.cl\/index.php?rest_route=\/wp\/v2\/pages\/5525\/revisions\/5534"}],"wp:attachment":[{"href":"http:\/\/www.colegio-sanandres.cl\/index.php?rest_route=%2Fwp%2Fv2%2Fmedia&parent=5525"}],"curies":[{"name":"wp","href":"https:\/\/api.w.org\/{rel}","templated":true}]}}