{"id":5625,"date":"2020-08-30T21:13:27","date_gmt":"2020-08-31T01:13:27","guid":{"rendered":"http:\/\/www.colegio-sanandres.cl\/?page_id=5625"},"modified":"2020-08-30T21:55:22","modified_gmt":"2020-08-31T01:55:22","slug":"lunes-31-agosto-talleres-extra-programaticos-y-planes-de-gestion","status":"publish","type":"page","link":"http:\/\/www.colegio-sanandres.cl\/?page_id=5625","title":{"rendered":"Lunes 31 Agosto: Talleres Extra Program\u00e1ticos y Planes de Gesti\u00f3n."},"content":{"rendered":"\n<h2 style=\"text-align: center;\"><span style=\"background-color: #99cc00;\"><strong><span style=\"color: #000000; background-color: #ff6600;\">TALLERES EXTRA PROGRAM\u00c1TICOS<\/span><br><\/strong><\/span><\/h2>\n\n\n\n<p style=\"text-align: justify;\">Para acceder a las actividades de los diversos talleres extra program\u00e1ticos haz clic en la siguiente imagen:<\/p>\n\n\n\n<div class=\"wp-block-media-text alignwide is-stacked-on-mobile is-vertically-aligned-center\" style=\"grid-template-columns:85% auto\"><figure class=\"wp-block-media-text__media\"><a href=\"http:\/\/www.colegio-sanandres.cl\/?page_id=5628\"><img loading=\"lazy\" decoding=\"async\" width=\"1200\" height=\"675\" src=\"http:\/\/www.colegio-sanandres.cl\/wp-content\/uploads\/2020\/07\/EXTRA-1-1200x675.jpg\" alt=\"\" class=\"wp-image-4948\" srcset=\"http:\/\/www.colegio-sanandres.cl\/wp-content\/uploads\/2020\/07\/EXTRA-1-1200x675.jpg 1200w, http:\/\/www.colegio-sanandres.cl\/wp-content\/uploads\/2020\/07\/EXTRA-1-850x478.jpg 850w, http:\/\/www.colegio-sanandres.cl\/wp-content\/uploads\/2020\/07\/EXTRA-1-250x141.jpg 250w, http:\/\/www.colegio-sanandres.cl\/wp-content\/uploads\/2020\/07\/EXTRA-1-768x432.jpg 768w, http:\/\/www.colegio-sanandres.cl\/wp-content\/uploads\/2020\/07\/EXTRA-1.jpg 1280w\" sizes=\"auto, (max-width: 1200px) 100vw, 1200px\" \/><\/a><\/figure><div class=\"wp-block-media-text__content\"><\/div><\/div>\n\n\n\n<div style=\"height:88px\" aria-hidden=\"true\" class=\"wp-block-spacer\"><\/div>\n\n\n\n<h2 style=\"text-align: center;\"><span style=\"background-color: #99cc00;\"><strong>PLANES DE GESTI\u00d3N INSTITUCIONAL<\/strong><\/span><\/h2>\n\n\n\n<p>Para acceder a las actividades de los Planes de Gesti\u00f3n haz clic en la siguiente imagen:<\/p>\n\n\n\n<div class=\"wp-block-media-text alignwide is-stacked-on-mobile is-vertically-aligned-top\" style=\"grid-template-columns:85% auto\"><figure class=\"wp-block-media-text__media\"><a href=\"http:\/\/www.colegio-sanandres.cl\/?page_id=5639\"><img loading=\"lazy\" decoding=\"async\" width=\"1200\" height=\"675\" src=\"http:\/\/www.colegio-sanandres.cl\/wp-content\/uploads\/2020\/07\/PLANES-2-1200x675.jpg\" alt=\"\" class=\"wp-image-4949\" srcset=\"http:\/\/www.colegio-sanandres.cl\/wp-content\/uploads\/2020\/07\/PLANES-2-1200x675.jpg 1200w, http:\/\/www.colegio-sanandres.cl\/wp-content\/uploads\/2020\/07\/PLANES-2-850x478.jpg 850w, http:\/\/www.colegio-sanandres.cl\/wp-content\/uploads\/2020\/07\/PLANES-2-250x141.jpg 250w, http:\/\/www.colegio-sanandres.cl\/wp-content\/uploads\/2020\/07\/PLANES-2-768x432.jpg 768w, http:\/\/www.colegio-sanandres.cl\/wp-content\/uploads\/2020\/07\/PLANES-2.jpg 1280w\" sizes=\"auto, (max-width: 1200px) 100vw, 1200px\" \/><\/a><\/figure><div class=\"wp-block-media-text__content\"><\/div><\/div>\n","protected":false},"excerpt":{"rendered":"<p>TALLERES EXTRA PROGRAM\u00c1TICOS Para acceder a las actividades de los diversos talleres extra program\u00e1ticos haz clic en la siguiente imagen: PLANES DE GESTI\u00d3N INSTITUCIONAL Para acceder a las actividades de los Planes de Gesti\u00f3n haz clic en la siguiente imagen:<\/p>\n","protected":false},"author":3,"featured_media":0,"parent":0,"menu_order":0,"comment_status":"closed","ping_status":"closed","template":"","meta":{"footnotes":""},"class_list":["post-5625","page","type-page","status-publish","hentry"],"amp_enabled":true,"_links":{"self":[{"href":"http:\/\/www.colegio-sanandres.cl\/index.php?rest_route=\/wp\/v2\/pages\/5625","targetHints":{"allow":["GET"]}}],"collection":[{"href":"http:\/\/www.colegio-sanandres.cl\/index.php?rest_route=\/wp\/v2\/pages"}],"about":[{"href":"http:\/\/www.colegio-sanandres.cl\/index.php?rest_route=\/wp\/v2\/types\/page"}],"author":[{"embeddable":true,"href":"http:\/\/www.colegio-sanandres.cl\/index.php?rest_route=\/wp\/v2\/users\/3"}],"replies":[{"embeddable":true,"href":"http:\/\/www.colegio-sanandres.cl\/index.php?rest_route=%2Fwp%2Fv2%2Fcomments&post=5625"}],"version-history":[{"count":4,"href":"http:\/\/www.colegio-sanandres.cl\/index.php?rest_route=\/wp\/v2\/pages\/5625\/revisions"}],"predecessor-version":[{"id":5643,"href":"http:\/\/www.colegio-sanandres.cl\/index.php?rest_route=\/wp\/v2\/pages\/5625\/revisions\/5643"}],"wp:attachment":[{"href":"http:\/\/www.colegio-sanandres.cl\/index.php?rest_route=%2Fwp%2Fv2%2Fmedia&parent=5625"}],"curies":[{"name":"wp","href":"https:\/\/api.w.org\/{rel}","templated":true}]}}