{"id":5628,"date":"2020-08-30T21:45:44","date_gmt":"2020-08-31T01:45:44","guid":{"rendered":"http:\/\/www.colegio-sanandres.cl\/?page_id=5628"},"modified":"2020-08-31T15:53:24","modified_gmt":"2020-08-31T19:53:24","slug":"talleres-extra-programaticos-lunes-31-agosto","status":"publish","type":"page","link":"http:\/\/www.colegio-sanandres.cl\/?page_id=5628","title":{"rendered":"Talleres Extra Program\u00e1ticos (Lunes 31 Agosto)."},"content":{"rendered":"\n<h4 style=\"text-align: center;\"><strong>INSCRIPCI\u00d3N TALLERES EXTRA PROGRAM\u00c1TICOS 2\u00b0 SEMESTRE 2020.<\/strong><\/h4>\n<p style=\"text-align: justify;\">Invitamos a nuestros estudiantes a inscribirse en los Talleres Extra Program\u00e1ticos de este 2\u00b0 Semestre 2020. De esta manera los profesores de los talleres podr\u00e1n contactarse directamente con ustedes e informarles de las actividades que se desarrollar\u00e1n en cada taller.<\/p>\n<p style=\"text-align: justify;\">Para inscribirte debes completar el siguiente formulario:<\/p>\n<h3 style=\"text-align: center;\"><a href=\"https:\/\/forms.gle\/no3KsjZPCnUArVrv8\">https:\/\/forms.gle\/no3KsjZPCnUArVrv8<\/a><\/h3>\n\n\n\n<div style=\"height:80px\" aria-hidden=\"true\" class=\"wp-block-spacer\"><\/div>\n\n\n\n<p><strong>Taller de Canto<\/strong>:&nbsp; Profesora Pamela Oyarz\u00fan \/ pamela.oyarzun@colegio-sanandres.cl<\/p>\n<p><a href=\"http:\/\/www.colegio-sanandres.cl\/wp-content\/uploads\/2020\/08\/Gu\u00eda-Taller-de-Canto-Voz-Mixta.pdf\">Gu\u00eda Taller de Canto Voz Mixta.<\/a><\/p>\n\n\n\n<figure class=\"wp-block-embed-youtube wp-block-embed is-type-video is-provider-youtube wp-embed-aspect-16-9 wp-has-aspect-ratio\"><div class=\"wp-block-embed__wrapper\">\n<iframe loading=\"lazy\" title=\"Taller de canto-voz mixta\" width=\"830\" height=\"467\" src=\"https:\/\/www.youtube.com\/embed\/EYiBAgL7HnE?feature=oembed\" frameborder=\"0\" allow=\"accelerometer; autoplay; clipboard-write; encrypted-media; gyroscope; picture-in-picture\" allowfullscreen><\/iframe>\n<\/div><\/figure>\n\n\n\n<div style=\"height:97px\" aria-hidden=\"true\" class=\"wp-block-spacer\"><\/div>\n\n\n\n<p><strong>Taller de Guitarra<\/strong>:&nbsp; Profesora Pamela Oyarz\u00fan \/ pamela.oyarzun@colegio-sanandres.cl<\/p>\n<p><a href=\"http:\/\/www.colegio-sanandres.cl\/wp-content\/uploads\/2020\/08\/Guia-Taller-de-Guitarra-Agua-Segura.pdf\">Guia Taller de Guitarra Agua Segura.<\/a><\/p>\n\n\n\n<figure class=\"wp-block-embed-youtube wp-block-embed is-type-video is-provider-youtube wp-embed-aspect-16-9 wp-has-aspect-ratio\"><div class=\"wp-block-embed__wrapper\">\n<iframe loading=\"lazy\" title=\"Taller de guitarra-Agua Segura\" width=\"830\" height=\"467\" src=\"https:\/\/www.youtube.com\/embed\/Yfo_NwcMgTk?feature=oembed\" frameborder=\"0\" allow=\"accelerometer; autoplay; clipboard-write; encrypted-media; gyroscope; picture-in-picture\" allowfullscreen><\/iframe>\n<\/div><\/figure>\n\n\n\n<div style=\"height:100px\" aria-hidden=\"true\" class=\"wp-block-spacer\"><\/div>\n\n\n\n<p style=\"text-align: justify;\"><strong><span style=\"text-decoration: underline;\">Taller de Artes Visuales<\/span>_Nivel Pre B\u00e1sica:<\/strong> Profesora Susana Ortiz \/ susana.ortiz@colegio-sanandres.cl<\/p>\n\n\n\n<figure class=\"wp-block-embed-youtube wp-block-embed is-type-video is-provider-youtube wp-embed-aspect-16-9 wp-has-aspect-ratio\"><div class=\"wp-block-embed__wrapper\">\n<iframe loading=\"lazy\" title=\"Video taller de artes prebasica.\" width=\"830\" height=\"467\" src=\"https:\/\/www.youtube.com\/embed\/E3lfYwEX3CA?feature=oembed\" frameborder=\"0\" allow=\"accelerometer; autoplay; clipboard-write; encrypted-media; gyroscope; picture-in-picture\" allowfullscreen><\/iframe>\n<\/div><\/figure>\n\n\n\n<figure class=\"wp-block-embed-youtube wp-block-embed is-type-video is-provider-youtube wp-embed-aspect-16-9 wp-has-aspect-ratio\"><div class=\"wp-block-embed__wrapper\">\n<iframe loading=\"lazy\" title=\"C\u00f3mo hacer una mariquita\/catarina de plastilina paso a paso f\u00e1cil, explicado, arcilla polim\u00e9rica.\" width=\"830\" height=\"467\" src=\"https:\/\/www.youtube.com\/embed\/WbBMCI6iMHg?feature=oembed\" frameborder=\"0\" allow=\"accelerometer; autoplay; clipboard-write; encrypted-media; gyroscope; picture-in-picture\" allowfullscreen><\/iframe>\n<\/div><figcaption>Tutorial Taller de Arte Pre B\u00e1sica Chinita<\/figcaption><\/figure>\n\n\n\n<figure class=\"wp-block-embed-youtube wp-block-embed is-type-video is-provider-youtube wp-embed-aspect-16-9 wp-has-aspect-ratio\"><div class=\"wp-block-embed__wrapper\">\n<iframe loading=\"lazy\" title=\"C\u00f3mo hacer una abeja de plastilina paso a paso f\u00e1cil, explicado, arcilla polim\u00e9rica, abejita\" width=\"830\" height=\"467\" src=\"https:\/\/www.youtube.com\/embed\/8VXAtx890Rc?feature=oembed\" frameborder=\"0\" allow=\"accelerometer; autoplay; clipboard-write; encrypted-media; gyroscope; picture-in-picture\" allowfullscreen><\/iframe>\n<\/div><figcaption>Toturial Taller de Arte Pre B\u00e1sica Abeja<\/figcaption><\/figure>\n\n\n\n<figure class=\"wp-block-embed-youtube wp-block-embed is-type-video is-provider-youtube wp-embed-aspect-16-9 wp-has-aspect-ratio\"><div class=\"wp-block-embed__wrapper\">\n<iframe loading=\"lazy\" title=\"C\u00f3mo hacer un cerdo de plastilina paso a paso f\u00e1cil, arcilla polim\u00e9rica cerdito, puerco, cochinito\" width=\"830\" height=\"467\" src=\"https:\/\/www.youtube.com\/embed\/rvpMaH4aYlA?feature=oembed\" frameborder=\"0\" allow=\"accelerometer; autoplay; clipboard-write; encrypted-media; gyroscope; picture-in-picture\" allowfullscreen><\/iframe>\n<\/div><figcaption>Tutorial Taller de Arte Pre B\u00e1sica Cerdito<\/figcaption><\/figure>\n\n\n\n<figure class=\"wp-block-embed-youtube wp-block-embed is-type-video is-provider-youtube wp-embed-aspect-16-9 wp-has-aspect-ratio\"><div class=\"wp-block-embed__wrapper\">\n <iframe loading=\"lazy\" title=\"C\u00f3mo hacer un pollito en plastilina paso a paso en 3 minutos f\u00e1cil , explicado, arcilla polim\u00e9rica.\" width=\"830\" height=\"467\" src=\"https:\/\/www.youtube.com\/embed\/eEai0r_kl6Q?feature=oembed\" frameborder=\"0\" allow=\"accelerometer; autoplay; clipboard-write; encrypted-media; gyroscope; picture-in-picture\" allowfullscreen><\/iframe>\n<\/div><figcaption>Tutorial Taller de Arte Pre B\u00e1sica Pollito<\/figcaption><\/figure>\n\n\n\n<div style=\"height:78px\" aria-hidden=\"true\" class=\"wp-block-spacer\"><\/div>\n\n\n\n<p style=\"text-align: justify;\"><strong><span style=\"text-decoration: underline;\">Taller de Artes Visuales <\/span>1\u00b0 a 4\u00b0 B\u00e1sico:<\/strong> Profesora Susana Ortiz \/ susana.ortiz@colegio-sanandres.cl<\/p>\n\n\n\n<figure class=\"wp-block-embed-youtube wp-block-embed is-type-video is-provider-youtube wp-embed-aspect-16-9 wp-has-aspect-ratio\"><div class=\"wp-block-embed__wrapper\">\n<iframe loading=\"lazy\" title=\"Video taller de artes 1\u00b0 a 4\u00b0 b\u00e1sicos.\" width=\"830\" height=\"467\" src=\"https:\/\/www.youtube.com\/embed\/k9_k6ADDe9Q?feature=oembed\" frameborder=\"0\" allow=\"accelerometer; autoplay; clipboard-write; encrypted-media; gyroscope; picture-in-picture\" allowfullscreen><\/iframe>\n<\/div><\/figure>\n\n\n\n<figure class=\"wp-block-embed-youtube wp-block-embed is-type-video is-provider-youtube wp-embed-aspect-16-9 wp-has-aspect-ratio\"><div class=\"wp-block-embed__wrapper\">\n<iframe loading=\"lazy\" title=\"C\u00f3mo hacer peluches: Conejitos con pompones de lana \/ Bunnies made with wool pompoms\" width=\"830\" height=\"467\" src=\"https:\/\/www.youtube.com\/embed\/wnUQD7zrt4Y?feature=oembed\" frameborder=\"0\" allow=\"accelerometer; autoplay; clipboard-write; encrypted-media; gyroscope; picture-in-picture\" allowfullscreen><\/iframe>\n<\/div><\/figure>\n\n\n\n<div style=\"height:81px\" aria-hidden=\"true\" class=\"wp-block-spacer\"><\/div>\n\n\n\n<p style=\"text-align: justify;\"><strong><span style=\"text-decoration: underline;\">Taller de Artes Visuales<\/span> 5\u00b0 a 8\u00b0 B\u00e1sico:<\/strong> Profesora Susana Ortiz \/ susana.ortiz@colegio-sanandres.cl<\/p>\n\n\n\n<figure class=\"wp-block-embed-youtube wp-block-embed is-type-video is-provider-youtube wp-embed-aspect-16-9 wp-has-aspect-ratio\"><div class=\"wp-block-embed__wrapper\">\n<iframe loading=\"lazy\" title=\"Video taller de artes 5\u00b0 a 8\u00b0 b\u00e1sico\" width=\"830\" height=\"467\" src=\"https:\/\/www.youtube.com\/embed\/316PrI2VF2c?feature=oembed\" frameborder=\"0\" allow=\"accelerometer; autoplay; clipboard-write; encrypted-media; gyroscope; picture-in-picture\" allowfullscreen><\/iframe>\n<\/div><\/figure>\n\n\n\n<figure class=\"wp-block-embed-youtube wp-block-embed is-type-video is-provider-youtube wp-embed-aspect-16-9 wp-has-aspect-ratio\"><div class=\"wp-block-embed__wrapper\">\n<iframe loading=\"lazy\" title=\"c\u00f3mo hacer un dibujo esgrafiado, simple y r\u00e1pido\" width=\"830\" height=\"467\" src=\"https:\/\/www.youtube.com\/embed\/WrVpPGCIvDk?feature=oembed\" frameborder=\"0\" allow=\"accelerometer; autoplay; clipboard-write; encrypted-media; gyroscope; picture-in-picture\" allowfullscreen><\/iframe>\n<\/div><\/figure>\n\n\n\n<div style=\"height:86px\" aria-hidden=\"true\" class=\"wp-block-spacer\"><\/div>\n\n\n\n<p style=\"text-align: justify;\"><strong><span style=\"text-decoration: underline;\">Taller de Yoga<\/span> 1\u00b0 a 4\u00b0 B\u00e1sico<\/strong> Profesora Denise Morales \/ denise.morales@colegio-sanandres.cl<\/p>\n\n\n\n<figure class=\"wp-block-embed-youtube wp-block-embed is-type-video is-provider-youtube wp-embed-aspect-16-9 wp-has-aspect-ratio\"><div class=\"wp-block-embed__wrapper\">\n<iframe loading=\"lazy\" title=\"Taller yoga lunes 31 de agosto\" width=\"830\" height=\"467\" src=\"https:\/\/www.youtube.com\/embed\/t65JFYEkMaA?feature=oembed\" frameborder=\"0\" allow=\"accelerometer; autoplay; clipboard-write; encrypted-media; gyroscope; picture-in-picture\" allowfullscreen><\/iframe>\n<\/div><\/figure>\n\n\n\n<h5 style=\"text-align: center;\"><strong><span style=\"background-color: #cc99ff;\">Link Taller de Yoga v\u00eda Meet<\/span><\/strong><\/h5>\n<p style=\"text-align: center;\"><a href=\"https:\/\/meet.google.com\/bjq-bbxx-jnz\">https:\/\/meet.google.com\/bjq-bbxx-jnz<\/a><\/p>\n\n\n\n<div style=\"height:93px\" aria-hidden=\"true\" class=\"wp-block-spacer\"><\/div>\n\n\n\n<p style=\"text-align: justify;\"><strong><span style=\"text-decoration: underline;\">Taller de Conciencia Medio Ambiental<\/span>_Nivel Pre B\u00e1sica<\/strong> Profesora M\u00f3nica Maldonado \/ monica.maldonado@colegio-sanandres.cl<\/p>\n\n\n\n<p><a href=\"http:\/\/www.colegio-sanandres.cl\/wp-content\/uploads\/2020\/08\/Taller-Conciencia-Ambiental-Pre-B\u00e1sica.pdf\">Instrucciones de Trabajo Taller de Conciencia Ambiental Pre B\u00e1sica.<\/a><\/p>\n\n\n\n<figure class=\"wp-block-embed-youtube wp-block-embed is-type-video is-provider-youtube wp-embed-aspect-16-9 wp-has-aspect-ratio\"><div class=\"wp-block-embed__wrapper\">\n<iframe loading=\"lazy\" title=\"botella de calma o m\u00e1gica\" width=\"830\" height=\"467\" src=\"https:\/\/www.youtube.com\/embed\/hmIU8S-og7A?feature=oembed\" frameborder=\"0\" allow=\"accelerometer; autoplay; clipboard-write; encrypted-media; gyroscope; picture-in-picture\" allowfullscreen><\/iframe>\n<\/div><\/figure>\n\n\n\n<div style=\"height:85px\" aria-hidden=\"true\" class=\"wp-block-spacer\"><\/div>\n\n\n\n<p style=\"text-align: justify;\"><strong><span style=\"text-decoration: underline;\">Taller de&nbsp;Conciencia Medio Ambiental<\/span>_3\u00b0 a 4\u00b0 B\u00e1sico<\/strong> Profesora M\u00f3nica Maldonado \/ monica.maldonado@colegio-sanandres.cl<\/p>\n\n\n\n<p><a href=\"http:\/\/www.colegio-sanandres.cl\/wp-content\/uploads\/2020\/08\/Taller-Conciencia-Ambiental-3\u00b0-y-4\u00b0-B\u00e1sico.pdf\">Instrucciones de Trabajo Taller Conciencia Ambiental 3\u00b0 y 4\u00b0 B\u00e1sico.<\/a><\/p>\n\n\n\n<figure class=\"wp-block-embed-youtube wp-block-embed is-type-video is-provider-youtube wp-embed-aspect-16-9 wp-has-aspect-ratio\"><div class=\"wp-block-embed__wrapper\">\n<iframe loading=\"lazy\" title=\"Run run\" width=\"830\" height=\"467\" src=\"https:\/\/www.youtube.com\/embed\/2tTqvkJkRPM?feature=oembed\" frameborder=\"0\" allow=\"accelerometer; autoplay; clipboard-write; encrypted-media; gyroscope; picture-in-picture\" allowfullscreen><\/iframe>\n<\/div><\/figure>\n\n\n\n<div style=\"height:93px\" aria-hidden=\"true\" class=\"wp-block-spacer\"><\/div>\n\n\n\n<p style=\"text-align: justify;\"><span style=\"text-decoration: underline;\"><strong>Taller de Danza<\/strong><\/span> Profesora Mar\u00eda Alejandra La Paz \/ alejandra.lapaz@colegio-sanandres.cl<\/p>\n\n\n\n<figure class=\"wp-block-embed-youtube wp-block-embed is-type-video is-provider-youtube wp-embed-aspect-16-9 wp-has-aspect-ratio\"><div class=\"wp-block-embed__wrapper\">\n<iframe loading=\"lazy\" title=\"Invitaci\u00f3n Taller de Danza\" width=\"830\" height=\"467\" src=\"https:\/\/www.youtube.com\/embed\/YCTh46h7RM4?feature=oembed\" frameborder=\"0\" allow=\"accelerometer; autoplay; clipboard-write; encrypted-media; gyroscope; picture-in-picture\" allowfullscreen><\/iframe>\n<\/div><\/figure>\n\n\n\n<figure class=\"wp-block-image size-large\"><img loading=\"lazy\" decoding=\"async\" width=\"1200\" height=\"675\" src=\"http:\/\/www.colegio-sanandres.cl\/wp-content\/uploads\/2020\/08\/Taller-de-Danza-1-1200x675.jpg\" alt=\"\" class=\"wp-image-5644\" srcset=\"http:\/\/www.colegio-sanandres.cl\/wp-content\/uploads\/2020\/08\/Taller-de-Danza-1-1200x675.jpg 1200w, http:\/\/www.colegio-sanandres.cl\/wp-content\/uploads\/2020\/08\/Taller-de-Danza-1-850x478.jpg 850w, http:\/\/www.colegio-sanandres.cl\/wp-content\/uploads\/2020\/08\/Taller-de-Danza-1-250x141.jpg 250w\" sizes=\"auto, (max-width: 1200px) 100vw, 1200px\" \/><\/figure>\n\n\n\n<h5 style=\"text-align: center;\"><span style=\"background-color: #ff99cc;\"><strong>Link Taller de Danza V\u00eda Meet<\/strong><\/span><\/h5>\n<p style=\"text-align: center;\"><a href=\"https:\/\/meet.google.com\/hzi-oyzp-pqc\">https:\/\/meet.google.com\/hzi-oyzp-pqc<\/a><\/p>\n\n\n\n<div style=\"height:78px\" aria-hidden=\"true\" class=\"wp-block-spacer\"><\/div>\n\n\n\n<p style=\"text-align: justify;\"><span style=\"text-decoration: underline;\"><strong>Taller Gimnasia Art\u00edstica<\/strong><\/span> Profesora Mar\u00eda Alejandra La Paz \/ alejandra.lapaz@colegio-sanandres.cl<\/p>\n\n\n\n<figure class=\"wp-block-embed-youtube wp-block-embed is-type-video is-provider-youtube wp-embed-aspect-16-9 wp-has-aspect-ratio\"><div class=\"wp-block-embed__wrapper\">\n<iframe loading=\"lazy\" title=\"Invitaci\u00f3n al Taller de Gimnasia\" width=\"830\" height=\"467\" src=\"https:\/\/www.youtube.com\/embed\/0pNjgKYuvCo?feature=oembed\" frameborder=\"0\" allow=\"accelerometer; autoplay; clipboard-write; encrypted-media; gyroscope; picture-in-picture\" allowfullscreen><\/iframe>\n<\/div><\/figure>\n\n\n\n<figure class=\"wp-block-image size-large\"><img loading=\"lazy\" decoding=\"async\" width=\"1200\" height=\"675\" src=\"http:\/\/www.colegio-sanandres.cl\/wp-content\/uploads\/2020\/08\/Taller-de-Gimnasia-1-1200x675.jpg\" alt=\"\" class=\"wp-image-5645\" srcset=\"http:\/\/www.colegio-sanandres.cl\/wp-content\/uploads\/2020\/08\/Taller-de-Gimnasia-1-1200x675.jpg 1200w, http:\/\/www.colegio-sanandres.cl\/wp-content\/uploads\/2020\/08\/Taller-de-Gimnasia-1-850x478.jpg 850w, http:\/\/www.colegio-sanandres.cl\/wp-content\/uploads\/2020\/08\/Taller-de-Gimnasia-1-250x141.jpg 250w\" sizes=\"auto, (max-width: 1200px) 100vw, 1200px\" \/><\/figure>\n\n\n\n<p style=\"text-align: center;\"><strong><span style=\"background-color: #ccffcc;\">Link Taller Gimnasia V\u00eda Meet<\/span><\/strong><\/p>\n<p style=\"text-align: center;\"><a href=\"https:\/\/meet.google.com\/cue-eyca-xkw\">https:\/\/meet.google.com\/cue-eyca-xkw<\/a><\/p>\n\n\n\n<div style=\"height:84px\" aria-hidden=\"true\" class=\"wp-block-spacer\"><\/div>\n\n\n\n<h4 style=\"text-align: center;\"><span style=\"text-decoration: underline;\"><strong>Talleres de Futbol Online<\/strong><\/span><\/h4>\n<p style=\"text-align: justify;\">Profesor Maurico Or\u00f3stica \/ mauricio.orostica@colegio-sanandres.cl<span style=\"text-decoration: underline;\"><strong><br \/><\/strong><\/span><\/p>\n<p><iframe loading=\"lazy\" title=\"V\u00eddeo promocional Taller de F\u00fatbol online EN VIVO &quot; Colegio San Andr\u00e9s&quot;\" width=\"830\" height=\"467\" src=\"https:\/\/www.youtube.com\/embed\/L4ZaxXyRBYU?feature=oembed\" frameborder=\"0\" allow=\"accelerometer; autoplay; encrypted-media; gyroscope; picture-in-picture\" allowfullscreen><\/iframe><\/p>\n<table>\n<tbody>\n<tr>\n<td width=\"273\">\n<h4 style=\"text-align: center;\"><strong>Taller Futbol Mixto 1\u00b0 y 2\u00b0 B\u00e1sico<br \/><\/strong><\/h4>\n<\/td>\n<\/tr>\n<tr>\n<td width=\"273\">Fecha y Horario: Mi\u00e9rcoles 2 de Septiembre 12:00 hrs.<\/td>\n<\/tr>\n<tr>\n<td width=\"273\">Link de Acceso: <a href=\"https:\/\/meet.google.com\/rvy-sqsz-uyj\">https:\/\/meet.google.com\/rvy-sqsz-uyj<\/a><\/td>\n<\/tr>\n<\/tbody>\n<\/table>\n<p>\u00a0<\/p>\n<table>\n<tbody>\n<tr>\n<td width=\"273\">\n<h4 style=\"text-align: center;\"><strong>Taller Futbol Mixto 3\u00b0 y 4\u00b0 B\u00e1sico<br \/><\/strong><\/h4>\n<\/td>\n<\/tr>\n<tr>\n<td width=\"273\">Fecha y Horario: Mi\u00e9rcoles 2 de Septiembre 11:00 hrs.<\/td>\n<\/tr>\n<tr>\n<td width=\"273\">Link de Acceso: <a href=\"https:\/\/meet.google.com\/rjo-zbby-rnh\">https:\/\/meet.google.com\/rjo-zbby-rnh<\/a><\/td>\n<\/tr>\n<\/tbody>\n<\/table>\n<p>\u00a0<\/p>\n<table>\n<tbody>\n<tr>\n<td width=\"273\">\n<h4 style=\"text-align: center;\"><strong>Taller Futbol Varones 5\u00b0 y 6\u00b0 B\u00e1sico<br \/><\/strong><\/h4>\n<\/td>\n<\/tr>\n<tr>\n<td width=\"273\">Fecha y Horario: Jueves 3 de Septiembre 15:00 hrs.<\/td>\n<\/tr>\n<tr>\n<td width=\"273\">Link de Acceso: <a href=\"https:\/\/meet.google.com\/dyh-sism-ynr\">https:\/\/meet.google.com\/dyh-sism-ynr<\/a><\/td>\n<\/tr>\n<\/tbody>\n<\/table>\n<p>\u00a0<\/p>\n<table>\n<tbody>\n<tr>\n<td width=\"273\">\n<h4 style=\"text-align: center;\"><strong>Taller Futbol Varones 7\u00b0 y 8\u00b0 B\u00e1sico<br \/><\/strong><\/h4>\n<\/td>\n<\/tr>\n<tr>\n<td width=\"273\">Fecha y Horario: Jueves 3 de Septiembre 16:00 hrs.<\/td>\n<\/tr>\n<tr>\n<td width=\"273\">Link de Acceso: <a href=\"https:\/\/meet.google.com\/mhn-cocz-kof\">https:\/\/meet.google.com\/mhn-cocz-kof<\/a><\/td>\n<\/tr>\n<\/tbody>\n<\/table>\n<p>\u00a0<\/p>\n<table>\n<tbody>\n<tr>\n<td width=\"273\">\n<h4 style=\"text-align: center;\"><strong>Taller Futbol Damas 5\u00b0 a 8\u00b0 B\u00e1sico<br \/><\/strong><\/h4>\n<\/td>\n<\/tr>\n<tr>\n<td width=\"273\">Fecha y Horario: Mi\u00e9rcoles 2 de Septiembre 15:00 hrs.<\/td>\n<\/tr>\n<tr>\n<td width=\"273\">Link de Acceso: <a href=\"https:\/\/meet.google.com\/xhh-xdje-tfj\">https:\/\/meet.google.com\/xhh-xdje-tfj<\/a><\/td>\n<\/tr>\n<\/tbody>\n<\/table>\n<p>\u00a0<\/p>\n\n\n","protected":false},"excerpt":{"rendered":"<p>INSCRIPCI\u00d3N TALLERES EXTRA PROGRAM\u00c1TICOS 2\u00b0 SEMESTRE 2020. Invitamos a nuestros estudiantes a inscribirse en los Talleres Extra Program\u00e1ticos de este 2\u00b0 Semestre 2020. De esta manera los profesores de los talleres podr\u00e1n contactarse directamente con ustedes e informarles de las actividades que se desarrollar\u00e1n en cada taller. Para inscribirte debes completar el siguiente formulario: https:\/\/forms.gle\/no3KsjZPCnUArVrv8 [&hellip;]<\/p>\n","protected":false},"author":3,"featured_media":0,"parent":0,"menu_order":0,"comment_status":"closed","ping_status":"closed","template":"","meta":{"footnotes":""},"class_list":["post-5628","page","type-page","status-publish","hentry"],"amp_enabled":true,"_links":{"self":[{"href":"http:\/\/www.colegio-sanandres.cl\/index.php?rest_route=\/wp\/v2\/pages\/5628","targetHints":{"allow":["GET"]}}],"collection":[{"href":"http:\/\/www.colegio-sanandres.cl\/index.php?rest_route=\/wp\/v2\/pages"}],"about":[{"href":"http:\/\/www.colegio-sanandres.cl\/index.php?rest_route=\/wp\/v2\/types\/page"}],"author":[{"embeddable":true,"href":"http:\/\/www.colegio-sanandres.cl\/index.php?rest_route=\/wp\/v2\/users\/3"}],"replies":[{"embeddable":true,"href":"http:\/\/www.colegio-sanandres.cl\/index.php?rest_route=%2Fwp%2Fv2%2Fcomments&post=5628"}],"version-history":[{"count":3,"href":"http:\/\/www.colegio-sanandres.cl\/index.php?rest_route=\/wp\/v2\/pages\/5628\/revisions"}],"predecessor-version":[{"id":5653,"href":"http:\/\/www.colegio-sanandres.cl\/index.php?rest_route=\/wp\/v2\/pages\/5628\/revisions\/5653"}],"wp:attachment":[{"href":"http:\/\/www.colegio-sanandres.cl\/index.php?rest_route=%2Fwp%2Fv2%2Fmedia&parent=5628"}],"curies":[{"name":"wp","href":"https:\/\/api.w.org\/{rel}","templated":true}]}}