{"id":5639,"date":"2020-08-30T21:55:08","date_gmt":"2020-08-31T01:55:08","guid":{"rendered":"http:\/\/www.colegio-sanandres.cl\/?page_id=5639"},"modified":"2020-08-30T21:55:08","modified_gmt":"2020-08-31T01:55:08","slug":"actividades-planes-de-gestion-lunes-31-de-agosto","status":"publish","type":"page","link":"http:\/\/www.colegio-sanandres.cl\/?page_id=5639","title":{"rendered":"Actividades Planes de Gesti\u00f3n (Lunes 31 de Agosto)."},"content":{"rendered":"\n<p style=\"text-align: justify;\"><b><span style=\"text-decoration: underline;\">Centro de Recursos para el Aprendizaje_CRA<\/span>:&nbsp;<\/b> Coordinadora_Profesora Isabel Rivera \/ isabel.rivera@colegio-sanandres.cl&nbsp;<\/p>\n\n\n\n<figure class=\"wp-block-embed-youtube wp-block-embed is-type-video is-provider-youtube wp-embed-aspect-16-9 wp-has-aspect-ratio wp-embed-aspect-4-3\"><div class=\"wp-block-embed__wrapper\">\n<iframe loading=\"lazy\" title=\"Actividad Cu\u00e9ntame de t\u00fa Juguete CRA.\" width=\"830\" height=\"623\" src=\"https:\/\/www.youtube.com\/embed\/qNmZbrwvcNM?feature=oembed\" frameborder=\"0\" allow=\"accelerometer; autoplay; encrypted-media; gyroscope; picture-in-picture\" allowfullscreen><\/iframe>\n<\/div><\/figure>\n\n\n\n<h4 style=\"text-align: center;\"><span style=\"background-color: #cc99ff;\"><strong>LINK FORMULARIO INSCRIPCI\u00d3N ACTIVIDAD CU\u00c9NTAME DE T\u00da JUGUETE<br \/><\/strong><\/span><\/h4>\n<p style=\"text-align: center;\"><a href=\"https:\/\/forms.gle\/NpNRvoLvRYHNkqQeA\">https:\/\/forms.gle\/NpNRvoLvRYHNkqQeA<\/a><\/p>\n\n\n\n<div style=\"height:100px\" aria-hidden=\"true\" class=\"wp-block-spacer\"><\/div>\n\n\n\n<p style=\"text-align: justify;\"><span style=\"text-decoration: underline;\"><strong>Plan de H\u00e1bitos de Vida Saludable:<\/strong><\/span> Coordinadora Profesora Mar\u00eda Alejandra La Paz \/ alejandra.lapaz@colegio-sanandres.cl<\/p>\n<p><a href=\"http:\/\/www.colegio-sanandres.cl\/wp-content\/uploads\/2020\/08\/Libro-de-recetas-Plan-H\u00e1bitos-Vida-Saludable.pdf\">Libro de recetas Plan H\u00e1bitos Vida Saludable.<\/a><\/p>\n\n\n\n<figure class=\"wp-block-embed-youtube wp-block-embed is-type-video is-provider-youtube wp-embed-aspect-16-9 wp-has-aspect-ratio\"><div class=\"wp-block-embed__wrapper\">\n<iframe loading=\"lazy\" title=\"Plan H\u00e1bitos de vida saludable\" width=\"830\" height=\"467\" src=\"https:\/\/www.youtube.com\/embed\/x7KIHAdVULQ?feature=oembed\" frameborder=\"0\" allow=\"accelerometer; autoplay; encrypted-media; gyroscope; picture-in-picture\" allowfullscreen><\/iframe>\n<\/div><\/figure>\n\n\n\n<p style=\"text-align: center;\"><span style=\"background-color: #cc99ff;\"><strong>LINK FORMULARIO INSCRIPCI\u00d3N ACTIVIDAD <\/strong><\/span><\/p>\n<h4 style=\"text-align: center;\"><strong><span style=\"background-color: #cc99ff;\">Taller de Cocina Saludable<\/span><br \/><\/strong><\/h4>\n<p style=\"text-align: center;\"><a href=\"https:\/\/meet.google.com\/ryw-oxvy-ztq\">https:\/\/meet.google.com\/ryw-oxvy-ztq<\/a><\/p>\n\n\n\n<div style=\"height:87px\" aria-hidden=\"true\" class=\"wp-block-spacer\"><\/div>\n\n\n\n<p style=\"text-align: justify;\"><span style=\"text-decoration: underline;\"><b>Plan de&nbsp;Formaci\u00f3n Ciudadana <\/b><\/span>Coordinadora_ Profesora \u00c1ngela Mendoza \/ angela.mendoza@colegio-sanandres.cl&nbsp;<\/p>\n\n\n\n<figure class=\"wp-block-embed-youtube wp-block-embed is-type-video is-provider-youtube wp-embed-aspect-16-9 wp-has-aspect-ratio\"><div class=\"wp-block-embed__wrapper\">\n<iframe loading=\"lazy\" title=\"Desaf\u00edo: \u00a1Comparte tu talento!\" width=\"830\" height=\"467\" src=\"https:\/\/www.youtube.com\/embed\/-M6juf8oszM?feature=oembed\" frameborder=\"0\" allow=\"accelerometer; autoplay; encrypted-media; gyroscope; picture-in-picture\" allowfullscreen><\/iframe>\n<\/div><\/figure>\n\n\n\n<h4 style=\"text-align: center;\"><span style=\"background-color: #33cccc;\">Link Blog Gobierno Estudiantil<\/span><\/h4>\n<p style=\"text-align: center;\"><a href=\"https:\/\/estudiantes-csa.blogspot.com\/\">https:\/\/estudiantes-csa.blogspot.com\/<\/a><\/p>\n\n\n\n<div style=\"height:56px\" aria-hidden=\"true\" class=\"wp-block-spacer\"><\/div>\n\n\n\n<p style=\"text-align: justify;\"><span style=\"text-decoration: underline;\"><b>Plan de Sexualidad, Afectividad y G\u00e9nero:<\/b><\/span> Coordinadora_ Profesora Nayadher Villanueva \/ nayadher.villanueva@colegio-sanandres.cl<\/p>\n\n\n\n<p><a href=\"http:\/\/www.colegio-sanandres.cl\/wp-content\/uploads\/2020\/08\/Las-emociones-nos-avisan.pdf\">Las emociones nos avisan.<\/a><\/p>\n\n\n\n<figure class=\"wp-block-embed-youtube wp-block-embed is-type-video is-provider-youtube wp-embed-aspect-16-9 wp-has-aspect-ratio\"><div class=\"wp-block-embed__wrapper\">\n<iframe loading=\"lazy\" title=\"Las Emociones nos avisan...\" width=\"830\" height=\"467\" src=\"https:\/\/www.youtube.com\/embed\/UA7Pr5XufSU?feature=oembed\" frameborder=\"0\" allow=\"accelerometer; autoplay; encrypted-media; gyroscope; picture-in-picture\" allowfullscreen><\/iframe>\n<\/div><\/figure>\n\n\n","protected":false},"excerpt":{"rendered":"<p>Centro de Recursos para el Aprendizaje_CRA:&nbsp; Coordinadora_Profesora Isabel Rivera \/ isabel.rivera@colegio-sanandres.cl&nbsp; LINK FORMULARIO INSCRIPCI\u00d3N ACTIVIDAD CU\u00c9NTAME DE T\u00da JUGUETE https:\/\/forms.gle\/NpNRvoLvRYHNkqQeA Plan de H\u00e1bitos de Vida Saludable: Coordinadora Profesora Mar\u00eda Alejandra La Paz \/ alejandra.lapaz@colegio-sanandres.cl Libro de recetas Plan H\u00e1bitos Vida Saludable. LINK FORMULARIO INSCRIPCI\u00d3N ACTIVIDAD Taller de Cocina Saludable https:\/\/meet.google.com\/ryw-oxvy-ztq Plan de&nbsp;Formaci\u00f3n Ciudadana Coordinadora_ Profesora [&hellip;]<\/p>\n","protected":false},"author":3,"featured_media":0,"parent":0,"menu_order":0,"comment_status":"closed","ping_status":"closed","template":"","meta":{"footnotes":""},"class_list":["post-5639","page","type-page","status-publish","hentry"],"amp_enabled":true,"_links":{"self":[{"href":"http:\/\/www.colegio-sanandres.cl\/index.php?rest_route=\/wp\/v2\/pages\/5639","targetHints":{"allow":["GET"]}}],"collection":[{"href":"http:\/\/www.colegio-sanandres.cl\/index.php?rest_route=\/wp\/v2\/pages"}],"about":[{"href":"http:\/\/www.colegio-sanandres.cl\/index.php?rest_route=\/wp\/v2\/types\/page"}],"author":[{"embeddable":true,"href":"http:\/\/www.colegio-sanandres.cl\/index.php?rest_route=\/wp\/v2\/users\/3"}],"replies":[{"embeddable":true,"href":"http:\/\/www.colegio-sanandres.cl\/index.php?rest_route=%2Fwp%2Fv2%2Fcomments&post=5639"}],"version-history":[{"count":1,"href":"http:\/\/www.colegio-sanandres.cl\/index.php?rest_route=\/wp\/v2\/pages\/5639\/revisions"}],"predecessor-version":[{"id":5642,"href":"http:\/\/www.colegio-sanandres.cl\/index.php?rest_route=\/wp\/v2\/pages\/5639\/revisions\/5642"}],"wp:attachment":[{"href":"http:\/\/www.colegio-sanandres.cl\/index.php?rest_route=%2Fwp%2Fv2%2Fmedia&parent=5639"}],"curies":[{"name":"wp","href":"https:\/\/api.w.org\/{rel}","templated":true}]}}