{"id":5658,"date":"2020-09-01T20:54:10","date_gmt":"2020-09-02T00:54:10","guid":{"rendered":"http:\/\/www.colegio-sanandres.cl\/?page_id=5658"},"modified":"2020-09-01T20:54:54","modified_gmt":"2020-09-02T00:54:54","slug":"pre-kinder-2a-semana-retroalimentacion-2","status":"publish","type":"page","link":"http:\/\/www.colegio-sanandres.cl\/?page_id=5658","title":{"rendered":"PRE K\u00cdNDER (2a Semana Retroalimentaci\u00f3n)"},"content":{"rendered":"\n<p><strong>Retroalimentaci\u00f3n Actividad Lenguaje Verbal<\/strong>: <\/p>\n\n\n\n<figure class=\"wp-block-embed-youtube wp-block-embed is-type-video is-provider-youtube wp-embed-aspect-16-9 wp-has-aspect-ratio\"><div class=\"wp-block-embed__wrapper\">\n<iframe loading=\"lazy\" title=\"Lenguaje verbal Prekinder\" width=\"830\" height=\"467\" src=\"https:\/\/www.youtube.com\/embed\/qU-VhrqVl1Q?feature=oembed\" frameborder=\"0\" allow=\"accelerometer; autoplay; encrypted-media; gyroscope; picture-in-picture\" allowfullscreen><\/iframe>\n<\/div><\/figure>\n\n\n\n<p>Formulario Ticket de Salida Lenguaje Verbal:<\/p>\n<p style=\"text-align: center;\"><a href=\"https:\/\/docs.google.com\/forms\/d\/e\/1FAIpQLScOUqy41FVFj8_os3gggxCBmtl5cSI6_YHEFTOiqzS38pU7Sg\/viewform?usp=sf_link\">https:\/\/docs.google.com\/forms\/d\/e\/1FAIpQLScOUqy41FVFj8_os3gggxCBmtl5cSI6_YHEFTOiqzS38pU7Sg\/viewform?usp=sf_link<\/a><\/p>\n\n\n\n<div style=\"height:48px\" aria-hidden=\"true\" class=\"wp-block-spacer\"><\/div>\n\n\n\n<p style=\"text-align: justify;\"><strong>Retroalimentaci\u00f3n Actividad Pensamiento Matem\u00e1tico.<br \/><\/strong><\/p>\n<p><a href=\"http:\/\/www.colegio-sanandres.cl\/wp-content\/uploads\/2020\/09\/Instrucciones-de-Trabajo-Pre-Kinder-Pensamiento-Matem\u00e1tico.pdf\">Instrucciones de Trabajo Pre Kinder Pensamiento Matem\u00e1tico.<\/a><\/p>\n\n\n\n<figure class=\"wp-block-embed-youtube wp-block-embed is-type-video is-provider-youtube wp-embed-aspect-16-9 wp-has-aspect-ratio wp-embed-aspect-4-3\"><div class=\"wp-block-embed__wrapper\">\n<iframe loading=\"lazy\" title=\"1 de septiembre de 2020\" width=\"830\" height=\"467\" src=\"https:\/\/www.youtube.com\/embed\/t99DWbvgtqM?feature=oembed\" frameborder=\"0\" allow=\"accelerometer; autoplay; encrypted-media; gyroscope; picture-in-picture\" allowfullscreen><\/iframe>\n<\/div><\/figure>\n\n\n\n<p>Formulario Ticket de Salida Pensamiento Matem\u00e1tico:<\/p>\n<p style=\"text-align: center;\"><a href=\"https:\/\/docs.google.com\/forms\/d\/1yUGCUCEjvglt0lM7oE6O1BSNKsSaH7lXP53sKSoO2hw\/viewform?gxids=7757&amp;edit_requested=true\">https:\/\/docs.google.com\/forms\/d\/1yUGCUCEjvglt0lM7oE6O1BSNKsSaH7lXP53sKSoO2hw\/viewform?gxids=7757&amp;edit_requested=true<\/a><\/p>\n\n\n\n<div style=\"height:49px\" aria-hidden=\"true\" class=\"wp-block-spacer\"><\/div>\n\n\n\n<p><strong>Retroalimentaci\u00f3n <strong>Actividad Coorporalidad y Movimiento.<\/strong><\/strong><\/p>\n\n\n\n<p><a href=\"http:\/\/www.colegio-sanandres.cl\/wp-content\/uploads\/2020\/09\/Instrucciones-de-Trabajo-Pre-Kinder-Corporalidad-y-Movimiento.pdf\">Instrucciones de Trabajo Pre Kinder Coorporalidad y Movimiento.<\/a><\/p>\n\n\n\n<figure class=\"wp-block-embed-youtube wp-block-embed is-type-video is-provider-youtube wp-embed-aspect-16-9 wp-has-aspect-ratio\"><div class=\"wp-block-embed__wrapper\">\n<iframe loading=\"lazy\" title=\"Plegado barco\" width=\"830\" height=\"467\" src=\"https:\/\/www.youtube.com\/embed\/sglWNInyMeE?feature=oembed\" frameborder=\"0\" allow=\"accelerometer; autoplay; encrypted-media; gyroscope; picture-in-picture\" allowfullscreen><\/iframe>\n<\/div><\/figure>\n\n\n","protected":false},"excerpt":{"rendered":"<p>Retroalimentaci\u00f3n Actividad Lenguaje Verbal: Formulario Ticket de Salida Lenguaje Verbal: https:\/\/docs.google.com\/forms\/d\/e\/1FAIpQLScOUqy41FVFj8_os3gggxCBmtl5cSI6_YHEFTOiqzS38pU7Sg\/viewform?usp=sf_link Retroalimentaci\u00f3n Actividad Pensamiento Matem\u00e1tico. Instrucciones de Trabajo Pre Kinder Pensamiento Matem\u00e1tico. Formulario Ticket de Salida Pensamiento Matem\u00e1tico: https:\/\/docs.google.com\/forms\/d\/1yUGCUCEjvglt0lM7oE6O1BSNKsSaH7lXP53sKSoO2hw\/viewform?gxids=7757&amp;edit_requested=true Retroalimentaci\u00f3n Actividad Coorporalidad y Movimiento. Instrucciones de Trabajo Pre Kinder Coorporalidad y Movimiento.<\/p>\n","protected":false},"author":3,"featured_media":0,"parent":0,"menu_order":0,"comment_status":"closed","ping_status":"closed","template":"","meta":{"footnotes":""},"class_list":["post-5658","page","type-page","status-publish","hentry"],"amp_enabled":true,"_links":{"self":[{"href":"http:\/\/www.colegio-sanandres.cl\/index.php?rest_route=\/wp\/v2\/pages\/5658","targetHints":{"allow":["GET"]}}],"collection":[{"href":"http:\/\/www.colegio-sanandres.cl\/index.php?rest_route=\/wp\/v2\/pages"}],"about":[{"href":"http:\/\/www.colegio-sanandres.cl\/index.php?rest_route=\/wp\/v2\/types\/page"}],"author":[{"embeddable":true,"href":"http:\/\/www.colegio-sanandres.cl\/index.php?rest_route=\/wp\/v2\/users\/3"}],"replies":[{"embeddable":true,"href":"http:\/\/www.colegio-sanandres.cl\/index.php?rest_route=%2Fwp%2Fv2%2Fcomments&post=5658"}],"version-history":[{"count":2,"href":"http:\/\/www.colegio-sanandres.cl\/index.php?rest_route=\/wp\/v2\/pages\/5658\/revisions"}],"predecessor-version":[{"id":5664,"href":"http:\/\/www.colegio-sanandres.cl\/index.php?rest_route=\/wp\/v2\/pages\/5658\/revisions\/5664"}],"wp:attachment":[{"href":"http:\/\/www.colegio-sanandres.cl\/index.php?rest_route=%2Fwp%2Fv2%2Fmedia&parent=5658"}],"curies":[{"name":"wp","href":"https:\/\/api.w.org\/{rel}","templated":true}]}}