{"id":5665,"date":"2020-09-01T21:00:32","date_gmt":"2020-09-02T01:00:32","guid":{"rendered":"http:\/\/www.colegio-sanandres.cl\/?page_id=5665"},"modified":"2020-09-01T21:01:31","modified_gmt":"2020-09-02T01:01:31","slug":"kinder-2a-semana-retroalimentacion-2","status":"publish","type":"page","link":"http:\/\/www.colegio-sanandres.cl\/?page_id=5665","title":{"rendered":"K\u00cdNDER (2a Semana Retroalimentaci\u00f3n)"},"content":{"rendered":"\n<div style=\"height:20px\" aria-hidden=\"true\" class=\"wp-block-spacer\"><\/div>\n\n\n\n<p><strong>EDUCADORAS<\/strong>:<\/p>\n<p><strong>K\u00ednder A<\/strong>: Mar\u00eda Olga General \/ maria.general@colegio-sanandres.cl<\/p>\n<p><strong>K\u00ednder B: <\/strong>Margarita Conzue \/ margarita.conzue@colegio-sanandres.cl<\/p>\n<p style=\"text-align: justify;\"><span style=\"text-decoration: underline;\"><strong>IMPORTANTE<\/strong><\/span>: A partir de este Ciclo de Aprendizaje las Actividades pedag\u00f3gicas que ser\u00e1n presentadas a continuaci\u00f3n, aplicar\u00e1n para ambos cursos, sin distinci\u00f3n de K\u00ednder A o K\u00ednder B. Por tanto, los estudiantes deber\u00e1n realizar todas las actividades publicadas para el nivel.<\/p>\n\n\n\n<p style=\"text-align: justify;\"><strong><span style=\"text-decoration: underline;\">Retroalimentaci\u00f3n Actividad Pensamiento Matem\u00e1tico.<br><\/span><\/strong><\/p>\n\n\n\n<figure class=\"wp-block-embed-youtube wp-block-embed is-type-video is-provider-youtube wp-embed-aspect-16-9 wp-has-aspect-ratio\"><div class=\"wp-block-embed__wrapper\">\n<iframe loading=\"lazy\" title=\"Retroalimentaci\u00f3n de n\u00famero-Cantidad\" width=\"830\" height=\"467\" src=\"https:\/\/www.youtube.com\/embed\/fqWW8JdrAAo?feature=oembed\" frameborder=\"0\" allow=\"accelerometer; autoplay; encrypted-media; gyroscope; picture-in-picture\" allowfullscreen><\/iframe>\n<\/div><\/figure>\n\n\n\n<p>Formulario Ticket de Salida Pensamiento Matem\u00e1tico:<\/p>\n<p style=\"text-align: center;\"><a href=\"https:\/\/forms.gle\/rAd6b6r9PUmEcBHD8\">https:\/\/forms.gle\/rAd6b6r9PUmEcBHD8<\/a><\/p>\n\n\n\n<div style=\"height:69px\" aria-hidden=\"true\" class=\"wp-block-spacer\"><\/div>\n\n\n\n<p style=\"text-align: justify;\"><strong><span style=\"text-decoration: underline;\">Retroalimentaci\u00f3n Actividad<\/span><\/strong><span style=\"text-decoration: underline;\"><strong>&nbsp; Lenguaje Verbal.<\/strong><\/span><\/p>\n\n\n\n<figure class=\"wp-block-embed-youtube wp-block-embed is-type-video is-provider-youtube wp-embed-aspect-16-9 wp-has-aspect-ratio wp-embed-aspect-4-3\"><div class=\"wp-block-embed__wrapper\">\n<iframe loading=\"lazy\" title=\"Lenguaje k\u00ednder ,\" width=\"830\" height=\"623\" src=\"https:\/\/www.youtube.com\/embed\/Ebmr_tPK3A8?feature=oembed\" frameborder=\"0\" allow=\"accelerometer; autoplay; encrypted-media; gyroscope; picture-in-picture\" allowfullscreen><\/iframe>\n<\/div><\/figure>\n\n\n\n<p>Formulario Ticket de Salida Actividad Lenguaje Verbal:<\/p>\n<p style=\"text-align: center;\"><a href=\"https:\/\/docs.google.com\/forms\/d\/e\/1FAIpQLScFPw1B7EogTc9sdJhTzd3X7EdM1_WSARsr4KyeFs0UfPrjwA\/viewform?vc=0&amp;c=0&amp;w=1&amp;flr=0&amp;gxids=7757\">https:\/\/docs.google.com\/forms\/d\/e\/1FAIpQLScFPw1B7EogTc9sdJhTzd3X7EdM1_WSARsr4KyeFs0UfPrjwA\/viewform?vc=0&amp;c=0&amp;w=1&amp;flr=0&amp;gxids=7757<\/a><\/p>\n\n\n\n<div style=\"height:74px\" aria-hidden=\"true\" class=\"wp-block-spacer\"><\/div>\n\n\n\n<h4 style=\"text-align: center;\"><strong>PROYECTO DE INTEGRACI\u00d3N ESCOLAR (PIE).<\/strong><\/h4>\n<p style=\"text-align: center;\"><span style=\"text-decoration: underline;\"><strong>EDUCACI\u00d3N DIFERENCIAL<\/strong><\/span><\/p>\n<p><strong>EDUCADORAS<\/strong>:<\/p>\n<p><strong>K\u00ednder A<\/strong>: Yerka Curaz \/ yerka.curaz@colegio-sanandres.cl<\/p>\n<p><strong>K\u00ednder B: <\/strong>Denise Morales \/ denise.morales@colegio-sanandres.cl<\/p>\n\n\n\n<div style=\"height:20px\" aria-hidden=\"true\" class=\"wp-block-spacer\"><\/div>\n\n\n\n<h5 style=\"text-align: center;\"><strong>Retroalimentaci\u00f3n Actividad N\u00b01_ Educadora Diferencial.<\/strong><\/h5>\n\n\n\n<figure class=\"wp-block-embed-youtube wp-block-embed is-type-video is-provider-youtube wp-embed-aspect-16-9 wp-has-aspect-ratio\"><div class=\"wp-block-embed__wrapper\">\n<iframe loading=\"lazy\" title=\"Correcci\u00f3n y ticket kinder ciclo 24 de agosto\" width=\"830\" height=\"467\" src=\"https:\/\/www.youtube.com\/embed\/Phz5eRqlxjs?feature=oembed\" frameborder=\"0\" allow=\"accelerometer; autoplay; encrypted-media; gyroscope; picture-in-picture\" allowfullscreen><\/iframe>\n<\/div><\/figure>\n\n\n\n<p>Formulario Ticket de Salida Actividad N\u00b01:<\/p>\n<p style=\"text-align: center;\"><a href=\"https:\/\/forms.gle\/zvr8eYTxWHsFXrav5\">https:\/\/forms.gle\/zvr8eYTxWHsFXrav5<\/a><\/p>\n\n\n\n<div style=\"height:66px\" aria-hidden=\"true\" class=\"wp-block-spacer\"><\/div>\n\n\n\n<h5 style=\"text-align: center;\"><strong>Retroalimentaci\u00f3n Actividad N\u00b02_ Educadora Diferencial.<\/strong><\/h5>\n\n\n\n<figure class=\"wp-block-embed-youtube wp-block-embed is-type-video is-provider-youtube wp-embed-aspect-16-9 wp-has-aspect-ratio\"><div class=\"wp-block-embed__wrapper\">\n<iframe loading=\"lazy\" title=\"Retroalimentaci\u00f3n actividad kinder, 24\/08\/2020\" width=\"830\" height=\"467\" src=\"https:\/\/www.youtube.com\/embed\/IWDCPLoZW5Q?feature=oembed\" frameborder=\"0\" allow=\"accelerometer; autoplay; encrypted-media; gyroscope; picture-in-picture\" allowfullscreen><\/iframe>\n<\/div><\/figure>\n\n\n\n<p>Formulario Ticket de Salida Actividad N\u00b02:<\/p>\n<p style=\"text-align: center;\"><a href=\"https:\/\/forms.gle\/ZtZANKxew9HwKS8eA\">https:\/\/forms.gle\/ZtZANKxew9HwKS8eA<\/a><\/p>\n\n\n\n<div style=\"height:67px\" aria-hidden=\"true\" class=\"wp-block-spacer\"><\/div>\n\n\n\n<p><strong>FONOAUDIOLOG\u00cdA (PIE).<br><\/strong><\/p>\n<p style=\"text-align: justify;\"><span style=\"text-decoration: underline;\"><strong>Fonoaudi\u00f3loga<\/strong><\/span>: Valentina Gutierrez \/ valentina.gutierrez@colegio-sanandres.cl&nbsp;<\/p>\n\n\n\n<figure class=\"wp-block-embed-youtube wp-block-embed is-type-video is-provider-youtube wp-embed-aspect-16-9 wp-has-aspect-ratio wp-embed-aspect-4-3\"><div class=\"wp-block-embed__wrapper\">\n<iframe loading=\"lazy\" title=\"Retroalimentaci\u00f3n kinder fonoaudi\u00f3loga 02\/09\" width=\"830\" height=\"467\" src=\"https:\/\/www.youtube.com\/embed\/3tssOOCsiS0?feature=oembed\" frameborder=\"0\" allow=\"accelerometer; autoplay; encrypted-media; gyroscope; picture-in-picture\" allowfullscreen><\/iframe>\n<\/div><\/figure>\n\n\n\n<p>Formulario Ticket de Salida Actividad Fonoaudiolog\u00eda:<\/p>\n<p style=\"text-align: center;\"><a href=\"https:\/\/forms.gle\/tEGGxuaqjLSwoSU29\">https:\/\/forms.gle\/tEGGxuaqjLSwoSU29<\/a><\/p>\n","protected":false},"excerpt":{"rendered":"<p>EDUCADORAS: K\u00ednder A: Mar\u00eda Olga General \/ maria.general@colegio-sanandres.cl K\u00ednder B: Margarita Conzue \/ margarita.conzue@colegio-sanandres.cl IMPORTANTE: A partir de este Ciclo de Aprendizaje las Actividades pedag\u00f3gicas que ser\u00e1n presentadas a continuaci\u00f3n, aplicar\u00e1n para ambos cursos, sin distinci\u00f3n de K\u00ednder A o K\u00ednder B. Por tanto, los estudiantes deber\u00e1n realizar todas las actividades publicadas para el nivel. [&hellip;]<\/p>\n","protected":false},"author":3,"featured_media":0,"parent":0,"menu_order":0,"comment_status":"closed","ping_status":"closed","template":"","meta":{"footnotes":""},"class_list":["post-5665","page","type-page","status-publish","hentry"],"amp_enabled":true,"_links":{"self":[{"href":"http:\/\/www.colegio-sanandres.cl\/index.php?rest_route=\/wp\/v2\/pages\/5665","targetHints":{"allow":["GET"]}}],"collection":[{"href":"http:\/\/www.colegio-sanandres.cl\/index.php?rest_route=\/wp\/v2\/pages"}],"about":[{"href":"http:\/\/www.colegio-sanandres.cl\/index.php?rest_route=\/wp\/v2\/types\/page"}],"author":[{"embeddable":true,"href":"http:\/\/www.colegio-sanandres.cl\/index.php?rest_route=\/wp\/v2\/users\/3"}],"replies":[{"embeddable":true,"href":"http:\/\/www.colegio-sanandres.cl\/index.php?rest_route=%2Fwp%2Fv2%2Fcomments&post=5665"}],"version-history":[{"count":2,"href":"http:\/\/www.colegio-sanandres.cl\/index.php?rest_route=\/wp\/v2\/pages\/5665\/revisions"}],"predecessor-version":[{"id":5668,"href":"http:\/\/www.colegio-sanandres.cl\/index.php?rest_route=\/wp\/v2\/pages\/5665\/revisions\/5668"}],"wp:attachment":[{"href":"http:\/\/www.colegio-sanandres.cl\/index.php?rest_route=%2Fwp%2Fv2%2Fmedia&parent=5665"}],"curies":[{"name":"wp","href":"https:\/\/api.w.org\/{rel}","templated":true}]}}