{"id":5669,"date":"2020-09-01T21:08:33","date_gmt":"2020-09-02T01:08:33","guid":{"rendered":"http:\/\/www.colegio-sanandres.cl\/?page_id=5669"},"modified":"2020-09-01T21:09:37","modified_gmt":"2020-09-02T01:09:37","slug":"1o-basico-2a-semana-retroalimentacion-2","status":"publish","type":"page","link":"http:\/\/www.colegio-sanandres.cl\/?page_id=5669","title":{"rendered":"1\u00ba B\u00c1SICO (2a Semana Retroalimentaci\u00f3n)"},"content":{"rendered":"\n<h4>Retroalimentaci\u00f3n&nbsp; 1\u00b0 B\u00e1sico <strong>Lenguaje<\/strong><\/h4>\n<p>Profesora:<\/p>\n<p>Carolina Ortiz \/ carolina.ortiz@colegio-sanandres.cl<\/p>\n\n\n\n<figure class=\"wp-block-embed-youtube wp-block-embed is-type-video is-provider-youtube wp-embed-aspect-16-9 wp-has-aspect-ratio\"><div class=\"wp-block-embed__wrapper\">\n<iframe loading=\"lazy\" title=\"retroalimentacio\u0301n lenguaje y Comunicaci\u00f3n - semana 31 de agosto\" width=\"830\" height=\"467\" src=\"https:\/\/www.youtube.com\/embed\/cByp5jJKN94?feature=oembed\" frameborder=\"0\" allow=\"accelerometer; autoplay; encrypted-media; gyroscope; picture-in-picture\" allowfullscreen><\/iframe>\n<\/div><\/figure>\n\n\n\n<p>Formulario Ticket de Salida Actividad Lenguaje:<\/p>\n<p style=\"text-align: center;\"><a href=\"https:\/\/forms.gle\/8xgym87bWwNsRLLN6\">https:\/\/forms.gle\/8xgym87bWwNsRLLN6<\/a><\/p>\n\n\n\n<div style=\"height:61px\" aria-hidden=\"true\" class=\"wp-block-spacer\"><\/div>\n\n\n\n<h4>Retroalimentaci\u00f3n 1\u00b0 B\u00e1sico <strong>Matem\u00e1tica<\/strong><\/h4>\n<p>Profesora: Romina Olguin \/ romina.olguin@colegio-sanandres.cl<\/p>\n\n\n\n<p><a href=\"http:\/\/www.colegio-sanandres.cl\/wp-content\/uploads\/2020\/09\/Solucionario-1\u00b0-B\u00e1sico-Matem\u00e1ticas.pdf\">Solucionario 1\u00b0 B\u00e1sico Matem\u00e1tica.<\/a><\/p>\n\n\n\n<figure class=\"wp-block-embed-youtube wp-block-embed is-type-video is-provider-youtube wp-embed-aspect-16-9 wp-has-aspect-ratio wp-embed-aspect-4-3\"><div class=\"wp-block-embed__wrapper\">\n<iframe loading=\"lazy\" title=\"Retroalimentaci\u00f3n Matem\u00e1ticas 1ero b\u00e1sico semana 2 de septiembre\" width=\"830\" height=\"467\" src=\"https:\/\/www.youtube.com\/embed\/ucqp_OhH0hw?feature=oembed\" frameborder=\"0\" allow=\"accelerometer; autoplay; encrypted-media; gyroscope; picture-in-picture\" allowfullscreen><\/iframe>\n<\/div><\/figure>\n\n\n\n<p>Formulario Ticket de Salida Actividad Matem\u00e1tica:<\/p>\n<p style=\"text-align: center;\"><a href=\"https:\/\/forms.gle\/nDLhYbhaTBeNSDm7A\">https:\/\/forms.gle\/nDLhYbhaTBeNSDm7A<\/a><\/p>\n\n\n\n<div style=\"height:59px\" aria-hidden=\"true\" class=\"wp-block-spacer\"><\/div>\n\n\n\n<h4>Retroalimentaci\u00f3n 1\u00b0 B\u00e1sico<strong> Historia<\/strong><\/h4>\n<p>Profesora:<\/p>\n<p>Carolina Ortiz \/ carolina.ortiz@colegio-sanandres.cl<\/p>\n\n\n\n<figure class=\"wp-block-embed-youtube wp-block-embed is-type-video is-provider-youtube wp-embed-aspect-16-9 wp-has-aspect-ratio wp-embed-aspect-4-3\"><div class=\"wp-block-embed__wrapper\">\n<iframe loading=\"lazy\" title=\"retroalimentacio\u0301n Historia, Sociales y Geograf\u00eda - semana 31 de agosto\" width=\"830\" height=\"467\" src=\"https:\/\/www.youtube.com\/embed\/JXuHdF1c4bE?feature=oembed\" frameborder=\"0\" allow=\"accelerometer; autoplay; encrypted-media; gyroscope; picture-in-picture\" allowfullscreen><\/iframe>\n<\/div><\/figure>\n\n\n\n<p>Formulario Ticket de Salida Actividad Historia:<\/p>\n<p style=\"text-align: center;\"><a href=\"https:\/\/forms.gle\/8JtNLFbRAgh8AmKv7\">https:\/\/forms.gle\/8JtNLFbRAgh8AmKv7<\/a><\/p>\n\n\n\n<div style=\"height:64px\" aria-hidden=\"true\" class=\"wp-block-spacer\"><\/div>\n\n\n\n<h4>Retroalimentaci\u00f3n 1\u00b0 B\u00e1sico<strong> Ciencias Naturales<\/strong><\/h4>\n<p>Profesora: Romina Olguin \/ romina.olguin@colegio-sanandres.cl<\/p>\n\n\n\n<p><a href=\"http:\/\/www.colegio-sanandres.cl\/wp-content\/uploads\/2020\/09\/Solucionario-1\u00b0-B\u00e1sico-Ciencias.pdf\">Solucionario 1\u00b0 B\u00e1sico Ciencias Naturales.<\/a><\/p>\n\n\n\n<figure class=\"wp-block-embed-youtube wp-block-embed is-type-video is-provider-youtube wp-embed-aspect-16-9 wp-has-aspect-ratio wp-embed-aspect-4-3\"><div class=\"wp-block-embed__wrapper\">\n<iframe loading=\"lazy\" title=\"Retroalimentaci\u00f3n Ciencias 1ero b\u00e1sico semana 2 de septiembre\" width=\"830\" height=\"467\" src=\"https:\/\/www.youtube.com\/embed\/rLmlOBtWNb8?feature=oembed\" frameborder=\"0\" allow=\"accelerometer; autoplay; encrypted-media; gyroscope; picture-in-picture\" allowfullscreen><\/iframe>\n<\/div><\/figure>\n\n\n\n<p>Formulario Ticket de Salida Actividad Ciencias Naturales:<\/p>\n<p style=\"text-align: center;\"><a href=\"https:\/\/forms.gle\/HtX6CcKDMZHGeHg9A\">https:\/\/forms.gle\/HtX6CcKDMZHGeHg9A<\/a><\/p>\n\n\n\n<div style=\"height:67px\" aria-hidden=\"true\" class=\"wp-block-spacer\"><\/div>\n\n\n\n<h4>Retroalimentaci\u00f3n 1\u00b0 B\u00e1sico<strong> Educaci\u00f3n F\u00edsica<\/strong><\/h4>\n<p>Profesor: Jonathan Ibacache \/ jonathan.ibacache@colegio-sanandres.cl<\/p>\n\n\n\n<figure class=\"wp-block-embed-youtube wp-block-embed is-type-video is-provider-youtube wp-embed-aspect-16-9 wp-has-aspect-ratio\"><div class=\"wp-block-embed__wrapper\">\n<iframe loading=\"lazy\" title=\"RETROALIMENTACION DESAFIOS 3, 1RO BA\u0301SICO\" width=\"830\" height=\"467\" src=\"https:\/\/www.youtube.com\/embed\/meO_xGuush4?feature=oembed\" frameborder=\"0\" allow=\"accelerometer; autoplay; encrypted-media; gyroscope; picture-in-picture\" allowfullscreen><\/iframe>\n<\/div><\/figure>\n\n\n\n<p>Formulario Ticket de Salida Actividad Educaci\u00f3n F\u00edsica:<\/p>\n<p style=\"text-align: center;\"><a href=\"https:\/\/forms.gle\/RmtgJeyMLi1kGrft5\">https:\/\/forms.gle\/RmtgJeyMLi1kGrft5<\/a><\/p>\n\n\n\n<div style=\"height:83px\" aria-hidden=\"true\" class=\"wp-block-spacer\"><\/div>\n\n\n\n<h3 style=\"text-align: center;\"><strong>PROYECTO DE INTEGRACI\u00d3N ESCOLAR (PIE)<\/strong><\/h3>\n\n\n\n<div style=\"height:23px\" aria-hidden=\"true\" class=\"wp-block-spacer\"><\/div>\n\n\n\n<h4>Retroalimentaci\u00f3n 1\u00b0 B\u00e1sico Educadora Diferencial.<\/h4>\n<p style=\"text-align: justify;\"><strong>Educadora Diferencial<\/strong>: Denise Morales \/ denise.morales@colegio-sanandres.cl<\/p>\n\n\n\n<figure class=\"wp-block-embed-youtube wp-block-embed is-type-video is-provider-youtube wp-embed-aspect-16-9 wp-has-aspect-ratio wp-embed-aspect-4-3\"><div class=\"wp-block-embed__wrapper\">\n<iframe loading=\"lazy\" title=\"Correcci\u00f3n y ticket primero b\u00e1sico ciclo 24 de agosto\" width=\"830\" height=\"467\" src=\"https:\/\/www.youtube.com\/embed\/foZw_fYSj0w?feature=oembed\" frameborder=\"0\" allow=\"accelerometer; autoplay; encrypted-media; gyroscope; picture-in-picture\" allowfullscreen><\/iframe>\n<\/div><\/figure>\n\n\n\n<p>Formulario Ticket de Salida Actividad Educaci\u00f3n Diferencial<\/p>\n<p style=\"text-align: center;\"><a href=\"https:\/\/forms.gle\/hBbqg1LKfXB4SFTR6\">https:\/\/forms.gle\/hBbqg1LKfXB4SFTR6<\/a><\/p>\n\n\n\n<div style=\"height:62px\" aria-hidden=\"true\" class=\"wp-block-spacer\"><\/div>\n\n\n\n<h4>Retroalimentaci\u00f3n 1\u00b0 B\u00e1sico Fonoaudi\u00f3loga.<\/h4>\n<p style=\"text-align: justify;\"><strong>Fonoaudi\u00f3loga<\/strong>: Valentina Gutierrez \/ valentina.gutierrez@colegio-sanandres.cl&nbsp;<\/p>\n\n\n\n<figure class=\"wp-block-embed-youtube wp-block-embed is-type-video is-provider-youtube wp-embed-aspect-16-9 wp-has-aspect-ratio wp-embed-aspect-4-3\"><div class=\"wp-block-embed__wrapper\">\n<iframe loading=\"lazy\" title=\"Retroalimentaci\u00f3n 1\u00ba b\u00e1sico fonoaudi\u00f3loga 02\/09\" width=\"830\" height=\"467\" src=\"https:\/\/www.youtube.com\/embed\/NNiH1GQJ8aw?feature=oembed\" frameborder=\"0\" allow=\"accelerometer; autoplay; encrypted-media; gyroscope; picture-in-picture\" allowfullscreen><\/iframe>\n<\/div><\/figure>\n\n\n\n<p>Formulario Ticket de Salida Actividad Fonoaudiolog\u00eda<\/p>\n<p style=\"text-align: center;\"><a href=\"https:\/\/forms.gle\/xDA9NeDUxYF9kiiT8\">https:\/\/forms.gle\/xDA9NeDUxYF9kiiT8<\/a><\/p>\n\n\n\n<div style=\"height:43px\" aria-hidden=\"true\" class=\"wp-block-spacer\"><\/div>\n","protected":false},"excerpt":{"rendered":"<p>Retroalimentaci\u00f3n&nbsp; 1\u00b0 B\u00e1sico Lenguaje Profesora: Carolina Ortiz \/ carolina.ortiz@colegio-sanandres.cl Formulario Ticket de Salida Actividad Lenguaje: https:\/\/forms.gle\/8xgym87bWwNsRLLN6 Retroalimentaci\u00f3n 1\u00b0 B\u00e1sico Matem\u00e1tica Profesora: Romina Olguin \/ romina.olguin@colegio-sanandres.cl Solucionario 1\u00b0 B\u00e1sico Matem\u00e1tica. Formulario Ticket de Salida Actividad Matem\u00e1tica: https:\/\/forms.gle\/nDLhYbhaTBeNSDm7A Retroalimentaci\u00f3n 1\u00b0 B\u00e1sico Historia Profesora: Carolina Ortiz \/ carolina.ortiz@colegio-sanandres.cl Formulario Ticket de Salida Actividad Historia: https:\/\/forms.gle\/8JtNLFbRAgh8AmKv7 Retroalimentaci\u00f3n 1\u00b0 B\u00e1sico [&hellip;]<\/p>\n","protected":false},"author":3,"featured_media":0,"parent":0,"menu_order":0,"comment_status":"closed","ping_status":"closed","template":"","meta":{"footnotes":""},"class_list":["post-5669","page","type-page","status-publish","hentry"],"amp_enabled":true,"_links":{"self":[{"href":"http:\/\/www.colegio-sanandres.cl\/index.php?rest_route=\/wp\/v2\/pages\/5669","targetHints":{"allow":["GET"]}}],"collection":[{"href":"http:\/\/www.colegio-sanandres.cl\/index.php?rest_route=\/wp\/v2\/pages"}],"about":[{"href":"http:\/\/www.colegio-sanandres.cl\/index.php?rest_route=\/wp\/v2\/types\/page"}],"author":[{"embeddable":true,"href":"http:\/\/www.colegio-sanandres.cl\/index.php?rest_route=\/wp\/v2\/users\/3"}],"replies":[{"embeddable":true,"href":"http:\/\/www.colegio-sanandres.cl\/index.php?rest_route=%2Fwp%2Fv2%2Fcomments&post=5669"}],"version-history":[{"count":2,"href":"http:\/\/www.colegio-sanandres.cl\/index.php?rest_route=\/wp\/v2\/pages\/5669\/revisions"}],"predecessor-version":[{"id":5674,"href":"http:\/\/www.colegio-sanandres.cl\/index.php?rest_route=\/wp\/v2\/pages\/5669\/revisions\/5674"}],"wp:attachment":[{"href":"http:\/\/www.colegio-sanandres.cl\/index.php?rest_route=%2Fwp%2Fv2%2Fmedia&parent=5669"}],"curies":[{"name":"wp","href":"https:\/\/api.w.org\/{rel}","templated":true}]}}