{"id":5688,"date":"2020-09-01T21:41:30","date_gmt":"2020-09-02T01:41:30","guid":{"rendered":"http:\/\/www.colegio-sanandres.cl\/?page_id=5688"},"modified":"2020-09-01T21:41:30","modified_gmt":"2020-09-02T01:41:30","slug":"4o-basico-2a-semana-retroalimentacion-2","status":"publish","type":"page","link":"http:\/\/www.colegio-sanandres.cl\/?page_id=5688","title":{"rendered":"4\u00ba B\u00c1SICO (2a Semana Retroalimentaci\u00f3n)"},"content":{"rendered":"\n<h4>Retroalimentaci\u00f3n&nbsp; 4\u00b0 B\u00e1sico <strong>Lenguaje<\/strong><\/h4>\n<p>Profesora: Camila Ortiz \/ camila.ortiz@colegio-sanandres.cl<\/p>\n\n\n\n<figure class=\"wp-block-embed-youtube wp-block-embed is-type-video is-provider-youtube wp-embed-aspect-16-9 wp-has-aspect-ratio\"><div class=\"wp-block-embed__wrapper\">\n<iframe loading=\"lazy\" title=\"4to ba\u0301sico lenguaje leyenda y mito\" width=\"830\" height=\"467\" src=\"https:\/\/www.youtube.com\/embed\/fwMQxa2dQU4?feature=oembed\" frameborder=\"0\" allow=\"accelerometer; autoplay; encrypted-media; gyroscope; picture-in-picture\" allowfullscreen><\/iframe>\n<\/div><\/figure>\n\n\n\n<p>Formulario Ticket de Salida Lenguaje:<\/p>\n<p style=\"text-align: center;\"><a href=\"https:\/\/forms.gle\/jeQCkbmNfhBsLdNQ7\">https:\/\/forms.gle\/jeQCkbmNfhBsLdNQ7<\/a><\/p>\n\n\n\n<div style=\"height:59px\" aria-hidden=\"true\" class=\"wp-block-spacer\"><\/div>\n\n\n\n<h4>Retroalimentaci\u00f3n\u00a0 4\u00b0 B\u00e1sico <strong>Matem\u00e1tica<\/strong><\/h4>\n<p>Profesor: Manuel Hevia \/ manuel.hevia@colegio-sanandres.cl\u00a0<\/p>\n<p><a href=\"http:\/\/www.colegio-sanandres.cl\/wp-content\/uploads\/2020\/09\/Solucionario-4\u00b0-B\u00e1sico-Matem\u00e1ticas.pdf\">Solucionario 4\u00b0 B\u00e1sico Matem\u00e1ticas.<\/a><\/p>\n\n\n\n<figure class=\"wp-block-embed-youtube wp-block-embed is-type-video is-provider-youtube wp-embed-aspect-16-9 wp-has-aspect-ratio\"><div class=\"wp-block-embed__wrapper\">\n<iframe loading=\"lazy\" title=\"4\u00b0 B\u00e1sico: Clase 10 (Retroalimentacion) Vistas de figuras 3D \/ Ubicaci\u00f3n absoluta y relativa.\" width=\"830\" height=\"467\" src=\"https:\/\/www.youtube.com\/embed\/6LR1Vm7RunE?feature=oembed\" frameborder=\"0\" allow=\"accelerometer; autoplay; encrypted-media; gyroscope; picture-in-picture\" allowfullscreen><\/iframe>\n<\/div><\/figure>\n\n\n\n<p>Formulario Ticket de Salida Matem\u00e1tica:<\/p>\n<p style=\"text-align: center;\"><a href=\"https:\/\/forms.gle\/GcQ26T11oPmVJYjEA\">https:\/\/forms.gle\/GcQ26T11oPmVJYjEA<\/a><\/p>\n\n\n\n<div style=\"height:48px\" aria-hidden=\"true\" class=\"wp-block-spacer\"><\/div>\n\n\n\n<h4>Retroalimentaci\u00f3n 4\u00b0 B\u00e1sico<strong>\u00a0Historia<\/strong><\/h4>\n<p>Profesora: \u00c1lvaro Pino \/ alvaro.pino@colegio-sanandres.cl<\/p>\n<p><a href=\"http:\/\/www.colegio-sanandres.cl\/wp-content\/uploads\/2020\/09\/Solucionario-4\u00b0-B\u00e1sico-Historia.pdf\">Solucionario 4\u00b0 B\u00e1sico Historia.<\/a><\/p>\n\n\n\n<figure class=\"wp-block-embed-youtube wp-block-embed is-type-video is-provider-youtube wp-embed-aspect-16-9 wp-has-aspect-ratio\"><div class=\"wp-block-embed__wrapper\">\n<iframe loading=\"lazy\" title=\"Retroalimentaci\u00f3n Historia 4\u00b0 B\u00e1sico\" width=\"830\" height=\"467\" src=\"https:\/\/www.youtube.com\/embed\/p02FEgds3no?feature=oembed\" frameborder=\"0\" allow=\"accelerometer; autoplay; encrypted-media; gyroscope; picture-in-picture\" allowfullscreen><\/iframe>\n<\/div><\/figure>\n\n\n\n<p>Formulario Ticket de Salida Historia:<\/p>\n<p style=\"text-align: center;\"><a href=\"https:\/\/forms.gle\/RJUbzcSdXDF9peNk8\">https:\/\/forms.gle\/RJUbzcSdXDF9peNk8<\/a><\/p>\n\n\n\n<div style=\"height:53px\" aria-hidden=\"true\" class=\"wp-block-spacer\"><\/div>\n\n\n\n<h4>Retroalimentaci\u00f3n 4\u00b0 B\u00e1sico<strong>&nbsp;Ciencias Naturales<\/strong><\/h4>\n<p>Profesora: M\u00f3nica Maldonado \/ monica.maldonado@colegio-sanandres.cl<\/p>\n\n\n\n<h5><a href=\"http:\/\/www.colegio-sanandres.cl\/wp-content\/uploads\/2020\/09\/Solucionario-4\u00b0-B\u00e1sico-Ciencias.pdf\">Solucionario 4\u00b0 B\u00e1sico Ciencias Naturales.<\/a><\/h5>\n\n\n\n<figure class=\"wp-block-embed-youtube wp-block-embed is-type-video is-provider-youtube wp-embed-aspect-16-9 wp-has-aspect-ratio\"><div class=\"wp-block-embed__wrapper\">\n<iframe loading=\"lazy\" title=\"Efectos de fuerza en el movimiento\" width=\"830\" height=\"467\" src=\"https:\/\/www.youtube.com\/embed\/o11SvCtKFLg?feature=oembed\" frameborder=\"0\" allow=\"accelerometer; autoplay; encrypted-media; gyroscope; picture-in-picture\" allowfullscreen><\/iframe>\n<\/div><\/figure>\n\n\n\n<p>Formulario Ticket de Salida Ciencias Naturales:<\/p>\n<p style=\"text-align: center;\"><a href=\"https:\/\/forms.gle\/fmfxM32VXjJaQJ3x7\">https:\/\/forms.gle\/fmfxM32VXjJaQJ3x7<\/a><\/p>\n\n\n\n<div style=\"height:43px\" aria-hidden=\"true\" class=\"wp-block-spacer\"><\/div>\n\n\n\n<h4>Retroalimentaci\u00f3n 4\u00b0 B\u00e1sico<strong>\u00a0Ingl\u00e9s<\/strong><\/h4>\n<p>Profesora: Patricia Catal\u00e1n \/ patricia.catalan@colegio-sanandres.cl<\/p>\n<p><a href=\"http:\/\/www.colegio-sanandres.cl\/wp-content\/uploads\/2020\/09\/Presentaci\u00f3n-PPT-4\u00b0-B\u00e1sico-Ingl\u00e9s.pdf\">Solucionario 4\u00b0 B\u00e1sico Ingl\u00e9s.<\/a><\/p>\n\n\n\n<figure class=\"wp-block-embed-youtube wp-block-embed is-type-video is-provider-youtube wp-embed-aspect-16-9 wp-has-aspect-ratio\"><div class=\"wp-block-embed__wrapper\">\n<iframe loading=\"lazy\" title=\"Retroalimentaci\u00f3n Ingl\u00e9s - 4\u00b0 b\u00e1sico\" width=\"830\" height=\"467\" src=\"https:\/\/www.youtube.com\/embed\/buQxj1uHoAE?feature=oembed\" frameborder=\"0\" allow=\"accelerometer; autoplay; encrypted-media; gyroscope; picture-in-picture\" allowfullscreen><\/iframe>\n<\/div><\/figure>\n\n\n\n<p>Formulario Ticket de Salida Ingl\u00e9s:<\/p>\n<p style=\"text-align: center;\"><a href=\"https:\/\/forms.gle\/pSKzDg6H6ZZ4U65p6\">https:\/\/forms.gle\/pSKzDg6H6ZZ4U65p6<\/a><\/p>\n\n\n\n<div style=\"height:47px\" aria-hidden=\"true\" class=\"wp-block-spacer\"><\/div>\n\n\n\n<h4>Retroalimentaci\u00f3n 4\u00b0 B\u00e1sico<strong>\u00a0M\u00fasica<\/strong><\/h4>\n<p>Profesor: Cristian Chac\u00f3n \/ cristian.chacon@colegio-sanandres.cl<\/p>\n<p><a href=\"http:\/\/www.colegio-sanandres.cl\/wp-content\/uploads\/2020\/09\/R\u00fabrica-4\u00b0-B\u00e1sico-M\u00fasica.pdf\">R\u00fabrica 4\u00b0 B\u00e1sico M\u00fasica.<\/a><\/p>\n\n\n\n<figure class=\"wp-block-embed-youtube wp-block-embed is-type-video is-provider-youtube wp-embed-aspect-16-9 wp-has-aspect-ratio\"><div class=\"wp-block-embed__wrapper\">\n<iframe loading=\"lazy\" title=\"4to basico retroalimentacion guia 11\" width=\"830\" height=\"467\" src=\"https:\/\/www.youtube.com\/embed\/KYEfgE_2fCA?feature=oembed\" frameborder=\"0\" allow=\"accelerometer; autoplay; encrypted-media; gyroscope; picture-in-picture\" allowfullscreen><\/iframe>\n<\/div><\/figure>\n\n\n\n<p>Formulario Ticket de Salida M\u00fasica:<\/p>\n<p style=\"text-align: center;\"><a href=\"https:\/\/forms.gle\/6SUZtJegCYtTaV3h9\">https:\/\/forms.gle\/6SUZtJegCYtTaV3h9<\/a><\/p>\n\n\n\n<div style=\"height:52px\" aria-hidden=\"true\" class=\"wp-block-spacer\"><\/div>\n\n\n\n<h4>Retroalimentaci\u00f3n 4\u00b0 B\u00e1sico<strong>&nbsp;Educaci\u00f3n F\u00edsica<\/strong><\/h4>\n<p>Profesora: Mar\u00eda Alejandra La Paz \/ alejandra.lapaz@colegio-sanandres.cl<\/p>\n\n\n\n<figure class=\"wp-block-embed-youtube wp-block-embed is-type-video is-provider-youtube wp-embed-aspect-16-9 wp-has-aspect-ratio\"><div class=\"wp-block-embed__wrapper\">\n<iframe loading=\"lazy\" title=\"Retroalimentaci\u00f3n Juegos de Coordinaci\u00f3n Oculo Podal (ojo- pie) 4\u00b0 B\u00e1sico\" width=\"830\" height=\"467\" src=\"https:\/\/www.youtube.com\/embed\/io8-fKG1-DE?feature=oembed\" frameborder=\"0\" allow=\"accelerometer; autoplay; encrypted-media; gyroscope; picture-in-picture\" allowfullscreen><\/iframe>\n<\/div><\/figure>\n\n\n\n<p>Formulario Ticket de Salida Educaci\u00f3n F\u00edsica:<\/p>\n<p style=\"text-align: center;\"><a href=\"https:\/\/forms.gle\/ELiyD3d4mC6yuptFA\">https:\/\/forms.gle\/ELiyD3d4mC6yuptFA<\/a><\/p>\n\n\n\n<div style=\"height:86px\" aria-hidden=\"true\" class=\"wp-block-spacer\"><\/div>\n\n\n\n<h3><strong>PROYECTO DE INTEGRACI\u00d3N ESCOLAR (PIE)<\/strong><\/h3>\n<pre>&nbsp;<\/pre>\n<h4 style=\"text-align: center;\">Retroalimentaci\u00f3n 4\u00b0 B\u00e1sico Educadora Diferencial.<\/h4>\n<p><strong>Educadora Diferencial<\/strong>: Yerka Markic \/ yerka.markic@colegio-sanandres.cl<\/p>\n<figure class=\"wp-block-embed-youtube wp-block-embed is-type-video is-provider-youtube wp-embed-aspect-16-9 wp-has-aspect-ratio wp-embed-aspect-4-3\"><\/figure>\n\n\n\n<figure class=\"wp-block-embed-youtube wp-block-embed is-type-video is-provider-youtube wp-embed-aspect-16-9 wp-has-aspect-ratio wp-embed-aspect-4-3\"><div class=\"wp-block-embed__wrapper\">\n<iframe loading=\"lazy\" title=\"RETROALIMENTACI\u00d3N  LEYENDAS\" width=\"830\" height=\"467\" src=\"https:\/\/www.youtube.com\/embed\/SUYPkb1dM2g?feature=oembed\" frameborder=\"0\" allow=\"accelerometer; autoplay; encrypted-media; gyroscope; picture-in-picture\" allowfullscreen><\/iframe>\n<\/div><\/figure>\n\n\n\n<p style=\"text-align: left;\">Formulario Ticket de Salida Educaci\u00f3n Diferencial:<\/p>\n<p style=\"text-align: center;\"><a href=\"https:\/\/forms.gle\/BH2SDx684UEdkuFK6\">https:\/\/forms.gle\/BH2SDx684UEdkuFK6<\/a><\/p>\n","protected":false},"excerpt":{"rendered":"<p>Retroalimentaci\u00f3n&nbsp; 4\u00b0 B\u00e1sico Lenguaje Profesora: Camila Ortiz \/ camila.ortiz@colegio-sanandres.cl Formulario Ticket de Salida Lenguaje: https:\/\/forms.gle\/jeQCkbmNfhBsLdNQ7 Retroalimentaci\u00f3n\u00a0 4\u00b0 B\u00e1sico Matem\u00e1tica Profesor: Manuel Hevia \/ manuel.hevia@colegio-sanandres.cl\u00a0 Solucionario 4\u00b0 B\u00e1sico Matem\u00e1ticas. Formulario Ticket de Salida Matem\u00e1tica: https:\/\/forms.gle\/GcQ26T11oPmVJYjEA Retroalimentaci\u00f3n 4\u00b0 B\u00e1sico\u00a0Historia Profesora: \u00c1lvaro Pino \/ alvaro.pino@colegio-sanandres.cl Solucionario 4\u00b0 B\u00e1sico Historia. Formulario Ticket de Salida Historia: https:\/\/forms.gle\/RJUbzcSdXDF9peNk8 Retroalimentaci\u00f3n 4\u00b0 B\u00e1sico&nbsp;Ciencias [&hellip;]<\/p>\n","protected":false},"author":3,"featured_media":0,"parent":0,"menu_order":0,"comment_status":"closed","ping_status":"closed","template":"","meta":{"footnotes":""},"class_list":["post-5688","page","type-page","status-publish","hentry"],"amp_enabled":true,"_links":{"self":[{"href":"http:\/\/www.colegio-sanandres.cl\/index.php?rest_route=\/wp\/v2\/pages\/5688","targetHints":{"allow":["GET"]}}],"collection":[{"href":"http:\/\/www.colegio-sanandres.cl\/index.php?rest_route=\/wp\/v2\/pages"}],"about":[{"href":"http:\/\/www.colegio-sanandres.cl\/index.php?rest_route=\/wp\/v2\/types\/page"}],"author":[{"embeddable":true,"href":"http:\/\/www.colegio-sanandres.cl\/index.php?rest_route=\/wp\/v2\/users\/3"}],"replies":[{"embeddable":true,"href":"http:\/\/www.colegio-sanandres.cl\/index.php?rest_route=%2Fwp%2Fv2%2Fcomments&post=5688"}],"version-history":[{"count":1,"href":"http:\/\/www.colegio-sanandres.cl\/index.php?rest_route=\/wp\/v2\/pages\/5688\/revisions"}],"predecessor-version":[{"id":5694,"href":"http:\/\/www.colegio-sanandres.cl\/index.php?rest_route=\/wp\/v2\/pages\/5688\/revisions\/5694"}],"wp:attachment":[{"href":"http:\/\/www.colegio-sanandres.cl\/index.php?rest_route=%2Fwp%2Fv2%2Fmedia&parent=5688"}],"curies":[{"name":"wp","href":"https:\/\/api.w.org\/{rel}","templated":true}]}}