{"id":5839,"date":"2020-09-20T19:03:11","date_gmt":"2020-09-20T22:03:11","guid":{"rendered":"http:\/\/www.colegio-sanandres.cl\/?page_id=5839"},"modified":"2020-09-20T19:04:19","modified_gmt":"2020-09-20T22:04:19","slug":"kinder-semana-1-nuevo-aprendizaje-2","status":"publish","type":"page","link":"http:\/\/www.colegio-sanandres.cl\/?page_id=5839","title":{"rendered":"K\u00cdNDER (Semana 1: Nuevo Aprendizaje)"},"content":{"rendered":"\n<div style=\"height:20px\" aria-hidden=\"true\" class=\"wp-block-spacer\"><\/div>\n\n\n\n<p><strong>EDUCADORAS<\/strong>:<\/p>\n<p><strong>K\u00ednder A<\/strong>: Mar\u00eda Olga General \/ maria.general@colegio-sanandres.cl<\/p>\n<p><strong>K\u00ednder B: <\/strong>Margarita Conzue \/ margarita.conzue@colegio-sanandres.cl<\/p>\n\n\n\n<div style=\"height:20px\" aria-hidden=\"true\" class=\"wp-block-spacer\"><\/div>\n\n\n\n<h5 style=\"text-align: justify;\"><strong>Explicaci\u00f3n Actividad N\u00b01:<\/strong><strong> Pensamiento Matem\u00e1tico.<br><\/strong><\/h5>\n<p><a href=\"http:\/\/www.colegio-sanandres.cl\/wp-content\/uploads\/2020\/09\/Instrucciones-de-Trabajo-Kinder-Pensamiento-Matem\u00e1tico.pdf\">Instrucciones de Trabajo&nbsp; Kinder Pensamiento Matem\u00e1tico.<\/a><\/p>\n\n\n\n<figure class=\"wp-block-embed-youtube wp-block-embed is-type-video is-provider-youtube wp-embed-aspect-16-9 wp-has-aspect-ratio\"><div class=\"wp-block-embed__wrapper\">\n<iframe loading=\"lazy\" title=\"Comparando cantidades\" width=\"830\" height=\"467\" src=\"https:\/\/www.youtube.com\/embed\/npt52vEVxkY?feature=oembed\" frameborder=\"0\" allow=\"accelerometer; autoplay; clipboard-write; encrypted-media; gyroscope; picture-in-picture\" allowfullscreen><\/iframe>\n<\/div><figcaption>Video Explicativo Actividades N\u00ba1:  Pensamiento Matem\u00e1tico.<\/figcaption><\/figure>\n\n\n\n<p><iframe loading=\"lazy\" title=\"K&amp;iacute;nder - Pens. matem&amp;aacute;tico - Semana 16 - D&amp;iacute;a 1\" src=\"https:\/\/player.vimeo.com\/video\/437276258?dnt=1&amp;app_id=122963\" width=\"426\" height=\"240\" frameborder=\"0\" allow=\"autoplay; fullscreen\" allowfullscreen><\/iframe><\/p>\n<p><iframe loading=\"lazy\" title=\"K&amp;iacute;nder - Pens matem&amp;aacute;tico - Semana 18 - D&amp;iacute;a 5\" src=\"https:\/\/player.vimeo.com\/video\/440041290?dnt=1&amp;app_id=122963\" width=\"830\" height=\"467\" frameborder=\"0\" allow=\"autoplay; fullscreen\" allowfullscreen><\/iframe><\/p>\n\n\n\n<p>&nbsp;<\/p>\n<p><strong><span style=\"text-decoration: underline;\">Actividad N\u00ba2<\/span>_Exploraci\u00f3n del entorno natural.<\/strong><\/p>\n<p><a href=\"http:\/\/www.colegio-sanandres.cl\/wp-content\/uploads\/2020\/09\/Instrucciones-de-Trabajo-Kinder-Exploraci\u00f3n-del-Medio.pdf\">Instrucciones de Trabajo Kinder Exploraci\u00f3n del Entorno Natural.<\/a><\/p>\n<p><iframe loading=\"lazy\" title=\"El agua\" width=\"830\" height=\"467\" src=\"https:\/\/www.youtube.com\/embed\/xi_CfVOmRcY?feature=oembed\" frameborder=\"0\" allow=\"accelerometer; autoplay; clipboard-write; encrypted-media; gyroscope; picture-in-picture\" allowfullscreen><\/iframe><\/p>\n<p>&nbsp;<\/p>\n<p><iframe loading=\"lazy\" title=\"K&amp;iacute;nder - Expl. ent. natural - Semana 11 - D&amp;iacute;a 1\" src=\"https:\/\/player.vimeo.com\/video\/423322525?dnt=1&amp;app_id=122963\" width=\"830\" height=\"467\" frameborder=\"0\" allow=\"autoplay; fullscreen\" allowfullscreen><\/iframe><\/p>\n<p><iframe loading=\"lazy\" title=\"K&amp;iacute;nder - Expl. ent. natural - Semana 9 - D&amp;iacute;a 2\" src=\"https:\/\/player.vimeo.com\/video\/418092261?dnt=1&amp;app_id=122963\" width=\"830\" height=\"467\" frameborder=\"0\" allow=\"autoplay; fullscreen\" allowfullscreen><\/iframe><\/p>\n\n\n\n<div style=\"height:62px\" aria-hidden=\"true\" class=\"wp-block-spacer\"><\/div>\n\n\n\n<h5><strong><span style=\"text-decoration: underline;\">Video Explicativo<\/span> <span style=\"text-decoration: underline;\">Actividad N\u00ba3 y N\u00b04<\/span>: Lenguaje Verbal.<br><\/strong><\/h5>\n\n\n\n<figure class=\"wp-block-embed-youtube wp-block-embed is-type-video is-provider-youtube wp-embed-aspect-16-9 wp-has-aspect-ratio\"><div class=\"wp-block-embed__wrapper\">\n<iframe loading=\"lazy\" title=\"K\u00ednder   Semana del 21 de septiembre\" width=\"830\" height=\"467\" src=\"https:\/\/www.youtube.com\/embed\/bBvzyfCzTPY?feature=oembed\" frameborder=\"0\" allow=\"accelerometer; autoplay; clipboard-write; encrypted-media; gyroscope; picture-in-picture\" allowfullscreen><\/iframe>\n<\/div><\/figure>\n\n\n\n<div style=\"height:20px\" aria-hidden=\"true\" class=\"wp-block-spacer\"><\/div>\n\n\n\n<p><a href=\"http:\/\/www.colegio-sanandres.cl\/wp-content\/uploads\/2020\/09\/Instrucciones-de-Trabajo-Kinder-Lenguaje-Verbal-1.pdf\">Instrucciones de Trabajo Kinder Lenguaje Verbal 1.<\/a><\/p>\n<p>&nbsp;<\/p>\n<p><iframe loading=\"lazy\" title=\"EP - Lenguaje verbal - Semana 5 - Dia 4\" src=\"https:\/\/player.vimeo.com\/video\/405867179?dnt=1&amp;app_id=122963\" width=\"830\" height=\"467\" frameborder=\"0\" allow=\"autoplay; fullscreen\" allowfullscreen><\/iframe><\/p>\n<p><a href=\"http:\/\/www.colegio-sanandres.cl\/wp-content\/uploads\/2020\/09\/Instrucciones-de-Trabajo-Kinder-Lenguaje-Verbal-2.pdf\">Instrucciones de Trabajo Kinder Lenguaje Verbal 2.<\/a><\/p>\n<p><iframe loading=\"lazy\" title=\"K&amp;iacute;nder - Lenguaje verbal - Semana 9 - D&amp;iacute;a 3\" src=\"https:\/\/player.vimeo.com\/video\/418720872?dnt=1&amp;app_id=122963\" width=\"830\" height=\"467\" frameborder=\"0\" allow=\"autoplay; fullscreen\" allowfullscreen><\/iframe><\/p>\n\n\n\n<div style=\"height:86px\" aria-hidden=\"true\" class=\"wp-block-spacer\"><\/div>\n\n\n\n<h4 style=\"text-align: center;\"><strong>PROYECTO DE INTEGRACI\u00d3N ESCOLAR (PIE).<\/strong><\/h4>\n<p>&nbsp;<\/p>\n<p style=\"text-align: center;\"><span style=\"text-decoration: underline;\"><strong>EDUCACI\u00d3N DIFERENCIAL<\/strong><\/span><\/p>\n<p><strong>EDUCADORAS<\/strong>:<\/p>\n<p><strong>K\u00ednder A<\/strong>: Yerka Curaz \/ yerka.curaz@colegio-sanandres.cl<\/p>\n<p><strong>K\u00ednder B: <\/strong>Denise Morales \/ denise.morales@colegio-sanandres.cl<\/p>\n\n\n\n<div style=\"height:20px\" aria-hidden=\"true\" class=\"wp-block-spacer\"><\/div>\n\n\n\n<h5 style=\"text-align: center;\"><strong>Actividad N\u00b01_ Educadora Diferencial.<\/strong><\/h5>\n<p><a href=\"http:\/\/www.colegio-sanandres.cl\/wp-content\/uploads\/2020\/09\/Instrucciones-de-Trabajo-Kinder-Educadora-Diferencial-Denise-Morales.pdf\">Instrucciones de Trabajo Kinder Educadora Diferencial.<\/a><\/p>\n\n\n\n<figure class=\"wp-block-embed-youtube wp-block-embed is-type-video is-provider-youtube wp-embed-aspect-16-9 wp-has-aspect-ratio\"><div class=\"wp-block-embed__wrapper\">\n<iframe loading=\"lazy\" title=\"clase kinder 21 de septiembre\" width=\"830\" height=\"467\" src=\"https:\/\/www.youtube.com\/embed\/uXtlcgmtn_Y?feature=oembed\" frameborder=\"0\" allow=\"accelerometer; autoplay; clipboard-write; encrypted-media; gyroscope; picture-in-picture\" allowfullscreen><\/iframe>\n<\/div><figcaption>Rese\u00f1a: En este video avanzamos en el dominio de la conciencia fonol\u00f3gica y trabajamos la manipulaci\u00f3n sil\u00e1bica \u00bfPor qu\u00e9 es importante el desarrollo de esta habilidad? Al desarrollar la conciencia fonol\u00f3gica los ni\u00f1os descubren que las palabras orales&nbsp;est\u00e1n formadas por s\u00edlabas y por sonidos m\u00e1s peque\u00f1os&nbsp;(fonemas). Es as\u00ed como pueden comenzar a identificar y manipular estos sonidos, y finalmente asociarlos a s\u00edmbolos (letras). Luego de esto los ni\u00f1os estar\u00e1n preparados para el aprendizaje de la lectoescritura.<\/figcaption><\/figure>\n\n\n\n<div style=\"height:20px\" aria-hidden=\"true\" class=\"wp-block-spacer\"><\/div>\n\n\n\n<h5 style=\"text-align: center;\"><strong>Actividad N\u00b02_ Educadora Diferencial.<\/strong><\/h5>\n<p><a href=\"http:\/\/www.colegio-sanandres.cl\/wp-content\/uploads\/2020\/09\/Instrucciones-de-Trabajo-Kinder-Educadora-Diferencial-Yerka-Curaz.pdf\">Instrucciones de Trabajo Kinder Educadora Diferencia.<\/a><\/p>\n\n\n\n<figure class=\"wp-block-embed-youtube wp-block-embed is-type-video is-provider-youtube wp-embed-aspect-16-9 wp-has-aspect-ratio\"><div class=\"wp-block-embed__wrapper\">\n<iframe loading=\"lazy\" title=\"Actividad k\u00ednder \u2013 Semana 21\/09\/2020\" width=\"830\" height=\"467\" src=\"https:\/\/www.youtube.com\/embed\/Zk4fXGbXMxo?feature=oembed\" frameborder=\"0\" allow=\"accelerometer; autoplay; clipboard-write; encrypted-media; gyroscope; picture-in-picture\" allowfullscreen><\/iframe>\n<\/div><figcaption>Rese\u00f1a: Esta actividad beneficia el conocimiento de los ni\u00f1os sobre su entorno natural, a su vez, logran realizar un experimento mediante sus propias vivencias. Por otra parte, se le presentan nuevas palabras, las que produce un aumento de vocabulario en el ni\u00f1o\/ni\u00f1a. Estas habilidades favorecen el desempe\u00f1o en el n\u00facleo de Exploraci\u00f3n del entorno&nbsp;natural y lenguaje verbal.<\/figcaption><\/figure>\n\n\n\n<div style=\"height:20px\" aria-hidden=\"true\" class=\"wp-block-spacer\"><\/div>\n\n\n\n<h5 style=\"text-align: center;\"><strong>FONOAUDIOLOG\u00cdA (PIE)<br><\/strong><\/h5>\n<p style=\"text-align: justify;\"><span style=\"text-decoration: underline;\"><strong>Fonoaudi\u00f3loga<\/strong><\/span>: Valentina Gutierrez \/ valentina.gutierrez@colegio-sanandres.cl&nbsp;<\/p>\n<p><a href=\"http:\/\/www.colegio-sanandres.cl\/wp-content\/uploads\/2020\/09\/Instrucciones-de-Trabajo-Kinder-Fonoaudi\u00f3loga.pdf\">Instrucciones de Trabajo Kinder Fonoaudi\u00f3loga.<\/a><\/p>\n\n\n\n<figure class=\"wp-block-embed-youtube wp-block-embed is-type-video is-provider-youtube wp-embed-aspect-16-9 wp-has-aspect-ratio wp-embed-aspect-4-3\"><div class=\"wp-block-embed__wrapper\">\n<iframe loading=\"lazy\" title=\"Estudiantes kinder fonoaudi\u00f3loga 21-09\" width=\"830\" height=\"467\" src=\"https:\/\/www.youtube.com\/embed\/oHmbbPNFXNc?feature=oembed\" frameborder=\"0\" allow=\"accelerometer; autoplay; clipboard-write; encrypted-media; gyroscope; picture-in-picture\" allowfullscreen><\/iframe>\n<\/div><figcaption>Rese\u00f1a: En este video trabajamos el discurso narrativo, que es uno de los mejores predictores de \u00e9xito escolar, puesto que favorece la comprensi\u00f3n lectora y el relato de experiencias personales. El trabajo con cuentos favorece el vocabulario y la imaginaci\u00f3n.<\/figcaption><\/figure>\n","protected":false},"excerpt":{"rendered":"<p>EDUCADORAS: K\u00ednder A: Mar\u00eda Olga General \/ maria.general@colegio-sanandres.cl K\u00ednder B: Margarita Conzue \/ margarita.conzue@colegio-sanandres.cl Explicaci\u00f3n Actividad N\u00b01: Pensamiento Matem\u00e1tico. Instrucciones de Trabajo&nbsp; Kinder Pensamiento Matem\u00e1tico. &nbsp; Actividad N\u00ba2_Exploraci\u00f3n del entorno natural. Instrucciones de Trabajo Kinder Exploraci\u00f3n del Entorno Natural. &nbsp; Video Explicativo Actividad N\u00ba3 y N\u00b04: Lenguaje Verbal. Instrucciones de Trabajo Kinder Lenguaje Verbal 1. [&hellip;]<\/p>\n","protected":false},"author":3,"featured_media":0,"parent":0,"menu_order":0,"comment_status":"closed","ping_status":"closed","template":"","meta":{"footnotes":""},"class_list":["post-5839","page","type-page","status-publish","hentry"],"amp_enabled":true,"_links":{"self":[{"href":"http:\/\/www.colegio-sanandres.cl\/index.php?rest_route=\/wp\/v2\/pages\/5839","targetHints":{"allow":["GET"]}}],"collection":[{"href":"http:\/\/www.colegio-sanandres.cl\/index.php?rest_route=\/wp\/v2\/pages"}],"about":[{"href":"http:\/\/www.colegio-sanandres.cl\/index.php?rest_route=\/wp\/v2\/types\/page"}],"author":[{"embeddable":true,"href":"http:\/\/www.colegio-sanandres.cl\/index.php?rest_route=\/wp\/v2\/users\/3"}],"replies":[{"embeddable":true,"href":"http:\/\/www.colegio-sanandres.cl\/index.php?rest_route=%2Fwp%2Fv2%2Fcomments&post=5839"}],"version-history":[{"count":2,"href":"http:\/\/www.colegio-sanandres.cl\/index.php?rest_route=\/wp\/v2\/pages\/5839\/revisions"}],"predecessor-version":[{"id":5849,"href":"http:\/\/www.colegio-sanandres.cl\/index.php?rest_route=\/wp\/v2\/pages\/5839\/revisions\/5849"}],"wp:attachment":[{"href":"http:\/\/www.colegio-sanandres.cl\/index.php?rest_route=%2Fwp%2Fv2%2Fmedia&parent=5839"}],"curies":[{"name":"wp","href":"https:\/\/api.w.org\/{rel}","templated":true}]}}