{"id":5850,"date":"2020-09-20T21:23:44","date_gmt":"2020-09-21T00:23:44","guid":{"rendered":"http:\/\/www.colegio-sanandres.cl\/?page_id=5850"},"modified":"2020-09-20T21:23:44","modified_gmt":"2020-09-21T00:23:44","slug":"1o-basico-semana-1-nuevo-aprendizaje-2","status":"publish","type":"page","link":"http:\/\/www.colegio-sanandres.cl\/?page_id=5850","title":{"rendered":"1\u00ba B\u00c1SICO (Semana 1: Nuevo Aprendizaje)"},"content":{"rendered":"\n<p><span style=\"text-decoration: underline;\"><strong>LENGUAJE<\/strong><\/span> <span style=\"text-decoration: underline;\"><strong><br><\/strong><\/span><\/p>\n<p>Profesora:<\/p>\n<p>Carolina Ortiz \/ carolina.ortiz@colegio-sanandres.cl<\/p>\n\n\n\n<p><a href=\"http:\/\/www.colegio-sanandres.cl\/wp-content\/uploads\/2020\/09\/Instrucciones-de-Trabajo-1\u00b0-B\u00e1sico-Lenguaje.pdf\">Instrucciones de Trabajo 1\u00b0 B\u00e1sico Lenguaje.<\/a><\/p>\n\n\n\n<div style=\"height:20px\" aria-hidden=\"true\" class=\"wp-block-spacer\"><\/div>\n\n\n\n<p style=\"text-align: justify;\">Video Instrucciones Generales e Inducci\u00f3n a la actividad de esta semana.<\/p>\n<p><iframe loading=\"lazy\" title=\"Semana 21\/09 - Lenguaje y Comunicaci\u00f3n primeros b\u00e1sicos\" width=\"830\" height=\"467\" src=\"https:\/\/www.youtube.com\/embed\/AATVOjuVXpA?feature=oembed\" frameborder=\"0\" allow=\"accelerometer; autoplay; clipboard-write; encrypted-media; gyroscope; picture-in-picture\" allowfullscreen><\/iframe><\/p>\n\n\n\n<div style=\"height:20px\" aria-hidden=\"true\" class=\"wp-block-spacer\"><\/div>\n\n\n\n<div style=\"height:21px\" aria-hidden=\"true\" class=\"wp-block-spacer\"><\/div>\n\n\n\n<p><span style=\"text-decoration: underline;\"><strong>MATEM\u00c1TICA<\/strong><\/span><\/p>\n<p>Profesora: Romina Olguin \/ romina.olguin@colegio-sanandres.cl<\/p>\n\n\n\n<p><a href=\"http:\/\/www.colegio-sanandres.cl\/wp-content\/uploads\/2020\/09\/Instrucciones-de-Trabajo-1\u00b0-B\u00e1sico-Matem\u00e1ticas.pdf\">Instrucciones de Trabajo 1\u00b0 B\u00e1sico Matem\u00e1ticas.<\/a><\/p>\n\n\n\n<figure class=\"wp-block-embed-youtube wp-block-embed is-type-video is-provider-youtube wp-embed-aspect-4-3 wp-has-aspect-ratio wp-embed-aspect-16-9\"><div class=\"wp-block-embed__wrapper\">\n<iframe loading=\"lazy\" title=\"Matem\u00e1ticas semana 21 de septiembre\" width=\"830\" height=\"467\" src=\"https:\/\/www.youtube.com\/embed\/eUjF6d76bUI?feature=oembed\" frameborder=\"0\" allow=\"accelerometer; autoplay; clipboard-write; encrypted-media; gyroscope; picture-in-picture\" allowfullscreen><\/iframe>\n<\/div><\/figure>\n\n\n\n<div style=\"height:20px\" aria-hidden=\"true\" class=\"wp-block-spacer\"><\/div>\n\n\n\n<p style=\"text-align: justify;\"><strong><span style=\"text-decoration: underline;\">HISTORIA<\/span> <span style=\"text-decoration: underline;\"><br \/><\/span><\/strong><\/p>\n<p>Profesora:<\/p>\n<p>Carolina Ortiz \/ carolina.ortiz@colegio-sanandres.cl<\/p>\n<p><a href=\"http:\/\/www.colegio-sanandres.cl\/wp-content\/uploads\/2020\/09\/Instrucciones-de-Trabajo-1\u00b0-B\u00e1sico-Historia.pdf\">Instrucciones de Trabajo 1\u00b0 B\u00e1sico Historia.<\/a><\/p>\n\n\n\n<figure class=\"wp-block-embed-youtube wp-block-embed is-type-video is-provider-youtube wp-embed-aspect-16-9 wp-has-aspect-ratio\"><div class=\"wp-block-embed__wrapper\">\n<iframe loading=\"lazy\" title=\"Semana 21 de septiembre - Primeros b\u00e1sicos - Historia, Cs. Sociales y geograf\u00eda\" width=\"830\" height=\"467\" src=\"https:\/\/www.youtube.com\/embed\/t6X6QoNlpWw?feature=oembed\" frameborder=\"0\" allow=\"accelerometer; autoplay; clipboard-write; encrypted-media; gyroscope; picture-in-picture\" allowfullscreen><\/iframe>\n<\/div><\/figure>\n\n\n\n<div style=\"height:20px\" aria-hidden=\"true\" class=\"wp-block-spacer\"><\/div>\n\n\n\n<p><strong><span style=\"text-decoration: underline;\">CIENCIAS NATURALES<\/span><br><\/strong><\/p>\n<p>Profesora: Romina Olguin \/ romina.olguin@colegio-sanandres.cl<\/p>\n\n\n\n<p><a href=\"http:\/\/www.colegio-sanandres.cl\/wp-content\/uploads\/2020\/09\/Instrucciones-de-Trabajo-1\u00b0-B\u00e1sico-Ciencias.pdf\">Instrucciones de Trabajo 1\u00b0 B\u00e1sico Ciencias Naturales.<\/a><\/p>\n\n\n\n<figure class=\"wp-block-embed-youtube wp-block-embed is-type-video is-provider-youtube wp-embed-aspect-4-3 wp-has-aspect-ratio wp-embed-aspect-16-9\"><div class=\"wp-block-embed__wrapper\">\n<iframe loading=\"lazy\" title=\"Ciencias semana 21 de septiembre\" width=\"830\" height=\"467\" src=\"https:\/\/www.youtube.com\/embed\/qwvWeewQbFI?feature=oembed\" frameborder=\"0\" allow=\"accelerometer; autoplay; clipboard-write; encrypted-media; gyroscope; picture-in-picture\" allowfullscreen><\/iframe>\n<\/div><\/figure>\n\n\n\n<div style=\"height:20px\" aria-hidden=\"true\" class=\"wp-block-spacer\"><\/div>\n\n\n\n<p><strong><span style=\"text-decoration: underline;\">EDUCACI\u00d3N F\u00cdSICA<\/span><br \/><\/strong><\/p>\n<p>Profesor: Jonathan Ibacache \/ jonathan.ibacache@colegio-sanandres.cl<\/p>\n<p><a href=\"http:\/\/www.colegio-sanandres.cl\/wp-content\/uploads\/2020\/09\/Instrucciones-de-Trabajo-1\u00b0-B\u00e1sico-Educaci\u00f3n-F\u00edsica.pdf\">Instrucciones de Trabajo 1\u00b0B\u00e1sico Educaci\u00f3n F\u00edsica.<\/a><\/p>\n\n\n\n<figure class=\"wp-block-embed-youtube wp-block-embed is-type-video is-provider-youtube wp-embed-aspect-4-3 wp-has-aspect-ratio wp-embed-aspect-16-9\"><div class=\"wp-block-embed__wrapper\">\n<iframe loading=\"lazy\" title=\"Cuerda 1ro B\u00e1sico\" width=\"830\" height=\"467\" src=\"https:\/\/www.youtube.com\/embed\/-PRm-GouyGM?feature=oembed\" frameborder=\"0\" allow=\"accelerometer; autoplay; clipboard-write; encrypted-media; gyroscope; picture-in-picture\" allowfullscreen><\/iframe>\n<\/div><\/figure>\n\n\n\n<div style=\"height:36px\" aria-hidden=\"true\" class=\"wp-block-spacer\"><\/div>\n\n\n\n<h4 style=\"text-align: center;\"><strong>PROYECTO DE INTEGRACI\u00d3N ESCOLAR (PIE).<\/strong><\/h4>\n<p>\u00a0<\/p>\n<p><strong>EDUCACI\u00d3N DIFERENCIAL<\/strong><\/p>\n<p style=\"text-align: justify;\"><span style=\"text-decoration: underline;\"><strong>Educadora Diferencial<\/strong><\/span>: Denise Morales \/ denise.morales@colegio-sanandres.cl<\/p>\n<p><a href=\"http:\/\/www.colegio-sanandres.cl\/wp-content\/uploads\/2020\/09\/Instrucciones-de-Trabajo-1\u00b0-B\u00e1sico-Educadora-Diferencial.pdf\">Instrucciones de Trabajo 1\u00b0 B\u00e1sico Educadora Diferencial.<\/a><\/p>\n\n\n\n<figure class=\"wp-block-embed-youtube wp-block-embed is-type-video is-provider-youtube wp-embed-aspect-16-9 wp-has-aspect-ratio wp-embed-aspect-4-3\"><div class=\"wp-block-embed__wrapper\">\n<iframe loading=\"lazy\" title=\"clase 21 de septiembre primero b\u00e1sico\" width=\"830\" height=\"467\" src=\"https:\/\/www.youtube.com\/embed\/8WRy-P3R6Zo?feature=oembed\" frameborder=\"0\" allow=\"accelerometer; autoplay; clipboard-write; encrypted-media; gyroscope; picture-in-picture\" allowfullscreen><\/iframe>\n<\/div><figcaption><strong>Rese\u00f1a: <\/strong>En este video potenciaremos el desarrollo del tercer nivel de clasificaci\u00f3n, llamado inclusi\u00f3n de clases, la cual tambi\u00e9n corresponde a una habilidad prenum\u00e9rica, que nos permite identificar relaciones de inclusi\u00f3n entre grupos o categor\u00edas formadas a partir de cualidades o atributos de distintos elementos.<br>Esto podemos aplicarlo en la vida diaria en tareas de organizaci\u00f3n, en matem\u00e1ticas y otras asignaturas para comprender relaciones jer\u00e1rquicas (como aparecen en el video). Recordar que las nociones prenum\u00e9ricas son la base fundamental para el desarrollo del pensamiento l\u00f3gico \u2013 matem\u00e1tico y todo el aprendizaje de las matem\u00e1ticas.<\/figcaption><\/figure>\n\n\n\n<div style=\"height:20px\" aria-hidden=\"true\" class=\"wp-block-spacer\"><\/div>\n\n\n\n<p><strong>FONOAUDIOLOG\u00cdA (PIE)<br \/><\/strong><\/p>\n<p style=\"text-align: justify;\"><span style=\"text-decoration: underline;\"><strong>Fonoaudi\u00f3loga<\/strong><\/span>: Valentina Gutierrez \/ valentina.gutierrez@colegio-sanandres.cl\u00a0<\/p>\n<p><a href=\"http:\/\/www.colegio-sanandres.cl\/wp-content\/uploads\/2020\/09\/Instrucciones-de-Trabajo-1\u00b0-B\u00e1sico-Fonoaudi\u00f3loga.pdf\">Instrucciones de Trabajo 1\u00b0 B\u00e1sico Fonoaudi\u00f3loga.<\/a><\/p>\n\n\n\n<figure class=\"wp-block-embed-youtube wp-block-embed is-type-video is-provider-youtube wp-embed-aspect-16-9 wp-has-aspect-ratio wp-embed-aspect-4-3\"><div class=\"wp-block-embed__wrapper\">\n<iframe loading=\"lazy\" title=\"Estudiantes 1\u00ba b\u00e1sico fonoaudi\u00f3loga 21-09\" width=\"830\" height=\"467\" src=\"https:\/\/www.youtube.com\/embed\/f3XxfpA7bxY?feature=oembed\" frameborder=\"0\" allow=\"accelerometer; autoplay; clipboard-write; encrypted-media; gyroscope; picture-in-picture\" allowfullscreen><\/iframe>\n<\/div><figcaption><strong>Rese\u00f1a:\u00a0<\/strong>En este video trabajamos el discurso narrativo, que es uno de los mejores predictores de \u00e9xito escolar, puesto que favorece la comprensi\u00f3n lectora, el relato de experiencias personales. Se trabaja con un cuento, que estimula el\u00a0 vocabulario y la imaginaci\u00f3n. Adem\u00e1s, se trabaja la conciencia fonol\u00f3gica, habilidad fundamental para el aprendizaje de la lecto-escritura.<\/figcaption><\/figure>\n","protected":false},"excerpt":{"rendered":"<p>LENGUAJE Profesora: Carolina Ortiz \/ carolina.ortiz@colegio-sanandres.cl Instrucciones de Trabajo 1\u00b0 B\u00e1sico Lenguaje. Video Instrucciones Generales e Inducci\u00f3n a la actividad de esta semana. MATEM\u00c1TICA Profesora: Romina Olguin \/ romina.olguin@colegio-sanandres.cl Instrucciones de Trabajo 1\u00b0 B\u00e1sico Matem\u00e1ticas. HISTORIA Profesora: Carolina Ortiz \/ carolina.ortiz@colegio-sanandres.cl Instrucciones de Trabajo 1\u00b0 B\u00e1sico Historia. CIENCIAS NATURALES Profesora: Romina Olguin \/ romina.olguin@colegio-sanandres.cl Instrucciones [&hellip;]<\/p>\n","protected":false},"author":3,"featured_media":0,"parent":0,"menu_order":0,"comment_status":"closed","ping_status":"closed","template":"","meta":{"footnotes":""},"class_list":["post-5850","page","type-page","status-publish","hentry"],"amp_enabled":true,"_links":{"self":[{"href":"http:\/\/www.colegio-sanandres.cl\/index.php?rest_route=\/wp\/v2\/pages\/5850","targetHints":{"allow":["GET"]}}],"collection":[{"href":"http:\/\/www.colegio-sanandres.cl\/index.php?rest_route=\/wp\/v2\/pages"}],"about":[{"href":"http:\/\/www.colegio-sanandres.cl\/index.php?rest_route=\/wp\/v2\/types\/page"}],"author":[{"embeddable":true,"href":"http:\/\/www.colegio-sanandres.cl\/index.php?rest_route=\/wp\/v2\/users\/3"}],"replies":[{"embeddable":true,"href":"http:\/\/www.colegio-sanandres.cl\/index.php?rest_route=%2Fwp%2Fv2%2Fcomments&post=5850"}],"version-history":[{"count":1,"href":"http:\/\/www.colegio-sanandres.cl\/index.php?rest_route=\/wp\/v2\/pages\/5850\/revisions"}],"predecessor-version":[{"id":5858,"href":"http:\/\/www.colegio-sanandres.cl\/index.php?rest_route=\/wp\/v2\/pages\/5850\/revisions\/5858"}],"wp:attachment":[{"href":"http:\/\/www.colegio-sanandres.cl\/index.php?rest_route=%2Fwp%2Fv2%2Fmedia&parent=5850"}],"curies":[{"name":"wp","href":"https:\/\/api.w.org\/{rel}","templated":true}]}}