{"id":5933,"date":"2020-09-20T22:40:35","date_gmt":"2020-09-21T01:40:35","guid":{"rendered":"http:\/\/www.colegio-sanandres.cl\/?page_id=5933"},"modified":"2020-09-21T10:35:44","modified_gmt":"2020-09-21T13:35:44","slug":"8o-basico-semana-1-nuevo-aprendizaje-2","status":"publish","type":"page","link":"http:\/\/www.colegio-sanandres.cl\/?page_id=5933","title":{"rendered":"8\u00ba B\u00c1SICO (Semana 1: Nuevo Aprendizaje)"},"content":{"rendered":"\n<p><strong>LENGUAJE<\/strong><\/p>\n<p>Profesora: Denisse Vergara \/ denisse.vergara@colegio-sanandres.cl<\/p>\n<p><a href=\"http:\/\/www.colegio-sanandres.cl\/wp-content\/uploads\/2020\/09\/Instrucciones-de-Trabajo-8\u00b0-B\u00e1sico-Lenguaje.pdf\">Instrucciones de Trabajo 8\u00b0 B\u00e1sico Lenguaje.<\/a><\/p>\n\n\n\n<figure class=\"wp-block-embed-youtube wp-block-embed is-type-video is-provider-youtube wp-embed-aspect-16-9 wp-has-aspect-ratio\"><div class=\"wp-block-embed__wrapper\">\n<iframe loading=\"lazy\" title=\"11\u00b0 SEMANA 8\u00b0\" width=\"830\" height=\"467\" src=\"https:\/\/www.youtube.com\/embed\/Ok2BXFvX7fE?feature=oembed\" frameborder=\"0\" allow=\"accelerometer; autoplay; clipboard-write; encrypted-media; gyroscope; picture-in-picture\" allowfullscreen><\/iframe>\n<\/div><\/figure>\n\n\n\n<div style=\"height:20px\" aria-hidden=\"true\" class=\"wp-block-spacer\"><\/div>\n\n\n\n<p><strong>MATEM\u00c1TICAS<\/strong><\/p>\n<p style=\"text-align: justify;\">Profesora: Nayadher Villanueva \/ nayadher.villanueva@colegio-sanandres.cl<\/p>\n<p><a href=\"http:\/\/www.colegio-sanandres.cl\/wp-content\/uploads\/2020\/09\/Presentaci\u00f3n-8\u00b0-B\u00e1sico-Matem\u00e1ticas.pdf\">PPT Contenidos de Trabajo 8\u00b0 B\u00e1sico Matem\u00e1ticas.<\/a><\/p>\n\n\n\n<figure class=\"wp-block-embed-youtube wp-block-embed is-type-video is-provider-youtube wp-embed-aspect-16-9 wp-has-aspect-ratio\"><div class=\"wp-block-embed__wrapper\">\n<iframe loading=\"lazy\" title=\"Inecuaciones 8\u00b0\" width=\"830\" height=\"467\" src=\"https:\/\/www.youtube.com\/embed\/YuBst4SrxsE?feature=oembed\" frameborder=\"0\" allow=\"accelerometer; autoplay; clipboard-write; encrypted-media; gyroscope; picture-in-picture\" allowfullscreen><\/iframe>\n<\/div><\/figure>\n\n\n\n<div style=\"height:20px\" aria-hidden=\"true\" class=\"wp-block-spacer\"><\/div>\n\n\n\n<p><strong>HISTORIA<\/strong><\/p>\n<p>Profesora: \u00c1ngela Mendoza \/ angela.mendoza@colegio-sanandres.cl<\/p>\n<p><a href=\"http:\/\/www.colegio-sanandres.cl\/wp-content\/uploads\/2020\/09\/Instrucciones-de-Trabajo-8\u00b0-B\u00e1sico-Historia.pdf\">Instrucciones de Trabajo 8\u00b0 B\u00e1sico Historia.<\/a><\/p>\n<p><a href=\"http:\/\/www.colegio-sanandres.cl\/wp-content\/uploads\/2020\/09\/Presentaci\u00f3n-8\u00b0-B\u00e1sico-Historia.pdf\">Presentaci\u00f3n Contenidos 8\u00b0 B\u00e1sico Historia.<\/a><\/p>\n\n\n\n<figure class=\"wp-block-embed-youtube wp-block-embed is-type-video is-provider-youtube wp-embed-aspect-4-3 wp-has-aspect-ratio wp-embed-aspect-16-9\"><div class=\"wp-block-embed__wrapper\">\n<iframe loading=\"lazy\" title=\"\u00c1mbito Social - Cultural: Mestizaje, sincretismo y transculturaci\u00f3n en la Colonia\" width=\"830\" height=\"467\" src=\"https:\/\/www.youtube.com\/embed\/PVnQndf4BOk?feature=oembed\" frameborder=\"0\" allow=\"accelerometer; autoplay; clipboard-write; encrypted-media; gyroscope; picture-in-picture\" allowfullscreen><\/iframe>\n<\/div><\/figure>\n\n\n\n<div style=\"height:20px\" aria-hidden=\"true\" class=\"wp-block-spacer\"><\/div>\n\n\n\n<p><strong>CIENCIAS NATURALES<\/strong><\/p>\n<p>Profesora: Priscila Mu\u00f1oz \/ priscila.munoz@colegio-sanandres.cl<\/p>\n<p><a href=\"http:\/\/www.colegio-sanandres.cl\/wp-content\/uploads\/2020\/09\/Instrucciones-de-Trabajo-8\u00b0-B\u00e1sico-Ciencias.pdf\">Instrucciones de Trabajo 8\u00b0 B\u00e1sico Ciencias Naturales.<\/a><\/p>\n\n\n\n<figure class=\"wp-block-embed-youtube wp-block-embed is-type-video is-provider-youtube wp-embed-aspect-16-9 wp-has-aspect-ratio\"><div class=\"wp-block-embed__wrapper\">\n<iframe loading=\"lazy\" title=\"Modelos at\u00f3micos\" width=\"830\" height=\"467\" src=\"https:\/\/www.youtube.com\/embed\/BtYkbxfjXpg?feature=oembed\" frameborder=\"0\" allow=\"accelerometer; autoplay; clipboard-write; encrypted-media; gyroscope; picture-in-picture\" allowfullscreen><\/iframe>\n<\/div><\/figure>\n\n\n\n<div style=\"height:20px\" aria-hidden=\"true\" class=\"wp-block-spacer\"><\/div>\n\n\n\n<p><strong>INGL\u00c9S<br><\/strong><\/p>\n<p>Profesora: Patricia Catal\u00e1n \/ patricia.catalan@colegio-sanandres.cl<\/p>\n<p><a href=\"http:\/\/www.colegio-sanandres.cl\/wp-content\/uploads\/2020\/09\/Instrucciones-de-Trabajo-8\u00b0-B\u00e1sico-Ingl\u00e9s.pdf\">Instrucciones de Trabajo 8\u00b0 B\u00e1sico Ingl\u00e9s.<\/a><\/p>\n\n\n\n<figure class=\"wp-block-embed-youtube wp-block-embed is-type-video is-provider-youtube wp-embed-aspect-16-9 wp-has-aspect-ratio\"><div class=\"wp-block-embed__wrapper\">\n<iframe loading=\"lazy\" title=\"Instrucciones de trabajo Ingl\u00e9s - 8\u00b0 b\u00e1sico\" width=\"830\" height=\"467\" src=\"https:\/\/www.youtube.com\/embed\/DdgdZjXZ2Uw?feature=oembed\" frameborder=\"0\" allow=\"accelerometer; autoplay; clipboard-write; encrypted-media; gyroscope; picture-in-picture\" allowfullscreen><\/iframe>\n<\/div><\/figure>\n\n\n\n<div style=\"height:20px\" aria-hidden=\"true\" class=\"wp-block-spacer\"><\/div>\n\n\n\n<p><strong>EDUCACI\u00d3N MUSICAL <br><\/strong><\/p>\n<p>Profesor: Cristian Chac\u00f3n \/ cristian.chacon@colegio-sanandres.cl<\/p>\n<p><a href=\"http:\/\/www.colegio-sanandres.cl\/wp-content\/uploads\/2020\/09\/Instrucciones-de-Trabajo-8\u00b0-B\u00e1sico-M\u00fasica.pdf\">Instrucciones de Trabajo 8\u00b0 B\u00e1sico M\u00fasica.<\/a><\/p>\n\n\n\n<figure class=\"wp-block-embed-youtube wp-block-embed is-type-video is-provider-youtube wp-embed-aspect-16-9 wp-has-aspect-ratio\"><div class=\"wp-block-embed__wrapper\">\n<iframe loading=\"lazy\" title=\"8vo b\u00e1sico gu\u00eda 12\" width=\"830\" height=\"467\" src=\"https:\/\/www.youtube.com\/embed\/XwLPa4cwkBE?feature=oembed\" frameborder=\"0\" allow=\"accelerometer; autoplay; clipboard-write; encrypted-media; gyroscope; picture-in-picture\" allowfullscreen><\/iframe>\n<\/div><\/figure>\n\n\n\n<div style=\"height:20px\" aria-hidden=\"true\" class=\"wp-block-spacer\"><\/div>\n\n\n\n<p><strong>ARTES VISUALES<br><\/strong><\/p>\n<p>Profesora: Susana Ortiz \/ susana.ortiz@colegio-sanandres.cl<\/p>\n<p><a href=\"http:\/\/www.colegio-sanandres.cl\/wp-content\/uploads\/2020\/09\/Gu\u00eda-de-Trabajo-8\u00b0-B\u00e1sico-Artes.pdf\">Gu\u00eda de Trabajo 8\u00b0 B\u00e1sico Artes Visuales.<\/a><\/p>\n\n\n\n<figure class=\"wp-block-embed-youtube wp-block-embed is-type-video is-provider-youtube wp-embed-aspect-16-9 wp-has-aspect-ratio\"><div class=\"wp-block-embed__wrapper\">\n<iframe loading=\"lazy\" title=\"Video explicativo artes 8\u00b0b\u00e1sico\" width=\"830\" height=\"467\" src=\"https:\/\/www.youtube.com\/embed\/DKyHxJzxJrY?feature=oembed\" frameborder=\"0\" allow=\"accelerometer; autoplay; clipboard-write; encrypted-media; gyroscope; picture-in-picture\" allowfullscreen><\/iframe>\n<\/div><\/figure>\n\n\n\n<div style=\"height:20px\" aria-hidden=\"true\" class=\"wp-block-spacer\"><\/div>\n\n\n\n<p><strong>EDUCACI\u00d3N F\u00cdSICA<br><\/strong><\/p>\n<p>Profesor: Mauricio Or\u00f3stica \/ mauricio.orostica@colegio-sanandres.cl<\/p>\n<p><a href=\"http:\/\/www.colegio-sanandres.cl\/wp-content\/uploads\/2020\/09\/Instrucciones-de-Trabajo-8\u00b0-B\u00e1sico-Educaci\u00f3n-F\u00edsica.pdf\">Instrucciones de Trabajo 8\u00b0 B\u00e1sico Educaci\u00f3n F\u00edsica.<\/a><\/p>\n\n\n\n<figure class=\"wp-block-embed-youtube wp-block-embed is-type-video is-provider-youtube wp-embed-aspect-16-9 wp-has-aspect-ratio\"><div class=\"wp-block-embed__wrapper\">\n<iframe loading=\"lazy\" title=\"Bater\u00eda de test para capacidades  f\u00edsicas &quot;Octavos B\u00e1sicos&quot; C.S.A.\" width=\"830\" height=\"467\" src=\"https:\/\/www.youtube.com\/embed\/TCzDmKgJVr0?feature=oembed\" frameborder=\"0\" allow=\"accelerometer; autoplay; clipboard-write; encrypted-media; gyroscope; picture-in-picture\" allowfullscreen><\/iframe>\n<\/div><\/figure>\n","protected":false},"excerpt":{"rendered":"<p>LENGUAJE Profesora: Denisse Vergara \/ denisse.vergara@colegio-sanandres.cl Instrucciones de Trabajo 8\u00b0 B\u00e1sico Lenguaje. MATEM\u00c1TICAS Profesora: Nayadher Villanueva \/ nayadher.villanueva@colegio-sanandres.cl PPT Contenidos de Trabajo 8\u00b0 B\u00e1sico Matem\u00e1ticas. HISTORIA Profesora: \u00c1ngela Mendoza \/ angela.mendoza@colegio-sanandres.cl Instrucciones de Trabajo 8\u00b0 B\u00e1sico Historia. Presentaci\u00f3n Contenidos 8\u00b0 B\u00e1sico Historia. CIENCIAS NATURALES Profesora: Priscila Mu\u00f1oz \/ priscila.munoz@colegio-sanandres.cl Instrucciones de Trabajo 8\u00b0 B\u00e1sico Ciencias [&hellip;]<\/p>\n","protected":false},"author":3,"featured_media":0,"parent":0,"menu_order":0,"comment_status":"closed","ping_status":"closed","template":"","meta":{"footnotes":""},"class_list":["post-5933","page","type-page","status-publish","hentry"],"amp_enabled":true,"_links":{"self":[{"href":"http:\/\/www.colegio-sanandres.cl\/index.php?rest_route=\/wp\/v2\/pages\/5933","targetHints":{"allow":["GET"]}}],"collection":[{"href":"http:\/\/www.colegio-sanandres.cl\/index.php?rest_route=\/wp\/v2\/pages"}],"about":[{"href":"http:\/\/www.colegio-sanandres.cl\/index.php?rest_route=\/wp\/v2\/types\/page"}],"author":[{"embeddable":true,"href":"http:\/\/www.colegio-sanandres.cl\/index.php?rest_route=\/wp\/v2\/users\/3"}],"replies":[{"embeddable":true,"href":"http:\/\/www.colegio-sanandres.cl\/index.php?rest_route=%2Fwp%2Fv2%2Fcomments&post=5933"}],"version-history":[{"count":3,"href":"http:\/\/www.colegio-sanandres.cl\/index.php?rest_route=\/wp\/v2\/pages\/5933\/revisions"}],"predecessor-version":[{"id":5949,"href":"http:\/\/www.colegio-sanandres.cl\/index.php?rest_route=\/wp\/v2\/pages\/5933\/revisions\/5949"}],"wp:attachment":[{"href":"http:\/\/www.colegio-sanandres.cl\/index.php?rest_route=%2Fwp%2Fv2%2Fmedia&parent=5933"}],"curies":[{"name":"wp","href":"https:\/\/api.w.org\/{rel}","templated":true}]}}