{"id":5955,"date":"2020-09-27T20:38:24","date_gmt":"2020-09-27T23:38:24","guid":{"rendered":"http:\/\/www.colegio-sanandres.cl\/?page_id=5955"},"modified":"2020-09-27T22:25:48","modified_gmt":"2020-09-28T01:25:48","slug":"talleres-extra-programaticos-lunes-28-septiembre","status":"publish","type":"page","link":"http:\/\/www.colegio-sanandres.cl\/?page_id=5955","title":{"rendered":"Talleres Extra Program\u00e1ticos (Lunes 28 Septiembre)."},"content":{"rendered":"\n<p style=\"text-align: justify;\"><strong>Taller de Canto<\/strong>:&nbsp; Profesora Pamela Oyarz\u00fan \/ pamela.oyarzun@colegio-sanandres.cl<\/p>\n<p><a href=\"http:\/\/www.colegio-sanandres.cl\/wp-content\/uploads\/2020\/09\/Taller-de-Canto-Clasificaci\u00f3n-de-voces.pdf\">Gu\u00eda Taller de Canto \/ Clasificaci\u00f3n de voces.<\/a><\/p>\n\n\n\n<figure class=\"wp-block-embed-youtube wp-block-embed is-type-video is-provider-youtube wp-embed-aspect-16-9 wp-has-aspect-ratio\"><div class=\"wp-block-embed__wrapper\">\n<iframe loading=\"lazy\" title=\"Taller de canto - Clasificaci\u00f3n de las voces\" width=\"830\" height=\"467\" src=\"https:\/\/www.youtube.com\/embed\/BcPuAaul-vM?feature=oembed\" frameborder=\"0\" allow=\"accelerometer; autoplay; clipboard-write; encrypted-media; gyroscope; picture-in-picture\" allowfullscreen><\/iframe>\n<\/div><\/figure>\n\n\n\n<div style=\"height:97px\" aria-hidden=\"true\" class=\"wp-block-spacer\"><\/div>\n\n\n\n<p><strong>Taller de Guitarra<\/strong>:&nbsp; Profesora Pamela Oyarz\u00fan \/ pamela.oyarzun@colegio-sanandres.cl<\/p>\n<p><a href=\"http:\/\/www.colegio-sanandres.cl\/wp-content\/uploads\/2020\/09\/Taller-de-Guitarra-Perfect.pdf\">Guia Taller de Guitarra \/ Perfect.<\/a><\/p>\n\n\n\n<figure class=\"wp-block-embed-youtube wp-block-embed is-type-video is-provider-youtube wp-embed-aspect-16-9 wp-has-aspect-ratio\"><div class=\"wp-block-embed__wrapper\">\n<iframe loading=\"lazy\" title=\"Taller de guitarra\" width=\"830\" height=\"467\" src=\"https:\/\/www.youtube.com\/embed\/KEKHbR8Y1nI?feature=oembed\" frameborder=\"0\" allow=\"accelerometer; autoplay; clipboard-write; encrypted-media; gyroscope; picture-in-picture\" allowfullscreen><\/iframe>\n<\/div><\/figure>\n\n\n\n<div style=\"height:100px\" aria-hidden=\"true\" class=\"wp-block-spacer\"><\/div>\n\n\n\n<p style=\"text-align: justify;\"><strong><span style=\"text-decoration: underline;\">Taller de Artes Visuales<\/span>_Nivel Pre B\u00e1sica:<\/strong> Profesora Susana Ortiz \/ susana.ortiz@colegio-sanandres.cl<\/p>\n\n\n\n<figure class=\"wp-block-embed-youtube wp-block-embed is-type-video is-provider-youtube wp-embed-aspect-16-9 wp-has-aspect-ratio\"><div class=\"wp-block-embed__wrapper\">\n<iframe loading=\"lazy\" title=\"Video taller de artes prebasica\" width=\"830\" height=\"467\" src=\"https:\/\/www.youtube.com\/embed\/MlgRcfnhjF8?feature=oembed\" frameborder=\"0\" allow=\"accelerometer; autoplay; clipboard-write; encrypted-media; gyroscope; picture-in-picture\" allowfullscreen><\/iframe>\n<\/div><\/figure>\n\n\n\n<figure class=\"wp-block-embed-youtube wp-block-embed is-type-video is-provider-youtube wp-embed-aspect-16-9 wp-has-aspect-ratio\"><div class=\"wp-block-embed__wrapper\">\n<iframe loading=\"lazy\" title=\"Flores de papel\ud83c\udf37Tulip\u00e1n\ud83c\udf37Origami\ud83c\udf37paper flowers\ud83c\udf37Tulip\ud83c\udf37Crafts\" width=\"830\" height=\"467\" src=\"https:\/\/www.youtube.com\/embed\/u7PMBApmNU8?feature=oembed\" frameborder=\"0\" allow=\"accelerometer; autoplay; clipboard-write; encrypted-media; gyroscope; picture-in-picture; web-share\" referrerpolicy=\"strict-origin-when-cross-origin\" allowfullscreen><\/iframe>\n<\/div><figcaption>Tutorial Taller de Arte Pre B\u00e1sica Chinita<\/figcaption><\/figure>\n\n\n\n<div style=\"height:78px\" aria-hidden=\"true\" class=\"wp-block-spacer\"><\/div>\n\n\n\n<p style=\"text-align: justify;\"><strong><span style=\"text-decoration: underline;\">Taller de Artes Visuales <\/span>1\u00b0 a 4\u00b0 B\u00e1sico:<\/strong> Profesora Susana Ortiz \/ susana.ortiz@colegio-sanandres.cl<\/p>\n\n\n\n<figure class=\"wp-block-embed-youtube wp-block-embed is-type-video is-provider-youtube wp-embed-aspect-16-9 wp-has-aspect-ratio\"><div class=\"wp-block-embed__wrapper\">\n<iframe loading=\"lazy\" title=\"Video taller de artes 1\u00b0a 4\u00b0 b\u00e1sico.\" width=\"830\" height=\"467\" src=\"https:\/\/www.youtube.com\/embed\/vwQGOKA3_0M?feature=oembed\" frameborder=\"0\" allow=\"accelerometer; autoplay; clipboard-write; encrypted-media; gyroscope; picture-in-picture\" allowfullscreen><\/iframe>\n<\/div><\/figure>\n\n\n\n<figure class=\"wp-block-embed-youtube wp-block-embed is-type-video is-provider-youtube wp-embed-aspect-16-9 wp-has-aspect-ratio\"><div class=\"wp-block-embed__wrapper\">\n<iframe loading=\"lazy\" title=\"Pencil shavings flower for nursery student  \/\/ \u09a8\u09be\u09b0\u09cd\u09b8\u09be\u09b0\u09bf \u09ac\u09be\u099a\u09cd\u099b\u09be\u09a6\u09c7\u09b0 \u09b9\u09be\u09a4\u09c7\u09b0 \u0995\u09be\u099c \u09aa\u09c7\u09a8\u09cd\u09b8\u09bf\u09b2 \u09b8\u09c7\u09ad\u09bf\u0982\u09b8 \u09a6\u09bf\u09df\u09c7 \u09ab\u09c1\u09b2\" width=\"830\" height=\"467\" src=\"https:\/\/www.youtube.com\/embed\/Z9uztd1LY78?feature=oembed\" frameborder=\"0\" allow=\"accelerometer; autoplay; clipboard-write; encrypted-media; gyroscope; picture-in-picture\" allowfullscreen><\/iframe>\n<\/div><\/figure>\n\n\n\n<div style=\"height:81px\" aria-hidden=\"true\" class=\"wp-block-spacer\"><\/div>\n\n\n\n<p style=\"text-align: justify;\"><strong><span style=\"text-decoration: underline;\">Taller de Artes Visuales<\/span> 5\u00b0 a 8\u00b0 B\u00e1sico:<\/strong> Profesora Susana Ortiz \/ susana.ortiz@colegio-sanandres.cl<\/p>\n\n\n\n<figure class=\"wp-block-embed-youtube wp-block-embed is-type-video is-provider-youtube wp-embed-aspect-16-9 wp-has-aspect-ratio\"><div class=\"wp-block-embed__wrapper\">\n<iframe loading=\"lazy\" title=\"Video taller de artes 5\u00b0 a 8\u00b0 b\u00e1sico.\" width=\"830\" height=\"467\" src=\"https:\/\/www.youtube.com\/embed\/7V0gVYdVpeo?feature=oembed\" frameborder=\"0\" allow=\"accelerometer; autoplay; clipboard-write; encrypted-media; gyroscope; picture-in-picture\" allowfullscreen><\/iframe>\n<\/div><\/figure>\n\n\n\n<figure class=\"wp-block-embed-youtube wp-block-embed is-type-video is-provider-youtube wp-embed-aspect-16-9 wp-has-aspect-ratio\"><div class=\"wp-block-embed__wrapper\">\n<iframe loading=\"lazy\" title=\"How to make wallpiece from match sticks for children activity\" width=\"830\" height=\"467\" src=\"https:\/\/www.youtube.com\/embed\/YDVwWJ-uwWk?feature=oembed\" frameborder=\"0\" allow=\"accelerometer; autoplay; clipboard-write; encrypted-media; gyroscope; picture-in-picture\" allowfullscreen><\/iframe>\n<\/div><\/figure>\n\n\n\n<div style=\"height:86px\" aria-hidden=\"true\" class=\"wp-block-spacer\"><\/div>\n\n\n\n<p style=\"text-align: justify;\"><strong><span style=\"text-decoration: underline;\">Taller de Yoga<\/span> 1\u00b0 a 4\u00b0 B\u00e1sico<\/strong> Profesora Denise Morales \/ denise.morales@colegio-sanandres.cl<\/p>\n\n\n\n<figure class=\"wp-block-embed-youtube wp-block-embed is-type-video is-provider-youtube wp-embed-aspect-16-9 wp-has-aspect-ratio\"><div class=\"wp-block-embed__wrapper\">\n<iframe loading=\"lazy\" title=\"Clase Taller de Yoga v\u00eda Meet\" width=\"830\" height=\"467\" src=\"https:\/\/www.youtube.com\/embed\/ymTUokGbUlc?feature=oembed\" frameborder=\"0\" allow=\"accelerometer; autoplay; clipboard-write; encrypted-media; gyroscope; picture-in-picture\" allowfullscreen><\/iframe>\n<\/div><\/figure>\n\n\n\n<h4 style=\"text-align: center;\"><strong><span style=\"background-color: #cc99ff;\">Link Taller de Yoga v\u00eda Meet\u00a0 <\/span><\/strong>(Viernes 2 Octubre 11:00 hrs)<\/h4>\n<p style=\"text-align: center;\"><a href=\"https:\/\/meet.google.com\/ckj-rcua-hqq\">https:\/\/meet.google.com\/ckj-rcua-hqq<\/a><\/p>\n\n\n\n<div style=\"height:93px\" aria-hidden=\"true\" class=\"wp-block-spacer\"><\/div>\n\n\n\n<p style=\"text-align: justify;\"><strong><span style=\"text-decoration: underline;\">Taller de Conciencia Medio Ambiental<\/span>_Nivel Pre B\u00e1sica<\/strong> Profesora M\u00f3nica Maldonado \/ monica.maldonado@colegio-sanandres.cl<\/p>\n\n\n\n<p><a href=\"http:\/\/www.colegio-sanandres.cl\/wp-content\/uploads\/2020\/09\/Instrucciones-de-Trabajo-Taller-Ambiental-Pre-B\u00e1sica.pdf\">Instrucciones de Trabajo Taller de Conciencia Ambiental Pre B\u00e1sica.<\/a><\/p>\n\n\n\n<figure class=\"wp-block-embed-youtube wp-block-embed is-type-video is-provider-youtube wp-embed-aspect-16-9 wp-has-aspect-ratio\"><div class=\"wp-block-embed__wrapper\">\n<iframe loading=\"lazy\" title=\"maceta autorregable\" width=\"830\" height=\"467\" src=\"https:\/\/www.youtube.com\/embed\/5y7WxkrdCTo?feature=oembed\" frameborder=\"0\" allow=\"accelerometer; autoplay; clipboard-write; encrypted-media; gyroscope; picture-in-picture\" allowfullscreen><\/iframe>\n<\/div><\/figure>\n\n\n\n<div style=\"height:85px\" aria-hidden=\"true\" class=\"wp-block-spacer\"><\/div>\n\n\n\n<p style=\"text-align: justify;\"><strong><span style=\"text-decoration: underline;\">Taller de&nbsp;Conciencia Medio Ambiental<\/span>_3\u00b0 a 4\u00b0 B\u00e1sico<\/strong> Profesora M\u00f3nica Maldonado \/ monica.maldonado@colegio-sanandres.cl<\/p>\n\n\n\n<p><a href=\"http:\/\/www.colegio-sanandres.cl\/wp-content\/uploads\/2020\/09\/Instrucciones-de-Trabajo-Taller-Conciencia-Ambiental-3\u00b0-y-4\u00b0-B\u00e1sico.pdf\">Instrucciones de Trabajo Taller Conciencia Ambiental 3\u00b0 y 4\u00b0 B\u00e1sico.<\/a><\/p>\n\n\n\n<figure class=\"wp-block-embed-youtube wp-block-embed is-type-video is-provider-youtube wp-embed-aspect-16-9 wp-has-aspect-ratio\"><div class=\"wp-block-embed__wrapper\">\n<iframe loading=\"lazy\" title=\"botella de la calma\" width=\"830\" height=\"467\" src=\"https:\/\/www.youtube.com\/embed\/nrMJ91xvmes?feature=oembed\" frameborder=\"0\" allow=\"accelerometer; autoplay; clipboard-write; encrypted-media; gyroscope; picture-in-picture\" allowfullscreen><\/iframe>\n<\/div><\/figure>\n\n\n\n<div style=\"height:93px\" aria-hidden=\"true\" class=\"wp-block-spacer\"><\/div>\n\n\n\n<p style=\"text-align: justify;\"><span style=\"text-decoration: underline;\"><strong>Taller de Danza<\/strong><\/span> Profesora Mar\u00eda Alejandra La Paz \/ alejandra.lapaz@colegio-sanandres.cl<\/p>\n\n\n\n<p><img decoding=\"async\" src=\"http:\/\/www.colegio-sanandres.cl\/wp-content\/uploads\/2020\/09\/Afiche-Taller-de-Danza.png\" alt=\"\"><\/p>\n\n\n\n<h5 style=\"text-align: center;\"><span style=\"background-color: #ff99cc;\"><strong>Link Taller de Danza V\u00eda Meet&nbsp; <span style=\"background-color: #ffffff;\">(Jueves 1 Octubre 16:00 hrs)<\/span><br><\/strong><\/span><\/h5>\n<p style=\"text-align: center;\"><a href=\"https:\/\/meet.google.com\/uqu-yyka-uxk\">https:\/\/meet.google.com\/uqu-yyka-uxk<\/a><\/p>\n\n\n\n<div style=\"height:78px\" aria-hidden=\"true\" class=\"wp-block-spacer\"><\/div>\n\n\n\n<p style=\"text-align: justify;\"><span style=\"text-decoration: underline;\"><strong>Taller Gimnasia Art\u00edstica<\/strong><\/span> Profesora Mar\u00eda Alejandra La Paz \/ alejandra.lapaz@colegio-sanandres.cl<\/p>\n\n\n\n<p><img decoding=\"async\" src=\"http:\/\/www.colegio-sanandres.cl\/wp-content\/uploads\/2020\/09\/Afiche-Taller-de-Gimnasia.png\" alt=\"\"><\/p>\n\n\n\n<p style=\"text-align: center;\"><strong><span style=\"background-color: #ccffcc;\">Link Taller Gimnasia V\u00eda Meet<span style=\"background-color: #ffffff;\"> (Mi\u00e9rcoles 30 Septiembre 16:00 hrs)<br><\/span><\/span><\/strong><\/p>\n<p style=\"text-align: center;\"><a href=\"https:\/\/meet.google.com\/tgx-aqah-wxb\">https:\/\/meet.google.com\/tgx-aqah-wxb<\/a><\/p>\n\n\n\n<div style=\"height:84px\" aria-hidden=\"true\" class=\"wp-block-spacer\"><\/div>\n\n\n\n<h4 style=\"text-align: center;\"><span style=\"text-decoration: underline;\"><strong>Talleres de Futbol Online<\/strong><\/span><\/h4>\n<p style=\"text-align: justify;\">Profesor Maurico Or\u00f3stica \/ mauricio.orostica@colegio-sanandres.cl<span style=\"text-decoration: underline;\"><strong><br><\/strong><\/span><\/p>\n<p><iframe loading=\"lazy\" title=\"V\u00eddeo promocional Taller de F\u00fatbol online EN VIVO &quot; Colegio San Andr\u00e9s&quot;\" width=\"830\" height=\"467\" src=\"https:\/\/www.youtube.com\/embed\/L4ZaxXyRBYU?feature=oembed\" frameborder=\"0\" allow=\"accelerometer; autoplay; clipboard-write; encrypted-media; gyroscope; picture-in-picture\" allowfullscreen><\/iframe><\/p>\n<table style=\"width: 100%; height: 135px;\">\n<tbody>\n<tr style=\"height: 87px;\">\n<td style=\"height: 87px;\" width=\"273\">\n<h4 style=\"text-align: center;\"><strong>Taller Futbol Mixto 1\u00b0 y 2\u00b0 B\u00e1sico<br><\/strong><\/h4>\n<\/td>\n<\/tr>\n<tr style=\"height: 24px;\">\n<td style=\"height: 24px;\" width=\"273\">Fecha y Horario: Mi\u00e9rcoles 30 de Septiembre 12:00 hrs.<\/td>\n<\/tr>\n<tr style=\"height: 24px;\">\n<td style=\"height: 24px;\" width=\"273\">Link de Acceso: <a href=\"https:\/\/meet.google.com\/saj-ondi-gbt\">https:\/\/meet.google.com\/saj-ondi-gbt<\/a><\/td>\n<\/tr>\n<\/tbody>\n<\/table>\n<p>&nbsp;<\/p>\n<table style=\"width: 100%; height: 135px;\">\n<tbody>\n<tr style=\"height: 87px;\">\n<td style=\"height: 87px;\" width=\"273\">\n<h4 style=\"text-align: center;\"><strong>Taller Futbol Mixto 3\u00b0 y 4\u00b0 B\u00e1sico<br><\/strong><\/h4>\n<\/td>\n<\/tr>\n<tr style=\"height: 24px;\">\n<td style=\"height: 24px;\" width=\"273\">Fecha y Horario: Mi\u00e9rcoles 30 de Septiembre 11:00 hrs.<\/td>\n<\/tr>\n<tr style=\"height: 24px;\">\n<td style=\"height: 24px;\" width=\"273\">Link de Acceso: <a href=\"https:\/\/meet.google.com\/ize-bwbd-idk\">https:\/\/meet.google.com\/ize-bwbd-idk<\/a><\/td>\n<\/tr>\n<\/tbody>\n<\/table>\n<p>&nbsp;<\/p>\n<table>\n<tbody>\n<tr>\n<td width=\"273\">\n<h4 style=\"text-align: center;\"><strong>Taller Futbol Varones 5\u00b0 y 6\u00b0 B\u00e1sico<br><\/strong><\/h4>\n<\/td>\n<\/tr>\n<tr>\n<td width=\"273\">Fecha y Horario: Jueves 1 de Octubre 15:00 hrs.<\/td>\n<\/tr>\n<tr>\n<td width=\"273\">Link de Acceso: <a href=\"https:\/\/meet.google.com\/ctv-cejo-krq\">https:\/\/meet.google.com\/ctv-cejo-krq<\/a><\/td>\n<\/tr>\n<\/tbody>\n<\/table>\n<p>&nbsp;<\/p>\n<table>\n<tbody>\n<tr>\n<td width=\"273\">\n<h4 style=\"text-align: center;\"><strong>Taller Futbol Varones 7\u00b0 y 8\u00b0 B\u00e1sico<br><\/strong><\/h4>\n<\/td>\n<\/tr>\n<tr>\n<td width=\"273\">Fecha y Horario: Jueves 1 de Octubre 16:00 hrs.<\/td>\n<\/tr>\n<tr>\n<td width=\"273\">Link de Acceso: <a href=\"https:\/\/meet.google.com\/ssh-kkps-kaq\">https:\/\/meet.google.com\/ssh-kkps-kaq<\/a><\/td>\n<\/tr>\n<\/tbody>\n<\/table>\n<p>&nbsp;<\/p>\n<table>\n<tbody>\n<tr>\n<td width=\"273\">\n<h4 style=\"text-align: center;\"><strong>Taller Futbol Damas 5\u00b0 a 8\u00b0 B\u00e1sico<br><\/strong><\/h4>\n<\/td>\n<\/tr>\n<tr>\n<td width=\"273\">Fecha y Horario: Mi\u00e9rcoles 30 de Septiembre 15:00 hrs.<\/td>\n<\/tr>\n<tr>\n<td width=\"273\">Link de Acceso: <a href=\"https:\/\/meet.google.com\/myh-xmnf-jwc\">https:\/\/meet.google.com\/myh-xmnf-jwc<\/a><\/td>\n<\/tr>\n<\/tbody>\n<\/table>\n<p>&nbsp;<\/p>\n\n\n","protected":false},"excerpt":{"rendered":"<p>Taller de Canto:&nbsp; Profesora Pamela Oyarz\u00fan \/ pamela.oyarzun@colegio-sanandres.cl Gu\u00eda Taller de Canto \/ Clasificaci\u00f3n de voces. Taller de Guitarra:&nbsp; Profesora Pamela Oyarz\u00fan \/ pamela.oyarzun@colegio-sanandres.cl Guia Taller de Guitarra \/ Perfect. Taller de Artes Visuales_Nivel Pre B\u00e1sica: Profesora Susana Ortiz \/ susana.ortiz@colegio-sanandres.cl Taller de Artes Visuales 1\u00b0 a 4\u00b0 B\u00e1sico: Profesora Susana Ortiz \/ susana.ortiz@colegio-sanandres.cl Taller [&hellip;]<\/p>\n","protected":false},"author":3,"featured_media":0,"parent":0,"menu_order":0,"comment_status":"closed","ping_status":"closed","template":"","meta":{"footnotes":""},"class_list":["post-5955","page","type-page","status-publish","hentry"],"amp_enabled":true,"_links":{"self":[{"href":"http:\/\/www.colegio-sanandres.cl\/index.php?rest_route=\/wp\/v2\/pages\/5955","targetHints":{"allow":["GET"]}}],"collection":[{"href":"http:\/\/www.colegio-sanandres.cl\/index.php?rest_route=\/wp\/v2\/pages"}],"about":[{"href":"http:\/\/www.colegio-sanandres.cl\/index.php?rest_route=\/wp\/v2\/types\/page"}],"author":[{"embeddable":true,"href":"http:\/\/www.colegio-sanandres.cl\/index.php?rest_route=\/wp\/v2\/users\/3"}],"replies":[{"embeddable":true,"href":"http:\/\/www.colegio-sanandres.cl\/index.php?rest_route=%2Fwp%2Fv2%2Fcomments&post=5955"}],"version-history":[{"count":4,"href":"http:\/\/www.colegio-sanandres.cl\/index.php?rest_route=\/wp\/v2\/pages\/5955\/revisions"}],"predecessor-version":[{"id":5978,"href":"http:\/\/www.colegio-sanandres.cl\/index.php?rest_route=\/wp\/v2\/pages\/5955\/revisions\/5978"}],"wp:attachment":[{"href":"http:\/\/www.colegio-sanandres.cl\/index.php?rest_route=%2Fwp%2Fv2%2Fmedia&parent=5955"}],"curies":[{"name":"wp","href":"https:\/\/api.w.org\/{rel}","templated":true}]}}