{"id":6009,"date":"2020-09-29T21:54:04","date_gmt":"2020-09-30T00:54:04","guid":{"rendered":"http:\/\/www.colegio-sanandres.cl\/?page_id=6009"},"modified":"2020-10-02T18:39:14","modified_gmt":"2020-10-02T21:39:14","slug":"3o-basico-2a-semana-retroalimentacion-4","status":"publish","type":"page","link":"http:\/\/www.colegio-sanandres.cl\/?page_id=6009","title":{"rendered":"3\u00ba B\u00c1SICO (2a Semana Retroalimentaci\u00f3n)"},"content":{"rendered":"\n<table style=\"border-collapse: collapse; width: 100%; height: 345px;\">\n<tbody>\n<tr style=\"height: 345px;\">\n<td style=\"width: 100%; height: 345px;\">\n<h4 style=\"text-align: center;\">ENCUESTA PARA ESTUDIANTES<\/h4>\n<p style=\"text-align: justify;\">Con el fin de conocer la opini\u00f3n de nuestros estudiantes los invitamos a contestar la encuesta contenida en el siguiente link:<\/p>\n<h4 style=\"text-align: center;\"><span style=\"background-color: #00ff00;\"><a style=\"background-color: #00ff00;\" href=\"https:\/\/forms.gle\/uhztBdfc526DALYq8\">https:\/\/forms.gle\/uhztBdfc526DALYq8<\/a><\/span><\/h4>\n<p style=\"text-align: justify;\">En el caso de los estudiantes m\u00e1s peque\u00f1os, les pedimos a sus apoderados que les hagan estas preguntas y ayuden ustedes a contestar esta encuesta, de manera tal que podamos conocer lo que siemte y piensa su hijo\/a.<\/p>\n<\/td>\n<\/tr>\n<\/tbody>\n<\/table>\n\n\n\n<div style=\"height:65px\" aria-hidden=\"true\" class=\"wp-block-spacer\"><\/div>\n\n\n\n<h4>Retroalimentaci\u00f3n&nbsp; 3\u00b0 B\u00e1sico <strong>Lenguaje<\/strong><\/h4>\n<p>Profesora:&nbsp; Camila Ortiz \/ camila.ortiz@colegio-sanandres.cl<\/p>\n\n\n\n<figure class=\"wp-block-embed-youtube wp-block-embed is-type-video is-provider-youtube wp-embed-aspect-16-9 wp-has-aspect-ratio wp-embed-aspect-4-3\"><div class=\"wp-block-embed__wrapper\">\n<iframe loading=\"lazy\" title=\"Tercero b\u00e1sico\" width=\"830\" height=\"467\" src=\"https:\/\/www.youtube.com\/embed\/zNxQ1-dv3-E?feature=oembed\" frameborder=\"0\" allow=\"accelerometer; autoplay; clipboard-write; encrypted-media; gyroscope; picture-in-picture\" allowfullscreen><\/iframe>\n<\/div><\/figure>\n\n\n\n<p>Formulario Ticket de Salida Lenguaje:<\/p>\n<p style=\"text-align: center;\"><a href=\"https:\/\/forms.gle\/VHzVdLBAEBhoa4So8\">https:\/\/forms.gle\/VHzVdLBAEBhoa4So8<\/a><\/p>\n\n\n\n<div style=\"height:42px\" aria-hidden=\"true\" class=\"wp-block-spacer\"><\/div>\n\n\n\n<h4>Retroalimentaci\u00f3n 3\u00b0 B\u00e1sico <strong>Matem\u00e1tica<\/strong><\/h4>\n<p>Profesor: Manuel Hevia \/ manuel.hevia@colegio-sanandres.cl&nbsp;<\/p>\n<p><a href=\"http:\/\/www.colegio-sanandres.cl\/wp-content\/uploads\/2020\/09\/Solucionario-3\u00b0-B\u00e1sico-Matem\u00e1ticas-1.pdf\">Solucionario 3\u00b0 B\u00e1sico Matem\u00e1ticas.<\/a><\/p>\n\n\n\n<figure class=\"wp-block-embed-youtube wp-block-embed is-type-video is-provider-youtube wp-embed-aspect-16-9 wp-has-aspect-ratio\"><div class=\"wp-block-embed__wrapper\">\n<iframe loading=\"lazy\" title=\"3ro Clase 11: RETROALIMENTACI\u00d3N  Demostrar que comprenden el per\u00edmetro de una figura ...(OA21)\" width=\"830\" height=\"467\" src=\"https:\/\/www.youtube.com\/embed\/yystWO-8H9s?feature=oembed\" frameborder=\"0\" allow=\"accelerometer; autoplay; clipboard-write; encrypted-media; gyroscope; picture-in-picture\" allowfullscreen><\/iframe>\n<\/div><\/figure>\n\n\n\n<p>Formulario Ticket de Salida Matem\u00e1tica:<\/p>\n<p style=\"text-align: center;\"><a href=\"https:\/\/forms.gle\/MzxTHA2tnHhqJKkV7\">https:\/\/forms.gle\/MzxTHA2tnHhqJKkV7<\/a><\/p>\n\n\n\n<div style=\"height:56px\" aria-hidden=\"true\" class=\"wp-block-spacer\"><\/div>\n\n\n\n<h4>Retroalimentaci\u00f3n 3\u00b0 B\u00e1sico<strong>&nbsp;Historia<\/strong><\/h4>\n<p>Profesora: \u00c1lvaro Pino \/ alvaro.pino@colegio-sanandres.cl<\/p>\n<p><a href=\"http:\/\/www.colegio-sanandres.cl\/wp-content\/uploads\/2020\/09\/Solucionario-3\u00b0-B\u00e1sico-Historia-1.pdf\">Solucionario 3\u00b0 B\u00e1sico Historia.<\/a><\/p>\n<figure class=\"wp-block-embed-youtube wp-block-embed is-type-video is-provider-youtube wp-embed-aspect-16-9 wp-has-aspect-ratio wp-embed-aspect-4-3\"><\/figure>\n\n\n\n<figure class=\"wp-block-embed-youtube wp-block-embed is-type-video is-provider-youtube wp-embed-aspect-16-9 wp-has-aspect-ratio\"><div class=\"wp-block-embed__wrapper\">\n<iframe loading=\"lazy\" title=\"Retroalimentaci\u00f3n Historia 3\u00b0 B\u00e1sico\" width=\"830\" height=\"467\" src=\"https:\/\/www.youtube.com\/embed\/NnSlmC5MknE?feature=oembed\" frameborder=\"0\" allow=\"accelerometer; autoplay; clipboard-write; encrypted-media; gyroscope; picture-in-picture\" allowfullscreen><\/iframe>\n<\/div><\/figure>\n\n\n\n<p>Formulario Ticket de Salida Historia:<\/p>\n<p style=\"text-align: center;\"><a href=\"https:\/\/forms.gle\/GEqfkBRbMUfTSax66\">https:\/\/forms.gle\/GEqfkBRbMUfTSax66<\/a><\/p>\n\n\n\n<div style=\"height:52px\" aria-hidden=\"true\" class=\"wp-block-spacer\"><\/div>\n\n\n\n<h4>Retroalimentaci\u00f3n 3\u00b0 B\u00e1sico<strong> Ciencias Naturales<\/strong><\/h4>\n<p>Profesora: M\u00f3nica Maldonado \/ monica.maldonado@colegio-sanandres.cl<\/p>\n<figure class=\"wp-block-embed-youtube wp-block-embed is-type-video is-provider-youtube wp-embed-aspect-16-9 wp-has-aspect-ratio wp-embed-aspect-4-3\"><\/figure>\n\n\n\n<h5><a href=\"http:\/\/www.colegio-sanandres.cl\/wp-content\/uploads\/2020\/09\/Solucionario-3\u00b0-B\u00e1sico-Ciencias-1.pdf\">Solucionario 3\u00b0 B\u00e1sico Ciencias Naturales.<\/a><\/h5>\n\n\n\n<figure class=\"wp-block-embed-youtube wp-block-embed is-type-video is-provider-youtube wp-embed-aspect-16-9 wp-has-aspect-ratio\"><div class=\"wp-block-embed__wrapper\">\n<iframe loading=\"lazy\" title=\"El sonido se transmite absorbe y se refleja por distintos medios materiales\" width=\"830\" height=\"467\" src=\"https:\/\/www.youtube.com\/embed\/RI-xVJx_OaY?feature=oembed\" frameborder=\"0\" allow=\"accelerometer; autoplay; clipboard-write; encrypted-media; gyroscope; picture-in-picture\" allowfullscreen><\/iframe>\n<\/div><\/figure>\n\n\n\n<p>Formulario Ticket de Salida Ciencias Naturales:<\/p>\n<p style=\"text-align: center;\"><a href=\"https:\/\/forms.gle\/FcnSAz4rAjomXVRA8\">https:\/\/forms.gle\/FcnSAz4rAjomXVRA8<\/a><\/p>\n\n\n\n<div style=\"height:53px\" aria-hidden=\"true\" class=\"wp-block-spacer\"><\/div>\n\n\n\n<h4>Retroalimentaci\u00f3n 3\u00b0 B\u00e1sico<strong> Ingl\u00e9s<\/strong><\/h4>\n<p>Profesora: Patricia Catal\u00e1n \/ patricia.catalan@colegio-sanandres.cl<\/p>\n<p><a href=\"http:\/\/www.colegio-sanandres.cl\/wp-content\/uploads\/2020\/09\/Solucionario-3\u00b0-B\u00e1sico-Ingl\u00e9s.pdf\">Solucionario 3\u00b0 B\u00e1sico Ingl\u00e9s.<\/a><\/p>\n<figure class=\"wp-block-embed-youtube wp-block-embed is-type-video is-provider-youtube wp-embed-aspect-16-9 wp-has-aspect-ratio wp-embed-aspect-4-3\"><\/figure>\n\n\n\n<figure class=\"wp-block-embed-youtube wp-block-embed is-type-video is-provider-youtube wp-embed-aspect-16-9 wp-has-aspect-ratio\"><div class=\"wp-block-embed__wrapper\">\n<iframe loading=\"lazy\" title=\"Retroalimentaci\u00f3n Ingl\u00e9s - 3\u00b0 b\u00e1sico\" width=\"830\" height=\"467\" src=\"https:\/\/www.youtube.com\/embed\/7yS9vipF4vo?feature=oembed\" frameborder=\"0\" allow=\"accelerometer; autoplay; clipboard-write; encrypted-media; gyroscope; picture-in-picture\" allowfullscreen><\/iframe>\n<\/div><\/figure>\n\n\n\n<p>Formulario Ticket de Salida Ingl\u00e9s:<\/p>\n<p style=\"text-align: center;\"><a href=\"https:\/\/forms.gle\/gFJoAMvx1Z39ASXW7\">https:\/\/forms.gle\/gFJoAMvx1Z39ASXW7<\/a><\/p>\n\n\n\n<div style=\"height:57px\" aria-hidden=\"true\" class=\"wp-block-spacer\"><\/div>\n\n\n\n<h4>Retroalimentaci\u00f3n 3\u00b0 B\u00e1sico<strong> M\u00fasica<\/strong><\/h4>\n<p>Profesor: Cristian Chac\u00f3n \/ cristian.chacon@colegio-sanandres.cl<\/p>\n<figure class=\"wp-block-embed-youtube wp-block-embed is-type-video is-provider-youtube wp-embed-aspect-16-9 wp-has-aspect-ratio wp-embed-aspect-4-3\"><\/figure>\n\n\n\n<figure class=\"wp-block-embed-youtube wp-block-embed is-type-video is-provider-youtube wp-embed-aspect-16-9 wp-has-aspect-ratio wp-embed-aspect-4-3\"><div class=\"wp-block-embed__wrapper\">\n<iframe loading=\"lazy\" title=\"3ro basico retroalimentacion guia 12\" width=\"830\" height=\"467\" src=\"https:\/\/www.youtube.com\/embed\/eCIVVr5NdJQ?feature=oembed\" frameborder=\"0\" allow=\"accelerometer; autoplay; clipboard-write; encrypted-media; gyroscope; picture-in-picture\" allowfullscreen><\/iframe>\n<\/div><\/figure>\n\n\n\n<p>Formulario Ticket de Salida M\u00fasica:<\/p>\n<p style=\"text-align: center;\"><a href=\"https:\/\/forms.gle\/QLZSRq4evYaeDwtD8\">https:\/\/forms.gle\/QLZSRq4evYaeDwtD8<\/a><\/p>\n\n\n\n<div style=\"height:53px\" aria-hidden=\"true\" class=\"wp-block-spacer\"><\/div>\n\n\n\n<h4>Retroalimentaci\u00f3n 3\u00b0 B\u00e1sico<strong> Educaci\u00f3n F\u00edsica<\/strong><\/h4>\n<p>Profesora: Mar\u00eda Alejandra La Paz \/ alejandra.lapaz@colegio-sanandres.cl<\/p>\n<figure class=\"wp-block-embed-youtube wp-block-embed is-type-video is-provider-youtube wp-embed-aspect-16-9 wp-has-aspect-ratio wp-embed-aspect-4-3\"><\/figure>\n\n\n\n<figure class=\"wp-block-embed-youtube wp-block-embed is-type-video is-provider-youtube wp-embed-aspect-16-9 wp-has-aspect-ratio\"><div class=\"wp-block-embed__wrapper\">\n<iframe loading=\"lazy\" title=\"Retroalimentaci\u00f3n Coordinaci\u00f3n Oculo Podal 3\u00b0 B\u00e1sico\" width=\"830\" height=\"467\" src=\"https:\/\/www.youtube.com\/embed\/k2IWF-3mtIQ?feature=oembed\" frameborder=\"0\" allow=\"accelerometer; autoplay; clipboard-write; encrypted-media; gyroscope; picture-in-picture\" allowfullscreen><\/iframe>\n<\/div><\/figure>\n\n\n\n<p>Formulario Ticket de Salida Educaci\u00f3n F\u00edsica:<\/p>\n<p style=\"text-align: center;\"><a href=\"https:\/\/forms.gle\/UzFeEnBHyqTMEetR8\">https:\/\/forms.gle\/UzFeEnBHyqTMEetR8<\/a><\/p>\n\n\n\n<div style=\"height:44px\" aria-hidden=\"true\" class=\"wp-block-spacer\"><\/div>\n\n\n\n<h3 style=\"text-align: center;\"><strong>PROYECTO DE INTEGRACI\u00d3N ESCOLAR (PIE)<\/strong><\/h3>\n<p>&nbsp;<\/p>\n<h4>Retroalimentaci\u00f3n 3\u00b0 B\u00e1sico Educadora Diferencial.<\/h4>\n<p style=\"text-align: justify;\"><strong>Educadora Diferencial<\/strong>: Yerka Curaz\/ yerka.curaz@colegio-sanandres.cl<\/p>\n<figure class=\"wp-block-embed-youtube wp-block-embed is-type-video is-provider-youtube wp-embed-aspect-16-9 wp-has-aspect-ratio wp-embed-aspect-4-3\"><\/figure>\n\n\n\n<figure class=\"wp-block-embed-youtube wp-block-embed is-type-video is-provider-youtube wp-embed-aspect-16-9 wp-has-aspect-ratio\"><div class=\"wp-block-embed__wrapper\">\n<iframe loading=\"lazy\" title=\"Retroalimentaci\u00f3n actividad 3ro 21\/09\/2020\" width=\"830\" height=\"467\" src=\"https:\/\/www.youtube.com\/embed\/-bhNcxeRSgc?feature=oembed\" frameborder=\"0\" allow=\"accelerometer; autoplay; clipboard-write; encrypted-media; gyroscope; picture-in-picture\" allowfullscreen><\/iframe>\n<\/div><\/figure>\n\n\n\n<p>Formulario Ticket de Salida Educaci\u00f3n Diferencial:<\/p>\n<p style=\"text-align: center;\"><a href=\"https:\/\/forms.gle\/HoUYFAEcD2gq7N8s6\">https:\/\/forms.gle\/HoUYFAEcD2gq7N8s6<\/a><\/p>\n","protected":false},"excerpt":{"rendered":"<p>ENCUESTA PARA ESTUDIANTES Con el fin de conocer la opini\u00f3n de nuestros estudiantes los invitamos a contestar la encuesta contenida en el siguiente link: https:\/\/forms.gle\/uhztBdfc526DALYq8 En el caso de los estudiantes m\u00e1s peque\u00f1os, les pedimos a sus apoderados que les hagan estas preguntas y ayuden ustedes a contestar esta encuesta, de manera tal que podamos [&hellip;]<\/p>\n","protected":false},"author":3,"featured_media":0,"parent":0,"menu_order":0,"comment_status":"closed","ping_status":"closed","template":"","meta":{"footnotes":""},"class_list":["post-6009","page","type-page","status-publish","hentry"],"amp_enabled":true,"_links":{"self":[{"href":"http:\/\/www.colegio-sanandres.cl\/index.php?rest_route=\/wp\/v2\/pages\/6009","targetHints":{"allow":["GET"]}}],"collection":[{"href":"http:\/\/www.colegio-sanandres.cl\/index.php?rest_route=\/wp\/v2\/pages"}],"about":[{"href":"http:\/\/www.colegio-sanandres.cl\/index.php?rest_route=\/wp\/v2\/types\/page"}],"author":[{"embeddable":true,"href":"http:\/\/www.colegio-sanandres.cl\/index.php?rest_route=\/wp\/v2\/users\/3"}],"replies":[{"embeddable":true,"href":"http:\/\/www.colegio-sanandres.cl\/index.php?rest_route=%2Fwp%2Fv2%2Fcomments&post=6009"}],"version-history":[{"count":3,"href":"http:\/\/www.colegio-sanandres.cl\/index.php?rest_route=\/wp\/v2\/pages\/6009\/revisions"}],"predecessor-version":[{"id":6060,"href":"http:\/\/www.colegio-sanandres.cl\/index.php?rest_route=\/wp\/v2\/pages\/6009\/revisions\/6060"}],"wp:attachment":[{"href":"http:\/\/www.colegio-sanandres.cl\/index.php?rest_route=%2Fwp%2Fv2%2Fmedia&parent=6009"}],"curies":[{"name":"wp","href":"https:\/\/api.w.org\/{rel}","templated":true}]}}