{"id":6016,"date":"2020-09-29T22:08:33","date_gmt":"2020-09-30T01:08:33","guid":{"rendered":"http:\/\/www.colegio-sanandres.cl\/?page_id=6016"},"modified":"2020-10-02T17:15:29","modified_gmt":"2020-10-02T20:15:29","slug":"4o-basico-2a-semana-retroalimentacion-3","status":"publish","type":"page","link":"http:\/\/www.colegio-sanandres.cl\/?page_id=6016","title":{"rendered":"4\u00ba B\u00c1SICO (2a Semana Retroalimentaci\u00f3n)"},"content":{"rendered":"\n<table style=\"border-collapse: collapse; width: 100%;\">\n<tbody>\n<tr>\n<td style=\"width: 100%;\">\n<h4 style=\"text-align: center;\">ENCUESTA PARA ESTUDIANTES<\/h4>\n<p style=\"text-align: justify;\">Con el fin de conocer la opini\u00f3n de nuestros estudiantes los invitamos a contestar la encuesta contenida en el siguiente link:<\/p>\n<h4 style=\"text-align: center;\"><span style=\"background-color: #00ff00;\"><a style=\"background-color: #00ff00;\" href=\"https:\/\/forms.gle\/uhztBdfc526DALYq8\">https:\/\/forms.gle\/uhztBdfc526DALYq8<\/a><\/span><\/h4>\n<p style=\"text-align: justify;\">En el caso de los estudiantes m\u00e1s peque\u00f1os, les pedimos a sus apoderados que les hagan estas preguntas y ayuden ustedes a contestar esta encuesta, de manera tal que podamos conocer lo que siemte y piensa su hijo\/a.<\/p>\n<\/td>\n<\/tr>\n<\/tbody>\n<\/table>\n\n\n\n<div style=\"height:48px\" aria-hidden=\"true\" class=\"wp-block-spacer\"><\/div>\n\n\n\n<h4>Retroalimentaci\u00f3n&nbsp; 4\u00b0 B\u00e1sico <strong>Lenguaje<\/strong><\/h4>\n<p>Profesora: Camila Ortiz \/ camila.ortiz@colegio-sanandres.cl<\/p>\n\n\n\n<figure class=\"wp-block-embed-youtube wp-block-embed is-type-video is-provider-youtube wp-embed-aspect-16-9 wp-has-aspect-ratio\"><div class=\"wp-block-embed__wrapper\">\n<iframe loading=\"lazy\" title=\"Cuarto b\u00e1sico retro\" width=\"830\" height=\"467\" src=\"https:\/\/www.youtube.com\/embed\/P4GmTYHzoxw?feature=oembed\" frameborder=\"0\" allow=\"accelerometer; autoplay; clipboard-write; encrypted-media; gyroscope; picture-in-picture\" allowfullscreen><\/iframe>\n<\/div><\/figure>\n\n\n\n<p>Formulario Ticket de Salida Lenguaje:<\/p>\n<p style=\"text-align: center;\"><a href=\"https:\/\/forms.gle\/5jeeprFfgyQVCN3S6\">https:\/\/forms.gle\/5jeeprFfgyQVCN3S6<\/a><\/p>\n\n\n\n<div style=\"height:59px\" aria-hidden=\"true\" class=\"wp-block-spacer\"><\/div>\n\n\n\n<h4>Retroalimentaci\u00f3n&nbsp; 4\u00b0 B\u00e1sico <strong>Matem\u00e1tica<\/strong><\/h4>\n<p>Profesor: Manuel Hevia \/ manuel.hevia@colegio-sanandres.cl&nbsp;<\/p>\n<p><a href=\"http:\/\/www.colegio-sanandres.cl\/wp-content\/uploads\/2020\/09\/Solucionario-4\u00b0-B\u00e1sico-Matem\u00e1ticas-1.pdf\">Solucionario 4\u00b0 B\u00e1sico Matem\u00e1ticas.<\/a><\/p>\n\n\n\n<figure class=\"wp-block-embed-youtube wp-block-embed is-type-video is-provider-youtube wp-embed-aspect-16-9 wp-has-aspect-ratio\"><div class=\"wp-block-embed__wrapper\">\n<iframe loading=\"lazy\" title=\"4to clase 11(Retroalimentaci\u00edn): Medir longitudes y realizar transformaciones unidades (m. - cm)\" width=\"830\" height=\"467\" src=\"https:\/\/www.youtube.com\/embed\/V8XcZOY2-So?feature=oembed\" frameborder=\"0\" allow=\"accelerometer; autoplay; clipboard-write; encrypted-media; gyroscope; picture-in-picture\" allowfullscreen><\/iframe>\n<\/div><\/figure>\n\n\n\n<p>Formulario Ticket de Salida Matem\u00e1tica:<\/p>\n<p style=\"text-align: center;\"><a href=\"https:\/\/forms.gle\/c9bKAGkGHrqZQnep9\">https:\/\/forms.gle\/c9bKAGkGHrqZQnep9<\/a><\/p>\n\n\n\n<div style=\"height:48px\" aria-hidden=\"true\" class=\"wp-block-spacer\"><\/div>\n\n\n\n<h4>Retroalimentaci\u00f3n 4\u00b0 B\u00e1sico<strong>&nbsp;Historia<\/strong><\/h4>\n<p>Profesora: \u00c1lvaro Pino \/ alvaro.pino@colegio-sanandres.cl<\/p>\n<p><a href=\"http:\/\/www.colegio-sanandres.cl\/wp-content\/uploads\/2020\/09\/Solucionario-4\u00b0-B\u00e1sico-Historia-1.pdf\">Solucionario 4\u00b0 B\u00e1sico Historia.<\/a><\/p>\n\n\n\n<figure class=\"wp-block-embed-youtube wp-block-embed is-type-video is-provider-youtube wp-embed-aspect-16-9 wp-has-aspect-ratio\"><div class=\"wp-block-embed__wrapper\">\n<iframe loading=\"lazy\" title=\"Retroalimentaci\u00f3n Historia 4\u00b0 B\u00e1sico\" width=\"830\" height=\"467\" src=\"https:\/\/www.youtube.com\/embed\/kgrAyLOrkd8?feature=oembed\" frameborder=\"0\" allow=\"accelerometer; autoplay; clipboard-write; encrypted-media; gyroscope; picture-in-picture\" allowfullscreen><\/iframe>\n<\/div><\/figure>\n\n\n\n<p>Formulario Ticket de Salida Historia:<\/p>\n<p style=\"text-align: center;\"><a href=\"https:\/\/forms.gle\/oonv5P3EGaEiZeWL6\">https:\/\/forms.gle\/oonv5P3EGaEiZeWL6<\/a><\/p>\n\n\n\n<div style=\"height:53px\" aria-hidden=\"true\" class=\"wp-block-spacer\"><\/div>\n\n\n\n<h4>Retroalimentaci\u00f3n 4\u00b0 B\u00e1sico<strong>&nbsp;Ciencias Naturales<\/strong><\/h4>\n<p>Profesora: M\u00f3nica Maldonado \/ monica.maldonado@colegio-sanandres.cl<\/p>\n\n\n\n<h5><a href=\"http:\/\/www.colegio-sanandres.cl\/wp-content\/uploads\/2020\/09\/Solucionario-4\u00b0-B\u00e1sico-Ciencias-1.pdf\">Solucionario 4\u00b0 B\u00e1sico Ciencias Naturales.<\/a><\/h5>\n\n\n\n<figure class=\"wp-block-embed-youtube wp-block-embed is-type-video is-provider-youtube wp-embed-aspect-16-9 wp-has-aspect-ratio\"><div class=\"wp-block-embed__wrapper\">\n<iframe loading=\"lazy\" title=\"fuerza de roce\" width=\"830\" height=\"467\" src=\"https:\/\/www.youtube.com\/embed\/P3_uG2qBgUU?feature=oembed\" frameborder=\"0\" allow=\"accelerometer; autoplay; clipboard-write; encrypted-media; gyroscope; picture-in-picture\" allowfullscreen><\/iframe>\n<\/div><\/figure>\n\n\n\n<p>Formulario Ticket de Salida Ciencias Naturales:<\/p>\n<p style=\"text-align: center;\"><a href=\"https:\/\/forms.gle\/1Vwuc9nezPWHHMkk7\">https:\/\/forms.gle\/1Vwuc9nezPWHHMkk7<\/a><\/p>\n\n\n\n<div style=\"height:43px\" aria-hidden=\"true\" class=\"wp-block-spacer\"><\/div>\n\n\n\n<h4>Retroalimentaci\u00f3n 4\u00b0 B\u00e1sico<strong>&nbsp;Ingl\u00e9s<\/strong><\/h4>\n<p>Profesora: Patricia Catal\u00e1n \/ patricia.catalan@colegio-sanandres.cl<\/p>\n<p><a href=\"http:\/\/www.colegio-sanandres.cl\/wp-content\/uploads\/2020\/09\/Solucionario-4\u00b0-B\u00e1sico-Ingl\u00e9s.pdf\">Solucionario 4\u00b0 B\u00e1sico Ingl\u00e9s.<\/a><\/p>\n\n\n\n<figure class=\"wp-block-embed-youtube wp-block-embed is-type-video is-provider-youtube wp-embed-aspect-16-9 wp-has-aspect-ratio\"><div class=\"wp-block-embed__wrapper\">\n<iframe loading=\"lazy\" title=\"Retroalimentaci\u00f3n Ingl\u00e9s - 4\u00b0 b\u00e1sico\" width=\"830\" height=\"467\" src=\"https:\/\/www.youtube.com\/embed\/k1IZmjCk55k?feature=oembed\" frameborder=\"0\" allow=\"accelerometer; autoplay; clipboard-write; encrypted-media; gyroscope; picture-in-picture\" allowfullscreen><\/iframe>\n<\/div><\/figure>\n\n\n\n<p>Formulario Ticket de Salida Ingl\u00e9s:<\/p>\n<p style=\"text-align: center;\"><a href=\"https:\/\/forms.gle\/kBAzisDfooGSuWNV6\">https:\/\/forms.gle\/kBAzisDfooGSuWNV6<\/a><\/p>\n\n\n\n<div style=\"height:47px\" aria-hidden=\"true\" class=\"wp-block-spacer\"><\/div>\n\n\n\n<h4>Retroalimentaci\u00f3n 4\u00b0 B\u00e1sico<strong>&nbsp;M\u00fasica<\/strong><\/h4>\n<p>Profesor: Cristian Chac\u00f3n \/ cristian.chacon@colegio-sanandres.cl<\/p>\n\n\n\n<figure class=\"wp-block-embed-youtube wp-block-embed is-type-video is-provider-youtube wp-embed-aspect-16-9 wp-has-aspect-ratio\"><div class=\"wp-block-embed__wrapper\">\n<iframe loading=\"lazy\" title=\"4to basico retroalimentacion guia 12\" width=\"830\" height=\"467\" src=\"https:\/\/www.youtube.com\/embed\/8bE1JbdK6Z4?feature=oembed\" frameborder=\"0\" allow=\"accelerometer; autoplay; clipboard-write; encrypted-media; gyroscope; picture-in-picture\" allowfullscreen><\/iframe>\n<\/div><\/figure>\n\n\n\n<p>Formulario Ticket de Salida M\u00fasica:<\/p>\n<p style=\"text-align: center;\"><a href=\"https:\/\/forms.gle\/vSDCCLGczz72NMpDA\">https:\/\/forms.gle\/vSDCCLGczz72NMpDA<\/a><\/p>\n\n\n\n<div style=\"height:52px\" aria-hidden=\"true\" class=\"wp-block-spacer\"><\/div>\n\n\n\n<h4>Retroalimentaci\u00f3n 4\u00b0 B\u00e1sico<strong>&nbsp;Educaci\u00f3n F\u00edsica<\/strong><\/h4>\n<p>Profesora: Mar\u00eda Alejandra La Paz \/ alejandra.lapaz@colegio-sanandres.cl<\/p>\n\n\n\n<figure class=\"wp-block-embed-youtube wp-block-embed is-type-video is-provider-youtube wp-embed-aspect-16-9 wp-has-aspect-ratio\"><div class=\"wp-block-embed__wrapper\">\n<iframe loading=\"lazy\" title=\"RETROALIMENTACI\u00d3N COORDINACI\u00d3N OCULO PODAL 4\u00b0 B\u00c1SICO\" width=\"830\" height=\"467\" src=\"https:\/\/www.youtube.com\/embed\/3GL196Oz8OU?feature=oembed\" frameborder=\"0\" allow=\"accelerometer; autoplay; clipboard-write; encrypted-media; gyroscope; picture-in-picture\" allowfullscreen><\/iframe>\n<\/div><\/figure>\n\n\n\n<p>Formulario Ticket de Salida Educaci\u00f3n F\u00edsica:<\/p>\n<p style=\"text-align: center;\"><a href=\"https:\/\/forms.gle\/M5Qt1ehjeT6KoPj69\">https:\/\/forms.gle\/M5Qt1ehjeT6KoPj69<\/a><\/p>\n\n\n\n<div style=\"height:86px\" aria-hidden=\"true\" class=\"wp-block-spacer\"><\/div>\n\n\n\n<h3><strong>PROYECTO DE INTEGRACI\u00d3N ESCOLAR (PIE)<\/strong><\/h3>\n<pre>&nbsp;<\/pre>\n<h4 style=\"text-align: center;\">Retroalimentaci\u00f3n 4\u00b0 B\u00e1sico Educadora Diferencial.<\/h4>\n<p><strong>Educadora Diferencial<\/strong>: Yerka Markic \/ yerka.markic@colegio-sanandres.cl<\/p>\n<figure class=\"wp-block-embed-youtube wp-block-embed is-type-video is-provider-youtube wp-embed-aspect-16-9 wp-has-aspect-ratio wp-embed-aspect-4-3\"><\/figure>\n\n\n\n<figure class=\"wp-block-embed-youtube wp-block-embed is-type-video is-provider-youtube wp-embed-aspect-16-9 wp-has-aspect-ratio wp-embed-aspect-4-3\"><div class=\"wp-block-embed__wrapper\">\n<iframe loading=\"lazy\" title=\"V\u00eddeo de retroalimentaci\u00f3n inferir informaci\u00f3n\" width=\"830\" height=\"467\" src=\"https:\/\/www.youtube.com\/embed\/bwcvywtotS8?feature=oembed\" frameborder=\"0\" allow=\"accelerometer; autoplay; clipboard-write; encrypted-media; gyroscope; picture-in-picture\" allowfullscreen><\/iframe>\n<\/div><\/figure>\n\n\n\n<p>Formulario Ticket de Salida Educaci\u00f3n Diferencial:<\/p>\n<p style=\"text-align: center;\"><a href=\"https:\/\/forms.gle\/br3xihyTHijfrWBj6\">https:\/\/forms.gle\/br3xihyTHijfrWBj6<\/a><\/p>\n","protected":false},"excerpt":{"rendered":"<p>ENCUESTA PARA ESTUDIANTES Con el fin de conocer la opini\u00f3n de nuestros estudiantes los invitamos a contestar la encuesta contenida en el siguiente link: https:\/\/forms.gle\/uhztBdfc526DALYq8 En el caso de los estudiantes m\u00e1s peque\u00f1os, les pedimos a sus apoderados que les hagan estas preguntas y ayuden ustedes a contestar esta encuesta, de manera tal que podamos [&hellip;]<\/p>\n","protected":false},"author":3,"featured_media":0,"parent":0,"menu_order":0,"comment_status":"closed","ping_status":"closed","template":"","meta":{"footnotes":""},"class_list":["post-6016","page","type-page","status-publish","hentry"],"amp_enabled":true,"_links":{"self":[{"href":"http:\/\/www.colegio-sanandres.cl\/index.php?rest_route=\/wp\/v2\/pages\/6016","targetHints":{"allow":["GET"]}}],"collection":[{"href":"http:\/\/www.colegio-sanandres.cl\/index.php?rest_route=\/wp\/v2\/pages"}],"about":[{"href":"http:\/\/www.colegio-sanandres.cl\/index.php?rest_route=\/wp\/v2\/types\/page"}],"author":[{"embeddable":true,"href":"http:\/\/www.colegio-sanandres.cl\/index.php?rest_route=\/wp\/v2\/users\/3"}],"replies":[{"embeddable":true,"href":"http:\/\/www.colegio-sanandres.cl\/index.php?rest_route=%2Fwp%2Fv2%2Fcomments&post=6016"}],"version-history":[{"count":4,"href":"http:\/\/www.colegio-sanandres.cl\/index.php?rest_route=\/wp\/v2\/pages\/6016\/revisions"}],"predecessor-version":[{"id":6059,"href":"http:\/\/www.colegio-sanandres.cl\/index.php?rest_route=\/wp\/v2\/pages\/6016\/revisions\/6059"}],"wp:attachment":[{"href":"http:\/\/www.colegio-sanandres.cl\/index.php?rest_route=%2Fwp%2Fv2%2Fmedia&parent=6016"}],"curies":[{"name":"wp","href":"https:\/\/api.w.org\/{rel}","templated":true}]}}