{"id":6022,"date":"2020-09-29T22:22:25","date_gmt":"2020-09-30T01:22:25","guid":{"rendered":"http:\/\/www.colegio-sanandres.cl\/?page_id=6022"},"modified":"2020-09-29T22:22:25","modified_gmt":"2020-09-30T01:22:25","slug":"5o-basico-2a-semana-retroalimentacion-4","status":"publish","type":"page","link":"http:\/\/www.colegio-sanandres.cl\/?page_id=6022","title":{"rendered":"5\u00ba B\u00c1SICO (2a Semana Retroalimentaci\u00f3n)"},"content":{"rendered":"\n<table style=\"border-collapse: collapse; width: 100%;\">\n<tbody>\n<tr>\n<td style=\"width: 100%;\">\n<h4 style=\"text-align: center;\">ENCUESTA PARA ESTUDIANTES<\/h4>\n<p style=\"text-align: justify;\">Con el fin de conocer la opini\u00f3n de nuestros estudiantes los invitamos a contestar la encuesta contenida en el siguiente link:<\/p>\n<h4 style=\"text-align: center;\"><span style=\"background-color: #00ff00;\"><a style=\"background-color: #00ff00;\" href=\"https:\/\/forms.gle\/uhztBdfc526DALYq8\">https:\/\/forms.gle\/uhztBdfc526DALYq8<\/a><\/span><\/h4>\n<p style=\"text-align: justify;\">En el caso de los estudiantes m\u00e1s peque\u00f1os, les pedimos a sus apoderados que les hagan estas preguntas y ayuden ustedes a contestar esta encuesta, de manera tal que podamos conocer lo que siemte y piensa su hijo\/a.<\/p>\n<\/td>\n<\/tr>\n<\/tbody>\n<\/table>\n\n\n\n<div style=\"height:57px\" aria-hidden=\"true\" class=\"wp-block-spacer\"><\/div>\n\n\n\n<h4>Retroalimentaci\u00f3n&nbsp; 5\u00b0 B\u00e1sico <strong>Lenguaje<\/strong><\/h4>\n<p>Profesora: Isabel Rivera \/ isabel.rivera@colegio-sanandres.cl<\/p>\n\n\n\n<figure class=\"wp-block-embed-youtube wp-block-embed is-type-video is-provider-youtube wp-embed-aspect-16-9 wp-has-aspect-ratio wp-embed-aspect-4-3\"><div class=\"wp-block-embed__wrapper\">\n<iframe loading=\"lazy\" title=\"retroquintoelef 2 .0\" width=\"830\" height=\"467\" src=\"https:\/\/www.youtube.com\/embed\/Jc_WsOvyCSg?feature=oembed\" frameborder=\"0\" allow=\"accelerometer; autoplay; clipboard-write; encrypted-media; gyroscope; picture-in-picture\" allowfullscreen><\/iframe>\n<\/div><\/figure>\n\n\n\n<p>Formulario Ticket de Salida Lenguaje:<\/p>\n<p style=\"text-align: center;\"><a href=\"https:\/\/forms.gle\/mQAy5RQfCHRmUf6v9\">https:\/\/forms.gle\/mQAy5RQfCHRmUf6v9<\/a><\/p>\n\n\n\n<div style=\"height:56px\" aria-hidden=\"true\" class=\"wp-block-spacer\"><\/div>\n\n\n\n<h4>Retroalimentaci\u00f3n&nbsp; 5\u00b0 B\u00e1sico Matem\u00e1tica<\/h4>\n<p>Profesora: Pamela P\u00e9rez \/ pamela.perez@colegio-sanandres.cl<\/p>\n\n\n\n<figure class=\"wp-block-embed-youtube wp-block-embed is-type-video is-provider-youtube wp-embed-aspect-16-9 wp-has-aspect-ratio\"><div class=\"wp-block-embed__wrapper\">\n<iframe loading=\"lazy\" title=\"Cierre 5\u00b0 Comparar Fracciones Mi\u00e9rcoles 30 de Septiembre\" width=\"830\" height=\"467\" src=\"https:\/\/www.youtube.com\/embed\/iZqbbzQ9V8c?feature=oembed\" frameborder=\"0\" allow=\"accelerometer; autoplay; clipboard-write; encrypted-media; gyroscope; picture-in-picture\" allowfullscreen><\/iframe>\n<\/div><\/figure>\n\n\n\n<p>Formulario Ticket de Salida Matem\u00e1tica:<\/p>\n<p style=\"text-align: center;\"><a href=\"https:\/\/forms.gle\/kmwrwGrbFAbHWVoE6\">https:\/\/forms.gle\/kmwrwGrbFAbHWVoE6<\/a><\/p>\n\n\n\n<div style=\"height:55px\" aria-hidden=\"true\" class=\"wp-block-spacer\"><\/div>\n\n\n\n<h4>Retroalimentaci\u00f3n\u00a0 5\u00b0 B\u00e1sico Historia<\/h4>\n<p>Profesora: \u00c1ngela Mendoza \/ angela.mendoza@colegio-sanandres.cl<\/p>\n<p><a href=\"http:\/\/www.colegio-sanandres.cl\/wp-content\/uploads\/2020\/09\/Solucionario-5\u00b0-B\u00e1sico-Historia.pdf\">Solucionario 5\u00b0 B\u00e1sico Historia.<\/a><\/p>\n\n\n\n<figure class=\"wp-block-embed-youtube wp-block-embed is-type-video is-provider-youtube wp-embed-aspect-16-9 wp-has-aspect-ratio\"><div class=\"wp-block-embed__wrapper\">\n<iframe loading=\"lazy\" title=\"Revisi\u00f3n Exploraci\u00f3n y Conquista de Am\u00e9rica\" width=\"830\" height=\"467\" src=\"https:\/\/www.youtube.com\/embed\/iJV7ImJorC0?feature=oembed\" frameborder=\"0\" allow=\"accelerometer; autoplay; clipboard-write; encrypted-media; gyroscope; picture-in-picture\" allowfullscreen><\/iframe>\n<\/div><\/figure>\n\n\n\n<p>Formulario Ticket de Salida Historia:<\/p>\n<p style=\"text-align: center;\"><a href=\"https:\/\/forms.gle\/44Qe6kJw3taShq7v6\">https:\/\/forms.gle\/44Qe6kJw3taShq7v6<\/a><\/p>\n\n\n\n<div style=\"height:54px\" aria-hidden=\"true\" class=\"wp-block-spacer\"><\/div>\n\n\n\n<h4>Retroalimentaci\u00f3n\u00a0 5\u00b0 B\u00e1sico Ciencias Naturales<\/h4>\n<p>Profesora: Priscila Mu\u00f1oz \/ priscila.munoz@colegio-sanandres.cl<\/p>\n<p><a href=\"http:\/\/www.colegio-sanandres.cl\/wp-content\/uploads\/2020\/09\/Solucionario-5\u00b0-B\u00e1sico-Ciencias-1.pdf\">Solucionario 5\u00b0 B\u00e1sico Ciencias.<\/a><\/p>\n\n\n\n<figure class=\"wp-block-embed-youtube wp-block-embed is-type-video is-provider-youtube wp-embed-aspect-16-9 wp-has-aspect-ratio\"><div class=\"wp-block-embed__wrapper\">\n<iframe loading=\"lazy\" title=\"Retroalimentaci\u00f3n seres del yogurt\" width=\"830\" height=\"467\" src=\"https:\/\/www.youtube.com\/embed\/nDDxJz2X8y4?feature=oembed\" frameborder=\"0\" allow=\"accelerometer; autoplay; clipboard-write; encrypted-media; gyroscope; picture-in-picture\" allowfullscreen><\/iframe>\n<\/div><\/figure>\n\n\n\n<p>Formulario Ticket de Salida Ciencias Naturales:<\/p>\n<p style=\"text-align: center;\"><a href=\"https:\/\/forms.gle\/p3TUtCwViKBMYJw97\">https:\/\/forms.gle\/p3TUtCwViKBMYJw97<\/a><\/p>\n\n\n\n<div style=\"height:53px\" aria-hidden=\"true\" class=\"wp-block-spacer\"><\/div>\n\n\n\n<h4>Retroalimentaci\u00f3n\u00a0 5\u00b0 B\u00e1sico\u00a0<strong>Ingl\u00e9s<\/strong><\/h4>\n<p>Profesora: Patricia Catal\u00e1n \/ patricia.catalan@colegio-sanandres.cl<\/p>\n<p><a href=\"http:\/\/www.colegio-sanandres.cl\/wp-content\/uploads\/2020\/09\/Solucionario-5\u00b0-B\u00e1sico-Ingl\u00e9s.pdf\">Solucionario 5\u00b0 B\u00e1sico Ingl\u00e9s.<\/a><\/p>\n\n\n\n<figure class=\"wp-block-embed-youtube wp-block-embed is-type-video is-provider-youtube wp-embed-aspect-16-9 wp-has-aspect-ratio\"><div class=\"wp-block-embed__wrapper\">\n<iframe loading=\"lazy\" title=\"Retroalimentaci\u00f3n Ingl\u00e9s - 5\u00b0 b\u00e1sico\" width=\"830\" height=\"467\" src=\"https:\/\/www.youtube.com\/embed\/s2bSitIoE_o?feature=oembed\" frameborder=\"0\" allow=\"accelerometer; autoplay; clipboard-write; encrypted-media; gyroscope; picture-in-picture\" allowfullscreen><\/iframe>\n<\/div><\/figure>\n\n\n\n<p>Formulario Ticket de Salida Ingl\u00e9s:<\/p>\n<p style=\"text-align: center;\"><a href=\"https:\/\/forms.gle\/TMxr7jvgtVPgSHKb8\">https:\/\/forms.gle\/TMxr7jvgtVPgSHKb8<\/a><\/p>\n\n\n\n<div style=\"height:55px\" aria-hidden=\"true\" class=\"wp-block-spacer\"><\/div>\n\n\n\n<h4>Retroalimentaci\u00f3n&nbsp; 5\u00b0 B\u00e1sico&nbsp;<strong>M\u00fasica<\/strong><\/h4>\n<p>Profesor: Cristian Chac\u00f3n \/ cristian.chacon@colegio-sanandres.cl<\/p>\n\n\n\n<figure class=\"wp-block-embed-youtube wp-block-embed is-type-video is-provider-youtube wp-embed-aspect-16-9 wp-has-aspect-ratio\"><div class=\"wp-block-embed__wrapper\">\n<iframe loading=\"lazy\" title=\"5to basico retroalimentacion guia 12\" width=\"830\" height=\"467\" src=\"https:\/\/www.youtube.com\/embed\/89tiNneNaK0?feature=oembed\" frameborder=\"0\" allow=\"accelerometer; autoplay; clipboard-write; encrypted-media; gyroscope; picture-in-picture\" allowfullscreen><\/iframe>\n<\/div><\/figure>\n\n\n\n<p>Formulario Ticket de Salida M\u00fasica:<\/p>\n<p style=\"text-align: center;\"><a href=\"https:\/\/forms.gle\/3ExCFRDaAXtrLZmNA\">https:\/\/forms.gle\/3ExCFRDaAXtrLZmNA<\/a><\/p>\n\n\n\n<div style=\"height:49px\" aria-hidden=\"true\" class=\"wp-block-spacer\"><\/div>\n\n\n\n<h4>Retroalimentaci\u00f3n&nbsp; 5\u00b0 B\u00e1sico Artes Visuales<\/h4>\n<p>Profesora: Susana Ortiz \/ susana.ortiz@colegio-sanandres.cl<\/p>\n\n\n\n<figure class=\"wp-block-embed-youtube wp-block-embed is-type-video is-provider-youtube wp-embed-aspect-16-9 wp-has-aspect-ratio\"><div class=\"wp-block-embed__wrapper\">\n<iframe loading=\"lazy\" title=\"Video retroalimentaci\u00f3n artes 5\u00b0b\u00e1sico\" width=\"830\" height=\"467\" src=\"https:\/\/www.youtube.com\/embed\/Jdla9LFcKs0?feature=oembed\" frameborder=\"0\" allow=\"accelerometer; autoplay; clipboard-write; encrypted-media; gyroscope; picture-in-picture\" allowfullscreen><\/iframe>\n<\/div><\/figure>\n\n\n\n<p>Formulario Ticket de Salida Artes Visuales:<\/p>\n<p style=\"text-align: center;\"><a href=\"https:\/\/forms.gle\/QAMPD51YFAuBJuHb8\">https:\/\/forms.gle\/QAMPD51YFAuBJuHb8<\/a><\/p>\n\n\n\n<div style=\"height:56px\" aria-hidden=\"true\" class=\"wp-block-spacer\"><\/div>\n\n\n\n<h4>Retroalimentaci\u00f3n&nbsp; 5\u00b0 B\u00e1sico <strong>Educaci\u00f3n F\u00edsica<\/strong><\/h4>\n<p>Profesor: Javier \u00c1vila \/ javier.avila@colegio-sanandres.cl<\/p>\n\n\n\n<figure class=\"wp-block-embed-youtube wp-block-embed is-type-video is-provider-youtube wp-embed-aspect-16-9 wp-has-aspect-ratio\"><div class=\"wp-block-embed__wrapper\">\n<iframe loading=\"lazy\" title=\"video juegos tradicionales, retroalimentaci\u00f3n\" width=\"830\" height=\"467\" src=\"https:\/\/www.youtube.com\/embed\/jXxlKCY4-OI?feature=oembed\" frameborder=\"0\" allow=\"accelerometer; autoplay; clipboard-write; encrypted-media; gyroscope; picture-in-picture\" allowfullscreen><\/iframe>\n<\/div><\/figure>\n\n\n\n<p>Formulario Ticket de Salida Educaci\u00f3n F\u00edsica:<\/p>\n<p style=\"text-align: center;\"><a href=\"https:\/\/forms.gle\/rFSnxV48EFeAGMZG6\">https:\/\/forms.gle\/rFSnxV48EFeAGMZG6<\/a><\/p>\n","protected":false},"excerpt":{"rendered":"<p>ENCUESTA PARA ESTUDIANTES Con el fin de conocer la opini\u00f3n de nuestros estudiantes los invitamos a contestar la encuesta contenida en el siguiente link: https:\/\/forms.gle\/uhztBdfc526DALYq8 En el caso de los estudiantes m\u00e1s peque\u00f1os, les pedimos a sus apoderados que les hagan estas preguntas y ayuden ustedes a contestar esta encuesta, de manera tal que podamos [&hellip;]<\/p>\n","protected":false},"author":3,"featured_media":0,"parent":0,"menu_order":0,"comment_status":"closed","ping_status":"closed","template":"","meta":{"footnotes":""},"class_list":["post-6022","page","type-page","status-publish","hentry"],"amp_enabled":true,"_links":{"self":[{"href":"http:\/\/www.colegio-sanandres.cl\/index.php?rest_route=\/wp\/v2\/pages\/6022","targetHints":{"allow":["GET"]}}],"collection":[{"href":"http:\/\/www.colegio-sanandres.cl\/index.php?rest_route=\/wp\/v2\/pages"}],"about":[{"href":"http:\/\/www.colegio-sanandres.cl\/index.php?rest_route=\/wp\/v2\/types\/page"}],"author":[{"embeddable":true,"href":"http:\/\/www.colegio-sanandres.cl\/index.php?rest_route=\/wp\/v2\/users\/3"}],"replies":[{"embeddable":true,"href":"http:\/\/www.colegio-sanandres.cl\/index.php?rest_route=%2Fwp%2Fv2%2Fcomments&post=6022"}],"version-history":[{"count":1,"href":"http:\/\/www.colegio-sanandres.cl\/index.php?rest_route=\/wp\/v2\/pages\/6022\/revisions"}],"predecessor-version":[{"id":6026,"href":"http:\/\/www.colegio-sanandres.cl\/index.php?rest_route=\/wp\/v2\/pages\/6022\/revisions\/6026"}],"wp:attachment":[{"href":"http:\/\/www.colegio-sanandres.cl\/index.php?rest_route=%2Fwp%2Fv2%2Fmedia&parent=6022"}],"curies":[{"name":"wp","href":"https:\/\/api.w.org\/{rel}","templated":true}]}}