{"id":6042,"date":"2020-09-29T22:57:15","date_gmt":"2020-09-30T01:57:15","guid":{"rendered":"http:\/\/www.colegio-sanandres.cl\/?page_id=6042"},"modified":"2020-09-30T17:26:32","modified_gmt":"2020-09-30T20:26:32","slug":"8o-basico-2a-semana-retroalimentacion-4","status":"publish","type":"page","link":"http:\/\/www.colegio-sanandres.cl\/?page_id=6042","title":{"rendered":"8\u00ba B\u00c1SICO (2a Semana Retroalimentaci\u00f3n)"},"content":{"rendered":"\n<table style=\"border-collapse: collapse; width: 100%; height: 229px;\">\n<tbody>\n<tr style=\"height: 229px;\">\n<td style=\"width: 100%; height: 229px;\">\n<h4 style=\"text-align: center;\">ENCUESTA PARA ESTUDIANTES<\/h4>\n<p style=\"text-align: justify;\">Con el fin de conocer la opini\u00f3n de nuestros estudiantes los invitamos a contestar la encuesta contenida en el siguiente link:<\/p>\n<h4 style=\"text-align: center;\"><span style=\"background-color: #00ff00;\"><a style=\"background-color: #00ff00;\" href=\"https:\/\/forms.gle\/uhztBdfc526DALYq8\">https:\/\/forms.gle\/uhztBdfc526DALYq8<\/a><\/span><\/h4>\n<\/td>\n<\/tr>\n<\/tbody>\n<\/table>\n\n\n\n<div style=\"height:77px\" aria-hidden=\"true\" class=\"wp-block-spacer\"><\/div>\n\n\n\n<h4>Retroalimentaci\u00f3n&nbsp; 8\u00b0 B\u00e1sico <strong>Lenguaje<\/strong><\/h4>\n<p>Profesora: Denisse Vergara \/ denisse.vergara@colegio-sanandres.cl<\/p>\n<p><a href=\"http:\/\/www.colegio-sanandres.cl\/wp-content\/uploads\/2020\/09\/Solucionario-8\u00b0-B\u00e1sico-Lenguaje-1.pdf\">Solucionario 8\u00b0 B\u00e1sico Lenguaje.<\/a><\/p>\n\n\n\n<figure class=\"wp-block-embed-youtube wp-block-embed is-type-video is-provider-youtube wp-embed-aspect-16-9 wp-has-aspect-ratio\"><div class=\"wp-block-embed__wrapper\">\n<iframe loading=\"lazy\" title=\"11\u00b0 SEMANA RETROALIMENTACI\u00d3N 8\u00b0\" width=\"830\" height=\"467\" src=\"https:\/\/www.youtube.com\/embed\/0hHYuGBiZ30?feature=oembed\" frameborder=\"0\" allow=\"accelerometer; autoplay; clipboard-write; encrypted-media; gyroscope; picture-in-picture\" allowfullscreen><\/iframe>\n<\/div><\/figure>\n\n\n\n<p>Formulario Ticket de Salida Lenguaje:<\/p>\n<p style=\"text-align: center;\"><a href=\"https:\/\/forms.gle\/GKuYvzoWsYqRVqra8\">https:\/\/forms.gle\/GKuYvzoWsYqRVqra8<\/a><\/p>\n\n\n\n<div style=\"height:55px\" aria-hidden=\"true\" class=\"wp-block-spacer\"><\/div>\n\n\n\n<h4>Retroalimentaci\u00f3n&nbsp; 8\u00b0 B\u00e1sico Matem\u00e1tica<\/h4>\n<p style=\"text-align: justify;\">Profesora: Nayadher Villanueva \/ nayadher.villanueva@colegio-sanandres.cl<\/p>\n<p><a href=\"http:\/\/www.colegio-sanandres.cl\/wp-content\/uploads\/2020\/09\/Solucionario-8\u00b0-B\u00e1sico-Matem\u00e1ticas-1.pdf\">Solucionario 8\u00b0 B\u00e1sico Matem\u00e1tica.<\/a><\/p>\n\n\n\n<figure class=\"wp-block-embed-youtube wp-block-embed is-type-video is-provider-youtube wp-embed-aspect-16-9 wp-has-aspect-ratio\"><div class=\"wp-block-embed__wrapper\">\n<iframe loading=\"lazy\" title=\"Correcci\u00f3n_8\u00b0\" width=\"830\" height=\"467\" src=\"https:\/\/www.youtube.com\/embed\/CTgRHrrNJCE?feature=oembed\" frameborder=\"0\" allow=\"accelerometer; autoplay; clipboard-write; encrypted-media; gyroscope; picture-in-picture\" allowfullscreen><\/iframe>\n<\/div><\/figure>\n\n\n\n<p>Formulario Ticket de Salida Matem\u00e1tica:<\/p>\n<p style=\"text-align: center;\"><a href=\"https:\/\/docs.google.com\/forms\/d\/e\/1FAIpQLSdWUOSk7GV8faGs9QdSVeEmdMM2P7Rnw8rzmU3vYpwljbtlbA\/viewform?vc=0&amp;c=0&amp;w=1&amp;flr=0&amp;gxids=7757\">https:\/\/docs.google.com\/forms\/d\/e\/1FAIpQLSdWUOSk7GV8faGs9QdSVeEmdMM2P7Rnw8rzmU3vYpwljbtlbA\/viewform?vc=0&amp;c=0&amp;w=1&amp;flr=0&amp;gxids=7757<\/a><\/p>\n\n\n\n<div style=\"height:50px\" aria-hidden=\"true\" class=\"wp-block-spacer\"><\/div>\n\n\n\n<h4>Retroalimentaci\u00f3n&nbsp; 8\u00b0 B\u00e1sico Historia<\/h4>\n<p>Profesora: \u00c1ngela Mendoza \/ angela.mendoza@colegio-sanandres.cl<\/p>\n<p><a href=\"http:\/\/www.colegio-sanandres.cl\/wp-content\/uploads\/2020\/09\/Solucionario-8\u00b0-B\u00e1sico-Historia.pdf\">Presentaci\u00f3n 8\u00b0 B\u00e1sico Historia.<\/a><\/p>\n\n\n\n<figure class=\"wp-block-embed-youtube wp-block-embed is-type-video is-provider-youtube wp-embed-aspect-16-9 wp-has-aspect-ratio\"><div class=\"wp-block-embed__wrapper\">\n<iframe loading=\"lazy\" title=\"Revisi\u00f3n Relaciones entre las castas: mestizaje, sincretismo y transculturaci\u00f3n\" width=\"830\" height=\"467\" src=\"https:\/\/www.youtube.com\/embed\/aykg1h3ZoB0?feature=oembed\" frameborder=\"0\" allow=\"accelerometer; autoplay; clipboard-write; encrypted-media; gyroscope; picture-in-picture\" allowfullscreen><\/iframe>\n<\/div><\/figure>\n\n\n\n<p>Formulario Ticket de Salida Historia:<\/p>\n<p style=\"text-align: center;\"><a href=\"https:\/\/forms.gle\/EPyyqXzwRWveFV9R9\">https:\/\/forms.gle\/EPyyqXzwRWveFV9R9<\/a><\/p>\n\n\n\n<div style=\"height:57px\" aria-hidden=\"true\" class=\"wp-block-spacer\"><\/div>\n\n\n\n<h4>Retroalimentaci\u00f3n&nbsp; 8\u00b0 B\u00e1sico Ciencias Naturales<\/h4>\n<p>Profesora: Priscila Mu\u00f1oz \/ priscila.munoz@colegio-sanandres.cl<\/p>\n<p><a href=\"http:\/\/www.colegio-sanandres.cl\/wp-content\/uploads\/2020\/09\/Solucionario-8\u00b0-B\u00e1sico-Ciencias-1.pdf\">Solucionario 8\u00b0 B\u00e1sico Ciencias.<\/a><\/p>\n\n\n\n<figure class=\"wp-block-embed-youtube wp-block-embed is-type-video is-provider-youtube wp-embed-aspect-16-9 wp-has-aspect-ratio\"><div class=\"wp-block-embed__wrapper\">\n<iframe loading=\"lazy\" title=\"Retroalimentaci\u00f3n modelos at\u00f3micos\" width=\"830\" height=\"467\" src=\"https:\/\/www.youtube.com\/embed\/fRdd12xqicQ?feature=oembed\" frameborder=\"0\" allow=\"accelerometer; autoplay; clipboard-write; encrypted-media; gyroscope; picture-in-picture\" allowfullscreen><\/iframe>\n<\/div><\/figure>\n\n\n\n<p>Formulario Ticket de Salida Ciencias Naturales:<\/p>\n<p style=\"text-align: center;\"><a href=\"https:\/\/forms.gle\/vSUgrxRo16MgxGQz7\">https:\/\/forms.gle\/vSUgrxRo16MgxGQz7<\/a><\/p>\n\n\n\n<div style=\"height:46px\" aria-hidden=\"true\" class=\"wp-block-spacer\"><\/div>\n\n\n\n<h4>Retroalimentaci\u00f3n&nbsp; 8\u00b0 B\u00e1sico <strong>Ingl\u00e9s<\/strong><\/h4>\n<p>Profesora: Patricia Catal\u00e1n \/ patricia.catalan@colegio-sanandres.cl<\/p>\n<p><a href=\"http:\/\/www.colegio-sanandres.cl\/wp-content\/uploads\/2020\/09\/Solucionario-8\u00b0-B\u00e1sico-Ingl\u00e9s.pdf\">Solucionario 8\u00b0 B\u00e1sico Ingl\u00e9s.<\/a><\/p>\n\n\n\n<figure class=\"wp-block-embed-youtube wp-block-embed is-type-video is-provider-youtube wp-embed-aspect-16-9 wp-has-aspect-ratio\"><div class=\"wp-block-embed__wrapper\">\n<iframe loading=\"lazy\" title=\"Retroalimentaci\u00f3n Ingl\u00e9s - 8\u00b0 b\u00e1sico\" width=\"830\" height=\"467\" src=\"https:\/\/www.youtube.com\/embed\/TsTQZQ8pDiU?feature=oembed\" frameborder=\"0\" allow=\"accelerometer; autoplay; clipboard-write; encrypted-media; gyroscope; picture-in-picture\" allowfullscreen><\/iframe>\n<\/div><\/figure>\n\n\n\n<p>Formulario Ticket de Salida Ingl\u00e9s:<\/p>\n<p style=\"text-align: center;\"><a href=\"https:\/\/forms.gle\/wQSiTepVjqbk16YC7\">https:\/\/forms.gle\/wQSiTepVjqbk16YC7<\/a><\/p>\n\n\n\n<div style=\"height:51px\" aria-hidden=\"true\" class=\"wp-block-spacer\"><\/div>\n\n\n\n<h4>Retroalimentaci\u00f3n&nbsp; 8\u00b0 B\u00e1sico <strong>M\u00fasica<\/strong><\/h4>\n<p>Profesor: Cristian Chac\u00f3n \/ cristian.chacon@colegio-sanandres.cl<\/p>\n\n\n\n<figure class=\"wp-block-embed-youtube wp-block-embed is-type-video is-provider-youtube wp-embed-aspect-16-9 wp-has-aspect-ratio\"><div class=\"wp-block-embed__wrapper\">\n<iframe loading=\"lazy\" title=\"8vo basico retroalimentacion guia 12\" width=\"830\" height=\"467\" src=\"https:\/\/www.youtube.com\/embed\/0eQ6rLFiAkE?feature=oembed\" frameborder=\"0\" allow=\"accelerometer; autoplay; clipboard-write; encrypted-media; gyroscope; picture-in-picture\" allowfullscreen><\/iframe>\n<\/div><\/figure>\n\n\n\n<p>Ticket de salida M\u00fasica:<\/p>\n<p style=\"text-align: center;\"><a href=\"https:\/\/forms.gle\/kHWsAvEJHYg28zf37\">https:\/\/forms.gle\/kHWsAvEJHYg28zf37<\/a><\/p>\n\n\n\n<div style=\"height:51px\" aria-hidden=\"true\" class=\"wp-block-spacer\"><\/div>\n\n\n\n<h4>Retroalimentaci\u00f3n&nbsp; 8\u00b0 B\u00e1sico Artes Visuales<\/h4>\n<p>Profesora: Susana Ortiz \/ susana.ortiz@colegio-sanandres.cl<\/p>\n\n\n\n<figure class=\"wp-block-embed-youtube wp-block-embed is-type-video is-provider-youtube wp-embed-aspect-16-9 wp-has-aspect-ratio\"><div class=\"wp-block-embed__wrapper\">\n<iframe loading=\"lazy\" title=\"Video retroalimentacion artes 8\u00b0b\u00e1sico.\" width=\"830\" height=\"467\" src=\"https:\/\/www.youtube.com\/embed\/s0EPkbJIxEc?feature=oembed\" frameborder=\"0\" allow=\"accelerometer; autoplay; clipboard-write; encrypted-media; gyroscope; picture-in-picture\" allowfullscreen><\/iframe>\n<\/div><\/figure>\n\n\n\n<p>Formulario Ticket de Salida Artes Visuales:<\/p>\n<p style=\"text-align: center;\"><a href=\"https:\/\/forms.gle\/eTwZ2jUNA38GsB8w8\">https:\/\/forms.gle\/eTwZ2jUNA38GsB8w8<\/a><\/p>\n\n\n\n<div style=\"height:39px\" aria-hidden=\"true\" class=\"wp-block-spacer\"><\/div>\n\n\n\n<h4>Retroalimentaci\u00f3n&nbsp; 8\u00b0 B\u00e1sico <strong>Educaci\u00f3n F\u00edsica<\/strong><\/h4>\n<p>Profesor: Mauricio Or\u00f3stica \/ mauricio.orostica@colegio-sanandres.cl<\/p>\n\n\n\n<figure class=\"wp-block-embed-youtube wp-block-embed is-type-video is-provider-youtube wp-embed-aspect-16-9 wp-has-aspect-ratio\"><div class=\"wp-block-embed__wrapper\">\n<iframe loading=\"lazy\" title=\"Retroalimentaci\u00f3n Bater\u00eda de Test  &quot;Octavos B\u00e1sicos&quot; C S A\" width=\"830\" height=\"467\" src=\"https:\/\/www.youtube.com\/embed\/P_1eT1d_aLo?feature=oembed\" frameborder=\"0\" allow=\"accelerometer; autoplay; clipboard-write; encrypted-media; gyroscope; picture-in-picture\" allowfullscreen><\/iframe>\n<\/div><\/figure>\n\n\n\n<p>Formulario Ticket de Salida Educaci\u00f3n F\u00edsica:<\/p>\n<p style=\"text-align: center;\"><a href=\"https:\/\/docs.google.com\/forms\/d\/e\/1FAIpQLSdlXC7df0dB-UlSyIWBK1ubbX5SdKurOxyuGuwIJd3E29MDTg\/viewform?gxids=7757\">https:\/\/docs.google.com\/forms\/d\/e\/1FAIpQLSdlXC7df0dB-UlSyIWBK1ubbX5SdKurOxyuGuwIJd3E29MDTg\/viewform?gxids=7757<\/a><\/p>\n\n\n\n<div style=\"height:20px\" aria-hidden=\"true\" class=\"wp-block-spacer\"><\/div>\n","protected":false},"excerpt":{"rendered":"<p>ENCUESTA PARA ESTUDIANTES Con el fin de conocer la opini\u00f3n de nuestros estudiantes los invitamos a contestar la encuesta contenida en el siguiente link: https:\/\/forms.gle\/uhztBdfc526DALYq8 Retroalimentaci\u00f3n&nbsp; 8\u00b0 B\u00e1sico Lenguaje Profesora: Denisse Vergara \/ denisse.vergara@colegio-sanandres.cl Solucionario 8\u00b0 B\u00e1sico Lenguaje. Formulario Ticket de Salida Lenguaje: https:\/\/forms.gle\/GKuYvzoWsYqRVqra8 Retroalimentaci\u00f3n&nbsp; 8\u00b0 B\u00e1sico Matem\u00e1tica Profesora: Nayadher Villanueva \/ nayadher.villanueva@colegio-sanandres.cl Solucionario 8\u00b0 [&hellip;]<\/p>\n","protected":false},"author":3,"featured_media":0,"parent":0,"menu_order":0,"comment_status":"closed","ping_status":"closed","template":"","meta":{"footnotes":""},"class_list":["post-6042","page","type-page","status-publish","hentry"],"amp_enabled":true,"_links":{"self":[{"href":"http:\/\/www.colegio-sanandres.cl\/index.php?rest_route=\/wp\/v2\/pages\/6042","targetHints":{"allow":["GET"]}}],"collection":[{"href":"http:\/\/www.colegio-sanandres.cl\/index.php?rest_route=\/wp\/v2\/pages"}],"about":[{"href":"http:\/\/www.colegio-sanandres.cl\/index.php?rest_route=\/wp\/v2\/types\/page"}],"author":[{"embeddable":true,"href":"http:\/\/www.colegio-sanandres.cl\/index.php?rest_route=\/wp\/v2\/users\/3"}],"replies":[{"embeddable":true,"href":"http:\/\/www.colegio-sanandres.cl\/index.php?rest_route=%2Fwp%2Fv2%2Fcomments&post=6042"}],"version-history":[{"count":2,"href":"http:\/\/www.colegio-sanandres.cl\/index.php?rest_route=\/wp\/v2\/pages\/6042\/revisions"}],"predecessor-version":[{"id":6057,"href":"http:\/\/www.colegio-sanandres.cl\/index.php?rest_route=\/wp\/v2\/pages\/6042\/revisions\/6057"}],"wp:attachment":[{"href":"http:\/\/www.colegio-sanandres.cl\/index.php?rest_route=%2Fwp%2Fv2%2Fmedia&parent=6042"}],"curies":[{"name":"wp","href":"https:\/\/api.w.org\/{rel}","templated":true}]}}