{"id":6144,"date":"2020-10-11T22:26:24","date_gmt":"2020-10-12T01:26:24","guid":{"rendered":"http:\/\/www.colegio-sanandres.cl\/?page_id=6144"},"modified":"2020-10-11T22:26:24","modified_gmt":"2020-10-12T01:26:24","slug":"2o-basico-semana-1-nuevo-aprendizaje-3","status":"publish","type":"page","link":"http:\/\/www.colegio-sanandres.cl\/?page_id=6144","title":{"rendered":"2\u00ba B\u00c1SICO (Semana 1: Nuevo Aprendizaje)"},"content":{"rendered":"\n<p><span style=\"text-decoration: underline;\"><strong>LENGUAJE<\/strong><\/span><\/p>\n<p>Profesora: Ximena Hidalgo \/ ximena.hidalgo@colegio-sanandres.cl<\/p>\n\n\n\n<p><a href=\"http:\/\/www.colegio-sanandres.cl\/wp-content\/uploads\/2020\/10\/Instrucciones-de-Trabajo-2\u00b0-B\u00e1sico-Lenguaje.pdf\">Instrucciones de Trabajo 2\u00b0 B\u00e1sico Lenguaje.<\/a><\/p>\n\n\n\n<figure class=\"wp-block-embed-youtube wp-block-embed is-type-video is-provider-youtube wp-embed-aspect-16-9 wp-has-aspect-ratio\"><div class=\"wp-block-embed__wrapper\">\n<iframe loading=\"lazy\" title=\"Comprensi\u00f3n lectora\" width=\"830\" height=\"467\" src=\"https:\/\/www.youtube.com\/embed\/Ts70cYFl9o4?feature=oembed\" frameborder=\"0\" allow=\"accelerometer; autoplay; clipboard-write; encrypted-media; gyroscope; picture-in-picture\" allowfullscreen><\/iframe>\n<\/div><\/figure>\n\n\n\n<div style=\"height:20px\" aria-hidden=\"true\" class=\"wp-block-spacer\"><\/div>\n\n\n\n<p><span style=\"text-decoration: underline;\"><strong>MATEM\u00c1TICAS<\/strong><\/span><\/p>\n<p>Profesora: Constanza P\u00e9rez \/ constanza.perez@colegio-sanandres.cl<\/p>\n\n\n\n<p><a href=\"http:\/\/www.colegio-sanandres.cl\/wp-content\/uploads\/2020\/10\/Instrucciones-de-Trabajo-2\u00b0-B\u00e1sico-Matem\u00e1ticas.pdf\">Instrucciones de Trabajo 2\u00b0 B\u00e1sico Matem\u00e1ticas.<\/a><\/p>\n<p><iframe loading=\"lazy\" title=\"Primera semana ciclo de aprendizaje matem\u00e1tica: lunes 12 a viernes 16 de octubre.\" width=\"830\" height=\"467\" src=\"https:\/\/www.youtube.com\/embed\/BltX2OjfKmw?feature=oembed\" frameborder=\"0\" allow=\"accelerometer; autoplay; clipboard-write; encrypted-media; gyroscope; picture-in-picture\" allowfullscreen><\/iframe><\/p>\n\n\n\n<div style=\"height:20px\" aria-hidden=\"true\" class=\"wp-block-spacer\"><\/div>\n\n\n\n<p><span style=\"text-decoration: underline;\"><strong>HISTORIA<\/strong><\/span><\/p>\n<p>Profesora: Ximena Hidalgo \/ ximena.hidalgo@colegio-sanandres.cl<\/p>\n\n\n\n<p><a href=\"http:\/\/www.colegio-sanandres.cl\/wp-content\/uploads\/2020\/10\/Instrucciones-de-Trabajo-2\u00b0-B\u00e1sico-Historia.pdf\">Instrucciones de Trabajo 2\u00b0 B\u00e1sico Historia.<\/a><\/p>\n\n\n\n<figure class=\"wp-block-embed-youtube wp-block-embed is-type-video is-provider-youtube wp-embed-aspect-16-9 wp-has-aspect-ratio\"><div class=\"wp-block-embed__wrapper\">\n<iframe loading=\"lazy\" title=\"Ubicaci\u00f3n de los pueblos originarios en Chile\" width=\"830\" height=\"467\" src=\"https:\/\/www.youtube.com\/embed\/yE8o8VSNHmk?feature=oembed\" frameborder=\"0\" allow=\"accelerometer; autoplay; clipboard-write; encrypted-media; gyroscope; picture-in-picture\" allowfullscreen><\/iframe>\n<\/div><\/figure>\n\n\n\n<div style=\"height:20px\" aria-hidden=\"true\" class=\"wp-block-spacer\"><\/div>\n\n\n\n<p><span style=\"text-decoration: underline;\"><strong>CIENCIAS NATURALES<br><\/strong><\/span><\/p>\n<p>Profesora: Constanza P\u00e9rez \/ constanza.perez@colegio-sanandres.cl<\/p>\n\n\n\n<p><a href=\"http:\/\/www.colegio-sanandres.cl\/wp-content\/uploads\/2020\/10\/Instrucciones-de-Trabajo-2\u00b0-B\u00e1sico-Ciencias.pdf\">Instrucciones de trabajo 2\u00b0 B\u00e1sico Ciencias Naturales.<\/a><\/p>\n\n\n\n<figure class=\"wp-block-embed-youtube wp-block-embed is-type-video is-provider-youtube wp-embed-aspect-16-9 wp-has-aspect-ratio\"><div class=\"wp-block-embed__wrapper\">\n<iframe loading=\"lazy\" title=\"Primera semana ciclo de aprendizaje ciencias naturales: lunes 12 a viernes 16 de octubre.\" width=\"830\" height=\"467\" src=\"https:\/\/www.youtube.com\/embed\/a5dAAD-bJuE?feature=oembed\" frameborder=\"0\" allow=\"accelerometer; autoplay; clipboard-write; encrypted-media; gyroscope; picture-in-picture\" allowfullscreen><\/iframe>\n<\/div><\/figure>\n\n\n\n<div style=\"height:20px\" aria-hidden=\"true\" class=\"wp-block-spacer\"><\/div>\n\n\n\n<p><strong>EDUCACI\u00d3N F\u00cdSICA<br \/><\/strong><\/p>\n<p>Profesor: Jonathan Ibacache \/ jonathan.ibacache@colegio-sanandres.cl<\/p>\n<p><a href=\"http:\/\/www.colegio-sanandres.cl\/wp-content\/uploads\/2020\/10\/Instrucciones-de-Trabajo-II-cuerda-2dos-basicos.pdf\">Instrucciones de Trabajo 2\u00b0 B\u00e1sico Educaci\u00f3n F\u00edsica.<\/a><\/p>\n\n\n\n<figure class=\"wp-block-embed-youtube wp-block-embed is-type-video is-provider-youtube wp-embed-aspect-16-9 wp-has-aspect-ratio\"><div class=\"wp-block-embed__wrapper\">\n<iframe loading=\"lazy\" title=\"II parte cuerda 2dos b\u00e1sicos.\" width=\"830\" height=\"467\" src=\"https:\/\/www.youtube.com\/embed\/n6qPm9HZmDM?feature=oembed\" frameborder=\"0\" allow=\"accelerometer; autoplay; clipboard-write; encrypted-media; gyroscope; picture-in-picture\" allowfullscreen><\/iframe>\n<\/div><\/figure>\n\n\n\n<div style=\"height:20px\" aria-hidden=\"true\" class=\"wp-block-spacer\"><\/div>\n\n\n\n<h4 style=\"text-align: center;\"><strong>PROYECTO DE INTEGRACI\u00d3N ESCOLAR (PIE).<\/strong><\/h4>\n<p>\u00a0<\/p>\n<p><strong>EDUCACI\u00d3N DIFERENCIAL<\/strong><\/p>\n<p style=\"text-align: justify;\"><strong>Educadora Diferencial<\/strong>: Cinthia Pizarro \/ cinthia.pizarro@colegio-sanandres.cl<\/p>\n<p><a href=\"http:\/\/www.colegio-sanandres.cl\/wp-content\/uploads\/2020\/10\/Instrucciones-de-Trabajo-2\u00b0-B\u00e1sico-Educadora-Diferencial.pdf\">Instrucciones de Trabajo 2\u00b0 B\u00e1sico Educadora Diferencial.<\/a><\/p>\n<p><a href=\"http:\/\/www.colegio-sanandres.cl\/wp-content\/uploads\/2020\/10\/Gu\u00eda-2\u00b0-B\u00e1sico-Educadora-Diferencial.pdf\">Gu\u00eda de Trabajo 2\u00b0 B\u00e1sico Educadora Diferencial.<\/a><\/p>\n\n\n\n<figure class=\"wp-block-embed-youtube wp-block-embed is-type-video is-provider-youtube wp-embed-aspect-16-9 wp-has-aspect-ratio\"><div class=\"wp-block-embed__wrapper\">\n<iframe loading=\"lazy\" title=\"Letra Que Qui\" width=\"830\" height=\"467\" src=\"https:\/\/www.youtube.com\/embed\/A1Bvs7m5mrg?feature=oembed\" frameborder=\"0\" allow=\"accelerometer; autoplay; clipboard-write; encrypted-media; gyroscope; picture-in-picture\" allowfullscreen><\/iframe>\n<\/div><figcaption>Rese\u00f1a: Queridos estudiantes, los invito al nuevo desaf\u00edo de esta semana en el cual comenzaremos a trabajar con la letra Q, adem\u00e1s de incorporar la letra C que fue el \u00faltimo trabajo que realizamos, recuerden que tambi\u00e9n estamos potenciando la comprensi\u00f3n literal de frases.<\/figcaption><\/figure>\n\n\n\n<div style=\"height:20px\" aria-hidden=\"true\" class=\"wp-block-spacer\"><\/div>\n\n\n\n<p><strong>FONOAUDIOLOG\u00cdA (PIE)<br \/><\/strong><\/p>\n<p style=\"text-align: justify;\"><strong>Fonoaudi\u00f3loga<\/strong>: Valentina Gutierrez \/ valentina.gutierrez@colegio-sanandres.cl\u00a0<\/p>\n<p><a href=\"http:\/\/www.colegio-sanandres.cl\/wp-content\/uploads\/2020\/10\/Instrucciones-de-Trabajo-2\u00b0-B\u00e1sico-Fonoaudi\u00f3loga.pdf\">Instrucciones de Trabajo 2\u00b0 B\u00e1sico Fonoaudi\u00f3loga.<\/a><\/p>\n\n\n\n<figure class=\"wp-block-embed-youtube wp-block-embed is-type-video is-provider-youtube wp-embed-aspect-4-3 wp-has-aspect-ratio wp-embed-aspect-16-9\"><div class=\"wp-block-embed__wrapper\">\n<iframe loading=\"lazy\" title=\"Estudiantes 2\u00ba b\u00e1sico fonoaudi\u00f3loga 12\/10\" width=\"830\" height=\"467\" src=\"https:\/\/www.youtube.com\/embed\/Lkw19UW-cJ0?feature=oembed\" frameborder=\"0\" allow=\"accelerometer; autoplay; clipboard-write; encrypted-media; gyroscope; picture-in-picture\" allowfullscreen><\/iframe>\n<\/div><figcaption>Rese\u00f1a:\u00a0En este video trabajamos la conciencia fonol\u00f3gica, habilidad fundamental para el aprendizaje de la lectoescritura, espec\u00edficamente reconocer sonidos iniciales de consonantes.<\/figcaption><\/figure>\n","protected":false},"excerpt":{"rendered":"<p>LENGUAJE Profesora: Ximena Hidalgo \/ ximena.hidalgo@colegio-sanandres.cl Instrucciones de Trabajo 2\u00b0 B\u00e1sico Lenguaje. MATEM\u00c1TICAS Profesora: Constanza P\u00e9rez \/ constanza.perez@colegio-sanandres.cl Instrucciones de Trabajo 2\u00b0 B\u00e1sico Matem\u00e1ticas. HISTORIA Profesora: Ximena Hidalgo \/ ximena.hidalgo@colegio-sanandres.cl Instrucciones de Trabajo 2\u00b0 B\u00e1sico Historia. CIENCIAS NATURALES Profesora: Constanza P\u00e9rez \/ constanza.perez@colegio-sanandres.cl Instrucciones de trabajo 2\u00b0 B\u00e1sico Ciencias Naturales. EDUCACI\u00d3N F\u00cdSICA Profesor: Jonathan Ibacache [&hellip;]<\/p>\n","protected":false},"author":3,"featured_media":0,"parent":0,"menu_order":0,"comment_status":"closed","ping_status":"closed","template":"","meta":{"footnotes":""},"class_list":["post-6144","page","type-page","status-publish","hentry"],"amp_enabled":true,"_links":{"self":[{"href":"http:\/\/www.colegio-sanandres.cl\/index.php?rest_route=\/wp\/v2\/pages\/6144","targetHints":{"allow":["GET"]}}],"collection":[{"href":"http:\/\/www.colegio-sanandres.cl\/index.php?rest_route=\/wp\/v2\/pages"}],"about":[{"href":"http:\/\/www.colegio-sanandres.cl\/index.php?rest_route=\/wp\/v2\/types\/page"}],"author":[{"embeddable":true,"href":"http:\/\/www.colegio-sanandres.cl\/index.php?rest_route=\/wp\/v2\/users\/3"}],"replies":[{"embeddable":true,"href":"http:\/\/www.colegio-sanandres.cl\/index.php?rest_route=%2Fwp%2Fv2%2Fcomments&post=6144"}],"version-history":[{"count":1,"href":"http:\/\/www.colegio-sanandres.cl\/index.php?rest_route=\/wp\/v2\/pages\/6144\/revisions"}],"predecessor-version":[{"id":6153,"href":"http:\/\/www.colegio-sanandres.cl\/index.php?rest_route=\/wp\/v2\/pages\/6144\/revisions\/6153"}],"wp:attachment":[{"href":"http:\/\/www.colegio-sanandres.cl\/index.php?rest_route=%2Fwp%2Fv2%2Fmedia&parent=6144"}],"curies":[{"name":"wp","href":"https:\/\/api.w.org\/{rel}","templated":true}]}}