{"id":6167,"date":"2020-10-11T22:51:04","date_gmt":"2020-10-12T01:51:04","guid":{"rendered":"http:\/\/www.colegio-sanandres.cl\/?page_id=6167"},"modified":"2020-10-11T22:51:04","modified_gmt":"2020-10-12T01:51:04","slug":"4o-basico-semana-1-nuevo-aprendizaje-3","status":"publish","type":"page","link":"http:\/\/www.colegio-sanandres.cl\/?page_id=6167","title":{"rendered":"4\u00ba B\u00c1SICO (Semana 1: Nuevo Aprendizaje)"},"content":{"rendered":"\n<p><strong>LENGUAJE<\/strong><\/p>\n<p>Profesora: Camila Ortiz \/ camila.ortiz@colegio-sanandres.cl<\/p>\n<p><a href=\"http:\/\/www.colegio-sanandres.cl\/wp-content\/uploads\/2020\/10\/Instrucciones-de-Trabajo-4\u00b0-B\u00e1sico-Lenguaje.pdf\">Instrucciones de Trabajo 4\u00b0 B\u00e1sico Lenguaje.<\/a><\/p>\n\n\n\n<figure class=\"wp-block-embed-youtube wp-block-embed is-type-video is-provider-youtube wp-embed-aspect-16-9 wp-has-aspect-ratio\"><div class=\"wp-block-embed__wrapper\">\n<iframe loading=\"lazy\" title=\"Cuarto b\u00e1sico rh\" width=\"830\" height=\"467\" src=\"https:\/\/www.youtube.com\/embed\/y6uz-ItUMuU?feature=oembed\" frameborder=\"0\" allow=\"accelerometer; autoplay; clipboard-write; encrypted-media; gyroscope; picture-in-picture\" allowfullscreen><\/iframe>\n<\/div><\/figure>\n\n\n\n<div style=\"height:20px\" aria-hidden=\"true\" class=\"wp-block-spacer\"><\/div>\n\n\n\n<p><strong>MATEM\u00c1TICAS<\/strong><\/p>\n\n\n\n<p>Profesor: Manuel Hevia \/ manuel.hevia@colegio-sanandres.cl&nbsp;<\/p>\n\n\n\n<p><a href=\"http:\/\/www.colegio-sanandres.cl\/wp-content\/uploads\/2020\/10\/Instrucciones-de-Trabajo-4\u00b0-B\u00e1sico-Matem\u00e1ticas.pdf\">Instrucciones de Trabajo 4\u00b0 B\u00e1sico Matem\u00e1ticas.<\/a><\/p>\n\n\n\n<figure class=\"wp-block-embed-youtube wp-block-embed is-type-video is-provider-youtube wp-embed-aspect-16-9 wp-has-aspect-ratio\"><div class=\"wp-block-embed__wrapper\">\n<iframe loading=\"lazy\" title=\"CLASE 12: Leer e interpretar pictogramas y gr\u00e1ficos de barra simple ....(OA27)\" width=\"830\" height=\"467\" src=\"https:\/\/www.youtube.com\/embed\/FXr1GpL4rjA?feature=oembed\" frameborder=\"0\" allow=\"accelerometer; autoplay; clipboard-write; encrypted-media; gyroscope; picture-in-picture\" allowfullscreen><\/iframe>\n<\/div><\/figure>\n\n\n\n<div style=\"height:20px\" aria-hidden=\"true\" class=\"wp-block-spacer\"><\/div>\n\n\n\n<p><strong>HISTORIA<\/strong><\/p>\n\n\n\n<p>Profesora: \u00c1lvaro Pino \/ alvaro.pino@colegio-sanandres.cl<\/p>\n\n\n\n<p><a href=\"http:\/\/www.colegio-sanandres.cl\/wp-content\/uploads\/2020\/10\/Instrucciones-de-Trabajo-4\u00b0-B\u00e1sico-Historia.pdf\">Instrucciones de Trabajo 4\u00b0 B\u00e1sico Historia.<\/a><\/p>\n\n\n\n<figure class=\"wp-block-embed-youtube wp-block-embed is-type-video is-provider-youtube wp-embed-aspect-16-9 wp-has-aspect-ratio\"><div class=\"wp-block-embed__wrapper\">\n<iframe loading=\"lazy\" title=\"Aprendizaje Remoto Historia 4\u00b0 B\u00e1sico\" width=\"830\" height=\"467\" src=\"https:\/\/www.youtube.com\/embed\/JLus7SpnBW0?feature=oembed\" frameborder=\"0\" allow=\"accelerometer; autoplay; clipboard-write; encrypted-media; gyroscope; picture-in-picture\" allowfullscreen><\/iframe>\n<\/div><\/figure>\n\n\n\n<div style=\"height:20px\" aria-hidden=\"true\" class=\"wp-block-spacer\"><\/div>\n\n\n\n<p><strong>CIENCIAS NATURALES<br \/><\/strong><\/p>\n<p>Profesora: M\u00f3nica Maldonado \/ monica.maldonado@colegio-sanandres.cl<\/p>\n<p><a href=\"http:\/\/www.colegio-sanandres.cl\/wp-content\/uploads\/2020\/10\/Instrucciones-de-Trabajo-4\u00b0-B\u00e1sico-Ciencias.pdf\">Instrucciones de Trabajo 4\u00b0 B\u00e1sico Ciencias Naturales.<\/a><\/p>\n\n\n\n<figure class=\"wp-block-embed-youtube wp-block-embed is-type-video is-provider-youtube wp-embed-aspect-16-9 wp-has-aspect-ratio\"><div class=\"wp-block-embed__wrapper\">\n<iframe loading=\"lazy\" title=\"capas de la geosfera\" width=\"830\" height=\"467\" src=\"https:\/\/www.youtube.com\/embed\/ECdHReaeqzE?feature=oembed\" frameborder=\"0\" allow=\"accelerometer; autoplay; clipboard-write; encrypted-media; gyroscope; picture-in-picture\" allowfullscreen><\/iframe>\n<\/div><\/figure>\n\n\n\n<div style=\"height:20px\" aria-hidden=\"true\" class=\"wp-block-spacer\"><\/div>\n\n\n\n<p><strong>INGL\u00c9S<br \/><\/strong><\/p>\n<p>Profesora: Patricia Catal\u00e1n \/ patricia.catalan@colegio-sanandres.cl<\/p>\n<p><a href=\"http:\/\/www.colegio-sanandres.cl\/wp-content\/uploads\/2020\/10\/Instrucciones-de-Trabajo-4\u00b0-B\u00e1sico-Ingl\u00e9s.pdf\">Instrucciones de Trabajo 4\u00b0 B\u00e1sico Ingl\u00e9s.<\/a><\/p>\n\n\n\n<figure class=\"wp-block-embed-youtube wp-block-embed is-type-video is-provider-youtube wp-embed-aspect-16-9 wp-has-aspect-ratio\"><div class=\"wp-block-embed__wrapper\">\n<iframe loading=\"lazy\" title=\"Instrucciones de trabajo Ingl\u00e9s - 4\u00b0 b\u00e1sico.\" width=\"830\" height=\"467\" src=\"https:\/\/www.youtube.com\/embed\/WRShcltbTMg?feature=oembed\" frameborder=\"0\" allow=\"accelerometer; autoplay; clipboard-write; encrypted-media; gyroscope; picture-in-picture\" allowfullscreen><\/iframe>\n<\/div><\/figure>\n\n\n\n<div style=\"height:20px\" aria-hidden=\"true\" class=\"wp-block-spacer\"><\/div>\n\n\n\n<p><strong>EDUCACI\u00d3N MUSICAL<br \/><\/strong><\/p>\n<p>Profesor: Cristian Chac\u00f3n \/ cristian.chacon@colegio-sanandres.cl<\/p>\n<p><a href=\"http:\/\/www.colegio-sanandres.cl\/wp-content\/uploads\/2020\/10\/Instrucciones-de-Trabajo-4\u00b0-B\u00e1sico-M\u00fasica.pdf\">Instrucciones de Trabajo 4\u00b0 B\u00e1sico M\u00fasica.<\/a><\/p>\n\n\n\n<figure class=\"wp-block-embed-youtube wp-block-embed is-type-video is-provider-youtube wp-embed-aspect-16-9 wp-has-aspect-ratio\"><div class=\"wp-block-embed__wrapper\">\n<iframe loading=\"lazy\" title=\"4to basico guia 13\" width=\"830\" height=\"467\" src=\"https:\/\/www.youtube.com\/embed\/w-vpPp3zVYU?feature=oembed\" frameborder=\"0\" allow=\"accelerometer; autoplay; clipboard-write; encrypted-media; gyroscope; picture-in-picture\" allowfullscreen><\/iframe>\n<\/div><\/figure>\n\n\n\n<div style=\"height:20px\" aria-hidden=\"true\" class=\"wp-block-spacer\"><\/div>\n\n\n\n<p><strong>EDUCACI\u00d3N F\u00cdSICA<br \/><\/strong><\/p>\n<p>Profesora: Mar\u00eda Alejandra La Paz \/ alejandra.lapaz@colegio-sanandres.cl<\/p>\n<p><a href=\"http:\/\/www.colegio-sanandres.cl\/wp-content\/uploads\/2020\/10\/Instrucciones-de-Trabajo-4\u00b0-B\u00e1sico-Educaci\u00f3n-F\u00edsica.pdf\">Instrucciones de Trabajo 4\u00b0 B\u00e1sico Educaci\u00f3n F\u00edsica.<\/a><\/p>\n\n\n\n<figure class=\"wp-block-embed-youtube wp-block-embed is-type-video is-provider-youtube wp-embed-aspect-16-9 wp-has-aspect-ratio\"><div class=\"wp-block-embed__wrapper\">\n<iframe loading=\"lazy\" title=\"COORDINACI\u00d3N GENERAL 4\u00b0 B\u00c1SICO\" width=\"830\" height=\"467\" src=\"https:\/\/www.youtube.com\/embed\/c_KIvJxtsRo?feature=oembed\" frameborder=\"0\" allow=\"accelerometer; autoplay; clipboard-write; encrypted-media; gyroscope; picture-in-picture\" allowfullscreen><\/iframe>\n<\/div><\/figure>\n\n\n\n<figure class=\"wp-block-embed-youtube wp-block-embed is-type-video is-provider-youtube wp-embed-aspect-4-3 wp-has-aspect-ratio\"><div class=\"wp-block-embed__wrapper\">\n<iframe loading=\"lazy\" title=\"Canci\u00f3n minue le gusta la dance (rayuela africana)\" width=\"830\" height=\"623\" src=\"https:\/\/www.youtube.com\/embed\/mwJuIqG7nbE?feature=oembed\" frameborder=\"0\" allow=\"accelerometer; autoplay; clipboard-write; encrypted-media; gyroscope; picture-in-picture\" allowfullscreen><\/iframe>\n<\/div><\/figure>\n\n\n\n<div style=\"height:20px\" aria-hidden=\"true\" class=\"wp-block-spacer\"><\/div>\n\n\n\n<h4><strong>PROYECTO DE INTEGRACI\u00d3N ESCOLAR (PIE).<\/strong><\/h4>\n<p style=\"text-align: center;\"><strong>EDUCACI\u00d3N DIFERENCIAL<\/strong><\/p>\n<p><strong>Educadora Diferencial<\/strong>: Yerka Markic \/ yerka.markic@colegio-sanandres.cl<\/p>\n<p><a href=\"http:\/\/www.colegio-sanandres.cl\/wp-content\/uploads\/2020\/10\/Instrucciones-de-Trabajo-4\u00b0-B\u00e1sico-Educadora-Diferencial.pdf\">Instrucciones de Trabajo 4\u00b0 B\u00e1sico Educadora Diferencial.<\/a><\/p>\n\n\n\n<figure class=\"wp-block-embed-youtube wp-block-embed is-type-video is-provider-youtube wp-embed-aspect-16-9 wp-has-aspect-ratio\"><div class=\"wp-block-embed__wrapper\">\n<iframe loading=\"lazy\" title=\"MOTIVACIONES\" width=\"830\" height=\"467\" src=\"https:\/\/www.youtube.com\/embed\/xe4LbemNY8A?feature=oembed\" frameborder=\"0\" allow=\"accelerometer; autoplay; clipboard-write; encrypted-media; gyroscope; picture-in-picture\" allowfullscreen><\/iframe>\n<\/div><figcaption>Rese\u00f1a: Este v\u00eddeo tiene como objetivo de aprendizaje, reconocer las motivaciones de los personajes en un texto narrativo le\u00eddo. Para desarrollar este\u00a0objetivo, se hace uso de tablas secuenciadas para completar informaci\u00f3n tendientes a reconocer a los personajes protagonistas, acciones que llevan a cabo estos personajes y las motivaciones de estos para realizar estas acciones.<\/figcaption><\/figure>\n","protected":false},"excerpt":{"rendered":"<p>LENGUAJE Profesora: Camila Ortiz \/ camila.ortiz@colegio-sanandres.cl Instrucciones de Trabajo 4\u00b0 B\u00e1sico Lenguaje. MATEM\u00c1TICAS Profesor: Manuel Hevia \/ manuel.hevia@colegio-sanandres.cl&nbsp; Instrucciones de Trabajo 4\u00b0 B\u00e1sico Matem\u00e1ticas. HISTORIA Profesora: \u00c1lvaro Pino \/ alvaro.pino@colegio-sanandres.cl Instrucciones de Trabajo 4\u00b0 B\u00e1sico Historia. CIENCIAS NATURALES Profesora: M\u00f3nica Maldonado \/ monica.maldonado@colegio-sanandres.cl Instrucciones de Trabajo 4\u00b0 B\u00e1sico Ciencias Naturales. INGL\u00c9S Profesora: Patricia Catal\u00e1n \/ [&hellip;]<\/p>\n","protected":false},"author":3,"featured_media":0,"parent":0,"menu_order":0,"comment_status":"closed","ping_status":"closed","template":"","meta":{"footnotes":""},"class_list":["post-6167","page","type-page","status-publish","hentry"],"amp_enabled":true,"_links":{"self":[{"href":"http:\/\/www.colegio-sanandres.cl\/index.php?rest_route=\/wp\/v2\/pages\/6167","targetHints":{"allow":["GET"]}}],"collection":[{"href":"http:\/\/www.colegio-sanandres.cl\/index.php?rest_route=\/wp\/v2\/pages"}],"about":[{"href":"http:\/\/www.colegio-sanandres.cl\/index.php?rest_route=\/wp\/v2\/types\/page"}],"author":[{"embeddable":true,"href":"http:\/\/www.colegio-sanandres.cl\/index.php?rest_route=\/wp\/v2\/users\/3"}],"replies":[{"embeddable":true,"href":"http:\/\/www.colegio-sanandres.cl\/index.php?rest_route=%2Fwp%2Fv2%2Fcomments&post=6167"}],"version-history":[{"count":1,"href":"http:\/\/www.colegio-sanandres.cl\/index.php?rest_route=\/wp\/v2\/pages\/6167\/revisions"}],"predecessor-version":[{"id":6176,"href":"http:\/\/www.colegio-sanandres.cl\/index.php?rest_route=\/wp\/v2\/pages\/6167\/revisions\/6176"}],"wp:attachment":[{"href":"http:\/\/www.colegio-sanandres.cl\/index.php?rest_route=%2Fwp%2Fv2%2Fmedia&parent=6167"}],"curies":[{"name":"wp","href":"https:\/\/api.w.org\/{rel}","templated":true}]}}