{"id":6286,"date":"2020-10-21T00:14:27","date_gmt":"2020-10-21T03:14:27","guid":{"rendered":"http:\/\/www.colegio-sanandres.cl\/?page_id=6286"},"modified":"2020-10-21T00:14:27","modified_gmt":"2020-10-21T03:14:27","slug":"pre-kinder-2a-semana-retroalimentacion-4","status":"publish","type":"page","link":"http:\/\/www.colegio-sanandres.cl\/?page_id=6286","title":{"rendered":"PRE K\u00cdNDER (2a Semana Retroalimentaci\u00f3n)"},"content":{"rendered":"\n<div style=\"height:20px\" aria-hidden=\"true\" class=\"wp-block-spacer\"><\/div>\n\n\n\n<p><strong>Retroalimentaci\u00f3n Lenguaje Verbal<\/strong>: <\/p>\n\n\n\n<p><a href=\"http:\/\/www.colegio-sanandres.cl\/wp-content\/uploads\/2020\/10\/Instrucciones-de-Trabajo-Pre-Kinder-Lenguaje-Verbal-1.pdf\">Instrucciones de Trabajo Pre Kinder Lenguaje Verbal.<\/a><\/p>\n\n\n\n<figure class=\"wp-block-embed-youtube wp-block-embed is-type-video is-provider-youtube wp-embed-aspect-16-9 wp-has-aspect-ratio wp-embed-aspect-4-3\"><div class=\"wp-block-embed__wrapper\">\n<iframe loading=\"lazy\" title=\"Lenguaje verbal. Texto informativo 2\" width=\"830\" height=\"623\" src=\"https:\/\/www.youtube.com\/embed\/KxS6S_GPDGY?feature=oembed\" frameborder=\"0\" allow=\"accelerometer; autoplay; clipboard-write; encrypted-media; gyroscope; picture-in-picture\" allowfullscreen><\/iframe>\n<\/div><\/figure>\n\n\n\n<p>Formulario Ticket de Salida Lenguaje Verbal:<\/p>\n<p>https:\/\/docs.google.com\/forms\/d\/e\/1FAIpQLSe6RnKbEiUB-jmXP7YeTNVjysuatSus8MRJl0R8_q34PHWIhQ\/viewform?usp=sf_link<\/p>\n\n\n\n<div style=\"height:48px\" aria-hidden=\"true\" class=\"wp-block-spacer\"><\/div>\n\n\n\n<p style=\"text-align: justify;\"><strong>Retroalimentaci\u00f3n Pensamiento Matem\u00e1tico.<br \/><\/strong><\/p>\n<p><a href=\"http:\/\/www.colegio-sanandres.cl\/wp-content\/uploads\/2020\/10\/Instrucciones-de-Trabajo-Pre-Kinder-Pensamiento-Matem\u00e1tico-1.pdf\">Instrucciones de Trabajo Pre Kinder Pensamiento Matem\u00e1tico.<\/a><\/p>\n\n\n\n<figure class=\"wp-block-embed-youtube wp-block-embed is-type-video is-provider-youtube wp-embed-aspect-16-9 wp-has-aspect-ratio wp-embed-aspect-4-3\"><div class=\"wp-block-embed__wrapper\">\n<iframe loading=\"lazy\" title=\"Jugar y comparar\" width=\"830\" height=\"467\" src=\"https:\/\/www.youtube.com\/embed\/-MZxB3I8Chg?feature=oembed\" frameborder=\"0\" allow=\"accelerometer; autoplay; clipboard-write; encrypted-media; gyroscope; picture-in-picture\" allowfullscreen><\/iframe>\n<\/div><\/figure>\n\n\n\n<p>Formulario Ticket de Salida Pensamiento Matem\u00e1tico:<\/p>\n<p style=\"text-align: center;\"><a href=\"https:\/\/docs.google.com\/forms\/d\/16M9WRXEdlly-eCXVt3TfR_G9qaiXSzYJ2L-o8Zf4PH0\/edit\">https:\/\/docs.google.com\/forms\/d\/16M9WRXEdlly-eCXVt3TfR_G9qaiXSzYJ2L-o8Zf4PH0\/edit<\/a><\/p>\n\n\n\n<div style=\"height:49px\" aria-hidden=\"true\" class=\"wp-block-spacer\"><\/div>\n\n\n\n<p><strong>Retroalimentaci\u00f3n <strong>Exploraci\u00f3n del entorno natural.<\/strong><\/strong><\/p>\n\n\n\n<p><a href=\"http:\/\/www.colegio-sanandres.cl\/wp-content\/uploads\/2020\/10\/Instrucciones-de-Trabajo-Pre-Kinder-Exploraci\u00f3n-del-entorno-natural.pdf\">Instrucciones de Trabajo Pre Kinder Exploraci\u00f3n del entorno natural.<\/a><\/p>\n\n\n\n<figure class=\"wp-block-embed-youtube wp-block-embed is-type-video is-provider-youtube wp-embed-aspect-16-9 wp-has-aspect-ratio\"><div class=\"wp-block-embed__wrapper\">\n<iframe loading=\"lazy\" title=\"Alegr\u00eda de Primavera\" width=\"830\" height=\"467\" src=\"https:\/\/www.youtube.com\/embed\/rWoAHV57Z-Y?feature=oembed\" frameborder=\"0\" allow=\"accelerometer; autoplay; clipboard-write; encrypted-media; gyroscope; picture-in-picture\" allowfullscreen><\/iframe>\n<\/div><\/figure>\n\n\n","protected":false},"excerpt":{"rendered":"<p>Retroalimentaci\u00f3n Lenguaje Verbal: Instrucciones de Trabajo Pre Kinder Lenguaje Verbal. Formulario Ticket de Salida Lenguaje Verbal: https:\/\/docs.google.com\/forms\/d\/e\/1FAIpQLSe6RnKbEiUB-jmXP7YeTNVjysuatSus8MRJl0R8_q34PHWIhQ\/viewform?usp=sf_link Retroalimentaci\u00f3n Pensamiento Matem\u00e1tico. Instrucciones de Trabajo Pre Kinder Pensamiento Matem\u00e1tico. Formulario Ticket de Salida Pensamiento Matem\u00e1tico: https:\/\/docs.google.com\/forms\/d\/16M9WRXEdlly-eCXVt3TfR_G9qaiXSzYJ2L-o8Zf4PH0\/edit Retroalimentaci\u00f3n Exploraci\u00f3n del entorno natural. Instrucciones de Trabajo Pre Kinder Exploraci\u00f3n del entorno natural.<\/p>\n","protected":false},"author":3,"featured_media":0,"parent":0,"menu_order":0,"comment_status":"closed","ping_status":"closed","template":"","meta":{"footnotes":""},"class_list":["post-6286","page","type-page","status-publish","hentry"],"amp_enabled":true,"_links":{"self":[{"href":"http:\/\/www.colegio-sanandres.cl\/index.php?rest_route=\/wp\/v2\/pages\/6286","targetHints":{"allow":["GET"]}}],"collection":[{"href":"http:\/\/www.colegio-sanandres.cl\/index.php?rest_route=\/wp\/v2\/pages"}],"about":[{"href":"http:\/\/www.colegio-sanandres.cl\/index.php?rest_route=\/wp\/v2\/types\/page"}],"author":[{"embeddable":true,"href":"http:\/\/www.colegio-sanandres.cl\/index.php?rest_route=\/wp\/v2\/users\/3"}],"replies":[{"embeddable":true,"href":"http:\/\/www.colegio-sanandres.cl\/index.php?rest_route=%2Fwp%2Fv2%2Fcomments&post=6286"}],"version-history":[{"count":1,"href":"http:\/\/www.colegio-sanandres.cl\/index.php?rest_route=\/wp\/v2\/pages\/6286\/revisions"}],"predecessor-version":[{"id":6291,"href":"http:\/\/www.colegio-sanandres.cl\/index.php?rest_route=\/wp\/v2\/pages\/6286\/revisions\/6291"}],"wp:attachment":[{"href":"http:\/\/www.colegio-sanandres.cl\/index.php?rest_route=%2Fwp%2Fv2%2Fmedia&parent=6286"}],"curies":[{"name":"wp","href":"https:\/\/api.w.org\/{rel}","templated":true}]}}