{"id":6293,"date":"2020-10-21T00:21:08","date_gmt":"2020-10-21T03:21:08","guid":{"rendered":"http:\/\/www.colegio-sanandres.cl\/?page_id=6293"},"modified":"2020-10-21T00:22:01","modified_gmt":"2020-10-21T03:22:01","slug":"kinder-2a-semana-retroalimentacion-4","status":"publish","type":"page","link":"http:\/\/www.colegio-sanandres.cl\/?page_id=6293","title":{"rendered":"K\u00cdNDER (2a Semana Retroalimentaci\u00f3n)"},"content":{"rendered":"\n<p><strong>EDUCADORAS<\/strong>:<\/p>\n<p><strong>K\u00ednder A<\/strong>: Mar\u00eda Olga General \/ maria.general@colegio-sanandres.cl<\/p>\n<p><strong>K\u00ednder B: <\/strong>Margarita Conzue \/ margarita.conzue@colegio-sanandres.cl<\/p>\n\n\n\n<div style=\"height:20px\" aria-hidden=\"true\" class=\"wp-block-spacer\"><\/div>\n\n\n\n<p style=\"text-align: justify;\"><strong><span style=\"text-decoration: underline;\">Retroalimentaci\u00f3n Actividad Pensamiento Matem\u00e1tico.<br><\/span><\/strong><\/p>\n\n\n\n<figure class=\"wp-block-embed-youtube wp-block-embed is-type-video is-provider-youtube wp-embed-aspect-16-9 wp-has-aspect-ratio\"><div class=\"wp-block-embed__wrapper\">\n<iframe loading=\"lazy\" title=\"Figuras y cuerpos geom\u00e9tricos  k\u00ednder 2020\" width=\"830\" height=\"467\" src=\"https:\/\/www.youtube.com\/embed\/AGjcVmz4IKo?feature=oembed\" frameborder=\"0\" allow=\"accelerometer; autoplay; clipboard-write; encrypted-media; gyroscope; picture-in-picture\" allowfullscreen><\/iframe>\n<\/div><\/figure>\n\n\n\n<p>Formulario Ticket de Salida Pensamiento Matem\u00e1tico:<\/p>\n<p style=\"text-align: center;\"><a href=\"https:\/\/docs.google.com\/forms\/d\/e\/1FAIpQLSdRLhCXT06FyrIjdU97HcLUltR13pIiJ6XXSp_W165c8l0g0Q\/viewform?vc=0&amp;c=0&amp;w=1&amp;flr=0&amp;gxids=7757\">https:\/\/docs.google.com\/forms\/d\/e\/1FAIpQLSdRLhCXT06FyrIjdU97HcLUltR13pIiJ6XXSp_W165c8l0g0Q\/viewform?vc=0&amp;c=0&amp;w=1&amp;flr=0&amp;gxids=7757<\/a><\/p>\n\n\n\n<div style=\"height:69px\" aria-hidden=\"true\" class=\"wp-block-spacer\"><\/div>\n\n\n\n<p style=\"text-align: justify;\"><strong><span style=\"text-decoration: underline;\">Retroalimentaci\u00f3n Actividad:<\/span><\/strong><strong> Lenguaje Verbal.<\/strong><\/p>\n\n\n\n<figure class=\"wp-block-embed-youtube wp-block-embed is-type-video is-provider-youtube wp-embed-aspect-16-9 wp-has-aspect-ratio wp-embed-aspect-4-3\"><div class=\"wp-block-embed__wrapper\">\n<iframe loading=\"lazy\" title=\"Retroalimentaci\u00f3n comprensi\u00f3n lectora &quot;Ni\u00f1a bonita&quot;\" width=\"830\" height=\"467\" src=\"https:\/\/www.youtube.com\/embed\/7Gx4mQSoQlM?feature=oembed\" frameborder=\"0\" allow=\"accelerometer; autoplay; clipboard-write; encrypted-media; gyroscope; picture-in-picture\" allowfullscreen><\/iframe>\n<\/div><\/figure>\n\n\n\n<p>Formulario Ticket de Salida Actividad Lenguaje Verbal:<\/p>\n<p style=\"text-align: center;\"><a href=\"https:\/\/forms.gle\/poHoPfbum7EugWF26\">https:\/\/forms.gle\/poHoPfbum7EugWF26<\/a><\/p>\n\n\n\n<div style=\"height:74px\" aria-hidden=\"true\" class=\"wp-block-spacer\"><\/div>\n\n\n\n<h4 style=\"text-align: center;\"><strong>PROYECTO DE INTEGRACI\u00d3N ESCOLAR (PIE).<\/strong><\/h4>\n<p style=\"text-align: center;\"><span style=\"text-decoration: underline;\"><strong>EDUCACI\u00d3N DIFERENCIAL<\/strong><\/span><\/p>\n<p><strong>EDUCADORAS<\/strong>:<\/p>\n<p><strong>K\u00ednder A<\/strong>: Yerka Curaz \/ yerka.curaz@colegio-sanandres.cl<\/p>\n<p><strong>K\u00ednder B: <\/strong>Denise Morales \/ denise.morales@colegio-sanandres.cl<\/p>\n\n\n\n<div style=\"height:20px\" aria-hidden=\"true\" class=\"wp-block-spacer\"><\/div>\n\n\n\n<h5 style=\"text-align: center;\"><strong>Retroalimentaci\u00f3n Actividad N\u00b01_ Educadora Diferencial.<\/strong><\/h5>\n\n\n\n<figure class=\"wp-block-embed-youtube wp-block-embed is-type-video is-provider-youtube wp-embed-aspect-16-9 wp-has-aspect-ratio\"><div class=\"wp-block-embed__wrapper\">\n<iframe loading=\"lazy\" title=\"Correcci\u00f3n y ticket kinder Ciclo 12 de octubre\" width=\"830\" height=\"467\" src=\"https:\/\/www.youtube.com\/embed\/WYsg7gy-bK4?feature=oembed\" frameborder=\"0\" allow=\"accelerometer; autoplay; clipboard-write; encrypted-media; gyroscope; picture-in-picture\" allowfullscreen><\/iframe>\n<\/div><\/figure>\n\n\n\n<p>Formulario Ticket de Salida Actividad N\u00b01:<\/p>\n<p style=\"text-align: center;\"><a href=\"https:\/\/forms.gle\/fDc1CDjSH3BVqD3EA\">https:\/\/forms.gle\/fDc1CDjSH3BVqD3EA<\/a><\/p>\n\n\n\n<div style=\"height:66px\" aria-hidden=\"true\" class=\"wp-block-spacer\"><\/div>\n\n\n\n<h5 style=\"text-align: center;\"><strong>Retroalimentaci\u00f3n Actividad N\u00b02_ Educadora Diferencial.<\/strong><\/h5>\n\n\n\n<figure class=\"wp-block-embed-youtube wp-block-embed is-type-video is-provider-youtube wp-embed-aspect-16-9 wp-has-aspect-ratio\"><div class=\"wp-block-embed__wrapper\">\n<iframe loading=\"lazy\" title=\"Retroalimentaci\u00f3n actividad k\u00ednder - Semana 12\/10\/2020\" width=\"830\" height=\"467\" src=\"https:\/\/www.youtube.com\/embed\/DTAkLckwq8Q?feature=oembed\" frameborder=\"0\" allow=\"accelerometer; autoplay; clipboard-write; encrypted-media; gyroscope; picture-in-picture\" allowfullscreen><\/iframe>\n<\/div><\/figure>\n\n\n\n<p>Formulario Ticket de Salida Actividad N\u00b02:<\/p>\n<p style=\"text-align: center;\"><a href=\"https:\/\/forms.gle\/mK2kGcWGTuhqQrw7A\">https:\/\/forms.gle\/mK2kGcWGTuhqQrw7A<\/a><\/p>\n\n\n\n<div style=\"height:67px\" aria-hidden=\"true\" class=\"wp-block-spacer\"><\/div>\n\n\n\n<p><strong>FONOAUDIOLOG\u00cdA (PIE).<br><\/strong><\/p>\n<p style=\"text-align: justify;\"><span style=\"text-decoration: underline;\"><strong>Fonoaudi\u00f3loga<\/strong><\/span>: Valentina Gutierrez \/ valentina.gutierrez@colegio-sanandres.cl&nbsp;<\/p>\n\n\n\n<figure class=\"wp-block-embed-youtube wp-block-embed is-type-video is-provider-youtube wp-embed-aspect-16-9 wp-has-aspect-ratio wp-embed-aspect-4-3\"><div class=\"wp-block-embed__wrapper\">\n<iframe loading=\"lazy\" title=\"Retroalimentaci\u00f3n kinder fonoaudi\u00f3loga 21\/10\" width=\"830\" height=\"467\" src=\"https:\/\/www.youtube.com\/embed\/Ktpc3oID0OU?feature=oembed\" frameborder=\"0\" allow=\"accelerometer; autoplay; clipboard-write; encrypted-media; gyroscope; picture-in-picture\" allowfullscreen><\/iframe>\n<\/div><\/figure>\n\n\n\n<p>Formulario Ticket de Salida Actividad Fonoaudiolog\u00eda:<\/p>\n<p style=\"text-align: center;\"><a href=\"https:\/\/forms.gle\/DqBGei5CAAiMd6mX9\">https:\/\/forms.gle\/DqBGei5CAAiMd6mX9<\/a><\/p>\n","protected":false},"excerpt":{"rendered":"<p>EDUCADORAS: K\u00ednder A: Mar\u00eda Olga General \/ maria.general@colegio-sanandres.cl K\u00ednder B: Margarita Conzue \/ margarita.conzue@colegio-sanandres.cl Retroalimentaci\u00f3n Actividad Pensamiento Matem\u00e1tico. Formulario Ticket de Salida Pensamiento Matem\u00e1tico: https:\/\/docs.google.com\/forms\/d\/e\/1FAIpQLSdRLhCXT06FyrIjdU97HcLUltR13pIiJ6XXSp_W165c8l0g0Q\/viewform?vc=0&amp;c=0&amp;w=1&amp;flr=0&amp;gxids=7757 Retroalimentaci\u00f3n Actividad: Lenguaje Verbal. Formulario Ticket de Salida Actividad Lenguaje Verbal: https:\/\/forms.gle\/poHoPfbum7EugWF26 PROYECTO DE INTEGRACI\u00d3N ESCOLAR (PIE). EDUCACI\u00d3N DIFERENCIAL EDUCADORAS: K\u00ednder A: Yerka Curaz \/ yerka.curaz@colegio-sanandres.cl K\u00ednder B: Denise Morales [&hellip;]<\/p>\n","protected":false},"author":3,"featured_media":0,"parent":0,"menu_order":0,"comment_status":"closed","ping_status":"closed","template":"","meta":{"footnotes":""},"class_list":["post-6293","page","type-page","status-publish","hentry"],"amp_enabled":true,"_links":{"self":[{"href":"http:\/\/www.colegio-sanandres.cl\/index.php?rest_route=\/wp\/v2\/pages\/6293","targetHints":{"allow":["GET"]}}],"collection":[{"href":"http:\/\/www.colegio-sanandres.cl\/index.php?rest_route=\/wp\/v2\/pages"}],"about":[{"href":"http:\/\/www.colegio-sanandres.cl\/index.php?rest_route=\/wp\/v2\/types\/page"}],"author":[{"embeddable":true,"href":"http:\/\/www.colegio-sanandres.cl\/index.php?rest_route=\/wp\/v2\/users\/3"}],"replies":[{"embeddable":true,"href":"http:\/\/www.colegio-sanandres.cl\/index.php?rest_route=%2Fwp%2Fv2%2Fcomments&post=6293"}],"version-history":[{"count":2,"href":"http:\/\/www.colegio-sanandres.cl\/index.php?rest_route=\/wp\/v2\/pages\/6293\/revisions"}],"predecessor-version":[{"id":6296,"href":"http:\/\/www.colegio-sanandres.cl\/index.php?rest_route=\/wp\/v2\/pages\/6293\/revisions\/6296"}],"wp:attachment":[{"href":"http:\/\/www.colegio-sanandres.cl\/index.php?rest_route=%2Fwp%2Fv2%2Fmedia&parent=6293"}],"curies":[{"name":"wp","href":"https:\/\/api.w.org\/{rel}","templated":true}]}}