{"id":6322,"date":"2020-10-21T01:15:28","date_gmt":"2020-10-21T04:15:28","guid":{"rendered":"http:\/\/www.colegio-sanandres.cl\/?page_id=6322"},"modified":"2020-10-21T01:18:21","modified_gmt":"2020-10-21T04:18:21","slug":"5o-basico-2a-semana-retroalimentacion-5","status":"publish","type":"page","link":"http:\/\/www.colegio-sanandres.cl\/?page_id=6322","title":{"rendered":"5\u00ba B\u00c1SICO (2a Semana Retroalimentaci\u00f3n)"},"content":{"rendered":"\n<div style=\"height:57px\" aria-hidden=\"true\" class=\"wp-block-spacer\"><\/div>\n\n\n\n<h4>Retroalimentaci\u00f3n&nbsp; 5\u00b0 B\u00e1sico <strong>Lenguaje<\/strong><\/h4>\n<p>Profesora: Isabel Rivera \/ isabel.rivera@colegio-sanandres.cl<\/p>\n\n\n\n<figure class=\"wp-block-embed-youtube wp-block-embed is-type-video is-provider-youtube wp-embed-aspect-16-9 wp-has-aspect-ratio wp-embed-aspect-4-3\"><div class=\"wp-block-embed__wrapper\">\n<iframe loading=\"lazy\" title=\"quintos retro\" width=\"830\" height=\"467\" src=\"https:\/\/www.youtube.com\/embed\/k_Ek08IY3BM?feature=oembed\" frameborder=\"0\" allow=\"accelerometer; autoplay; clipboard-write; encrypted-media; gyroscope; picture-in-picture\" allowfullscreen><\/iframe>\n<\/div><\/figure>\n\n\n\n<p>Formulario Ticket de Salida Lenguaje:<\/p>\n<p style=\"text-align: center;\"><a href=\"https:\/\/forms.gle\/nS9amQL4t4E1B8YL9\">https:\/\/forms.gle\/nS9amQL4t4E1B8YL9<\/a><\/p>\n\n\n\n<div style=\"height:56px\" aria-hidden=\"true\" class=\"wp-block-spacer\"><\/div>\n\n\n\n<h4>Retroalimentaci\u00f3n&nbsp; 5\u00b0 B\u00e1sico Matem\u00e1tica<\/h4>\n<p>Profesora: Pamela P\u00e9rez \/ pamela.perez@colegio-sanandres.cl<\/p>\n\n\n\n<figure class=\"wp-block-embed-youtube wp-block-embed is-type-video is-provider-youtube wp-embed-aspect-16-9 wp-has-aspect-ratio\"><div class=\"wp-block-embed__wrapper\">\n<iframe loading=\"lazy\" title=\"CIERRE 5\u00b0 21 DE OCTUBRE\" width=\"830\" height=\"467\" src=\"https:\/\/www.youtube.com\/embed\/b7PNkkhwXxU?feature=oembed\" frameborder=\"0\" allow=\"accelerometer; autoplay; clipboard-write; encrypted-media; gyroscope; picture-in-picture\" allowfullscreen><\/iframe>\n<\/div><\/figure>\n\n\n\n<p>Formulario Ticket de Salida Matem\u00e1tica:<\/p>\n<p style=\"text-align: center;\"><a href=\"https:\/\/forms.gle\/66FZzykkDF4xUWpy8\">https:\/\/forms.gle\/66FZzykkDF4xUWpy8<\/a><\/p>\n\n\n\n<div style=\"height:55px\" aria-hidden=\"true\" class=\"wp-block-spacer\"><\/div>\n\n\n\n<h4>Retroalimentaci\u00f3n&nbsp; 5\u00b0 B\u00e1sico Historia<\/h4>\n<p>Profesora: \u00c1ngela Mendoza \/ angela.mendoza@colegio-sanandres.cl<\/p>\n<p><a href=\"http:\/\/www.colegio-sanandres.cl\/wp-content\/uploads\/2020\/10\/Solucionario-5\u00b0-B\u00e1sico-Historia.pdf\">Solucionario 5\u00b0 B\u00e1sico Historia.<\/a><\/p>\n\n\n\n<figure class=\"wp-block-embed-youtube wp-block-embed is-type-video is-provider-youtube wp-embed-aspect-16-9 wp-has-aspect-ratio\"><div class=\"wp-block-embed__wrapper\">\n<iframe loading=\"lazy\" title=\"Revisi\u00f3n de \u00c1mbito pol\u00edtico y econ\u00f3mico de La Colonia\" width=\"830\" height=\"467\" src=\"https:\/\/www.youtube.com\/embed\/438dAIPilro?feature=oembed\" frameborder=\"0\" allow=\"accelerometer; autoplay; clipboard-write; encrypted-media; gyroscope; picture-in-picture\" allowfullscreen><\/iframe>\n<\/div><\/figure>\n\n\n\n<p>Formulario Ticket de Salida Historia:<\/p>\n<p style=\"text-align: center;\"><a href=\"https:\/\/forms.gle\/i7dXZbkBwYJiTqhA8\">https:\/\/forms.gle\/i7dXZbkBwYJiTqhA8<\/a><\/p>\n\n\n\n<div style=\"height:54px\" aria-hidden=\"true\" class=\"wp-block-spacer\"><\/div>\n\n\n\n<h4>Retroalimentaci\u00f3n&nbsp; 5\u00b0 B\u00e1sico Ciencias Naturales<\/h4>\n<p>Profesora: Priscila Mu\u00f1oz \/ priscila.munoz@colegio-sanandres.cl<\/p>\n<p><a href=\"http:\/\/www.colegio-sanandres.cl\/wp-content\/uploads\/2020\/10\/Solucionario-5\u00b0-B\u00e1sico-Ciencias.pdf\">Solucionario 5\u00b0 B\u00e1sico Ciencias.<\/a><\/p>\n\n\n\n<figure class=\"wp-block-embed-youtube wp-block-embed is-type-video is-provider-youtube wp-embed-aspect-16-9 wp-has-aspect-ratio\"><div class=\"wp-block-embed__wrapper\">\n<iframe loading=\"lazy\" title=\"Retroalimentaci\u00f3n  g\u00e9rmenes\" width=\"830\" height=\"467\" src=\"https:\/\/www.youtube.com\/embed\/N9zB_PC_fQA?feature=oembed\" frameborder=\"0\" allow=\"accelerometer; autoplay; clipboard-write; encrypted-media; gyroscope; picture-in-picture\" allowfullscreen><\/iframe>\n<\/div><\/figure>\n\n\n\n<p>Formulario Ticket de Salida Ciencias Naturales:<\/p>\n<p style=\"text-align: center;\"><a href=\"https:\/\/forms.gle\/UTkyuzcSQ5PYF7xX6\">https:\/\/forms.gle\/UTkyuzcSQ5PYF7xX6<\/a><\/p>\n\n\n\n<div style=\"height:53px\" aria-hidden=\"true\" class=\"wp-block-spacer\"><\/div>\n\n\n\n<h4>Retroalimentaci\u00f3n&nbsp; 5\u00b0 B\u00e1sico&nbsp;<strong>Ingl\u00e9s<\/strong><\/h4>\n<p>Profesora: Patricia Catal\u00e1n \/ patricia.catalan@colegio-sanandres.cl<\/p>\n<p><a href=\"http:\/\/www.colegio-sanandres.cl\/wp-content\/uploads\/2020\/10\/Solucionario-5\u00b0-B\u00e1sico-Ingl\u00e9s.pdf\">Solucionario 5\u00b0 B\u00e1sico Ingl\u00e9s.<\/a><\/p>\n\n\n\n<figure class=\"wp-block-embed-youtube wp-block-embed is-type-video is-provider-youtube wp-embed-aspect-16-9 wp-has-aspect-ratio\"><div class=\"wp-block-embed__wrapper\">\n<iframe loading=\"lazy\" title=\"Revisi\u00f3n\/Retroalimentaci\u00f3n Ingl\u00e9s 5\u00b0 b\u00e1sico - Reading comprehension &quot;Seals&quot;\" width=\"830\" height=\"467\" src=\"https:\/\/www.youtube.com\/embed\/pT4RTih6FlQ?feature=oembed\" frameborder=\"0\" allow=\"accelerometer; autoplay; clipboard-write; encrypted-media; gyroscope; picture-in-picture\" allowfullscreen><\/iframe>\n<\/div><\/figure>\n\n\n\n<p>Formulario Ticket de Salida Ingl\u00e9s:<\/p>\n<p style=\"text-align: center;\"><a href=\"https:\/\/forms.gle\/5na2Y5B1q6vtvrRK9\">https:\/\/forms.gle\/5na2Y5B1q6vtvrRK9<\/a><\/p>\n\n\n\n<div style=\"height:55px\" aria-hidden=\"true\" class=\"wp-block-spacer\"><\/div>\n\n\n\n<h4>Retroalimentaci\u00f3n&nbsp; 5\u00b0 B\u00e1sico&nbsp;<strong>M\u00fasica<\/strong><\/h4>\n<p>Profesor: Cristian Chac\u00f3n \/ cristian.chacon@colegio-sanandres.cl<\/p>\n\n\n\n<figure class=\"wp-block-embed-youtube wp-block-embed is-type-video is-provider-youtube wp-embed-aspect-16-9 wp-has-aspect-ratio\"><div class=\"wp-block-embed__wrapper\">\n<iframe loading=\"lazy\" title=\"5to basico guia 13, retroalimentacion.\" width=\"830\" height=\"467\" src=\"https:\/\/www.youtube.com\/embed\/bshINx0h0LY?feature=oembed\" frameborder=\"0\" allow=\"accelerometer; autoplay; clipboard-write; encrypted-media; gyroscope; picture-in-picture\" allowfullscreen><\/iframe>\n<\/div><\/figure>\n\n\n\n<p>Formulario Ticket de Salida M\u00fasica:<\/p>\n<p style=\"text-align: center;\"><a href=\"https:\/\/forms.gle\/Ugqs9CmtVbNStBqy5\">https:\/\/forms.gle\/Ugqs9CmtVbNStBqy5<\/a><\/p>\n\n\n\n<div style=\"height:49px\" aria-hidden=\"true\" class=\"wp-block-spacer\"><\/div>\n\n\n\n<h4>Retroalimentaci\u00f3n&nbsp; 5\u00b0 B\u00e1sico Artes Visuales<\/h4>\n<p>Profesora: Susana Ortiz \/ susana.ortiz@colegio-sanandres.cl<\/p>\n\n\n\n<figure class=\"wp-block-embed-youtube wp-block-embed is-type-video is-provider-youtube wp-embed-aspect-16-9 wp-has-aspect-ratio\"><div class=\"wp-block-embed__wrapper\">\n<iframe loading=\"lazy\" title=\"Video retroalimentaci\u00f3n artes 5\u00b0 b\u00e1sicos.\" width=\"830\" height=\"467\" src=\"https:\/\/www.youtube.com\/embed\/iRY1ntbWqMg?feature=oembed\" frameborder=\"0\" allow=\"accelerometer; autoplay; clipboard-write; encrypted-media; gyroscope; picture-in-picture\" allowfullscreen><\/iframe>\n<\/div><\/figure>\n\n\n\n<p>Formulario Ticket de Salida Artes Visuales:<\/p>\n<p style=\"text-align: center;\"><a href=\"https:\/\/forms.gle\/QuJ4bHiFnRLZ36HWA\">https:\/\/forms.gle\/QuJ4bHiFnRLZ36HWA<\/a><\/p>\n\n\n\n<div style=\"height:56px\" aria-hidden=\"true\" class=\"wp-block-spacer\"><\/div>\n\n\n\n<h4>Retroalimentaci\u00f3n&nbsp; 5\u00b0 B\u00e1sico <strong>Educaci\u00f3n F\u00edsica<\/strong><\/h4>\n<p>Profesor: Javier \u00c1vila \/ javier.avila@colegio-sanandres.cl<\/p>\n\n\n\n<figure class=\"wp-block-embed-youtube wp-block-embed is-type-video is-provider-youtube wp-embed-aspect-16-9 wp-has-aspect-ratio\"><div class=\"wp-block-embed__wrapper\">\n<iframe loading=\"lazy\" title=\"video rutina de ejercicios, retroalimentaci\u00f3n educaci\u00f3n f\u00edsica. 5\u00b0 b\u00e1sicos\" width=\"830\" height=\"467\" src=\"https:\/\/www.youtube.com\/embed\/6_BLmR6L1v0?feature=oembed\" frameborder=\"0\" allow=\"accelerometer; autoplay; clipboard-write; encrypted-media; gyroscope; picture-in-picture\" allowfullscreen><\/iframe>\n<\/div><\/figure>\n\n\n\n<p>Formulario Ticket de Salida Educaci\u00f3n F\u00edsica:<\/p>\n<p style=\"text-align: center;\"><a href=\"https:\/\/forms.gle\/DuqAJExuYXT3KKjz5\">https:\/\/forms.gle\/DuqAJExuYXT3KKjz5<\/a><\/p>\n","protected":false},"excerpt":{"rendered":"<p>Retroalimentaci\u00f3n&nbsp; 5\u00b0 B\u00e1sico Lenguaje Profesora: Isabel Rivera \/ isabel.rivera@colegio-sanandres.cl Formulario Ticket de Salida Lenguaje: https:\/\/forms.gle\/nS9amQL4t4E1B8YL9 Retroalimentaci\u00f3n&nbsp; 5\u00b0 B\u00e1sico Matem\u00e1tica Profesora: Pamela P\u00e9rez \/ pamela.perez@colegio-sanandres.cl Formulario Ticket de Salida Matem\u00e1tica: https:\/\/forms.gle\/66FZzykkDF4xUWpy8 Retroalimentaci\u00f3n&nbsp; 5\u00b0 B\u00e1sico Historia Profesora: \u00c1ngela Mendoza \/ angela.mendoza@colegio-sanandres.cl Solucionario 5\u00b0 B\u00e1sico Historia. Formulario Ticket de Salida Historia: https:\/\/forms.gle\/i7dXZbkBwYJiTqhA8 Retroalimentaci\u00f3n&nbsp; 5\u00b0 B\u00e1sico Ciencias Naturales Profesora: [&hellip;]<\/p>\n","protected":false},"author":3,"featured_media":0,"parent":0,"menu_order":0,"comment_status":"closed","ping_status":"closed","template":"","meta":{"footnotes":""},"class_list":["post-6322","page","type-page","status-publish","hentry"],"amp_enabled":true,"_links":{"self":[{"href":"http:\/\/www.colegio-sanandres.cl\/index.php?rest_route=\/wp\/v2\/pages\/6322","targetHints":{"allow":["GET"]}}],"collection":[{"href":"http:\/\/www.colegio-sanandres.cl\/index.php?rest_route=\/wp\/v2\/pages"}],"about":[{"href":"http:\/\/www.colegio-sanandres.cl\/index.php?rest_route=\/wp\/v2\/types\/page"}],"author":[{"embeddable":true,"href":"http:\/\/www.colegio-sanandres.cl\/index.php?rest_route=\/wp\/v2\/users\/3"}],"replies":[{"embeddable":true,"href":"http:\/\/www.colegio-sanandres.cl\/index.php?rest_route=%2Fwp%2Fv2%2Fcomments&post=6322"}],"version-history":[{"count":3,"href":"http:\/\/www.colegio-sanandres.cl\/index.php?rest_route=\/wp\/v2\/pages\/6322\/revisions"}],"predecessor-version":[{"id":6329,"href":"http:\/\/www.colegio-sanandres.cl\/index.php?rest_route=\/wp\/v2\/pages\/6322\/revisions\/6329"}],"wp:attachment":[{"href":"http:\/\/www.colegio-sanandres.cl\/index.php?rest_route=%2Fwp%2Fv2%2Fmedia&parent=6322"}],"curies":[{"name":"wp","href":"https:\/\/api.w.org\/{rel}","templated":true}]}}