{"id":6366,"date":"2020-10-23T23:25:45","date_gmt":"2020-10-24T02:25:45","guid":{"rendered":"http:\/\/www.colegio-sanandres.cl\/?page_id=6366"},"modified":"2020-10-24T00:28:13","modified_gmt":"2020-10-24T03:28:13","slug":"clases-via-meet-semana-3-lunes-5-al-viernes-9-octubre","status":"publish","type":"page","link":"http:\/\/www.colegio-sanandres.cl\/?page_id=6366","title":{"rendered":"Clases v\u00eda Meet (Semana 3: Lunes 26 al Viernes 30 Octubre)."},"content":{"rendered":"\n<p style=\"font-size:24px\" class=\"has-text-color has-background has-text-align-center has-very-dark-gray-color has-vivid-green-cyan-background-color\"><strong>EDUCACI\u00d3N PARVULARIA<\/strong><\/p>\n\n\n\n<p><a href=\"http:\/\/www.colegio-sanandres.cl\/?page_id=6370\"><strong>PRE K\u00cdNDER<\/strong><\/a><\/p>\n\n\n\n<p><strong><a href=\"http:\/\/www.colegio-sanandres.cl\/?page_id=6373\">K\u00cdNDER<\/a><\/strong><\/p>\n\n\n\n\n\n<p style=\"font-size:24px\" class=\"has-text-color has-background has-text-align-center has-very-dark-gray-color has-luminous-vivid-orange-background-color\"><strong>PRIMER CICLO B\u00c1SICO<\/strong><\/p>\n\n\n\n<p><strong><a href=\"http:\/\/www.colegio-sanandres.cl\/?page_id=6376\">1\u00ba B\u00c1SICO<\/a><\/strong><\/p>\n\n\n\n<p><strong><a href=\"http:\/\/www.colegio-sanandres.cl\/?page_id=6380\">2\u00ba B\u00c1SICO<\/a><\/strong><\/p>\n\n\n\n<p><strong><a href=\"http:\/\/www.colegio-sanandres.cl\/?page_id=6383\">3\u00ba B\u00c1SICO<\/a><\/strong><\/p>\n\n\n\n<p><strong><a href=\"http:\/\/www.colegio-sanandres.cl\/?page_id=6386\">4\u00ba B\u00c1SICO<\/a><\/strong><\/p>\n\n\n\n\n\n<p style=\"font-size:24px\" class=\"has-text-color has-background has-text-align-center has-very-dark-gray-color has-vivid-cyan-blue-background-color\"><strong>SEGUNDO CICLO B\u00c1SICO<\/strong><\/p>\n\n\n\n<p><strong><a href=\"http:\/\/www.colegio-sanandres.cl\/?page_id=6389\">5\u00ba B\u00c1SICO<\/a><\/strong><\/p>\n\n\n\n<p><strong><a href=\"http:\/\/www.colegio-sanandres.cl\/?page_id=6392\">6\u00ba B\u00c1SICO<\/a><\/strong><\/p>\n\n\n\n<p><strong><a href=\"http:\/\/www.colegio-sanandres.cl\/?page_id=6395\">7\u00ba B\u00c1SICO<\/a><\/strong><\/p>\n\n\n\n<p><strong><a href=\"http:\/\/www.colegio-sanandres.cl\/?page_id=6398\">8\u00ba B\u00c1SICO<\/a><\/strong><\/p>\n\n\n","protected":false},"excerpt":{"rendered":"<p>EDUCACI\u00d3N PARVULARIA PRE K\u00cdNDER K\u00cdNDER PRIMER CICLO B\u00c1SICO 1\u00ba B\u00c1SICO 2\u00ba B\u00c1SICO 3\u00ba B\u00c1SICO 4\u00ba B\u00c1SICO SEGUNDO CICLO B\u00c1SICO 5\u00ba B\u00c1SICO 6\u00ba B\u00c1SICO 7\u00ba B\u00c1SICO 8\u00ba B\u00c1SICO<\/p>\n","protected":false},"author":3,"featured_media":0,"parent":0,"menu_order":0,"comment_status":"closed","ping_status":"closed","template":"","meta":{"footnotes":""},"class_list":["post-6366","page","type-page","status-publish","hentry"],"amp_enabled":true,"_links":{"self":[{"href":"http:\/\/www.colegio-sanandres.cl\/index.php?rest_route=\/wp\/v2\/pages\/6366","targetHints":{"allow":["GET"]}}],"collection":[{"href":"http:\/\/www.colegio-sanandres.cl\/index.php?rest_route=\/wp\/v2\/pages"}],"about":[{"href":"http:\/\/www.colegio-sanandres.cl\/index.php?rest_route=\/wp\/v2\/types\/page"}],"author":[{"embeddable":true,"href":"http:\/\/www.colegio-sanandres.cl\/index.php?rest_route=\/wp\/v2\/users\/3"}],"replies":[{"embeddable":true,"href":"http:\/\/www.colegio-sanandres.cl\/index.php?rest_route=%2Fwp%2Fv2%2Fcomments&post=6366"}],"version-history":[{"count":10,"href":"http:\/\/www.colegio-sanandres.cl\/index.php?rest_route=\/wp\/v2\/pages\/6366\/revisions"}],"predecessor-version":[{"id":6400,"href":"http:\/\/www.colegio-sanandres.cl\/index.php?rest_route=\/wp\/v2\/pages\/6366\/revisions\/6400"}],"wp:attachment":[{"href":"http:\/\/www.colegio-sanandres.cl\/index.php?rest_route=%2Fwp%2Fv2%2Fmedia&parent=6366"}],"curies":[{"name":"wp","href":"https:\/\/api.w.org\/{rel}","templated":true}]}}