{"id":6426,"date":"2020-11-01T20:19:26","date_gmt":"2020-11-01T23:19:26","guid":{"rendered":"http:\/\/www.colegio-sanandres.cl\/?page_id=6426"},"modified":"2020-11-01T22:29:50","modified_gmt":"2020-11-02T01:29:50","slug":"semana-no1-nuevos-aprendizajes-y-actividades-2-al-6-de-noviembre-2020","status":"publish","type":"page","link":"http:\/\/www.colegio-sanandres.cl\/?page_id=6426","title":{"rendered":"Semana N\u00ba1: Nuevos Aprendizajes y Actividades ( 2 al 6 de Noviembre 2020)"},"content":{"rendered":"\n<div class=\"entry-content\">\n<p class=\"has-text-color has-background has-text-align-center has-very-dark-gray-color has-vivid-green-cyan-background-color\"><strong>EDUCACI\u00d3N PARVULARIA<\/strong><\/p>\n<p><a href=\"http:\/\/www.colegio-sanandres.cl\/?page_id=6429\"><strong>PRE K\u00cdNDER<\/strong><\/a><\/p>\n<p><a href=\"http:\/\/www.colegio-sanandres.cl\/?page_id=6435\"><strong>K\u00cdNDER<\/strong><\/a><\/p>\n<p class=\"has-text-color has-background has-text-align-center has-very-dark-gray-color has-luminous-vivid-orange-background-color\"><strong>PRIMER CICLO B\u00c1SICO<\/strong><\/p>\n<p><a href=\"http:\/\/www.colegio-sanandres.cl\/?page_id=6443\"><strong>1\u00ba B\u00c1SICO<\/strong><\/a><\/p>\n<p><a href=\"http:\/\/www.colegio-sanandres.cl\/?page_id=6453\"><strong>2\u00ba B\u00c1SICO<\/strong><\/a><\/p>\n<p><a href=\"http:\/\/www.colegio-sanandres.cl\/?page_id=6462\"><strong>3\u00ba B\u00c1SICO<\/strong><\/a><\/p>\n<p><a href=\"http:\/\/www.colegio-sanandres.cl\/?page_id=6473\"><strong>4\u00ba B\u00c1SICO<\/strong><\/a><\/p>\n<p class=\"has-text-color has-background has-text-align-center has-very-dark-gray-color has-vivid-cyan-blue-background-color\"><strong>SEGUNDO CICLO B\u00c1SICO<\/strong><\/p>\n<p><a href=\"http:\/\/www.colegio-sanandres.cl\/?page_id=6484\"><strong>5\u00ba B\u00c1SICO<\/strong><\/a><\/p>\n<p><a href=\"http:\/\/www.colegio-sanandres.cl\/?page_id=6497\"><strong>6\u00ba B\u00c1SICO<\/strong><\/a><\/p>\n<p><a href=\"http:\/\/www.colegio-sanandres.cl\/?page_id=6514\"><strong>7\u00ba B\u00c1SI<\/strong><strong>C<\/strong><strong>O<\/strong><\/a><\/p>\n<p><a href=\"http:\/\/www.colegio-sanandres.cl\/?page_id=6527\"><strong>8\u00ba B\u00c1SICO<\/strong><\/a><\/p>\n<\/div>\n","protected":false},"excerpt":{"rendered":"<p>EDUCACI\u00d3N PARVULARIA PRE K\u00cdNDER K\u00cdNDER PRIMER CICLO B\u00c1SICO 1\u00ba B\u00c1SICO 2\u00ba B\u00c1SICO 3\u00ba B\u00c1SICO 4\u00ba B\u00c1SICO SEGUNDO CICLO B\u00c1SICO 5\u00ba B\u00c1SICO 6\u00ba B\u00c1SICO 7\u00ba B\u00c1SICO 8\u00ba B\u00c1SICO<\/p>\n","protected":false},"author":3,"featured_media":0,"parent":0,"menu_order":0,"comment_status":"closed","ping_status":"closed","template":"","meta":{"footnotes":""},"class_list":["post-6426","page","type-page","status-publish","hentry"],"amp_enabled":true,"_links":{"self":[{"href":"http:\/\/www.colegio-sanandres.cl\/index.php?rest_route=\/wp\/v2\/pages\/6426","targetHints":{"allow":["GET"]}}],"collection":[{"href":"http:\/\/www.colegio-sanandres.cl\/index.php?rest_route=\/wp\/v2\/pages"}],"about":[{"href":"http:\/\/www.colegio-sanandres.cl\/index.php?rest_route=\/wp\/v2\/types\/page"}],"author":[{"embeddable":true,"href":"http:\/\/www.colegio-sanandres.cl\/index.php?rest_route=\/wp\/v2\/users\/3"}],"replies":[{"embeddable":true,"href":"http:\/\/www.colegio-sanandres.cl\/index.php?rest_route=%2Fwp%2Fv2%2Fcomments&post=6426"}],"version-history":[{"count":10,"href":"http:\/\/www.colegio-sanandres.cl\/index.php?rest_route=\/wp\/v2\/pages\/6426\/revisions"}],"predecessor-version":[{"id":6541,"href":"http:\/\/www.colegio-sanandres.cl\/index.php?rest_route=\/wp\/v2\/pages\/6426\/revisions\/6541"}],"wp:attachment":[{"href":"http:\/\/www.colegio-sanandres.cl\/index.php?rest_route=%2Fwp%2Fv2%2Fmedia&parent=6426"}],"curies":[{"name":"wp","href":"https:\/\/api.w.org\/{rel}","templated":true}]}}