{"id":6435,"date":"2020-11-01T20:34:51","date_gmt":"2020-11-01T23:34:51","guid":{"rendered":"http:\/\/www.colegio-sanandres.cl\/?page_id=6435"},"modified":"2020-11-01T20:34:51","modified_gmt":"2020-11-01T23:34:51","slug":"kinder-semana-1-nuevo-aprendizaje-4","status":"publish","type":"page","link":"http:\/\/www.colegio-sanandres.cl\/?page_id=6435","title":{"rendered":"K\u00cdNDER (Semana 1: Nuevo Aprendizaje)"},"content":{"rendered":"\n<div style=\"height:20px\" aria-hidden=\"true\" class=\"wp-block-spacer\"><\/div>\n\n\n\n<p><strong>EDUCADORAS<\/strong>:<\/p>\n<p><strong>K\u00ednder A<\/strong>: Mar\u00eda Olga General \/ maria.general@colegio-sanandres.cl<\/p>\n<p><strong>K\u00ednder B: <\/strong>Margarita Conzue \/ margarita.conzue@colegio-sanandres.cl<\/p>\n\n\n\n<div style=\"height:20px\" aria-hidden=\"true\" class=\"wp-block-spacer\"><\/div>\n\n\n\n<h5 style=\"text-align: justify;\"><strong>Explicaci\u00f3n Actividad N\u00b01:<\/strong><strong> Pensamiento Matem\u00e1tico.<br \/><\/strong><\/h5>\n<p><a href=\"http:\/\/www.colegio-sanandres.cl\/wp-content\/uploads\/2020\/11\/Instrucciones-de-Trabajo-Kinder-Pensamiento-matem\u00e1tico.pdf\">Instrucciones de Trabajo\u00a0 Kinder Pensamiento Matem\u00e1tico.<\/a><\/p>\n\n\n\n<figure class=\"wp-block-embed-youtube wp-block-embed is-type-video is-provider-youtube wp-embed-aspect-16-9 wp-has-aspect-ratio wp-embed-aspect-4-3\"><div class=\"wp-block-embed__wrapper\">\n<iframe loading=\"lazy\" title=\"Clasificaci\u00f3n y seriaci\u00f3n\" width=\"830\" height=\"467\" src=\"https:\/\/www.youtube.com\/embed\/j3g_jof5pDY?feature=oembed\" frameborder=\"0\" allow=\"accelerometer; autoplay; clipboard-write; encrypted-media; gyroscope; picture-in-picture\" allowfullscreen><\/iframe>\n<\/div><figcaption>Video Explicativo Actividades N\u00ba1:  Pensamiento Matem\u00e1tico.<\/figcaption><\/figure>\n\n\n\n<p><span style=\"text-decoration: underline;\">V\u00eddeo de la semana 13 del d\u00eda cinco<\/span>:<\/p>\n<p><iframe loading=\"lazy\" title=\"K&amp;iacute;nder - Pens matem&amp;aacute;tico - Semana 13 - D&amp;iacute;a 5\" src=\"https:\/\/player.vimeo.com\/video\/429393044?dnt=1&amp;app_id=122963\" width=\"830\" height=\"467\" frameborder=\"0\" allow=\"autoplay; fullscreen\" allowfullscreen><\/iframe><\/p>\n<p><span style=\"text-decoration: underline;\">V\u00eddeo de la semana 17 del d\u00eda cinco<\/span>:<\/p>\n<p><iframe loading=\"lazy\" title=\"K&amp;iacute;nder - Pens. matem&amp;aacute;tico - Semana 17 - D&amp;iacute;a 5\" src=\"https:\/\/player.vimeo.com\/video\/438021065?dnt=1&amp;app_id=122963\" width=\"830\" height=\"467\" frameborder=\"0\" allow=\"autoplay; fullscreen\" allowfullscreen><\/iframe><\/p>\n<p><span style=\"text-decoration: underline;\">V\u00eddeo de la semana 18 del segundo d\u00eda<\/span>:<\/p>\n<p><iframe loading=\"lazy\" title=\"K&amp;iacute;nder - Pens. matem&amp;aacute;tico - Semana 18 - D&amp;iacute;a 2\" src=\"https:\/\/player.vimeo.com\/video\/441338333?dnt=1&amp;app_id=122963\" width=\"830\" height=\"467\" frameborder=\"0\" allow=\"autoplay; fullscreen\" allowfullscreen><\/iframe><\/p>\n\n\n\n<div style=\"height:62px\" aria-hidden=\"true\" class=\"wp-block-spacer\"><\/div>\n\n\n\n<h5><strong>Explicaci\u00f3n Actividad N\u00b02:<\/strong><strong> Lenguaje Verbal.<\/strong><\/h5>\n<p><a href=\"http:\/\/www.colegio-sanandres.cl\/wp-content\/uploads\/2020\/11\/Instrucciones-de-Trabajo-Kinder-Lenguaje-Verbal.pdf\">Instrucciones de Trabajo Kinder Lenguaje Verbal.<\/a><\/p>\n<p><iframe loading=\"lazy\" title=\"30 de octubre de 2020\" width=\"830\" height=\"623\" src=\"https:\/\/www.youtube.com\/embed\/zbsQmEh7liQ?feature=oembed\" frameborder=\"0\" allow=\"accelerometer; autoplay; clipboard-write; encrypted-media; gyroscope; picture-in-picture\" allowfullscreen><\/iframe><\/p>\n<p><iframe loading=\"lazy\" title=\"K&amp;iacute;nder - Lenguaje verbal - Semana 13 - D&amp;iacute;a 4\" src=\"https:\/\/player.vimeo.com\/video\/429384674?dnt=1&amp;app_id=122963\" width=\"830\" height=\"467\" frameborder=\"0\" allow=\"autoplay; fullscreen\" allowfullscreen><\/iframe><\/p>\n\n\n\n<div style=\"height:86px\" aria-hidden=\"true\" class=\"wp-block-spacer\"><\/div>\n\n\n\n<h4 style=\"text-align: center;\"><strong>PROYECTO DE INTEGRACI\u00d3N ESCOLAR (PIE).<\/strong><\/h4>\n<p>&nbsp;<\/p>\n<p style=\"text-align: center;\"><span style=\"text-decoration: underline;\"><strong>EDUCACI\u00d3N DIFERENCIAL<\/strong><\/span><\/p>\n<p><strong>EDUCADORAS<\/strong>:<\/p>\n<p><strong>K\u00ednder A<\/strong>: Yerka Curaz \/ yerka.curaz@colegio-sanandres.cl<\/p>\n<p><strong>K\u00ednder B: <\/strong>Denise Morales \/ denise.morales@colegio-sanandres.cl<\/p>\n\n\n\n<div style=\"height:20px\" aria-hidden=\"true\" class=\"wp-block-spacer\"><\/div>\n\n\n\n<h5 style=\"text-align: center;\"><strong>Actividad N\u00b01_ Educadora Diferencial.<\/strong><\/h5>\n<p><a href=\"http:\/\/www.colegio-sanandres.cl\/wp-content\/uploads\/2020\/11\/Instrucciones-de-Trabajo-Kinder-Educadora-Diferencial-Denise.pdf\">Instrucciones de Trabajo Kinder Educadora Diferencial.<\/a><\/p>\n\n\n\n<figure class=\"wp-block-embed-youtube wp-block-embed is-type-video is-provider-youtube wp-embed-aspect-16-9 wp-has-aspect-ratio\"><div class=\"wp-block-embed__wrapper\">\n<iframe loading=\"lazy\" title=\"Clase 2 de noviembre kinder\" width=\"830\" height=\"467\" src=\"https:\/\/www.youtube.com\/embed\/Na7PpajdQOg?feature=oembed\" frameborder=\"0\" allow=\"accelerometer; autoplay; clipboard-write; encrypted-media; gyroscope; picture-in-picture\" allowfullscreen><\/iframe>\n<\/div><figcaption>Rese\u00f1a: En este video fortaleceremos una nueva habilidad fonol\u00f3gica, la cual corresponde a identificar s\u00edlaba medial (o del medio). Al desarrollar la conciencia fonol\u00f3gica los ni\u00f1os descubren que las palabras orales\u00a0est\u00e1n formadas por s\u00edlabas y por sonidos m\u00e1s peque\u00f1os\u00a0(fonemas). Es as\u00ed como pueden comenzar a identificar y manipular estos sonidos, y finalmente asociarlos a s\u00edmbolos (letras). Luego de esto los ni\u00f1os estar\u00e1n preparados para el aprendizaje de la lectoescritura.<\/figcaption><\/figure>\n\n\n\n<div style=\"height:20px\" aria-hidden=\"true\" class=\"wp-block-spacer\"><\/div>\n\n\n\n<h5 style=\"text-align: center;\"><strong>Actividad N\u00b02_ Educadora Diferencial.<\/strong><\/h5>\n<p><a href=\"http:\/\/www.colegio-sanandres.cl\/wp-content\/uploads\/2020\/11\/Instrucciones-de-Trabajo-Kinder-Educadora-Diferencial-Yerka.pdf\">Instrucciones de Trabajo Kinder Educadora Diferencia.<\/a><\/p>\n\n\n\n<figure class=\"wp-block-embed-youtube wp-block-embed is-type-video is-provider-youtube wp-embed-aspect-16-9 wp-has-aspect-ratio\"><div class=\"wp-block-embed__wrapper\">\n<iframe loading=\"lazy\" title=\"Actividad k\u00ednder - Semana 2\/11\/2020\" width=\"830\" height=\"467\" src=\"https:\/\/www.youtube.com\/embed\/CcczWfherd0?feature=oembed\" frameborder=\"0\" allow=\"accelerometer; autoplay; clipboard-write; encrypted-media; gyroscope; picture-in-picture\" allowfullscreen><\/iframe>\n<\/div><figcaption>Rese\u00f1a: Esta actividad est\u00e1 enfocada al conocimiento de las artes, en donde el ni\u00f1o\/ni\u00f1a debiera comprender y adquirir vocabulario relacionado a los tipos de expresiones art\u00edsticas, potenciando as\u00ed, habilidades relacionadas al lenguaje verbal, tales como: aprender significado de nuevas palabras, comunicar sobre pensamientos y sentimientos, expresar y justificar sus gustos.<\/figcaption><\/figure>\n\n\n\n<div style=\"height:20px\" aria-hidden=\"true\" class=\"wp-block-spacer\"><\/div>\n\n\n\n<h5 style=\"text-align: center;\"><strong>FONOAUDIOLOG\u00cdA (PIE)<br \/><\/strong><\/h5>\n<p style=\"text-align: justify;\"><span style=\"text-decoration: underline;\"><strong>Fonoaudi\u00f3loga<\/strong><\/span>: Valentina Gutierrez \/ valentina.gutierrez@colegio-sanandres.cl\u00a0<\/p>\n<p><a href=\"http:\/\/www.colegio-sanandres.cl\/wp-content\/uploads\/2020\/11\/Instrucciones-de-Trabajo-Kinder-Fonoaudi\u00f3loga.pdf\">Instrucciones de Trabajo Kinder Fonoaudi\u00f3loga.<\/a><\/p>\n\n\n\n<figure class=\"wp-block-embed-youtube wp-block-embed is-type-video is-provider-youtube wp-embed-aspect-16-9 wp-has-aspect-ratio wp-embed-aspect-4-3\"><div class=\"wp-block-embed__wrapper\">\n<iframe loading=\"lazy\" title=\"Estudiantes kinder fonoaudi\u00f3loga  02\/11\" width=\"830\" height=\"467\" src=\"https:\/\/www.youtube.com\/embed\/vlztcD1chhQ?feature=oembed\" frameborder=\"0\" allow=\"accelerometer; autoplay; clipboard-write; encrypted-media; gyroscope; picture-in-picture\" allowfullscreen><\/iframe>\n<\/div><figcaption>Rese\u00f1a: En este video trabajamos el discurso narrativo, que es uno de los mejores predictores de \u00e9xito escolar, puesto que favorece la comprensi\u00f3n lectora y el relato de experiencias personales. El trabajo con cuentos favorece el vocabulario y la imaginaci\u00f3n.<\/figcaption><\/figure>\n","protected":false},"excerpt":{"rendered":"<p>EDUCADORAS: K\u00ednder A: Mar\u00eda Olga General \/ maria.general@colegio-sanandres.cl K\u00ednder B: Margarita Conzue \/ margarita.conzue@colegio-sanandres.cl Explicaci\u00f3n Actividad N\u00b01: Pensamiento Matem\u00e1tico. Instrucciones de Trabajo\u00a0 Kinder Pensamiento Matem\u00e1tico. V\u00eddeo de la semana 13 del d\u00eda cinco: V\u00eddeo de la semana 17 del d\u00eda cinco: V\u00eddeo de la semana 18 del segundo d\u00eda: Explicaci\u00f3n Actividad N\u00b02: Lenguaje Verbal. Instrucciones [&hellip;]<\/p>\n","protected":false},"author":3,"featured_media":0,"parent":0,"menu_order":0,"comment_status":"closed","ping_status":"closed","template":"","meta":{"footnotes":""},"class_list":["post-6435","page","type-page","status-publish","hentry"],"amp_enabled":true,"_links":{"self":[{"href":"http:\/\/www.colegio-sanandres.cl\/index.php?rest_route=\/wp\/v2\/pages\/6435","targetHints":{"allow":["GET"]}}],"collection":[{"href":"http:\/\/www.colegio-sanandres.cl\/index.php?rest_route=\/wp\/v2\/pages"}],"about":[{"href":"http:\/\/www.colegio-sanandres.cl\/index.php?rest_route=\/wp\/v2\/types\/page"}],"author":[{"embeddable":true,"href":"http:\/\/www.colegio-sanandres.cl\/index.php?rest_route=\/wp\/v2\/users\/3"}],"replies":[{"embeddable":true,"href":"http:\/\/www.colegio-sanandres.cl\/index.php?rest_route=%2Fwp%2Fv2%2Fcomments&post=6435"}],"version-history":[{"count":1,"href":"http:\/\/www.colegio-sanandres.cl\/index.php?rest_route=\/wp\/v2\/pages\/6435\/revisions"}],"predecessor-version":[{"id":6441,"href":"http:\/\/www.colegio-sanandres.cl\/index.php?rest_route=\/wp\/v2\/pages\/6435\/revisions\/6441"}],"wp:attachment":[{"href":"http:\/\/www.colegio-sanandres.cl\/index.php?rest_route=%2Fwp%2Fv2%2Fmedia&parent=6435"}],"curies":[{"name":"wp","href":"https:\/\/api.w.org\/{rel}","templated":true}]}}