{"id":6497,"date":"2020-11-01T21:44:54","date_gmt":"2020-11-02T00:44:54","guid":{"rendered":"http:\/\/www.colegio-sanandres.cl\/?page_id=6497"},"modified":"2020-11-01T21:44:54","modified_gmt":"2020-11-02T00:44:54","slug":"6o-basico-semana-1-nuevo-aprendizaje-4","status":"publish","type":"page","link":"http:\/\/www.colegio-sanandres.cl\/?page_id=6497","title":{"rendered":"6\u00ba B\u00c1SICO (Semana 1: Nuevo Aprendizaje)"},"content":{"rendered":"\n<p><strong>LENGUAJE<\/strong><\/p>\n<p>Profesora: Isabel Rivera \/ isabel.rivera@colegio-sanandres.cl<\/p>\n<p><a href=\"http:\/\/www.colegio-sanandres.cl\/wp-content\/uploads\/2020\/11\/Instrucciones-de-Trabajo-6\u00b0-B\u00e1sico-Lenguaje.pdf\">Instrucciones de Trabajo 6\u00b0 B\u00e1sico Lenguaje.<\/a><\/p>\n\n\n\n<figure class=\"wp-block-embed-youtube wp-block-embed is-type-video is-provider-youtube wp-embed-aspect-16-9 wp-has-aspect-ratio wp-embed-aspect-4-3\"><div class=\"wp-block-embed__wrapper\">\n<iframe loading=\"lazy\" title=\"sextos afiche\" width=\"830\" height=\"467\" src=\"https:\/\/www.youtube.com\/embed\/oAtipfL_Ghc?feature=oembed\" frameborder=\"0\" allow=\"accelerometer; autoplay; clipboard-write; encrypted-media; gyroscope; picture-in-picture\" allowfullscreen><\/iframe>\n<\/div><\/figure>\n\n\n\n<div style=\"height:20px\" aria-hidden=\"true\" class=\"wp-block-spacer\"><\/div>\n\n\n\n<p><strong>MATEM\u00c1TICAS <\/strong><\/p>\n<p>Profesora: Pamela P\u00e9rez \/ pamela.perez@colegio-sanandres.cl<\/p>\n<p><a href=\"http:\/\/www.colegio-sanandres.cl\/wp-content\/uploads\/2020\/11\/Instrucciones-de-Trabajo-6\u00b0-B\u00e1sico-Matem\u00e1ticas.pdf\">Instrucciones de Trabajo 6\u00b0 B\u00e1sico Matem\u00e1tica.<\/a><\/p>\n\n\n\n<figure class=\"wp-block-embed-youtube wp-block-embed is-type-video is-provider-youtube wp-embed-aspect-16-9 wp-has-aspect-ratio\"><div class=\"wp-block-embed__wrapper\">\n<iframe loading=\"lazy\" title=\"6\u00b0 ECUACIONES Semana 2 a 6 de noviembre\" width=\"830\" height=\"467\" src=\"https:\/\/www.youtube.com\/embed\/WDHEaTQ0giQ?feature=oembed\" frameborder=\"0\" allow=\"accelerometer; autoplay; clipboard-write; encrypted-media; gyroscope; picture-in-picture\" allowfullscreen><\/iframe>\n<\/div><figcaption>Parte 1<\/figcaption><\/figure>\n\n\n\n<div style=\"height:20px\" aria-hidden=\"true\" class=\"wp-block-spacer\"><\/div>\n\n\n\n<p><strong>HISTORIA<\/strong><\/p>\n<p>Profesora: \u00c1ngela Mendoza \/ angela.mendoza@colegio-sanandres.cl<\/p>\n<p><a href=\"http:\/\/www.colegio-sanandres.cl\/wp-content\/uploads\/2020\/11\/Instrucciones-de-Trabajo-6\u00b0-B\u00e1sico-Historia.pdf\">Instrucciones de Trabajo 6\u00b0 B\u00e1sico Historia<\/a>.<\/p>\n<p><a href=\"http:\/\/www.colegio-sanandres.cl\/wp-content\/uploads\/2020\/11\/PPT-6\u00b0-B\u00e1sico-Historia.pdf\">Presentaci\u00f3n Contenido 6\u00b0 B\u00e1sico Historia.<\/a><\/p>\n\n\n\n<figure class=\"wp-block-embed-youtube wp-block-embed is-type-video is-provider-youtube wp-embed-aspect-4-3 wp-has-aspect-ratio wp-embed-aspect-16-9\"><div class=\"wp-block-embed__wrapper\">\n<iframe loading=\"lazy\" title=\"Dictadura\" width=\"830\" height=\"467\" src=\"https:\/\/www.youtube.com\/embed\/O9hT4Jfh2gk?feature=oembed\" frameborder=\"0\" allow=\"accelerometer; autoplay; clipboard-write; encrypted-media; gyroscope; picture-in-picture\" allowfullscreen><\/iframe>\n<\/div><\/figure>\n\n\n\n<div style=\"height:20px\" aria-hidden=\"true\" class=\"wp-block-spacer\"><\/div>\n\n\n\n<p><strong>CIENCIAS NATURALES<\/strong><\/p>\n<p>Profesora: Priscila Mu\u00f1oz \/ priscila.munoz@colegio-sanandres.cl<\/p>\n<p><a href=\"http:\/\/www.colegio-sanandres.cl\/wp-content\/uploads\/2020\/11\/Instrucciones-de-Trabajo-6\u00b0-B\u00e1sico-Ciencias.pdf\">Instrucciones de Trabajo 6\u00b0 B\u00e1sico Ciencias Naturales.<\/a><\/p>\n\n\n\n<figure class=\"wp-block-embed-youtube wp-block-embed is-type-video is-provider-youtube wp-embed-aspect-4-3 wp-has-aspect-ratio wp-embed-aspect-16-9\"><div class=\"wp-block-embed__wrapper\">\n<iframe loading=\"lazy\" title=\"Manifestaciones de energ\u00eda\" width=\"830\" height=\"467\" src=\"https:\/\/www.youtube.com\/embed\/k9bEUEFSAX8?feature=oembed\" frameborder=\"0\" allow=\"accelerometer; autoplay; clipboard-write; encrypted-media; gyroscope; picture-in-picture\" allowfullscreen><\/iframe>\n<\/div><figcaption>Video de la Clase.<\/figcaption><\/figure>\n\n\n\n<div style=\"height:20px\" aria-hidden=\"true\" class=\"wp-block-spacer\"><\/div>\n\n\n\n<p><strong>INGL\u00c9S<br \/><\/strong><\/p>\n<p>Profesora: Patricia Catal\u00e1n \/ patricia.catalan@colegio-sanandres.cl<\/p>\n<p><a href=\"http:\/\/www.colegio-sanandres.cl\/wp-content\/uploads\/2020\/11\/Instrucciones-de-Trabajo-6\u00b0-B\u00e1sico-Ingl\u00e9s.pdf\">Instrucciones de Trabajo 6\u00b0 B\u00e1sico Ingl\u00e9s.<\/a><\/p>\n\n\n\n<figure class=\"wp-block-embed-youtube wp-block-embed is-type-video is-provider-youtube wp-embed-aspect-16-9 wp-has-aspect-ratio\"><div class=\"wp-block-embed__wrapper\">\n<iframe loading=\"lazy\" title=\"Instrucciones de trabajo Ingl\u00e9s - 6\u00b0 b\u00e1sico\" width=\"830\" height=\"467\" src=\"https:\/\/www.youtube.com\/embed\/SB-EwfbYS9o?feature=oembed\" frameborder=\"0\" allow=\"accelerometer; autoplay; clipboard-write; encrypted-media; gyroscope; picture-in-picture\" allowfullscreen><\/iframe>\n<\/div><\/figure>\n\n\n\n<div style=\"height:20px\" aria-hidden=\"true\" class=\"wp-block-spacer\"><\/div>\n\n\n\n<p><strong>EDUCACI\u00d3N MUSICAL <br \/><\/strong><\/p>\n<p>Profesor: Cristian Chac\u00f3n \/ cristian.chacon@colegio-sanandres.cl<\/p>\n<p><a href=\"http:\/\/www.colegio-sanandres.cl\/wp-content\/uploads\/2020\/11\/Instrucciones-de-Trabajo-6\u00b0-B\u00e1sico-M\u00fasica.pdf\">Instrucciones de Trabajo 6\u00b0 B\u00e1sico M\u00fasica.<\/a><\/p>\n\n\n\n<figure class=\"wp-block-embed-youtube wp-block-embed is-type-video is-provider-youtube wp-embed-aspect-16-9 wp-has-aspect-ratio\"><div class=\"wp-block-embed__wrapper\">\n<iframe loading=\"lazy\" title=\"6to basico guia 14\" width=\"830\" height=\"467\" src=\"https:\/\/www.youtube.com\/embed\/snqK_vsM9CU?feature=oembed\" frameborder=\"0\" allow=\"accelerometer; autoplay; clipboard-write; encrypted-media; gyroscope; picture-in-picture\" allowfullscreen><\/iframe>\n<\/div><\/figure>\n\n\n\n<div style=\"height:20px\" aria-hidden=\"true\" class=\"wp-block-spacer\"><\/div>\n\n\n\n<p><strong>ARTES VISUALES<br \/><\/strong><\/p>\n<p>Profesora: Susana Ortiz \/ susana.ortiz@colegio-sanandres.cl<\/p>\n<p><a href=\"http:\/\/www.colegio-sanandres.cl\/wp-content\/uploads\/2020\/11\/Instrucciones-de-Trabajo-6\u00b0-B\u00e1sico-Artes.pdf\">Gu\u00eda de Trabajo 6\u00b0 B\u00e1sico Artes Visuales.<\/a><\/p>\n\n\n\n<figure class=\"wp-block-embed-youtube wp-block-embed is-type-video is-provider-youtube wp-embed-aspect-16-9 wp-has-aspect-ratio\"><div class=\"wp-block-embed__wrapper\">\n<iframe loading=\"lazy\" title=\"Video explicativo de artes 6\u00b0 b\u00e1sico\" width=\"830\" height=\"467\" src=\"https:\/\/www.youtube.com\/embed\/XxK-oJxuiHE?feature=oembed\" frameborder=\"0\" allow=\"accelerometer; autoplay; clipboard-write; encrypted-media; gyroscope; picture-in-picture\" allowfullscreen><\/iframe>\n<\/div><\/figure>\n\n\n\n<div style=\"height:20px\" aria-hidden=\"true\" class=\"wp-block-spacer\"><\/div>\n\n\n\n<p><strong>EDUCACI\u00d3N F\u00cdSICA<br \/><\/strong><\/p>\n<p>Profesor: Javier \u00c1vila \/ javier.avila@colegio-sanandres.cl<\/p>\n<p><a href=\"http:\/\/www.colegio-sanandres.cl\/wp-content\/uploads\/2020\/11\/Instrucciones-de-Trabajo-6\u00b0-B\u00e1sico-Educaci\u00f3n-F\u00edsica.pdf\">Instrucciones de Trabajo 6\u00b0 B\u00e1sico Educaci\u00f3n F\u00edsica.<\/a><\/p>\n<p><a href=\"http:\/\/www.colegio-sanandres.cl\/wp-content\/uploads\/2020\/11\/Ficha-de-Trabajo-6\u00b0-B\u00e1sico-Educaci\u00f3n-F\u00edsica.pdf\">Ficha de Trabajo 6\u00b0 B\u00e1sico Educaci\u00f3n F\u00edsica.<\/a><\/p>\n\n\n\n<figure class=\"wp-block-embed-youtube wp-block-embed is-type-video is-provider-youtube wp-embed-aspect-16-9 wp-has-aspect-ratio\"><div class=\"wp-block-embed__wrapper\">\n<iframe loading=\"lazy\" title=\"plan de vida activa y saludable. bloque 2, para 6\u00b0 b\u00e1sicos\" width=\"830\" height=\"467\" src=\"https:\/\/www.youtube.com\/embed\/0OmWTpmPfdY?feature=oembed\" frameborder=\"0\" allow=\"accelerometer; autoplay; clipboard-write; encrypted-media; gyroscope; picture-in-picture\" allowfullscreen><\/iframe>\n<\/div><\/figure>\n\n\n","protected":false},"excerpt":{"rendered":"<p>LENGUAJE Profesora: Isabel Rivera \/ isabel.rivera@colegio-sanandres.cl Instrucciones de Trabajo 6\u00b0 B\u00e1sico Lenguaje. MATEM\u00c1TICAS Profesora: Pamela P\u00e9rez \/ pamela.perez@colegio-sanandres.cl Instrucciones de Trabajo 6\u00b0 B\u00e1sico Matem\u00e1tica. HISTORIA Profesora: \u00c1ngela Mendoza \/ angela.mendoza@colegio-sanandres.cl Instrucciones de Trabajo 6\u00b0 B\u00e1sico Historia. Presentaci\u00f3n Contenido 6\u00b0 B\u00e1sico Historia. CIENCIAS NATURALES Profesora: Priscila Mu\u00f1oz \/ priscila.munoz@colegio-sanandres.cl Instrucciones de Trabajo 6\u00b0 B\u00e1sico Ciencias Naturales. [&hellip;]<\/p>\n","protected":false},"author":3,"featured_media":0,"parent":0,"menu_order":0,"comment_status":"closed","ping_status":"closed","template":"","meta":{"footnotes":""},"class_list":["post-6497","page","type-page","status-publish","hentry"],"amp_enabled":true,"_links":{"self":[{"href":"http:\/\/www.colegio-sanandres.cl\/index.php?rest_route=\/wp\/v2\/pages\/6497","targetHints":{"allow":["GET"]}}],"collection":[{"href":"http:\/\/www.colegio-sanandres.cl\/index.php?rest_route=\/wp\/v2\/pages"}],"about":[{"href":"http:\/\/www.colegio-sanandres.cl\/index.php?rest_route=\/wp\/v2\/types\/page"}],"author":[{"embeddable":true,"href":"http:\/\/www.colegio-sanandres.cl\/index.php?rest_route=\/wp\/v2\/users\/3"}],"replies":[{"embeddable":true,"href":"http:\/\/www.colegio-sanandres.cl\/index.php?rest_route=%2Fwp%2Fv2%2Fcomments&post=6497"}],"version-history":[{"count":1,"href":"http:\/\/www.colegio-sanandres.cl\/index.php?rest_route=\/wp\/v2\/pages\/6497\/revisions"}],"predecessor-version":[{"id":6508,"href":"http:\/\/www.colegio-sanandres.cl\/index.php?rest_route=\/wp\/v2\/pages\/6497\/revisions\/6508"}],"wp:attachment":[{"href":"http:\/\/www.colegio-sanandres.cl\/index.php?rest_route=%2Fwp%2Fv2%2Fmedia&parent=6497"}],"curies":[{"name":"wp","href":"https:\/\/api.w.org\/{rel}","templated":true}]}}