{"id":6591,"date":"2020-11-10T21:34:46","date_gmt":"2020-11-11T00:34:46","guid":{"rendered":"http:\/\/www.colegio-sanandres.cl\/?page_id=6591"},"modified":"2020-11-10T22:11:03","modified_gmt":"2020-11-11T01:11:03","slug":"1o-basico-2a-semana-retroalimentacion-5","status":"publish","type":"page","link":"http:\/\/www.colegio-sanandres.cl\/?page_id=6591","title":{"rendered":"1\u00ba B\u00c1SICO (2a Semana Retroalimentaci\u00f3n)"},"content":{"rendered":"\n<div style=\"height:20px\" aria-hidden=\"true\" class=\"wp-block-spacer\"><\/div>\n\n\n\n<h4>Retroalimentaci\u00f3n&nbsp; 1\u00b0 B\u00e1sico <strong>Lenguaje<\/strong><\/h4>\n<p>Profesora:<\/p>\n<p>Carolina Ortiz \/ carolina.ortiz@colegio-sanandres.cl<\/p>\n\n\n\n<figure class=\"wp-block-embed-youtube wp-block-embed is-type-video is-provider-youtube wp-embed-aspect-16-9 wp-has-aspect-ratio wp-embed-aspect-4-3\"><div class=\"wp-block-embed__wrapper\">\n<iframe loading=\"lazy\" title=\"Retroalimentaci\u00f3n Lenguaje - 11\/11 Primeros B\u00e1sicos\" width=\"830\" height=\"467\" src=\"https:\/\/www.youtube.com\/embed\/TXI2B6Kp-YA?feature=oembed\" frameborder=\"0\" allow=\"accelerometer; autoplay; clipboard-write; encrypted-media; gyroscope; picture-in-picture\" allowfullscreen><\/iframe>\n<\/div><\/figure>\n\n\n\n<p>Formulario Ticket de Salida Actividad Lenguaje:<\/p>\n<p style=\"text-align: center;\"><a href=\"https:\/\/forms.gle\/b8ngR7uNwVZjf2pq6\">https:\/\/forms.gle\/b8ngR7uNwVZjf2pq6<\/a><\/p>\n\n\n\n<div style=\"height:61px\" aria-hidden=\"true\" class=\"wp-block-spacer\"><\/div>\n\n\n\n<h4>Retroalimentaci\u00f3n 1\u00b0 B\u00e1sico <strong>Matem\u00e1tica<\/strong><\/h4>\n<p>Profesora: Romina Olguin \/ romina.olguin@colegio-sanandres.cl<\/p>\n\n\n\n<p><a href=\"http:\/\/www.colegio-sanandres.cl\/wp-content\/uploads\/2020\/11\/Solucionario-1\u00b0-B\u00e1sico-Matem\u00e1ticas.pdf\">Solucionario 1\u00b0 B\u00e1sico Matem\u00e1tica.<\/a><\/p>\n\n\n\n<figure class=\"wp-block-embed-youtube wp-block-embed is-type-video is-provider-youtube wp-embed-aspect-16-9 wp-has-aspect-ratio wp-embed-aspect-4-3\"><div class=\"wp-block-embed__wrapper\">\n<iframe loading=\"lazy\" title=\"Retroalimentaci\u00f3n 1 \u00b0B\u00e1sico matem\u00e1ticas. Semana 11 de noviembre\" width=\"830\" height=\"467\" src=\"https:\/\/www.youtube.com\/embed\/jHQACBVdX3E?feature=oembed\" frameborder=\"0\" allow=\"accelerometer; autoplay; clipboard-write; encrypted-media; gyroscope; picture-in-picture\" allowfullscreen><\/iframe>\n<\/div><\/figure>\n\n\n\n<p>Formulario Ticket de Salida Actividad Matem\u00e1tica:<\/p>\n<p style=\"text-align: center;\"><a href=\"https:\/\/forms.gle\/3qJ3GhA4jgV1s5FS7\">https:\/\/forms.gle\/3qJ3GhA4jgV1s5FS7<\/a><\/p>\n\n\n\n<div style=\"height:59px\" aria-hidden=\"true\" class=\"wp-block-spacer\"><\/div>\n\n\n\n<h4>Retroalimentaci\u00f3n 1\u00b0 B\u00e1sico<strong> Historia<\/strong><\/h4>\n<p>Profesora:<\/p>\n<p>Carolina Ortiz \/ carolina.ortiz@colegio-sanandres.cl<\/p>\n\n\n\n<figure class=\"wp-block-embed-youtube wp-block-embed is-type-video is-provider-youtube wp-embed-aspect-16-9 wp-has-aspect-ratio wp-embed-aspect-4-3\"><div class=\"wp-block-embed__wrapper\">\n<iframe loading=\"lazy\" title=\"Retroalimentaci\u00f3n Historia - 11\/11 Primeros b\u00e1sicos\" width=\"830\" height=\"467\" src=\"https:\/\/www.youtube.com\/embed\/Rm1FY-Elfk8?feature=oembed\" frameborder=\"0\" allow=\"accelerometer; autoplay; clipboard-write; encrypted-media; gyroscope; picture-in-picture\" allowfullscreen><\/iframe>\n<\/div><\/figure>\n\n\n\n<p>Formulario Ticket de Salida Actividad Historia:<\/p>\n<p style=\"text-align: center;\"><a href=\"https:\/\/forms.gle\/C8F59ujGLBH39c116\">https:\/\/forms.gle\/C8F59ujGLBH39c116<\/a><\/p>\n\n\n\n<div style=\"height:64px\" aria-hidden=\"true\" class=\"wp-block-spacer\"><\/div>\n\n\n\n<h4>Retroalimentaci\u00f3n 1\u00b0 B\u00e1sico<strong> Ciencias Naturales<\/strong><\/h4>\n<p>Profesora: Romina Olguin \/ romina.olguin@colegio-sanandres.cl<\/p>\n\n\n\n<p><a href=\"http:\/\/www.colegio-sanandres.cl\/wp-content\/uploads\/2020\/11\/Solucionario-1\u00b0-B\u00e1sico-Ciencias.pdf\">Solucionario 1\u00b0 B\u00e1sico Ciencias Naturales.<\/a><\/p>\n\n\n\n<figure class=\"wp-block-embed-youtube wp-block-embed is-type-video is-provider-youtube wp-embed-aspect-16-9 wp-has-aspect-ratio wp-embed-aspect-4-3\"><div class=\"wp-block-embed__wrapper\">\n<iframe loading=\"lazy\" title=\"Retroalimentaci\u00f3n Ciencias 1\u00b0 B\u00e1sico. Semana 11 de noviembre\" width=\"830\" height=\"467\" src=\"https:\/\/www.youtube.com\/embed\/w0DDKuZJyuk?feature=oembed\" frameborder=\"0\" allow=\"accelerometer; autoplay; clipboard-write; encrypted-media; gyroscope; picture-in-picture\" allowfullscreen><\/iframe>\n<\/div><\/figure>\n\n\n\n<p>Formulario Ticket de Salida Actividad Ciencias Naturales:<\/p>\n<p style=\"text-align: center;\"><a href=\"https:\/\/forms.gle\/iCxC87PPmigmpFLb7\">https:\/\/forms.gle\/iCxC87PPmigmpFLb7<\/a><\/p>\n\n\n\n<div style=\"height:67px\" aria-hidden=\"true\" class=\"wp-block-spacer\"><\/div>\n\n\n\n<h4>Retroalimentaci\u00f3n 1\u00b0 B\u00e1sico<strong> Educaci\u00f3n F\u00edsica<\/strong><\/h4>\n<p>Profesor: Jonathan Ibacache \/ jonathan.ibacache@colegio-sanandres.cl<\/p>\n\n\n\n<figure class=\"wp-block-embed-youtube wp-block-embed is-type-video is-provider-youtube wp-embed-aspect-16-9 wp-has-aspect-ratio\"><div class=\"wp-block-embed__wrapper\">\n<iframe loading=\"lazy\" title=\"Retroalimentaci\u00f3n 1ros b\u00e1sicos noviembre,\" width=\"830\" height=\"467\" src=\"https:\/\/www.youtube.com\/embed\/X83S46mnoDY?feature=oembed\" frameborder=\"0\" allow=\"accelerometer; autoplay; clipboard-write; encrypted-media; gyroscope; picture-in-picture\" allowfullscreen><\/iframe>\n<\/div><\/figure>\n\n\n\n<p>Formulario Ticket de Salida Actividad Educaci\u00f3n F\u00edsica:<\/p>\n<p style=\"text-align: center;\"><a href=\"https:\/\/forms.gle\/VWgNrReRTfALoRqi9\">https:\/\/forms.gle\/VWgNrReRTfALoRqi9<\/a><\/p>\n\n\n\n<div style=\"height:83px\" aria-hidden=\"true\" class=\"wp-block-spacer\"><\/div>\n\n\n\n<h3 style=\"text-align: center;\"><strong>PROYECTO DE INTEGRACI\u00d3N ESCOLAR (PIE)<\/strong><\/h3>\n\n\n\n<div style=\"height:23px\" aria-hidden=\"true\" class=\"wp-block-spacer\"><\/div>\n\n\n\n<h4>Retroalimentaci\u00f3n 1\u00b0 B\u00e1sico Educadora Diferencial.<\/h4>\n<p style=\"text-align: justify;\"><strong>Educadora Diferencial<\/strong>: Denise Morales \/ denise.morales@colegio-sanandres.cl<\/p>\n\n\n\n<figure class=\"wp-block-embed-youtube wp-block-embed is-type-video is-provider-youtube wp-embed-aspect-16-9 wp-has-aspect-ratio wp-embed-aspect-4-3\"><div class=\"wp-block-embed__wrapper\">\n<iframe loading=\"lazy\" title=\"Correcci\u00f3n y ticket primero b\u00e1sico 2 de noviembre\" width=\"830\" height=\"467\" src=\"https:\/\/www.youtube.com\/embed\/uOc7iDyuRQs?feature=oembed\" frameborder=\"0\" allow=\"accelerometer; autoplay; clipboard-write; encrypted-media; gyroscope; picture-in-picture\" allowfullscreen><\/iframe>\n<\/div><\/figure>\n\n\n\n<p>Formulario Ticket de Salida Actividad Educaci\u00f3n Diferencial<\/p>\n<p style=\"text-align: center;\"><a href=\"https:\/\/forms.gle\/FbKdMHNoPYLaH4xB8\">https:\/\/forms.gle\/FbKdMHNoPYLaH4xB8<\/a><\/p>\n\n\n\n<div style=\"height:62px\" aria-hidden=\"true\" class=\"wp-block-spacer\"><\/div>\n\n\n\n<h4>Retroalimentaci\u00f3n 1\u00b0 B\u00e1sico Fonoaudi\u00f3loga.<\/h4>\n<p style=\"text-align: justify;\"><strong>Fonoaudi\u00f3loga<\/strong>: Valentina Gutierrez \/ valentina.gutierrez@colegio-sanandres.cl&nbsp;<\/p>\n\n\n\n<figure class=\"wp-block-embed-youtube wp-block-embed is-type-video is-provider-youtube wp-embed-aspect-16-9 wp-has-aspect-ratio wp-embed-aspect-4-3\"><div class=\"wp-block-embed__wrapper\">\n<iframe loading=\"lazy\" title=\"Retroalimentaci\u00f3n fonoaudi\u00f3loga 1\u00ba b\u00e1sico 11\/11\" width=\"830\" height=\"467\" src=\"https:\/\/www.youtube.com\/embed\/TXKMK_mP3dM?feature=oembed\" frameborder=\"0\" allow=\"accelerometer; autoplay; clipboard-write; encrypted-media; gyroscope; picture-in-picture\" allowfullscreen><\/iframe>\n<\/div><\/figure>\n\n\n\n<p>Formulario Ticket de Salida Actividad Fonoaudiolog\u00eda<\/p>\n<p style=\"text-align: center;\"><a href=\"https:\/\/forms.gle\/pnFv9rbE7SHN6NzR6\">https:\/\/forms.gle\/pnFv9rbE7SHN6NzR6<\/a><\/p>\n","protected":false},"excerpt":{"rendered":"<p>Retroalimentaci\u00f3n&nbsp; 1\u00b0 B\u00e1sico Lenguaje Profesora: Carolina Ortiz \/ carolina.ortiz@colegio-sanandres.cl Formulario Ticket de Salida Actividad Lenguaje: https:\/\/forms.gle\/b8ngR7uNwVZjf2pq6 Retroalimentaci\u00f3n 1\u00b0 B\u00e1sico Matem\u00e1tica Profesora: Romina Olguin \/ romina.olguin@colegio-sanandres.cl Solucionario 1\u00b0 B\u00e1sico Matem\u00e1tica. Formulario Ticket de Salida Actividad Matem\u00e1tica: https:\/\/forms.gle\/3qJ3GhA4jgV1s5FS7 Retroalimentaci\u00f3n 1\u00b0 B\u00e1sico Historia Profesora: Carolina Ortiz \/ carolina.ortiz@colegio-sanandres.cl Formulario Ticket de Salida Actividad Historia: https:\/\/forms.gle\/C8F59ujGLBH39c116 Retroalimentaci\u00f3n 1\u00b0 B\u00e1sico [&hellip;]<\/p>\n","protected":false},"author":3,"featured_media":0,"parent":0,"menu_order":0,"comment_status":"closed","ping_status":"closed","template":"","meta":{"footnotes":""},"class_list":["post-6591","page","type-page","status-publish","hentry"],"amp_enabled":true,"_links":{"self":[{"href":"http:\/\/www.colegio-sanandres.cl\/index.php?rest_route=\/wp\/v2\/pages\/6591","targetHints":{"allow":["GET"]}}],"collection":[{"href":"http:\/\/www.colegio-sanandres.cl\/index.php?rest_route=\/wp\/v2\/pages"}],"about":[{"href":"http:\/\/www.colegio-sanandres.cl\/index.php?rest_route=\/wp\/v2\/types\/page"}],"author":[{"embeddable":true,"href":"http:\/\/www.colegio-sanandres.cl\/index.php?rest_route=\/wp\/v2\/users\/3"}],"replies":[{"embeddable":true,"href":"http:\/\/www.colegio-sanandres.cl\/index.php?rest_route=%2Fwp%2Fv2%2Fcomments&post=6591"}],"version-history":[{"count":2,"href":"http:\/\/www.colegio-sanandres.cl\/index.php?rest_route=\/wp\/v2\/pages\/6591\/revisions"}],"predecessor-version":[{"id":6622,"href":"http:\/\/www.colegio-sanandres.cl\/index.php?rest_route=\/wp\/v2\/pages\/6591\/revisions\/6622"}],"wp:attachment":[{"href":"http:\/\/www.colegio-sanandres.cl\/index.php?rest_route=%2Fwp%2Fv2%2Fmedia&parent=6591"}],"curies":[{"name":"wp","href":"https:\/\/api.w.org\/{rel}","templated":true}]}}