{"id":6596,"date":"2020-11-10T21:43:56","date_gmt":"2020-11-11T00:43:56","guid":{"rendered":"http:\/\/www.colegio-sanandres.cl\/?page_id=6596"},"modified":"2020-11-11T13:45:41","modified_gmt":"2020-11-11T16:45:41","slug":"2o-basico-2a-semana-retroalimentacion-5","status":"publish","type":"page","link":"http:\/\/www.colegio-sanandres.cl\/?page_id=6596","title":{"rendered":"2\u00ba B\u00c1SICO (2a Semana Retroalimentaci\u00f3n)"},"content":{"rendered":"\n<div style=\"height:63px\" aria-hidden=\"true\" class=\"wp-block-spacer\"><\/div>\n\n\n\n<h4>Retroalimentaci\u00f3n\u00a0 2\u00b0 B\u00e1sico <strong>Lenguaje<\/strong><\/h4>\n<p>Profesora: Ximena Hidalgo \/ ximena.hidalgo@colegio-sanandres.cl<\/p>\n<p><a href=\"http:\/\/www.colegio-sanandres.cl\/wp-content\/uploads\/2020\/11\/Instrucciones-de-Trabajo-2\u00b0-B\u00e1sico-Lenguaje-1.pdf\">Solucionario 2\u00b0 B\u00e1sico Lenguaje.<\/a><\/p>\n\n\n\n<figure class=\"wp-block-embed-youtube wp-block-embed is-type-video is-provider-youtube wp-embed-aspect-16-9 wp-has-aspect-ratio\"><div class=\"wp-block-embed__wrapper\">\n<iframe loading=\"lazy\" title=\"Retroalimentaci\u00f3n &quot;El pajarito&quot;\" width=\"830\" height=\"467\" src=\"https:\/\/www.youtube.com\/embed\/E5YItSUrauU?feature=oembed\" frameborder=\"0\" allow=\"accelerometer; autoplay; clipboard-write; encrypted-media; gyroscope; picture-in-picture\" allowfullscreen><\/iframe>\n<\/div><\/figure>\n\n\n\n<p>Formulario Ticket de Salida Actividad Lenguaje:<\/p>\n<p style=\"text-align: center;\"><a href=\"https:\/\/docs.google.com\/forms\/d\/e\/1FAIpQLSckhUfi0wW4H0Fx3YJICltI_2XiJi2zjnaaDttm9RnKBAHUhQ\/viewform?vc=0&amp;c=0&amp;w=1&amp;flr=0&amp;gxids=7757\">https:\/\/docs.google.com\/forms\/d\/e\/1FAIpQLSckhUfi0wW4H0Fx3YJICltI_2XiJi2zjnaaDttm9RnKBAHUhQ\/viewform?vc=0&amp;c=0&amp;w=1&amp;flr=0&amp;gxids=7757<\/a><\/p>\n\n\n\n<div style=\"height:64px\" aria-hidden=\"true\" class=\"wp-block-spacer\"><\/div>\n\n\n\n<h4>Retroalimentaci\u00f3n 2\u00b0 B\u00e1sico <strong>Matem\u00e1tica<\/strong><\/h4>\n<p>Profesora: Constanza P\u00e9rez \/ constanza.perez@colegio-sanandres.cl<\/p>\n<p><a href=\"http:\/\/www.colegio-sanandres.cl\/wp-content\/uploads\/2020\/11\/Instrucciones-de-Trabajo-2\u00b0-B\u00e1sico-Matem\u00e1ticas-1.pdf\">Solucionario 2\u00b0 B\u00e1sico Matem\u00e1tica.<\/a><\/p>\n\n\n\n<figure class=\"wp-block-embed-youtube wp-block-embed is-type-video is-provider-youtube wp-embed-aspect-16-9 wp-has-aspect-ratio\"><div class=\"wp-block-embed__wrapper\">\n<iframe loading=\"lazy\" title=\"Matem\u00e1tica: mi\u00e9rcoles 11 de noviembre.\" width=\"830\" height=\"467\" src=\"https:\/\/www.youtube.com\/embed\/qd3iQ4JR9DQ?feature=oembed\" frameborder=\"0\" allow=\"accelerometer; autoplay; clipboard-write; encrypted-media; gyroscope; picture-in-picture\" allowfullscreen><\/iframe>\n<\/div><\/figure>\n\n\n\n<p>Formulario Ticket de Salida Actividad Matem\u00e1tica:<\/p>\n<p style=\"text-align: center;\"><a href=\"https:\/\/forms.gle\/rcVA38pKR9ZSGetb7\">https:\/\/forms.gle\/rcVA38pKR9ZSGetb7<\/a><\/p>\n\n\n\n<div style=\"height:56px\" aria-hidden=\"true\" class=\"wp-block-spacer\"><\/div>\n\n\n\n<h4>Retroalimentaci\u00f3n 2\u00b0 B\u00e1sico<strong>&nbsp;Historia<\/strong><\/h4>\n<p>Profesora: Ximena Hidalgo \/ ximena.hidalgo@colegio-sanandres.cl<\/p>\n<p><a href=\"http:\/\/www.colegio-sanandres.cl\/wp-content\/uploads\/2020\/11\/Instrucciones-de-Trabajo-2\u00b0-B\u00e1sico-Historia-1.pdf\">Instrucciones de Trabajo 2\u00b0 B\u00e1sico Historia.<\/a><\/p>\n<figure class=\"wp-block-embed-youtube wp-block-embed is-type-video is-provider-youtube wp-embed-aspect-16-9 wp-has-aspect-ratio wp-embed-aspect-4-3\"><\/figure>\n\n\n\n<figure class=\"wp-block-embed-youtube wp-block-embed is-type-video is-provider-youtube wp-embed-aspect-16-9 wp-has-aspect-ratio\"><div class=\"wp-block-embed__wrapper\">\n<iframe loading=\"lazy\" title=\"Retroalimentaci\u00f3n comprensi\u00f3n lectora 1\" width=\"830\" height=\"467\" src=\"https:\/\/www.youtube.com\/embed\/qaSMA8xQlFA?feature=oembed\" frameborder=\"0\" allow=\"accelerometer; autoplay; clipboard-write; encrypted-media; gyroscope; picture-in-picture\" allowfullscreen><\/iframe>\n<\/div><\/figure>\n\n\n\n<p>Formulario Ticket de Salida Actividad Historia:<\/p>\n<p style=\"text-align: center;\"><a href=\"https:\/\/docs.google.com\/forms\/d\/e\/1FAIpQLSdfVEEzzLA44WNGN65LVQTxHe7fyYXNLu9VtrTnfNYGmB2yEA\/viewform?vc=0&amp;c=0&amp;w=1&amp;flr=0&amp;gxids=7757\">https:\/\/docs.google.com\/forms\/d\/e\/1FAIpQLSdfVEEzzLA44WNGN65LVQTxHe7fyYXNLu9VtrTnfNYGmB2yEA\/viewform?vc=0&amp;c=0&amp;w=1&amp;flr=0&amp;gxids=7757<\/a><\/p>\n\n\n\n<div style=\"height:60px\" aria-hidden=\"true\" class=\"wp-block-spacer\"><\/div>\n\n\n\n<h4>Retroalimentaci\u00f3n 2\u00b0 B\u00e1sico<strong>&nbsp;Ciencias Naturales<\/strong><\/h4>\n<p>Profesora: Constanza P\u00e9rez \/ constanza.perez@colegio-sanandres.cl<\/p>\n<p><a href=\"http:\/\/www.colegio-sanandres.cl\/wp-content\/uploads\/2020\/11\/Instrucciones-de-Trabajo-2\u00b0-B\u00e1sico-Ciencias-1.pdf\">Solucionario 2\u00b0 B\u00e1sico Ciencias Naturales.<\/a><\/p>\n<figure class=\"wp-block-embed-youtube wp-block-embed is-type-video is-provider-youtube wp-embed-aspect-16-9 wp-has-aspect-ratio wp-embed-aspect-4-3\"><\/figure>\n\n\n\n<figure class=\"wp-block-embed-youtube wp-block-embed is-type-video is-provider-youtube wp-embed-aspect-16-9 wp-has-aspect-ratio\"><div class=\"wp-block-embed__wrapper\">\n<iframe loading=\"lazy\" title=\"Ciencias naturales: segunda semana del ciclo de aprendizaje \/ mi\u00e9rcoles 11 de noviembre.\" width=\"830\" height=\"467\" src=\"https:\/\/www.youtube.com\/embed\/KfbYnG5_16o?feature=oembed\" frameborder=\"0\" allow=\"accelerometer; autoplay; clipboard-write; encrypted-media; gyroscope; picture-in-picture\" allowfullscreen><\/iframe>\n<\/div><\/figure>\n\n\n\n<p>Formulario Ticket de Salida Actividad Ciencias Naturales:<\/p>\n<p style=\"text-align: center;\"><a href=\"https:\/\/forms.gle\/5GYQMpKFCj4sn2vC6\">https:\/\/forms.gle\/5GYQMpKFCj4sn2vC6<\/a><\/p>\n\n\n\n<div style=\"height:63px\" aria-hidden=\"true\" class=\"wp-block-spacer\"><\/div>\n\n\n\n<h4>Retroalimentaci\u00f3n 2\u00b0 B\u00e1sico<strong>&nbsp;Educaci\u00f3n F\u00edsica<\/strong><\/h4>\n<p>Profesor: Jonathan Ibacache \/ jonathan.ibacache@colegio-sanandres.cl<\/p>\n\n\n\n<figure class=\"wp-block-embed-youtube wp-block-embed is-type-video is-provider-youtube wp-embed-aspect-16-9 wp-has-aspect-ratio\"><div class=\"wp-block-embed__wrapper\">\n<iframe loading=\"lazy\" title=\"Retroalimentaci\u00f3n 2dos b\u00e1sicos Noviembre.\" width=\"830\" height=\"467\" src=\"https:\/\/www.youtube.com\/embed\/K5iOLZO1W-M?feature=oembed\" frameborder=\"0\" allow=\"accelerometer; autoplay; clipboard-write; encrypted-media; gyroscope; picture-in-picture\" allowfullscreen><\/iframe>\n<\/div><\/figure>\n\n\n\n<p>Formulario Ticket de Salida Actividad Educaci\u00f3n F\u00edsica:<\/p>\n<p style=\"text-align: center;\"><a href=\"https:\/\/forms.gle\/CKLJr93S1RvtNDZj8\">https:\/\/forms.gle\/CKLJr93S1RvtNDZj8<\/a><\/p>\n\n\n\n<div style=\"height:96px\" aria-hidden=\"true\" class=\"wp-block-spacer\"><\/div>\n\n\n\n<h3 style=\"text-align: center;\"><strong>PROYECTO DE INTEGRACI\u00d3N ESCOLAR (PIE)<\/strong><\/h3>\n<h4>Retroalimentaci\u00f3n 2\u00b0 B\u00e1sico Educadora Diferencial.<\/h4>\n<p style=\"text-align: justify;\"><strong>Educadora Diferencial<\/strong>: Cinthia Pizarro \/ cinthia.pizarro@colegio-sanandres.cl<\/p>\n<p><a href=\"http:\/\/www.colegio-sanandres.cl\/wp-content\/uploads\/2020\/11\/Solucionario-2\u00b0-B\u00e1sico-Educadora-Diferencial.pdf\">Solucionario 2\u00b0 B\u00e1sico Educadora Diferencial.<\/a><\/p>\n\n\n\n<figure class=\"wp-block-embed-youtube wp-block-embed is-type-video is-provider-youtube wp-embed-aspect-16-9 wp-has-aspect-ratio\"><div class=\"wp-block-embed__wrapper\">\n<iframe loading=\"lazy\" title=\"Retroalimentaci\u00f3n Ce Ci\" width=\"830\" height=\"467\" src=\"https:\/\/www.youtube.com\/embed\/RmRbxKWs6GI?feature=oembed\" frameborder=\"0\" allow=\"accelerometer; autoplay; clipboard-write; encrypted-media; gyroscope; picture-in-picture\" allowfullscreen><\/iframe>\n<\/div><\/figure>\n\n\n\n<p>Formulario Ticket de Salida Actividad Educaci\u00f3n Diferencial:<\/p>\n<p style=\"text-align: center;\"><a href=\"https:\/\/forms.gle\/CHYTP192tPfeZ3fg7\">https:\/\/forms.gle\/CHYTP192tPfeZ3fg7<\/a><\/p>\n\n\n\n<div style=\"height:74px\" aria-hidden=\"true\" class=\"wp-block-spacer\"><\/div>\n\n\n\n<h4>Retroalimentaci\u00f3n 2\u00b0 B\u00e1sico Fonoaudi\u00f3loga.<\/h4>\n<p style=\"text-align: justify;\"><strong>Fonoaudi\u00f3loga<\/strong>: Valentina Gutierrez \/ valentina.gutierrez@colegio-sanandres.cl&nbsp;<\/p>\n\n\n\n<figure class=\"wp-block-embed-youtube wp-block-embed is-type-video is-provider-youtube wp-embed-aspect-16-9 wp-has-aspect-ratio\"><div class=\"wp-block-embed__wrapper\">\n<iframe loading=\"lazy\" title=\"Retroalimentaci\u00f3n fonoaudi\u00f3loga 2\u00ba b\u00e1sico 11\/11\" width=\"830\" height=\"467\" src=\"https:\/\/www.youtube.com\/embed\/8gTZlYimWDQ?feature=oembed\" frameborder=\"0\" allow=\"accelerometer; autoplay; clipboard-write; encrypted-media; gyroscope; picture-in-picture\" allowfullscreen><\/iframe>\n<\/div><\/figure>\n\n\n\n<p>Formulario Ticket de Salida Actividad Fonoaudiolog\u00eda:<\/p>\n<p style=\"text-align: center;\"><a href=\"https:\/\/forms.gle\/4mmcjx6qbx2wACSm6\">https:\/\/forms.gle\/4mmcjx6qbx2wACSm6<\/a><\/p>\n","protected":false},"excerpt":{"rendered":"<p>Retroalimentaci\u00f3n\u00a0 2\u00b0 B\u00e1sico Lenguaje Profesora: Ximena Hidalgo \/ ximena.hidalgo@colegio-sanandres.cl Solucionario 2\u00b0 B\u00e1sico Lenguaje. Formulario Ticket de Salida Actividad Lenguaje: https:\/\/docs.google.com\/forms\/d\/e\/1FAIpQLSckhUfi0wW4H0Fx3YJICltI_2XiJi2zjnaaDttm9RnKBAHUhQ\/viewform?vc=0&amp;c=0&amp;w=1&amp;flr=0&amp;gxids=7757 Retroalimentaci\u00f3n 2\u00b0 B\u00e1sico Matem\u00e1tica Profesora: Constanza P\u00e9rez \/ constanza.perez@colegio-sanandres.cl Solucionario 2\u00b0 B\u00e1sico Matem\u00e1tica. Formulario Ticket de Salida Actividad Matem\u00e1tica: https:\/\/forms.gle\/rcVA38pKR9ZSGetb7 Retroalimentaci\u00f3n 2\u00b0 B\u00e1sico&nbsp;Historia Profesora: Ximena Hidalgo \/ ximena.hidalgo@colegio-sanandres.cl Instrucciones de Trabajo 2\u00b0 B\u00e1sico Historia. Formulario [&hellip;]<\/p>\n","protected":false},"author":3,"featured_media":0,"parent":0,"menu_order":0,"comment_status":"closed","ping_status":"closed","template":"","meta":{"footnotes":""},"class_list":["post-6596","page","type-page","status-publish","hentry"],"amp_enabled":true,"_links":{"self":[{"href":"http:\/\/www.colegio-sanandres.cl\/index.php?rest_route=\/wp\/v2\/pages\/6596","targetHints":{"allow":["GET"]}}],"collection":[{"href":"http:\/\/www.colegio-sanandres.cl\/index.php?rest_route=\/wp\/v2\/pages"}],"about":[{"href":"http:\/\/www.colegio-sanandres.cl\/index.php?rest_route=\/wp\/v2\/types\/page"}],"author":[{"embeddable":true,"href":"http:\/\/www.colegio-sanandres.cl\/index.php?rest_route=\/wp\/v2\/users\/3"}],"replies":[{"embeddable":true,"href":"http:\/\/www.colegio-sanandres.cl\/index.php?rest_route=%2Fwp%2Fv2%2Fcomments&post=6596"}],"version-history":[{"count":2,"href":"http:\/\/www.colegio-sanandres.cl\/index.php?rest_route=\/wp\/v2\/pages\/6596\/revisions"}],"predecessor-version":[{"id":6675,"href":"http:\/\/www.colegio-sanandres.cl\/index.php?rest_route=\/wp\/v2\/pages\/6596\/revisions\/6675"}],"wp:attachment":[{"href":"http:\/\/www.colegio-sanandres.cl\/index.php?rest_route=%2Fwp%2Fv2%2Fmedia&parent=6596"}],"curies":[{"name":"wp","href":"https:\/\/api.w.org\/{rel}","templated":true}]}}