{"id":6643,"date":"2020-11-10T22:49:59","date_gmt":"2020-11-11T01:49:59","guid":{"rendered":"http:\/\/www.colegio-sanandres.cl\/?page_id=6643"},"modified":"2020-11-10T22:49:59","modified_gmt":"2020-11-11T01:49:59","slug":"8o-basico-2a-semana-retroalimentacion-6","status":"publish","type":"page","link":"http:\/\/www.colegio-sanandres.cl\/?page_id=6643","title":{"rendered":"8\u00ba B\u00c1SICO (2a Semana Retroalimentaci\u00f3n)"},"content":{"rendered":"\n<div style=\"height:77px\" aria-hidden=\"true\" class=\"wp-block-spacer\"><\/div>\n\n\n\n<h4>Retroalimentaci\u00f3n\u00a0 8\u00b0 B\u00e1sico <strong>Lenguaje<\/strong><\/h4>\n<p>Profesora: Denisse Vergara \/ denisse.vergara@colegio-sanandres.cl<\/p>\n<p><a href=\"http:\/\/www.colegio-sanandres.cl\/wp-content\/uploads\/2020\/11\/Solucionario-8\u00b0-B\u00e1sico-Lenguaje.pdf\">Solucionario 8\u00b0 B\u00e1sico Lenguaje.<\/a><\/p>\n\n\n\n<figure class=\"wp-block-embed-youtube wp-block-embed is-type-video is-provider-youtube wp-embed-aspect-16-9 wp-has-aspect-ratio\"><div class=\"wp-block-embed__wrapper\">\n<iframe loading=\"lazy\" title=\"13\u00b0 SEMANA 8\u00b0 RETROALIMENTACI\u00d3N\" width=\"830\" height=\"467\" src=\"https:\/\/www.youtube.com\/embed\/gKZT0vKPfxM?feature=oembed\" frameborder=\"0\" allow=\"accelerometer; autoplay; clipboard-write; encrypted-media; gyroscope; picture-in-picture\" allowfullscreen><\/iframe>\n<\/div><\/figure>\n\n\n\n<p>Formulario Ticket de Salida Lenguaje:<\/p>\n<p style=\"text-align: center;\"><a href=\"https:\/\/forms.gle\/Y4UYiCJVcEdHyNfs8\">https:\/\/forms.gle\/Y4UYiCJVcEdHyNfs8<\/a><\/p>\n\n\n\n<div style=\"height:55px\" aria-hidden=\"true\" class=\"wp-block-spacer\"><\/div>\n\n\n\n<h4>Retroalimentaci\u00f3n\u00a0 8\u00b0 B\u00e1sico Matem\u00e1tica<\/h4>\n<p style=\"text-align: justify;\">Profesora: Nayadher Villanueva \/ nayadher.villanueva@colegio-sanandres.cl<\/p>\n<p><a href=\"http:\/\/www.colegio-sanandres.cl\/wp-content\/uploads\/2020\/11\/Solucionario-8\u00b0-B\u00e1sico-Matem\u00e1ticas.pdf\">Solucionario 8\u00b0 B\u00e1sico Matem\u00e1tica.<\/a><\/p>\n\n\n\n<figure class=\"wp-block-embed-youtube wp-block-embed is-type-video is-provider-youtube wp-embed-aspect-16-9 wp-has-aspect-ratio\"><div class=\"wp-block-embed__wrapper\">\n<iframe loading=\"lazy\" title=\"CcEstadistica 8\" width=\"830\" height=\"467\" src=\"https:\/\/www.youtube.com\/embed\/_9ulFeGz3s0?feature=oembed\" frameborder=\"0\" allow=\"accelerometer; autoplay; clipboard-write; encrypted-media; gyroscope; picture-in-picture\" allowfullscreen><\/iframe>\n<\/div><\/figure>\n\n\n\n<p>Formulario Ticket de Salida Matem\u00e1tica:<\/p>\n<p style=\"text-align: center;\"><a href=\"https:\/\/docs.google.com\/forms\/d\/e\/1FAIpQLSfjkWWyOIzsPkd0IFwACCPgCbzZDBHqmz8O5bAGusFS-gZoUA\/viewform?vc=0&amp;c=0&amp;w=1&amp;flr=0&amp;gxids=7757\">https:\/\/docs.google.com\/forms\/d\/e\/1FAIpQLSfjkWWyOIzsPkd0IFwACCPgCbzZDBHqmz8O5bAGusFS-gZoUA\/viewform?vc=0&amp;c=0&amp;w=1&amp;flr=0&amp;gxids=7757<\/a><\/p>\n\n\n\n<div style=\"height:50px\" aria-hidden=\"true\" class=\"wp-block-spacer\"><\/div>\n\n\n\n<h4>Retroalimentaci\u00f3n\u00a0 8\u00b0 B\u00e1sico Historia<\/h4>\n<p>Profesora: \u00c1ngela Mendoza \/ angela.mendoza@colegio-sanandres.cl<\/p>\n\n\n\n<figure class=\"wp-block-embed-youtube wp-block-embed is-type-video is-provider-youtube wp-embed-aspect-16-9 wp-has-aspect-ratio\"><div class=\"wp-block-embed__wrapper\">\n<iframe loading=\"lazy\" title=\"Revisi\u00f3n actividad Ilustraci\u00f3n\" width=\"830\" height=\"467\" src=\"https:\/\/www.youtube.com\/embed\/HY1wEzdJtMM?feature=oembed\" frameborder=\"0\" allow=\"accelerometer; autoplay; clipboard-write; encrypted-media; gyroscope; picture-in-picture\" allowfullscreen><\/iframe>\n<\/div><\/figure>\n\n\n\n<p>Formulario Ticket de Salida Historia:<\/p>\n<p style=\"text-align: center;\"><a href=\"https:\/\/forms.gle\/wDoLXpp573w5iMkm8\">https:\/\/forms.gle\/wDoLXpp573w5iMkm8<\/a><\/p>\n\n\n\n<div style=\"height:57px\" aria-hidden=\"true\" class=\"wp-block-spacer\"><\/div>\n\n\n\n<h4>Retroalimentaci\u00f3n\u00a0 8\u00b0 B\u00e1sico Ciencias Naturales<\/h4>\n<p>Profesora: Priscila Mu\u00f1oz \/ priscila.munoz@colegio-sanandres.cl<\/p>\n<p><a href=\"http:\/\/www.colegio-sanandres.cl\/wp-content\/uploads\/2020\/11\/Solucionario-8\u00b0-B\u00e1sico-Ciencias.pdf\">Solucionario 8\u00b0 B\u00e1sico Ciencias.<\/a><\/p>\n\n\n\n<figure class=\"wp-block-embed-youtube wp-block-embed is-type-video is-provider-youtube wp-embed-aspect-16-9 wp-has-aspect-ratio\"><div class=\"wp-block-embed__wrapper\">\n<iframe loading=\"lazy\" title=\"Retroalimentaci\u00f3n grupo y periodos\" width=\"830\" height=\"467\" src=\"https:\/\/www.youtube.com\/embed\/b_MnLkGczbw?feature=oembed\" frameborder=\"0\" allow=\"accelerometer; autoplay; clipboard-write; encrypted-media; gyroscope; picture-in-picture\" allowfullscreen><\/iframe>\n<\/div><\/figure>\n\n\n\n<p>Formulario Ticket de Salida Ciencias Naturales:<\/p>\n<p style=\"text-align: center;\"><a href=\"https:\/\/forms.gle\/jKHpBogiWnytWtk96\">https:\/\/forms.gle\/jKHpBogiWnytWtk96<\/a><\/p>\n\n\n\n<div style=\"height:46px\" aria-hidden=\"true\" class=\"wp-block-spacer\"><\/div>\n\n\n\n<h4>Retroalimentaci\u00f3n\u00a0 8\u00b0 B\u00e1sico <strong>Ingl\u00e9s<\/strong><\/h4>\n<p>Profesora: Patricia Catal\u00e1n \/ patricia.catalan@colegio-sanandres.cl<\/p>\n<p><a href=\"http:\/\/www.colegio-sanandres.cl\/wp-content\/uploads\/2020\/11\/Solucionario-8\u00b0-B\u00e1sico-Ingl\u00e9s.pdf\">Solucionario 8\u00b0 B\u00e1sico Ingl\u00e9s.<\/a><\/p>\n\n\n\n<figure class=\"wp-block-embed-youtube wp-block-embed is-type-video is-provider-youtube wp-embed-aspect-16-9 wp-has-aspect-ratio\"><div class=\"wp-block-embed__wrapper\">\n<iframe loading=\"lazy\" title=\"Retroalimentaci\u00f3n Ingl\u00e9s 8\u00b0 b\u00e1sico_Reading task - A flyer\" width=\"830\" height=\"467\" src=\"https:\/\/www.youtube.com\/embed\/S98v82EHEzI?feature=oembed\" frameborder=\"0\" allow=\"accelerometer; autoplay; clipboard-write; encrypted-media; gyroscope; picture-in-picture\" allowfullscreen><\/iframe>\n<\/div><\/figure>\n\n\n\n<p>Formulario Ticket de Salida Ingl\u00e9s:<\/p>\n<p style=\"text-align: center;\"><a href=\"https:\/\/forms.gle\/EgyMkkK2iifS38327\">https:\/\/forms.gle\/EgyMkkK2iifS38327<\/a><\/p>\n\n\n\n<div style=\"height:51px\" aria-hidden=\"true\" class=\"wp-block-spacer\"><\/div>\n\n\n\n<h4>Retroalimentaci\u00f3n&nbsp; 8\u00b0 B\u00e1sico <strong>M\u00fasica<\/strong><\/h4>\n<p>Profesor: Cristian Chac\u00f3n \/ cristian.chacon@colegio-sanandres.cl<\/p>\n\n\n\n<figure class=\"wp-block-embed-youtube wp-block-embed is-type-video is-provider-youtube wp-embed-aspect-16-9 wp-has-aspect-ratio\"><div class=\"wp-block-embed__wrapper\">\n<iframe loading=\"lazy\" title=\"Retroalimentaci\u00f3n gu\u00eda 14, 8vo b\u00e1sico\" width=\"830\" height=\"467\" src=\"https:\/\/www.youtube.com\/embed\/X6A3kRITjao?feature=oembed\" frameborder=\"0\" allow=\"accelerometer; autoplay; clipboard-write; encrypted-media; gyroscope; picture-in-picture\" allowfullscreen><\/iframe>\n<\/div><\/figure>\n\n\n\n<p>Ticket de salida M\u00fasica:<\/p>\n<p style=\"text-align: center;\"><a href=\"https:\/\/forms.gle\/Z8xtrVUMPiNgwitQ8\">https:\/\/forms.gle\/Z8xtrVUMPiNgwitQ8<\/a><\/p>\n\n\n\n<div style=\"height:51px\" aria-hidden=\"true\" class=\"wp-block-spacer\"><\/div>\n\n\n\n<h4>Retroalimentaci\u00f3n&nbsp; 8\u00b0 B\u00e1sico Artes Visuales<\/h4>\n<p>Profesora: Susana Ortiz \/ susana.ortiz@colegio-sanandres.cl<\/p>\n\n\n\n<figure class=\"wp-block-embed-youtube wp-block-embed is-type-video is-provider-youtube wp-embed-aspect-16-9 wp-has-aspect-ratio\"><div class=\"wp-block-embed__wrapper\">\n<iframe loading=\"lazy\" title=\"Video de retroalimentacion de artes 8\u00b0b\u00e1sico.\" width=\"830\" height=\"467\" src=\"https:\/\/www.youtube.com\/embed\/Vk2GTp2KRGg?feature=oembed\" frameborder=\"0\" allow=\"accelerometer; autoplay; clipboard-write; encrypted-media; gyroscope; picture-in-picture\" allowfullscreen><\/iframe>\n<\/div><\/figure>\n\n\n\n<p>Formulario Ticket de Salida Artes Visuales:<\/p>\n<p style=\"text-align: center;\"><a href=\"https:\/\/forms.gle\/SP6ZwegcbVxGkriP7\">https:\/\/forms.gle\/SP6ZwegcbVxGkriP7<\/a><\/p>\n\n\n\n<div style=\"height:39px\" aria-hidden=\"true\" class=\"wp-block-spacer\"><\/div>\n\n\n\n<h4>Retroalimentaci\u00f3n&nbsp; 8\u00b0 B\u00e1sico <strong>Educaci\u00f3n F\u00edsica<\/strong><\/h4>\n<p>Profesor: Mauricio Or\u00f3stica \/ mauricio.orostica@colegio-sanandres.cl<\/p>\n\n\n\n<figure class=\"wp-block-embed-youtube wp-block-embed is-type-video is-provider-youtube wp-embed-aspect-16-9 wp-has-aspect-ratio\"><div class=\"wp-block-embed__wrapper\">\n<iframe loading=\"lazy\" title=\"Retroalimentaci\u00f3n Octavos B\u00e1sicos 10\/11\/2020\" width=\"830\" height=\"467\" src=\"https:\/\/www.youtube.com\/embed\/su4IdhDu4Mw?feature=oembed\" frameborder=\"0\" allow=\"accelerometer; autoplay; clipboard-write; encrypted-media; gyroscope; picture-in-picture\" allowfullscreen><\/iframe>\n<\/div><\/figure>\n\n\n\n<p>Formulario Ticket de Salida Educaci\u00f3n F\u00edsica:<\/p>\n<p style=\"text-align: center;\"><a href=\"https:\/\/docs.google.com\/forms\/d\/e\/1FAIpQLSdVpss_JryKufZ0dyo9bi50RYzctr322AYIwAS5DbN25khiXg\/viewform?usp=sf_link\">https:\/\/docs.google.com\/forms\/d\/e\/1FAIpQLSdVpss_JryKufZ0dyo9bi50RYzctr322AYIwAS5DbN25khiXg\/viewform?usp=sf_link<\/a><\/p>\n\n\n\n<div style=\"height:20px\" aria-hidden=\"true\" class=\"wp-block-spacer\"><\/div>\n","protected":false},"excerpt":{"rendered":"<p>Retroalimentaci\u00f3n\u00a0 8\u00b0 B\u00e1sico Lenguaje Profesora: Denisse Vergara \/ denisse.vergara@colegio-sanandres.cl Solucionario 8\u00b0 B\u00e1sico Lenguaje. Formulario Ticket de Salida Lenguaje: https:\/\/forms.gle\/Y4UYiCJVcEdHyNfs8 Retroalimentaci\u00f3n\u00a0 8\u00b0 B\u00e1sico Matem\u00e1tica Profesora: Nayadher Villanueva \/ nayadher.villanueva@colegio-sanandres.cl Solucionario 8\u00b0 B\u00e1sico Matem\u00e1tica. Formulario Ticket de Salida Matem\u00e1tica: https:\/\/docs.google.com\/forms\/d\/e\/1FAIpQLSfjkWWyOIzsPkd0IFwACCPgCbzZDBHqmz8O5bAGusFS-gZoUA\/viewform?vc=0&amp;c=0&amp;w=1&amp;flr=0&amp;gxids=7757 Retroalimentaci\u00f3n\u00a0 8\u00b0 B\u00e1sico Historia Profesora: \u00c1ngela Mendoza \/ angela.mendoza@colegio-sanandres.cl Formulario Ticket de Salida Historia: https:\/\/forms.gle\/wDoLXpp573w5iMkm8 Retroalimentaci\u00f3n\u00a0 8\u00b0 [&hellip;]<\/p>\n","protected":false},"author":3,"featured_media":0,"parent":0,"menu_order":0,"comment_status":"closed","ping_status":"closed","template":"","meta":{"footnotes":""},"class_list":["post-6643","page","type-page","status-publish","hentry"],"amp_enabled":true,"_links":{"self":[{"href":"http:\/\/www.colegio-sanandres.cl\/index.php?rest_route=\/wp\/v2\/pages\/6643","targetHints":{"allow":["GET"]}}],"collection":[{"href":"http:\/\/www.colegio-sanandres.cl\/index.php?rest_route=\/wp\/v2\/pages"}],"about":[{"href":"http:\/\/www.colegio-sanandres.cl\/index.php?rest_route=\/wp\/v2\/types\/page"}],"author":[{"embeddable":true,"href":"http:\/\/www.colegio-sanandres.cl\/index.php?rest_route=\/wp\/v2\/users\/3"}],"replies":[{"embeddable":true,"href":"http:\/\/www.colegio-sanandres.cl\/index.php?rest_route=%2Fwp%2Fv2%2Fcomments&post=6643"}],"version-history":[{"count":1,"href":"http:\/\/www.colegio-sanandres.cl\/index.php?rest_route=\/wp\/v2\/pages\/6643\/revisions"}],"predecessor-version":[{"id":6648,"href":"http:\/\/www.colegio-sanandres.cl\/index.php?rest_route=\/wp\/v2\/pages\/6643\/revisions\/6648"}],"wp:attachment":[{"href":"http:\/\/www.colegio-sanandres.cl\/index.php?rest_route=%2Fwp%2Fv2%2Fmedia&parent=6643"}],"curies":[{"name":"wp","href":"https:\/\/api.w.org\/{rel}","templated":true}]}}