{"id":6750,"date":"2020-11-22T18:52:40","date_gmt":"2020-11-22T21:52:40","guid":{"rendered":"http:\/\/www.colegio-sanandres.cl\/?page_id=6750"},"modified":"2020-11-22T18:52:40","modified_gmt":"2020-11-22T21:52:40","slug":"1o-basico-semana-1-nuevo-aprendizaje-5","status":"publish","type":"page","link":"http:\/\/www.colegio-sanandres.cl\/?page_id=6750","title":{"rendered":"1\u00ba B\u00c1SICO (Semana 1: Nuevo Aprendizaje)"},"content":{"rendered":"\n<p><span style=\"text-decoration: underline;\"><strong>LENGUAJE<\/strong><\/span> <span style=\"text-decoration: underline;\"><strong><br><\/strong><\/span><\/p>\n<p>Profesora:<\/p>\n<p>Carolina Ortiz \/ carolina.ortiz@colegio-sanandres.cl<\/p>\n\n\n\n<p><a href=\"http:\/\/www.colegio-sanandres.cl\/wp-content\/uploads\/2020\/11\/Instrucciones-de-Trabajo-1\u00b0-B\u00e1sico-Lenguaje.pdf\">Instrucciones de Trabajo 1\u00b0 B\u00e1sico Lenguaje.<\/a><\/p>\n\n\n\n<p style=\"text-align: justify;\">Video 1:\u00a0 Instrucciones Generales e Inducci\u00f3n a la actividad de esta semana.<\/p>\n<p><iframe loading=\"lazy\" title=\"23\/11 - Lenguaje y Comunicaci\u00f3n - \u00daltimo ciclo\" width=\"830\" height=\"467\" src=\"https:\/\/www.youtube.com\/embed\/3xv67s0N7Sk?feature=oembed\" frameborder=\"0\" allow=\"accelerometer; autoplay; clipboard-write; encrypted-media; gyroscope; picture-in-picture\" allowfullscreen><\/iframe><\/p>\n<p>\u00a0<\/p>\n\n\n\n<div style=\"height:20px\" aria-hidden=\"true\" class=\"wp-block-spacer\"><\/div>\n\n\n\n<div style=\"height:21px\" aria-hidden=\"true\" class=\"wp-block-spacer\"><\/div>\n\n\n\n<p><span style=\"text-decoration: underline;\"><strong>MATEM\u00c1TICA<\/strong><\/span><\/p>\n<p>Profesora: Romina Olguin \/ romina.olguin@colegio-sanandres.cl<\/p>\n\n\n\n<p><a href=\"http:\/\/www.colegio-sanandres.cl\/wp-content\/uploads\/2020\/11\/Instrucciones-de-Trabajo-1\u00b0-B\u00e1sico-Matem\u00e1ticas-1.pdf\">Instrucciones de Trabajo 1\u00b0 B\u00e1sico Matem\u00e1ticas.<\/a><\/p>\n\n\n\n<figure class=\"wp-block-embed-youtube wp-block-embed is-type-video is-provider-youtube wp-embed-aspect-4-3 wp-has-aspect-ratio wp-embed-aspect-16-9\"><div class=\"wp-block-embed__wrapper\">\n<iframe loading=\"lazy\" title=\"Matem\u00e1ticas 1\u00b0B\u00e1sico semana 23 de noviembre\" width=\"830\" height=\"467\" src=\"https:\/\/www.youtube.com\/embed\/93ToUNEwDCY?feature=oembed\" frameborder=\"0\" allow=\"accelerometer; autoplay; clipboard-write; encrypted-media; gyroscope; picture-in-picture\" allowfullscreen><\/iframe>\n<\/div><\/figure>\n\n\n\n<div style=\"height:20px\" aria-hidden=\"true\" class=\"wp-block-spacer\"><\/div>\n\n\n\n<p style=\"text-align: justify;\"><strong><span style=\"text-decoration: underline;\">HISTORIA<\/span> <span style=\"text-decoration: underline;\"><br \/><\/span><\/strong><\/p>\n<p>Profesora:<\/p>\n<p>Carolina Ortiz \/ carolina.ortiz@colegio-sanandres.cl<\/p>\n<p><a href=\"http:\/\/www.colegio-sanandres.cl\/wp-content\/uploads\/2020\/11\/Instrucciones-de-Trabajo-1\u00b0-B\u00e1sico-Historia.pdf\">Instrucciones de Trabajo 1\u00b0 B\u00e1sico Historia.<\/a><\/p>\n\n\n\n<figure class=\"wp-block-embed-youtube wp-block-embed is-type-video is-provider-youtube wp-embed-aspect-16-9 wp-has-aspect-ratio wp-embed-aspect-4-3\"><div class=\"wp-block-embed__wrapper\">\n<iframe loading=\"lazy\" title=\"23\/11 - Historia, Primero B\u00e1sico \/ \u00daltimo ciclo\" width=\"830\" height=\"467\" src=\"https:\/\/www.youtube.com\/embed\/H-GEDp2f5Io?feature=oembed\" frameborder=\"0\" allow=\"accelerometer; autoplay; clipboard-write; encrypted-media; gyroscope; picture-in-picture\" allowfullscreen><\/iframe>\n<\/div><\/figure>\n\n\n\n<div style=\"height:20px\" aria-hidden=\"true\" class=\"wp-block-spacer\"><\/div>\n\n\n\n<p><strong><span style=\"text-decoration: underline;\">CIENCIAS NATURALES<\/span><br><\/strong><\/p>\n<p>Profesora: Romina Olguin \/ romina.olguin@colegio-sanandres.cl<\/p>\n\n\n\n<p><a href=\"http:\/\/www.colegio-sanandres.cl\/wp-content\/uploads\/2020\/11\/Instrucciones-de-Trabajo-1\u00b0-B\u00e1sico-Ciencias-1.pdf\">Instrucciones de Trabajo 1\u00b0 B\u00e1sico Ciencias Naturales.<\/a><\/p>\n\n\n\n<figure class=\"wp-block-embed-youtube wp-block-embed is-type-video is-provider-youtube wp-embed-aspect-4-3 wp-has-aspect-ratio wp-embed-aspect-16-9\"><div class=\"wp-block-embed__wrapper\">\n<iframe loading=\"lazy\" title=\"Ciencias 1\u00b0b\u00e1sico. Semana 23 de noviembre\" width=\"830\" height=\"467\" src=\"https:\/\/www.youtube.com\/embed\/RtVI6VbxRrc?feature=oembed\" frameborder=\"0\" allow=\"accelerometer; autoplay; clipboard-write; encrypted-media; gyroscope; picture-in-picture\" allowfullscreen><\/iframe>\n<\/div><\/figure>\n\n\n\n<div style=\"height:20px\" aria-hidden=\"true\" class=\"wp-block-spacer\"><\/div>\n\n\n\n<p><strong><span style=\"text-decoration: underline;\">EDUCACI\u00d3N F\u00cdSICA<\/span><br \/><\/strong><\/p>\n<p>Profesor: Jonathan Ibacache \/ jonathan.ibacache@colegio-sanandres.cl<\/p>\n<p><a href=\"http:\/\/www.colegio-sanandres.cl\/wp-content\/uploads\/2020\/11\/Instrucciones-de-Trabajo-1\u00b0-B\u00e1sico-Educaci\u00f3n-F\u00edsica-1.pdf\">Instrucciones de Trabajo 1\u00b0B\u00e1sico Educaci\u00f3n F\u00edsica.<\/a><\/p>\n\n\n\n<figure class=\"wp-block-embed-youtube wp-block-embed is-type-video is-provider-youtube wp-embed-aspect-4-3 wp-has-aspect-ratio wp-embed-aspect-16-9\"><div class=\"wp-block-embed__wrapper\">\n<iframe loading=\"lazy\" title=\"1ros b\u00e1sicos Habilidades motoras b\u00e1sicas.\" width=\"830\" height=\"467\" src=\"https:\/\/www.youtube.com\/embed\/OIz1Dk0dhhI?feature=oembed\" frameborder=\"0\" allow=\"accelerometer; autoplay; clipboard-write; encrypted-media; gyroscope; picture-in-picture\" allowfullscreen><\/iframe>\n<\/div><\/figure>\n\n\n\n<div style=\"height:36px\" aria-hidden=\"true\" class=\"wp-block-spacer\"><\/div>\n","protected":false},"excerpt":{"rendered":"<p>LENGUAJE Profesora: Carolina Ortiz \/ carolina.ortiz@colegio-sanandres.cl Instrucciones de Trabajo 1\u00b0 B\u00e1sico Lenguaje. Video 1:\u00a0 Instrucciones Generales e Inducci\u00f3n a la actividad de esta semana. \u00a0 MATEM\u00c1TICA Profesora: Romina Olguin \/ romina.olguin@colegio-sanandres.cl Instrucciones de Trabajo 1\u00b0 B\u00e1sico Matem\u00e1ticas. HISTORIA Profesora: Carolina Ortiz \/ carolina.ortiz@colegio-sanandres.cl Instrucciones de Trabajo 1\u00b0 B\u00e1sico Historia. CIENCIAS NATURALES Profesora: Romina Olguin \/ [&hellip;]<\/p>\n","protected":false},"author":3,"featured_media":0,"parent":0,"menu_order":0,"comment_status":"closed","ping_status":"closed","template":"","meta":{"footnotes":""},"class_list":["post-6750","page","type-page","status-publish","hentry"],"amp_enabled":true,"_links":{"self":[{"href":"http:\/\/www.colegio-sanandres.cl\/index.php?rest_route=\/wp\/v2\/pages\/6750","targetHints":{"allow":["GET"]}}],"collection":[{"href":"http:\/\/www.colegio-sanandres.cl\/index.php?rest_route=\/wp\/v2\/pages"}],"about":[{"href":"http:\/\/www.colegio-sanandres.cl\/index.php?rest_route=\/wp\/v2\/types\/page"}],"author":[{"embeddable":true,"href":"http:\/\/www.colegio-sanandres.cl\/index.php?rest_route=\/wp\/v2\/users\/3"}],"replies":[{"embeddable":true,"href":"http:\/\/www.colegio-sanandres.cl\/index.php?rest_route=%2Fwp%2Fv2%2Fcomments&post=6750"}],"version-history":[{"count":1,"href":"http:\/\/www.colegio-sanandres.cl\/index.php?rest_route=\/wp\/v2\/pages\/6750\/revisions"}],"predecessor-version":[{"id":6756,"href":"http:\/\/www.colegio-sanandres.cl\/index.php?rest_route=\/wp\/v2\/pages\/6750\/revisions\/6756"}],"wp:attachment":[{"href":"http:\/\/www.colegio-sanandres.cl\/index.php?rest_route=%2Fwp%2Fv2%2Fmedia&parent=6750"}],"curies":[{"name":"wp","href":"https:\/\/api.w.org\/{rel}","templated":true}]}}