{"id":6883,"date":"2020-12-01T22:00:14","date_gmt":"2020-12-02T01:00:14","guid":{"rendered":"http:\/\/www.colegio-sanandres.cl\/?page_id=6883"},"modified":"2020-12-01T22:00:14","modified_gmt":"2020-12-02T01:00:14","slug":"kinder-2a-semana-retroalimentacion-6","status":"publish","type":"page","link":"http:\/\/www.colegio-sanandres.cl\/?page_id=6883","title":{"rendered":"K\u00cdNDER (2a Semana Retroalimentaci\u00f3n)"},"content":{"rendered":"\n<p><strong>EDUCADORAS<\/strong>:<\/p>\n<p><strong>K\u00ednder A<\/strong>: Mar\u00eda Olga General \/ maria.general@colegio-sanandres.cl<\/p>\n<p><strong>K\u00ednder B: <\/strong>Margarita Conzue \/ margarita.conzue@colegio-sanandres.cl<\/p>\n\n\n\n<div style=\"height:20px\" aria-hidden=\"true\" class=\"wp-block-spacer\"><\/div>\n\n\n\n<p style=\"text-align: justify;\"><strong><span style=\"text-decoration: underline;\">Retroalimentaci\u00f3n Actividad Pensamiento Matem\u00e1tico.<br><\/span><\/strong><\/p>\n\n\n\n<figure class=\"wp-block-embed-youtube wp-block-embed is-type-video is-provider-youtube wp-embed-aspect-16-9 wp-has-aspect-ratio\"><div class=\"wp-block-embed__wrapper\">\n<iframe loading=\"lazy\" title=\"Compilaci\u00f3n de pensamiento matem\u00e1tico 2020\" width=\"830\" height=\"467\" src=\"https:\/\/www.youtube.com\/embed\/8rvrGVLP2rE?feature=oembed\" frameborder=\"0\" allow=\"accelerometer; autoplay; clipboard-write; encrypted-media; gyroscope; picture-in-picture\" allowfullscreen><\/iframe>\n<\/div><\/figure>\n\n\n\n<p>Formulario Ticket de Salida Pensamiento Matem\u00e1tico:<\/p>\n<p style=\"text-align: center;\"><a href=\"https:\/\/forms.gle\/c936u6kijiQAJiQu8\">https:\/\/forms.gle\/c936u6kijiQAJiQu8<\/a><\/p>\n\n\n\n<div style=\"height:69px\" aria-hidden=\"true\" class=\"wp-block-spacer\"><\/div>\n\n\n\n<p style=\"text-align: justify;\"><strong><span style=\"text-decoration: underline;\">Retroalimentaci\u00f3n Actividad:<\/span><\/strong><strong> Lenguaje Verbal.<\/strong><\/p>\n\n\n\n<figure class=\"wp-block-embed-youtube wp-block-embed is-type-video is-provider-youtube wp-embed-aspect-16-9 wp-has-aspect-ratio wp-embed-aspect-4-3\"><div class=\"wp-block-embed__wrapper\">\n<iframe loading=\"lazy\" title=\"K\u00ednder , Lenguaje  30\/11\/2020\" width=\"830\" height=\"467\" src=\"https:\/\/www.youtube.com\/embed\/wEM-4yMjaTs?feature=oembed\" frameborder=\"0\" allow=\"accelerometer; autoplay; clipboard-write; encrypted-media; gyroscope; picture-in-picture\" allowfullscreen><\/iframe>\n<\/div><\/figure>\n\n\n\n<p>Formulario Ticket de Salida Actividad Lenguaje Verbal:<\/p>\n<p style=\"text-align: center;\"><a href=\"https:\/\/docs.google.com\/forms\/d\/e\/1FAIpQLSf8T2Wc_ztgJyYFSrX7D8JuAxK1T_KkVheM8K4p-QtZQAgnjg\/viewform?vc=0&amp;c=0&amp;w=1&amp;flr=0&amp;gxids=7757\">https:\/\/docs.google.com\/forms\/d\/e\/1FAIpQLSf8T2Wc_ztgJyYFSrX7D8JuAxK1T_KkVheM8K4p-QtZQAgnjg\/viewform?vc=0&amp;c=0&amp;w=1&amp;flr=0&amp;gxids=7757<\/a><\/p>\n","protected":false},"excerpt":{"rendered":"<p>EDUCADORAS: K\u00ednder A: Mar\u00eda Olga General \/ maria.general@colegio-sanandres.cl K\u00ednder B: Margarita Conzue \/ margarita.conzue@colegio-sanandres.cl Retroalimentaci\u00f3n Actividad Pensamiento Matem\u00e1tico. Formulario Ticket de Salida Pensamiento Matem\u00e1tico: https:\/\/forms.gle\/c936u6kijiQAJiQu8 Retroalimentaci\u00f3n Actividad: Lenguaje Verbal. Formulario Ticket de Salida Actividad Lenguaje Verbal: https:\/\/docs.google.com\/forms\/d\/e\/1FAIpQLSf8T2Wc_ztgJyYFSrX7D8JuAxK1T_KkVheM8K4p-QtZQAgnjg\/viewform?vc=0&amp;c=0&amp;w=1&amp;flr=0&amp;gxids=7757<\/p>\n","protected":false},"author":3,"featured_media":0,"parent":0,"menu_order":0,"comment_status":"closed","ping_status":"closed","template":"","meta":{"footnotes":""},"class_list":["post-6883","page","type-page","status-publish","hentry"],"amp_enabled":true,"_links":{"self":[{"href":"http:\/\/www.colegio-sanandres.cl\/index.php?rest_route=\/wp\/v2\/pages\/6883","targetHints":{"allow":["GET"]}}],"collection":[{"href":"http:\/\/www.colegio-sanandres.cl\/index.php?rest_route=\/wp\/v2\/pages"}],"about":[{"href":"http:\/\/www.colegio-sanandres.cl\/index.php?rest_route=\/wp\/v2\/types\/page"}],"author":[{"embeddable":true,"href":"http:\/\/www.colegio-sanandres.cl\/index.php?rest_route=\/wp\/v2\/users\/3"}],"replies":[{"embeddable":true,"href":"http:\/\/www.colegio-sanandres.cl\/index.php?rest_route=%2Fwp%2Fv2%2Fcomments&post=6883"}],"version-history":[{"count":1,"href":"http:\/\/www.colegio-sanandres.cl\/index.php?rest_route=\/wp\/v2\/pages\/6883\/revisions"}],"predecessor-version":[{"id":6884,"href":"http:\/\/www.colegio-sanandres.cl\/index.php?rest_route=\/wp\/v2\/pages\/6883\/revisions\/6884"}],"wp:attachment":[{"href":"http:\/\/www.colegio-sanandres.cl\/index.php?rest_route=%2Fwp%2Fv2%2Fmedia&parent=6883"}],"curies":[{"name":"wp","href":"https:\/\/api.w.org\/{rel}","templated":true}]}}