{"id":6890,"date":"2020-12-01T22:15:58","date_gmt":"2020-12-02T01:15:58","guid":{"rendered":"http:\/\/www.colegio-sanandres.cl\/?page_id=6890"},"modified":"2020-12-01T22:17:00","modified_gmt":"2020-12-02T01:17:00","slug":"2o-basico-2a-semana-retroalimentacion-6","status":"publish","type":"page","link":"http:\/\/www.colegio-sanandres.cl\/?page_id=6890","title":{"rendered":"2\u00ba B\u00c1SICO (2a Semana Retroalimentaci\u00f3n)"},"content":{"rendered":"\n<div style=\"height:63px\" aria-hidden=\"true\" class=\"wp-block-spacer\"><\/div>\n\n\n\n<h4>Retroalimentaci\u00f3n&nbsp; 2\u00b0 B\u00e1sico <strong>Lenguaje<\/strong><\/h4>\n<p>Profesora: Ximena Hidalgo \/ ximena.hidalgo@colegio-sanandres.cl<\/p>\n\n\n\n<figure class=\"wp-block-embed-youtube wp-block-embed is-type-video is-provider-youtube wp-embed-aspect-16-9 wp-has-aspect-ratio\"><div class=\"wp-block-embed__wrapper\">\n<iframe loading=\"lazy\" title=\"Comprensi\u00f3n lectora &quot;el circo&quot;\" width=\"830\" height=\"467\" src=\"https:\/\/www.youtube.com\/embed\/wF8q5AOi0ZY?feature=oembed\" frameborder=\"0\" allow=\"accelerometer; autoplay; clipboard-write; encrypted-media; gyroscope; picture-in-picture\" allowfullscreen><\/iframe>\n<\/div><\/figure>\n\n\n\n<p>Formulario Ticket de Salida Actividad Lenguaje:<\/p>\n<p style=\"text-align: center;\"><a href=\"https:\/\/docs.google.com\/forms\/d\/e\/1FAIpQLSdNZ_T7mYS0b1gHtQoMqANhPEc10O4Q6NsC6uEYSrAlmpsODQ\/viewform?vc=0&amp;c=0&amp;w=1&amp;flr=0&amp;gxids=7757\">https:\/\/docs.google.com\/forms\/d\/e\/1FAIpQLSdNZ_T7mYS0b1gHtQoMqANhPEc10O4Q6NsC6uEYSrAlmpsODQ\/viewform?vc=0&amp;c=0&amp;w=1&amp;flr=0&amp;gxids=7757<\/a><\/p>\n\n\n\n<div style=\"height:64px\" aria-hidden=\"true\" class=\"wp-block-spacer\"><\/div>\n\n\n\n<h4>Retroalimentaci\u00f3n 2\u00b0 B\u00e1sico <strong>Matem\u00e1tica<\/strong><\/h4>\n<p>Profesora: Constanza P\u00e9rez \/ constanza.perez@colegio-sanandres.cl<\/p>\n<p><a href=\"http:\/\/www.colegio-sanandres.cl\/wp-content\/uploads\/2020\/12\/Instrucciones-de-Trabajo-2\u00b0-B\u00e1sico-Matem\u00e1ticas-1.pdf\">Solucionario 2\u00b0 B\u00e1sico Matem\u00e1tica.<\/a><\/p>\n\n\n\n<figure class=\"wp-block-embed-youtube wp-block-embed is-type-video is-provider-youtube wp-embed-aspect-16-9 wp-has-aspect-ratio\"><div class=\"wp-block-embed__wrapper\">\n<iframe loading=\"lazy\" title=\"Video retroalimentaci\u00f3n mi\u00e9rcoles 02 de diciembre - 2\u00b0 b\u00e1sico.\" width=\"830\" height=\"467\" src=\"https:\/\/www.youtube.com\/embed\/wXf39usVAcM?feature=oembed\" frameborder=\"0\" allow=\"accelerometer; autoplay; clipboard-write; encrypted-media; gyroscope; picture-in-picture\" allowfullscreen><\/iframe>\n<\/div><\/figure>\n\n\n\n<p>Formulario Ticket de Salida Actividad Matem\u00e1tica:<\/p>\n<p style=\"text-align: center;\"><a href=\"https:\/\/forms.gle\/3haSsuwk2cQnnVAG6\">https:\/\/forms.gle\/3haSsuwk2cQnnVAG6<\/a><\/p>\n\n\n\n<div style=\"height:56px\" aria-hidden=\"true\" class=\"wp-block-spacer\"><\/div>\n\n\n\n<h4>Retroalimentaci\u00f3n 2\u00b0 B\u00e1sico<strong>&nbsp;Historia<\/strong><\/h4>\n<p>Profesora: Ximena Hidalgo \/ ximena.hidalgo@colegio-sanandres.cl<\/p>\n<figure class=\"wp-block-embed-youtube wp-block-embed is-type-video is-provider-youtube wp-embed-aspect-16-9 wp-has-aspect-ratio wp-embed-aspect-4-3\"><\/figure>\n\n\n\n<figure class=\"wp-block-embed-youtube wp-block-embed is-type-video is-provider-youtube wp-embed-aspect-16-9 wp-has-aspect-ratio\"><div class=\"wp-block-embed__wrapper\">\n<iframe loading=\"lazy\" title=\"Un viaje m\u00e1gico\" width=\"830\" height=\"467\" src=\"https:\/\/www.youtube.com\/embed\/uFQ9I6W_xsc?feature=oembed\" frameborder=\"0\" allow=\"accelerometer; autoplay; clipboard-write; encrypted-media; gyroscope; picture-in-picture\" allowfullscreen><\/iframe>\n<\/div><\/figure>\n\n\n\n<p>Formulario Ticket de Salida Actividad Historia:<\/p>\n<p style=\"text-align: center;\"><a href=\"https:\/\/docs.google.com\/forms\/d\/e\/1FAIpQLSetZ-J-NnaD4QLIKYw3j9hudXyCczIBrB2zOIrkfW9FJqpC1g\/viewform?vc=0&amp;c=0&amp;w=1&amp;flr=0&amp;gxids=7757\">https:\/\/docs.google.com\/forms\/d\/e\/1FAIpQLSetZ-J-NnaD4QLIKYw3j9hudXyCczIBrB2zOIrkfW9FJqpC1g\/viewform?vc=0&amp;c=0&amp;w=1&amp;flr=0&amp;gxids=7757<\/a><\/p>\n\n\n\n<div style=\"height:60px\" aria-hidden=\"true\" class=\"wp-block-spacer\"><\/div>\n\n\n\n<h4>Retroalimentaci\u00f3n 2\u00b0 B\u00e1sico<strong>&nbsp;Ciencias Naturales<\/strong><\/h4>\n<p>Profesora: Constanza P\u00e9rez \/ constanza.perez@colegio-sanandres.cl<\/p>\n<p><a href=\"http:\/\/www.colegio-sanandres.cl\/wp-content\/uploads\/2020\/12\/Instrucciones-de-Trabajo-2\u00b0-B\u00e1sico-Ciencias.pdf\">Solucionario 2\u00b0 B\u00e1sico Ciencias Naturales.<\/a><\/p>\n<figure class=\"wp-block-embed-youtube wp-block-embed is-type-video is-provider-youtube wp-embed-aspect-16-9 wp-has-aspect-ratio wp-embed-aspect-4-3\"><\/figure>\n\n\n\n<figure class=\"wp-block-embed-youtube wp-block-embed is-type-video is-provider-youtube wp-embed-aspect-16-9 wp-has-aspect-ratio\"><div class=\"wp-block-embed__wrapper\">\n<iframe loading=\"lazy\" title=\"Video retroalimentaci\u00f3n ciencias naturales: mi\u00e9rcoles 02 de diciembre.\" width=\"830\" height=\"467\" src=\"https:\/\/www.youtube.com\/embed\/H-5yJjbxKQ4?feature=oembed\" frameborder=\"0\" allow=\"accelerometer; autoplay; clipboard-write; encrypted-media; gyroscope; picture-in-picture\" allowfullscreen><\/iframe>\n<\/div><\/figure>\n\n\n\n<p>Formulario Ticket de Salida Actividad Ciencias Naturales:<\/p>\n<p style=\"text-align: center;\"><a href=\"https:\/\/forms.gle\/EHqbvGpocAvdXeXcA\">https:\/\/forms.gle\/EHqbvGpocAvdXeXcA<\/a><\/p>\n\n\n\n<div style=\"height:63px\" aria-hidden=\"true\" class=\"wp-block-spacer\"><\/div>\n\n\n\n<h4>Retroalimentaci\u00f3n 2\u00b0 B\u00e1sico<strong>&nbsp;Educaci\u00f3n F\u00edsica<\/strong><\/h4>\n<p>Profesor: Jonathan Ibacache \/ jonathan.ibacache@colegio-sanandres.cl<\/p>\n\n\n\n<figure class=\"wp-block-embed-youtube wp-block-embed is-type-video is-provider-youtube wp-embed-aspect-16-9 wp-has-aspect-ratio\"><div class=\"wp-block-embed__wrapper\">\n<iframe loading=\"lazy\" title=\"2dos b\u00e1sicos Retroalimentaci\u00f3n\" width=\"830\" height=\"467\" src=\"https:\/\/www.youtube.com\/embed\/lJB-23Ubx_8?feature=oembed\" frameborder=\"0\" allow=\"accelerometer; autoplay; clipboard-write; encrypted-media; gyroscope; picture-in-picture\" allowfullscreen><\/iframe>\n<\/div><\/figure>\n\n\n\n<p>Formulario Ticket de Salida Actividad Educaci\u00f3n F\u00edsica:<\/p>\n<p style=\"text-align: center;\"><a href=\"https:\/\/forms.gle\/BmeAPdnL5ZK3HPJU7\">https:\/\/forms.gle\/BmeAPdnL5ZK3HPJU7<\/a><\/p>\n","protected":false},"excerpt":{"rendered":"<p>Retroalimentaci\u00f3n&nbsp; 2\u00b0 B\u00e1sico Lenguaje Profesora: Ximena Hidalgo \/ ximena.hidalgo@colegio-sanandres.cl Formulario Ticket de Salida Actividad Lenguaje: https:\/\/docs.google.com\/forms\/d\/e\/1FAIpQLSdNZ_T7mYS0b1gHtQoMqANhPEc10O4Q6NsC6uEYSrAlmpsODQ\/viewform?vc=0&amp;c=0&amp;w=1&amp;flr=0&amp;gxids=7757 Retroalimentaci\u00f3n 2\u00b0 B\u00e1sico Matem\u00e1tica Profesora: Constanza P\u00e9rez \/ constanza.perez@colegio-sanandres.cl Solucionario 2\u00b0 B\u00e1sico Matem\u00e1tica. Formulario Ticket de Salida Actividad Matem\u00e1tica: https:\/\/forms.gle\/3haSsuwk2cQnnVAG6 Retroalimentaci\u00f3n 2\u00b0 B\u00e1sico&nbsp;Historia Profesora: Ximena Hidalgo \/ ximena.hidalgo@colegio-sanandres.cl Formulario Ticket de Salida Actividad Historia: https:\/\/docs.google.com\/forms\/d\/e\/1FAIpQLSetZ-J-NnaD4QLIKYw3j9hudXyCczIBrB2zOIrkfW9FJqpC1g\/viewform?vc=0&amp;c=0&amp;w=1&amp;flr=0&amp;gxids=7757 Retroalimentaci\u00f3n 2\u00b0 B\u00e1sico&nbsp;Ciencias Naturales [&hellip;]<\/p>\n","protected":false},"author":3,"featured_media":0,"parent":0,"menu_order":0,"comment_status":"closed","ping_status":"closed","template":"","meta":{"footnotes":""},"class_list":["post-6890","page","type-page","status-publish","hentry"],"amp_enabled":true,"_links":{"self":[{"href":"http:\/\/www.colegio-sanandres.cl\/index.php?rest_route=\/wp\/v2\/pages\/6890","targetHints":{"allow":["GET"]}}],"collection":[{"href":"http:\/\/www.colegio-sanandres.cl\/index.php?rest_route=\/wp\/v2\/pages"}],"about":[{"href":"http:\/\/www.colegio-sanandres.cl\/index.php?rest_route=\/wp\/v2\/types\/page"}],"author":[{"embeddable":true,"href":"http:\/\/www.colegio-sanandres.cl\/index.php?rest_route=\/wp\/v2\/users\/3"}],"replies":[{"embeddable":true,"href":"http:\/\/www.colegio-sanandres.cl\/index.php?rest_route=%2Fwp%2Fv2%2Fcomments&post=6890"}],"version-history":[{"count":2,"href":"http:\/\/www.colegio-sanandres.cl\/index.php?rest_route=\/wp\/v2\/pages\/6890\/revisions"}],"predecessor-version":[{"id":6896,"href":"http:\/\/www.colegio-sanandres.cl\/index.php?rest_route=\/wp\/v2\/pages\/6890\/revisions\/6896"}],"wp:attachment":[{"href":"http:\/\/www.colegio-sanandres.cl\/index.php?rest_route=%2Fwp%2Fv2%2Fmedia&parent=6890"}],"curies":[{"name":"wp","href":"https:\/\/api.w.org\/{rel}","templated":true}]}}