{"id":6920,"date":"2020-12-01T23:06:13","date_gmt":"2020-12-02T02:06:13","guid":{"rendered":"http:\/\/www.colegio-sanandres.cl\/?page_id=6920"},"modified":"2020-12-01T23:07:36","modified_gmt":"2020-12-02T02:07:36","slug":"6o-basico-2a-semana-retroalimentacion-6","status":"publish","type":"page","link":"http:\/\/www.colegio-sanandres.cl\/?page_id=6920","title":{"rendered":"6\u00ba B\u00c1SICO (2a Semana Retroalimentaci\u00f3n)"},"content":{"rendered":"\n<div style=\"height:46px\" aria-hidden=\"true\" class=\"wp-block-spacer\"><\/div>\n\n\n\n<h4>Retroalimentaci\u00f3n&nbsp; 6\u00b0 B\u00e1sico <strong>Lenguaje<\/strong><\/h4>\n<p>Profesora: Isabel Rivera \/ isabel.rivera@colegio-sanandres.cl<\/p>\n\n\n\n<figure class=\"wp-block-embed-youtube wp-block-embed is-type-video is-provider-youtube wp-embed-aspect-16-9 wp-has-aspect-ratio wp-embed-aspect-4-3\"><div class=\"wp-block-embed__wrapper\">\n<iframe loading=\"lazy\" title=\"Braille retro\" width=\"830\" height=\"467\" src=\"https:\/\/www.youtube.com\/embed\/Czk8xlyXU_M?feature=oembed\" frameborder=\"0\" allow=\"accelerometer; autoplay; clipboard-write; encrypted-media; gyroscope; picture-in-picture\" allowfullscreen><\/iframe>\n<\/div><\/figure>\n\n\n\n<p>Formulario Ticket de Salida Lenguaje:<\/p>\n<p style=\"text-align: center;\"><a href=\"https:\/\/forms.gle\/KwnxuDAsHbWqeqZ97\">https:\/\/forms.gle\/KwnxuDAsHbWqeqZ97<\/a><\/p>\n<table style=\"width: 100%; border-collapse: collapse; border-style: solid;\">\n<tbody>\n<tr>\n<td style=\"width: 100%;\">El ticket de salida contempla la lectura de un texto el cual est\u00e1 inserto en el formulario. De todas maneras les adjunto el texto en formato pdf por si no lo logran ver bien desde su dispositivo: <a href=\"http:\/\/www.colegio-sanandres.cl\/wp-content\/uploads\/2020\/12\/Lectura-6\u00b0-B\u00e1sico-Lenguaje.pdf\">Lectura Ticket 6\u00b0 B\u00e1sico Lenguaje.<\/a><\/td>\n<\/tr>\n<\/tbody>\n<\/table>\n\n\n\n<div style=\"height:62px\" aria-hidden=\"true\" class=\"wp-block-spacer\"><\/div>\n\n\n\n<h4>Retroalimentaci\u00f3n&nbsp; 6\u00b0 B\u00e1sico Matem\u00e1tica<\/h4>\n<p>Profesora: Pamela P\u00e9rez \/ pamela.perez@colegio-sanandres.cl<\/p>\n\n\n\n<figure class=\"wp-block-embed-youtube wp-block-embed is-type-video is-provider-youtube wp-embed-aspect-16-9 wp-has-aspect-ratio\"><div class=\"wp-block-embed__wrapper\">\n<iframe loading=\"lazy\" title=\"Cierre 6\u00b0 mi\u00e9rcoles 2 de diciembre\" width=\"830\" height=\"467\" src=\"https:\/\/www.youtube.com\/embed\/nliOnVZIhxY?feature=oembed\" frameborder=\"0\" allow=\"accelerometer; autoplay; clipboard-write; encrypted-media; gyroscope; picture-in-picture\" allowfullscreen><\/iframe>\n<\/div><\/figure>\n\n\n\n<p>Formulario Ticket de Salida Matem\u00e1tica:<\/p>\n<p style=\"text-align: center;\"><a href=\"https:\/\/forms.gle\/Ak7koPuedPYmW7jPA\">https:\/\/forms.gle\/Ak7koPuedPYmW7jPA<\/a><\/p>\n\n\n\n<div style=\"height:58px\" aria-hidden=\"true\" class=\"wp-block-spacer\"><\/div>\n\n\n\n<h4>Retroalimentaci\u00f3n&nbsp; 6\u00b0 B\u00e1sico Historia<\/h4>\n<p>Profesora: \u00c1ngela Mendoza \/ angela.mendoza@colegio-sanandres.cl<\/p>\n<p><a href=\"http:\/\/www.colegio-sanandres.cl\/wp-content\/uploads\/2020\/12\/Solucionario-6\u00b0-B\u00e1sico-Historia.pdf\">Solucionario 6\u00b0 B\u00e1sico Historia.<\/a><\/p>\n\n\n\n<figure class=\"wp-block-embed-youtube wp-block-embed is-type-video is-provider-youtube wp-embed-aspect-16-9 wp-has-aspect-ratio\"><div class=\"wp-block-embed__wrapper\">\n<iframe loading=\"lazy\" title=\"Revisi\u00f3n \u00bfQu\u00e9 hemos aprendido este a\u00f1o? 6\u00b0 b\u00e1sicos\" width=\"830\" height=\"467\" src=\"https:\/\/www.youtube.com\/embed\/BAo65uKqAAA?feature=oembed\" frameborder=\"0\" allow=\"accelerometer; autoplay; clipboard-write; encrypted-media; gyroscope; picture-in-picture\" allowfullscreen><\/iframe>\n<\/div><\/figure>\n\n\n\n<p>Formulario Ticket de Salida Historia:<\/p>\n<p style=\"text-align: center;\"><a href=\"https:\/\/forms.gle\/6uhYMJZB5i7iUD5k9\">https:\/\/forms.gle\/6uhYMJZB5i7iUD5k9<\/a><\/p>\n\n\n\n<div style=\"height:59px\" aria-hidden=\"true\" class=\"wp-block-spacer\"><\/div>\n\n\n\n<h4>Retroalimentaci\u00f3n&nbsp; 6\u00b0 B\u00e1sico <strong>Ingl\u00e9s<\/strong><\/h4>\n<p>Profesora: Patricia Catal\u00e1n \/ patricia.catalan@colegio-sanandres.cl<\/p>\n<p><a href=\"http:\/\/www.colegio-sanandres.cl\/wp-content\/uploads\/2020\/12\/Solucionario-6\u00b0-B\u00e1sico-Ingl\u00e9s.pdf\">Solucionario 6\u00b0 B\u00e1sico Ingl\u00e9s.<\/a><\/p>\n\n\n\n<figure class=\"wp-block-embed-youtube wp-block-embed is-type-video is-provider-youtube wp-embed-aspect-16-9 wp-has-aspect-ratio\"><div class=\"wp-block-embed__wrapper\">\n<iframe loading=\"lazy\" title=\"Retroalimentaci\u00f3n Ingl\u00e9s 6\u00b0 b\u00e1sico_Review activities\" width=\"830\" height=\"467\" src=\"https:\/\/www.youtube.com\/embed\/5s7ZwcFotj4?feature=oembed\" frameborder=\"0\" allow=\"accelerometer; autoplay; clipboard-write; encrypted-media; gyroscope; picture-in-picture\" allowfullscreen><\/iframe>\n<\/div><\/figure>\n\n\n\n<p>Formulario Ticket de Salida Ingl\u00e9s:<\/p>\n<p style=\"text-align: center;\"><a href=\"https:\/\/forms.gle\/5xLS82rfVi6MoTD47\">https:\/\/forms.gle\/5xLS82rfVi6MoTD47<\/a><\/p>\n\n\n\n<div style=\"height:58px\" aria-hidden=\"true\" class=\"wp-block-spacer\"><\/div>\n\n\n\n<h4>Retroalimentaci\u00f3n&nbsp; 6\u00b0 B\u00e1sico <strong>M\u00fasica<\/strong><\/h4>\n<p>Profesor: Cristian Chac\u00f3n \/ cristian.chacon@colegio-sanandres.cl<\/p>\n\n\n\n<figure class=\"wp-block-embed-youtube wp-block-embed is-type-video is-provider-youtube wp-embed-aspect-16-9 wp-has-aspect-ratio\"><div class=\"wp-block-embed__wrapper\">\n<iframe loading=\"lazy\" title=\"Retro alimentacion, Gu\u00eda 15\" width=\"830\" height=\"467\" src=\"https:\/\/www.youtube.com\/embed\/Zdci8t1YvVo?feature=oembed\" frameborder=\"0\" allow=\"accelerometer; autoplay; clipboard-write; encrypted-media; gyroscope; picture-in-picture\" allowfullscreen><\/iframe>\n<\/div><\/figure>\n\n\n\n<p>Ticket de Salida M\u00fasica:<\/p>\n<p style=\"text-align: center;\"><a href=\"https:\/\/forms.gle\/AibASqhECVtfN9KR8\">https:\/\/forms.gle\/AibASqhECVtfN9KR8<\/a><\/p>\n\n\n\n<div style=\"height:54px\" aria-hidden=\"true\" class=\"wp-block-spacer\"><\/div>\n\n\n\n<h4>Retroalimentaci\u00f3n&nbsp; 6\u00b0 B\u00e1sico Artes Visuales<\/h4>\n<p>Profesora: Susana Ortiz \/ susana.ortiz@colegio-sanandres.cl<\/p>\n\n\n\n<figure class=\"wp-block-embed-youtube wp-block-embed is-type-video is-provider-youtube wp-embed-aspect-16-9 wp-has-aspect-ratio\"><div class=\"wp-block-embed__wrapper\">\n<iframe loading=\"lazy\" title=\"Video de retroalimentacion de artes 6\u00b0b\u00e1sico\" width=\"830\" height=\"467\" src=\"https:\/\/www.youtube.com\/embed\/t2jwbX_VpFg?feature=oembed\" frameborder=\"0\" allow=\"accelerometer; autoplay; clipboard-write; encrypted-media; gyroscope; picture-in-picture\" allowfullscreen><\/iframe>\n<\/div><\/figure>\n\n\n\n<p>Formulario Ticket de Salida Artes Visuales:<\/p>\n<p style=\"text-align: center;\"><a href=\"https:\/\/forms.gle\/boERWYiM7KftnRvg9\">https:\/\/forms.gle\/boERWYiM7KftnRvg9<\/a><\/p>\n\n\n\n<div style=\"height:60px\" aria-hidden=\"true\" class=\"wp-block-spacer\"><\/div>\n\n\n\n<h4>Retroalimentaci\u00f3n&nbsp; 6\u00b0 B\u00e1sico <strong>Educaci\u00f3n F\u00edsica<\/strong><\/h4>\n<p>Profesor: Javier \u00c1vila \/ javier.avila@colegio-sanandres.cl<\/p>\n\n\n\n<figure class=\"wp-block-embed-youtube wp-block-embed is-type-video is-provider-youtube wp-embed-aspect-16-9 wp-has-aspect-ratio\"><div class=\"wp-block-embed__wrapper\">\n<iframe loading=\"lazy\" title=\"6\u00b0 B\u00e1sicos. Consolidaci\u00f3n de contenidos 2020\" width=\"830\" height=\"467\" src=\"https:\/\/www.youtube.com\/embed\/89k8v6Lzg-0?feature=oembed\" frameborder=\"0\" allow=\"accelerometer; autoplay; clipboard-write; encrypted-media; gyroscope; picture-in-picture\" allowfullscreen><\/iframe>\n<\/div><\/figure>\n\n\n\n<p>Formulario Ticket de Salida Educaci\u00f3n F\u00edsica:<\/p>\n<p style=\"text-align: center;\"><a href=\"https:\/\/forms.gle\/7ybFCi56YDWB7WjT6\">https:\/\/forms.gle\/7ybFCi56YDWB7WjT6<\/a><\/p>\n","protected":false},"excerpt":{"rendered":"<p>Retroalimentaci\u00f3n&nbsp; 6\u00b0 B\u00e1sico Lenguaje Profesora: Isabel Rivera \/ isabel.rivera@colegio-sanandres.cl Formulario Ticket de Salida Lenguaje: https:\/\/forms.gle\/KwnxuDAsHbWqeqZ97 El ticket de salida contempla la lectura de un texto el cual est\u00e1 inserto en el formulario. De todas maneras les adjunto el texto en formato pdf por si no lo logran ver bien desde su dispositivo: Lectura Ticket 6\u00b0 [&hellip;]<\/p>\n","protected":false},"author":3,"featured_media":0,"parent":0,"menu_order":0,"comment_status":"closed","ping_status":"closed","template":"","meta":{"footnotes":""},"class_list":["post-6920","page","type-page","status-publish","hentry"],"amp_enabled":true,"_links":{"self":[{"href":"http:\/\/www.colegio-sanandres.cl\/index.php?rest_route=\/wp\/v2\/pages\/6920","targetHints":{"allow":["GET"]}}],"collection":[{"href":"http:\/\/www.colegio-sanandres.cl\/index.php?rest_route=\/wp\/v2\/pages"}],"about":[{"href":"http:\/\/www.colegio-sanandres.cl\/index.php?rest_route=\/wp\/v2\/types\/page"}],"author":[{"embeddable":true,"href":"http:\/\/www.colegio-sanandres.cl\/index.php?rest_route=\/wp\/v2\/users\/3"}],"replies":[{"embeddable":true,"href":"http:\/\/www.colegio-sanandres.cl\/index.php?rest_route=%2Fwp%2Fv2%2Fcomments&post=6920"}],"version-history":[{"count":2,"href":"http:\/\/www.colegio-sanandres.cl\/index.php?rest_route=\/wp\/v2\/pages\/6920\/revisions"}],"predecessor-version":[{"id":6926,"href":"http:\/\/www.colegio-sanandres.cl\/index.php?rest_route=\/wp\/v2\/pages\/6920\/revisions\/6926"}],"wp:attachment":[{"href":"http:\/\/www.colegio-sanandres.cl\/index.php?rest_route=%2Fwp%2Fv2%2Fmedia&parent=6920"}],"curies":[{"name":"wp","href":"https:\/\/api.w.org\/{rel}","templated":true}]}}