{"id":6927,"date":"2020-12-01T23:17:03","date_gmt":"2020-12-02T02:17:03","guid":{"rendered":"http:\/\/www.colegio-sanandres.cl\/?page_id=6927"},"modified":"2020-12-01T23:17:03","modified_gmt":"2020-12-02T02:17:03","slug":"7o-basico-2a-semana-retroalimentacion-6","status":"publish","type":"page","link":"http:\/\/www.colegio-sanandres.cl\/?page_id=6927","title":{"rendered":"7\u00ba B\u00c1SICO (2a Semana Retroalimentaci\u00f3n)"},"content":{"rendered":"\n<div style=\"height:56px\" aria-hidden=\"true\" class=\"wp-block-spacer\"><\/div>\n\n\n\n<h4>Retroalimentaci\u00f3n\u00a0 7\u00b0 B\u00e1sico <strong>Lenguaje<\/strong><\/h4>\n<p>Profesora: Denisse Vergara \/ denisse.vergara@colegio-sanandres.cl<\/p>\n<p><a href=\"http:\/\/www.colegio-sanandres.cl\/wp-content\/uploads\/2020\/12\/Solucionario-7\u00b0-B\u00e1sico-Lenguaje.pdf\">Solucionario 7\u00b0 B\u00e1sico Lenguaje.<\/a><\/p>\n\n\n\n<figure class=\"wp-block-embed-youtube wp-block-embed is-type-video is-provider-youtube wp-embed-aspect-16-9 wp-has-aspect-ratio\"><div class=\"wp-block-embed__wrapper\">\n<iframe loading=\"lazy\" title=\"RETROALIMENTACI\u00d3N 7\u00b0\" width=\"830\" height=\"467\" src=\"https:\/\/www.youtube.com\/embed\/OdyZp4lVDeQ?feature=oembed\" frameborder=\"0\" allow=\"accelerometer; autoplay; clipboard-write; encrypted-media; gyroscope; picture-in-picture\" allowfullscreen><\/iframe>\n<\/div><\/figure>\n\n\n\n<p>Formulario Ticket de Salida Lenguaje:<\/p>\n<p style=\"text-align: center;\"><a href=\"https:\/\/forms.gle\/2TPdxz2QbPbeNaLb7\">https:\/\/forms.gle\/2TPdxz2QbPbeNaLb7<\/a><\/p>\n\n\n\n<div style=\"height:61px\" aria-hidden=\"true\" class=\"wp-block-spacer\"><\/div>\n\n\n\n<h4>Retroalimentaci\u00f3n\u00a0 7\u00b0 B\u00e1sico Matem\u00e1tica<\/h4>\n<p style=\"text-align: justify;\">Profesora: Nayadher Villanueva \/ nayadher.villanueva@colegio-sanandres.cl<\/p>\n<p><a href=\"http:\/\/www.colegio-sanandres.cl\/wp-content\/uploads\/2020\/12\/Solucionario-7\u00b0-B\u00e1sico-Matem\u00e1ticas.pdf\">Solucionario 7\u00b0 B\u00e1sico Matem\u00e1tica.<\/a><\/p>\n\n\n\n<figure class=\"wp-block-embed-youtube wp-block-embed is-type-video is-provider-youtube wp-embed-aspect-16-9 wp-has-aspect-ratio\"><div class=\"wp-block-embed__wrapper\">\n<iframe loading=\"lazy\" title=\"mat7\" width=\"830\" height=\"467\" src=\"https:\/\/www.youtube.com\/embed\/5Y7Jfxv_D6E?feature=oembed\" frameborder=\"0\" allow=\"accelerometer; autoplay; clipboard-write; encrypted-media; gyroscope; picture-in-picture\" allowfullscreen><\/iframe>\n<\/div><\/figure>\n\n\n\n<p>Formulario Ticket de Salida Matem\u00e1tica:<\/p>\n<p style=\"text-align: center;\"><a href=\"https:\/\/docs.google.com\/forms\/d\/e\/1FAIpQLSfYdzU0hed3aSuT3iWx93Rt635iSy-1bP65oOgftEwFHB5MLA\/viewform?vc=0&amp;c=0&amp;w=1&amp;flr=0&amp;gxids=7757\">https:\/\/docs.google.com\/forms\/d\/e\/1FAIpQLSfYdzU0hed3aSuT3iWx93Rt635iSy-1bP65oOgftEwFHB5MLA\/viewform?vc=0&amp;c=0&amp;w=1&amp;flr=0&amp;gxids=7757<\/a><\/p>\n\n\n\n<div style=\"height:43px\" aria-hidden=\"true\" class=\"wp-block-spacer\"><\/div>\n\n\n\n<h4>Retroalimentaci\u00f3n\u00a0 7\u00b0 B\u00e1sico Historia<\/h4>\n<p>Profesor: \u00c1lvaro Pino \/ alvaro.pino@colegio-sanandres.cl<\/p>\n<p><a href=\"http:\/\/www.colegio-sanandres.cl\/wp-content\/uploads\/2020\/12\/Solucionario-7\u00b0-B\u00e1sico-Historia.pdf\">Solucionario 7\u00b0 B\u00e1sico Historia.<\/a><\/p>\n\n\n\n<figure class=\"wp-block-embed-youtube wp-block-embed is-type-video is-provider-youtube wp-embed-aspect-16-9 wp-has-aspect-ratio\"><div class=\"wp-block-embed__wrapper\">\n<iframe loading=\"lazy\" title=\"Retroalimentaci\u00f3n Historia 7\u00b0 B\u00e1sico\" width=\"830\" height=\"467\" src=\"https:\/\/www.youtube.com\/embed\/9LBEo74zUls?feature=oembed\" frameborder=\"0\" allow=\"accelerometer; autoplay; clipboard-write; encrypted-media; gyroscope; picture-in-picture\" allowfullscreen><\/iframe>\n<\/div><\/figure>\n\n\n\n<p>Formulario Ticket de Salida Historia:<\/p>\n<p style=\"text-align: center;\"><a href=\"https:\/\/forms.gle\/XZWjohQACsDKsSpR9\">https:\/\/forms.gle\/XZWjohQACsDKsSpR9<\/a><\/p>\n\n\n\n<div style=\"height:57px\" aria-hidden=\"true\" class=\"wp-block-spacer\"><\/div>\n\n\n\n<h4>Retroalimentaci\u00f3n\u00a0 7\u00b0 B\u00e1sico <strong>Ingl\u00e9s<\/strong><\/h4>\n<p>Profesora: Patricia Catal\u00e1n \/ patricia.catalan@colegio-sanandres.cl<\/p>\n<p><a href=\"http:\/\/www.colegio-sanandres.cl\/wp-content\/uploads\/2020\/12\/Solucionario-7\u00b0-B\u00e1sico-Ingl\u00e9s.pdf\">Solucionario 7\u00b0 B\u00e1sico Ingl\u00e9s.<\/a><\/p>\n\n\n\n<figure class=\"wp-block-embed-youtube wp-block-embed is-type-video is-provider-youtube wp-embed-aspect-16-9 wp-has-aspect-ratio\"><div class=\"wp-block-embed__wrapper\">\n<iframe loading=\"lazy\" title=\"Retroalimentaci\u00f3n Ingl\u00e9s 7\u00b0 b\u00e1sico_Review activities\" width=\"830\" height=\"467\" src=\"https:\/\/www.youtube.com\/embed\/oQTHFX6j45I?feature=oembed\" frameborder=\"0\" allow=\"accelerometer; autoplay; clipboard-write; encrypted-media; gyroscope; picture-in-picture\" allowfullscreen><\/iframe>\n<\/div><\/figure>\n\n\n\n<p>Formulario Ticket de Salida Ingl\u00e9s:<\/p>\n<p style=\"text-align: center;\"><a href=\"https:\/\/forms.gle\/f12BSPPNx89dcLag8\">https:\/\/forms.gle\/f12BSPPNx89dcLag8<\/a><\/p>\n\n\n\n<div style=\"height:60px\" aria-hidden=\"true\" class=\"wp-block-spacer\"><\/div>\n\n\n\n<h4>Retroalimentaci\u00f3n&nbsp; 7\u00b0 B\u00e1sico <strong>M\u00fasica<\/strong><\/h4>\n<p>Profesor: Cristian Chac\u00f3n \/ cristian.chacon@colegio-sanandres.cl<\/p>\n\n\n\n<figure class=\"wp-block-embed-youtube wp-block-embed is-type-video is-provider-youtube wp-embed-aspect-16-9 wp-has-aspect-ratio\"><div class=\"wp-block-embed__wrapper\">\n<iframe loading=\"lazy\" title=\"Retro alimentacion, Gu\u00eda 15\" width=\"830\" height=\"467\" src=\"https:\/\/www.youtube.com\/embed\/Zdci8t1YvVo?feature=oembed\" frameborder=\"0\" allow=\"accelerometer; autoplay; clipboard-write; encrypted-media; gyroscope; picture-in-picture\" allowfullscreen><\/iframe>\n<\/div><\/figure>\n\n\n\n<p>Ticket de salida M\u00fasica:<\/p>\n<p style=\"text-align: center;\"><a href=\"https:\/\/forms.gle\/278DdKAns83vzU3Z6\">https:\/\/forms.gle\/278DdKAns83vzU3Z6<\/a><\/p>\n\n\n\n<div style=\"height:47px\" aria-hidden=\"true\" class=\"wp-block-spacer\"><\/div>\n\n\n\n<h4 style=\"text-align: left;\">Retroalimentaci\u00f3n&nbsp; 7\u00b0 B\u00e1sico Artes Visuales<\/h4>\n<p>Profesora: Susana Ortiz \/ susana.ortiz@colegio-sanandres.cl<\/p>\n\n\n\n<figure class=\"wp-block-embed-youtube wp-block-embed is-type-video is-provider-youtube wp-embed-aspect-16-9 wp-has-aspect-ratio\"><div class=\"wp-block-embed__wrapper\">\n<iframe loading=\"lazy\" title=\"Video de retroalimentacion de artes 7\u00b0 b\u00e1sico.\" width=\"830\" height=\"467\" src=\"https:\/\/www.youtube.com\/embed\/MPQRX2ocXeU?feature=oembed\" frameborder=\"0\" allow=\"accelerometer; autoplay; clipboard-write; encrypted-media; gyroscope; picture-in-picture\" allowfullscreen><\/iframe>\n<\/div><\/figure>\n\n\n\n<p>Formulario Ticket de Salida Artes Visuales:<\/p>\n<p style=\"text-align: center;\"><a href=\"https:\/\/forms.gle\/Uim28PJuwA8nopPF7\">https:\/\/forms.gle\/Uim28PJuwA8nopPF7<\/a><\/p>\n\n\n\n<div style=\"height:58px\" aria-hidden=\"true\" class=\"wp-block-spacer\"><\/div>\n\n\n\n<h4>Retroalimentaci\u00f3n&nbsp; 7\u00b0 B\u00e1sico <strong>Educaci\u00f3n F\u00edsica<\/strong><\/h4>\n<p>Profesor: Mauricio Or\u00f3stica \/ mauricio.orostica@colegio-sanandres.cl<\/p>\n\n\n\n<figure class=\"wp-block-embed-youtube wp-block-embed is-type-video is-provider-youtube wp-embed-aspect-16-9 wp-has-aspect-ratio\"><div class=\"wp-block-embed__wrapper\">\n<iframe loading=\"lazy\" title=\"TICKET DE SALIDA S\u00c9PTIMOS   30\/11\/2020\" width=\"830\" height=\"467\" src=\"https:\/\/www.youtube.com\/embed\/_WGf6G9z0cU?feature=oembed\" frameborder=\"0\" allow=\"accelerometer; autoplay; clipboard-write; encrypted-media; gyroscope; picture-in-picture\" allowfullscreen><\/iframe>\n<\/div><\/figure>\n\n\n\n<p style=\"text-align: left;\">Formulario Ticket de Salida Educaci\u00f3n\u00a0 F\u00edsica:<\/p>\n<p style=\"text-align: center;\"><a href=\"https:\/\/docs.google.com\/forms\/d\/e\/1FAIpQLSdyTHv2mn90NIXxmkH7e-r7BAVm2aPd75U8IbKtiTGge6TPAQ\/viewform?gxids=7757\">https:\/\/docs.google.com\/forms\/d\/e\/1FAIpQLSdyTHv2mn90NIXxmkH7e-r7BAVm2aPd75U8IbKtiTGge6TPAQ\/viewform?gxids=7757<\/a><\/p>\n","protected":false},"excerpt":{"rendered":"<p>Retroalimentaci\u00f3n\u00a0 7\u00b0 B\u00e1sico Lenguaje Profesora: Denisse Vergara \/ denisse.vergara@colegio-sanandres.cl Solucionario 7\u00b0 B\u00e1sico Lenguaje. Formulario Ticket de Salida Lenguaje: https:\/\/forms.gle\/2TPdxz2QbPbeNaLb7 Retroalimentaci\u00f3n\u00a0 7\u00b0 B\u00e1sico Matem\u00e1tica Profesora: Nayadher Villanueva \/ nayadher.villanueva@colegio-sanandres.cl Solucionario 7\u00b0 B\u00e1sico Matem\u00e1tica. Formulario Ticket de Salida Matem\u00e1tica: https:\/\/docs.google.com\/forms\/d\/e\/1FAIpQLSfYdzU0hed3aSuT3iWx93Rt635iSy-1bP65oOgftEwFHB5MLA\/viewform?vc=0&amp;c=0&amp;w=1&amp;flr=0&amp;gxids=7757 Retroalimentaci\u00f3n\u00a0 7\u00b0 B\u00e1sico Historia Profesor: \u00c1lvaro Pino \/ alvaro.pino@colegio-sanandres.cl Solucionario 7\u00b0 B\u00e1sico Historia. Formulario Ticket de Salida [&hellip;]<\/p>\n","protected":false},"author":3,"featured_media":0,"parent":0,"menu_order":0,"comment_status":"closed","ping_status":"closed","template":"","meta":{"footnotes":""},"class_list":["post-6927","page","type-page","status-publish","hentry"],"amp_enabled":true,"_links":{"self":[{"href":"http:\/\/www.colegio-sanandres.cl\/index.php?rest_route=\/wp\/v2\/pages\/6927","targetHints":{"allow":["GET"]}}],"collection":[{"href":"http:\/\/www.colegio-sanandres.cl\/index.php?rest_route=\/wp\/v2\/pages"}],"about":[{"href":"http:\/\/www.colegio-sanandres.cl\/index.php?rest_route=\/wp\/v2\/types\/page"}],"author":[{"embeddable":true,"href":"http:\/\/www.colegio-sanandres.cl\/index.php?rest_route=\/wp\/v2\/users\/3"}],"replies":[{"embeddable":true,"href":"http:\/\/www.colegio-sanandres.cl\/index.php?rest_route=%2Fwp%2Fv2%2Fcomments&post=6927"}],"version-history":[{"count":1,"href":"http:\/\/www.colegio-sanandres.cl\/index.php?rest_route=\/wp\/v2\/pages\/6927\/revisions"}],"predecessor-version":[{"id":6932,"href":"http:\/\/www.colegio-sanandres.cl\/index.php?rest_route=\/wp\/v2\/pages\/6927\/revisions\/6932"}],"wp:attachment":[{"href":"http:\/\/www.colegio-sanandres.cl\/index.php?rest_route=%2Fwp%2Fv2%2Fmedia&parent=6927"}],"curies":[{"name":"wp","href":"https:\/\/api.w.org\/{rel}","templated":true}]}}