{"id":7210,"date":"2021-03-05T22:07:29","date_gmt":"2021-03-06T01:07:29","guid":{"rendered":"http:\/\/www.colegio-sanandres.cl\/?page_id=7210"},"modified":"2021-03-07T16:38:45","modified_gmt":"2021-03-07T19:38:45","slug":"pre-kinder-clases-de-orientacion-miercoles-10-jueves-11-de-marzo","status":"publish","type":"page","link":"http:\/\/www.colegio-sanandres.cl\/?page_id=7210","title":{"rendered":"Pre K\u00ednder (Clases de Orientaci\u00f3n Mi\u00e9rcoles 10  y Jueves 11 de Marzo)."},"content":{"rendered":"\n<h3 style=\"text-align: center;\"><strong><span style=\"background-color: #ffcc99;\">PRE K\u00cdNDER A<\/span><br \/><\/strong><\/h3>\n<p><a href=\"http:\/\/www.colegio-sanandres.cl\/wp-content\/uploads\/2021\/03\/Pre-K\u00ednder-A.jpg\"><img loading=\"lazy\" decoding=\"async\" class=\"alignnone size-large wp-image-7211\" src=\"http:\/\/www.colegio-sanandres.cl\/wp-content\/uploads\/2021\/03\/Pre-K\u00ednder-A-1200x675.jpg\" alt=\"\" width=\"830\" height=\"467\" srcset=\"http:\/\/www.colegio-sanandres.cl\/wp-content\/uploads\/2021\/03\/Pre-K\u00ednder-A-1200x675.jpg 1200w, http:\/\/www.colegio-sanandres.cl\/wp-content\/uploads\/2021\/03\/Pre-K\u00ednder-A-850x478.jpg 850w, http:\/\/www.colegio-sanandres.cl\/wp-content\/uploads\/2021\/03\/Pre-K\u00ednder-A-250x141.jpg 250w, http:\/\/www.colegio-sanandres.cl\/wp-content\/uploads\/2021\/03\/Pre-K\u00ednder-A-768x432.jpg 768w, http:\/\/www.colegio-sanandres.cl\/wp-content\/uploads\/2021\/03\/Pre-K\u00ednder-A.jpg 1280w\" sizes=\"auto, (max-width: 830px) 100vw, 830px\" \/><\/a><\/p>\n<p>\u00a0<\/p>\n<table width=\"273\">\n<tbody>\n<tr>\n<td style=\"text-align: center;\" width=\"273\"><strong>MI\u00c9RCOLES<br \/><\/strong><\/td>\n<\/tr>\n<tr>\n<td style=\"text-align: left;\" width=\"273\">Asignatura Orientaci\u00f3n \u00a0\u00a0\u00a0\u00a0\u00a0\u00a0\u00a0\u00a0\u00a0\u00a0\u00a0\u00a0\u00a0\u00a0\u00a0<\/td>\n<\/tr>\n<tr>\n<td style=\"text-align: left;\" width=\"273\">Horario 12:00 a 12:45<\/td>\n<\/tr>\n<tr>\n<td style=\"text-align: left;\" width=\"273\">Educadora Mar\u00eda Olga General<\/td>\n<\/tr>\n<tr>\n<td style=\"text-align: left;\" width=\"273\">Link de Acceso <a href=\"https:\/\/meet.google.com\/bev-nksx-yqj\">https:\/\/meet.google.com\/bev-nksx-yqj<\/a><\/td>\n<\/tr>\n<\/tbody>\n<\/table>\n<p>\u00a0<\/p>\n<table>\n<tbody>\n<tr>\n<td style=\"text-align: center;\" width=\"273\"><strong>JUEVES<br \/><\/strong><\/td>\n<\/tr>\n<tr>\n<td width=\"273\">Asignatura Orientaci\u00f3n \u00a0\u00a0\u00a0 \u00a0\u00a0\u00a0\u00a0\u00a0\u00a0\u00a0\u00a0\u00a0\u00a0\u00a0\u00a0\u00a0\u00a0\u00a0\u00a0\u00a0\u00a0<\/td>\n<\/tr>\n<tr>\n<td width=\"273\">Horario 12:00 a 12:45<\/td>\n<\/tr>\n<tr>\n<td width=\"273\">Educadora Mar\u00eda Olga General<\/td>\n<\/tr>\n<tr>\n<td width=\"273\">Link de Acceso <a href=\"https:\/\/meet.google.com\/gox-npgb-mws\">https:\/\/meet.google.com\/gox-npgb-mws<\/a><\/td>\n<\/tr>\n<\/tbody>\n<\/table>\n<p>\u00a0<\/p>\n\n\n\n<hr class=\"wp-block-separator\"\/>\n\n\n\n<div style=\"height:70px\" aria-hidden=\"true\" class=\"wp-block-spacer\"><\/div>\n\n\n\n<h3 style=\"text-align: center;\"><span style=\"background-color: #ccffff;\"><strong>PRE K\u00cdNDER B<\/strong><\/span><\/h3>\n<p><a href=\"http:\/\/www.colegio-sanandres.cl\/wp-content\/uploads\/2021\/03\/Pre-K\u00ednder-B.jpg\"><img loading=\"lazy\" decoding=\"async\" class=\"alignnone size-large wp-image-7212\" src=\"http:\/\/www.colegio-sanandres.cl\/wp-content\/uploads\/2021\/03\/Pre-K\u00ednder-B-1200x675.jpg\" alt=\"\" width=\"830\" height=\"467\" srcset=\"http:\/\/www.colegio-sanandres.cl\/wp-content\/uploads\/2021\/03\/Pre-K\u00ednder-B-1200x675.jpg 1200w, http:\/\/www.colegio-sanandres.cl\/wp-content\/uploads\/2021\/03\/Pre-K\u00ednder-B-850x478.jpg 850w, http:\/\/www.colegio-sanandres.cl\/wp-content\/uploads\/2021\/03\/Pre-K\u00ednder-B-250x141.jpg 250w, http:\/\/www.colegio-sanandres.cl\/wp-content\/uploads\/2021\/03\/Pre-K\u00ednder-B-768x432.jpg 768w, http:\/\/www.colegio-sanandres.cl\/wp-content\/uploads\/2021\/03\/Pre-K\u00ednder-B.jpg 1280w\" sizes=\"auto, (max-width: 830px) 100vw, 830px\" \/><\/a><\/p>\n<p>\u00a0<\/p>\n<table style=\"width: 100%; height: 120px;\" width=\"273\">\n<tbody>\n<tr style=\"height: 24px;\">\n<td style=\"text-align: center; height: 24px;\" width=\"273\"><strong>MI\u00c9RCOLES<br \/><\/strong><\/td>\n<\/tr>\n<tr style=\"height: 24px;\">\n<td style=\"height: 24px; text-align: left;\" width=\"273\">Asignatura Orientaci\u00f3n \u00a0\u00a0\u00a0\u00a0\u00a0\u00a0\u00a0\u00a0\u00a0\u00a0\u00a0\u00a0\u00a0<\/td>\n<\/tr>\n<tr style=\"height: 24px;\">\n<td style=\"height: 24px; text-align: left;\" width=\"273\">Horario 15:00 a 15:45<\/td>\n<\/tr>\n<tr style=\"height: 24px;\">\n<td style=\"height: 24px; text-align: left;\" width=\"273\">Educadora Margarita Conzu\u00e9<\/td>\n<\/tr>\n<tr style=\"height: 24px;\">\n<td style=\"height: 24px; text-align: left;\" width=\"273\">Link de Acceso <a href=\"https:\/\/meet.google.com\/xut-xkpp-vxh\">https:\/\/meet.google.com\/xut-xkpp-vxh<\/a><\/td>\n<\/tr>\n<\/tbody>\n<\/table>\n<p>\u00a0<\/p>\n<table style=\"width: 100%; height: 120px;\">\n<tbody>\n<tr style=\"height: 24px;\">\n<td style=\"text-align: center; height: 24px;\" width=\"273\"><strong>JUEVES<br \/><\/strong><\/td>\n<\/tr>\n<tr style=\"height: 24px;\">\n<td style=\"height: 24px;\" width=\"273\">Asignatura Orientaci\u00f3n \u00a0\u00a0\u00a0\u00a0\u00a0\u00a0\u00a0\u00a0\u00a0<\/td>\n<\/tr>\n<tr style=\"height: 24px;\">\n<td style=\"height: 24px;\" width=\"273\">Horario 15:00 a 15:45<\/td>\n<\/tr>\n<tr style=\"height: 24px;\">\n<td style=\"height: 24px;\" width=\"273\">Educadora Margarita Conzu\u00e9<\/td>\n<\/tr>\n<tr style=\"height: 24px;\">\n<td style=\"height: 24px;\" width=\"273\">Link de Acceso <a href=\"https:\/\/meet.google.com\/dyy-csoy-oxq\">https:\/\/meet.google.com\/dyy-csoy-oxq<\/a><\/td>\n<\/tr>\n<\/tbody>\n<\/table>\n<p>\u00a0<\/p>\n","protected":false},"excerpt":{"rendered":"<p>PRE K\u00cdNDER A \u00a0 MI\u00c9RCOLES Asignatura Orientaci\u00f3n \u00a0\u00a0\u00a0\u00a0\u00a0\u00a0\u00a0\u00a0\u00a0\u00a0\u00a0\u00a0\u00a0\u00a0\u00a0 Horario 12:00 a 12:45 Educadora Mar\u00eda Olga General Link de Acceso https:\/\/meet.google.com\/bev-nksx-yqj \u00a0 JUEVES Asignatura Orientaci\u00f3n \u00a0\u00a0\u00a0 \u00a0\u00a0\u00a0\u00a0\u00a0\u00a0\u00a0\u00a0\u00a0\u00a0\u00a0\u00a0\u00a0\u00a0\u00a0\u00a0\u00a0\u00a0 Horario 12:00 a 12:45 Educadora Mar\u00eda Olga General Link de Acceso https:\/\/meet.google.com\/gox-npgb-mws \u00a0 PRE K\u00cdNDER B \u00a0 MI\u00c9RCOLES Asignatura Orientaci\u00f3n \u00a0\u00a0\u00a0\u00a0\u00a0\u00a0\u00a0\u00a0\u00a0\u00a0\u00a0\u00a0\u00a0 Horario 15:00 a 15:45 Educadora Margarita Conzu\u00e9 Link [&hellip;]<\/p>\n","protected":false},"author":3,"featured_media":0,"parent":0,"menu_order":0,"comment_status":"closed","ping_status":"closed","template":"","meta":{"footnotes":""},"class_list":["post-7210","page","type-page","status-publish","hentry"],"amp_enabled":true,"_links":{"self":[{"href":"http:\/\/www.colegio-sanandres.cl\/index.php?rest_route=\/wp\/v2\/pages\/7210","targetHints":{"allow":["GET"]}}],"collection":[{"href":"http:\/\/www.colegio-sanandres.cl\/index.php?rest_route=\/wp\/v2\/pages"}],"about":[{"href":"http:\/\/www.colegio-sanandres.cl\/index.php?rest_route=\/wp\/v2\/types\/page"}],"author":[{"embeddable":true,"href":"http:\/\/www.colegio-sanandres.cl\/index.php?rest_route=\/wp\/v2\/users\/3"}],"replies":[{"embeddable":true,"href":"http:\/\/www.colegio-sanandres.cl\/index.php?rest_route=%2Fwp%2Fv2%2Fcomments&post=7210"}],"version-history":[{"count":5,"href":"http:\/\/www.colegio-sanandres.cl\/index.php?rest_route=\/wp\/v2\/pages\/7210\/revisions"}],"predecessor-version":[{"id":7275,"href":"http:\/\/www.colegio-sanandres.cl\/index.php?rest_route=\/wp\/v2\/pages\/7210\/revisions\/7275"}],"wp:attachment":[{"href":"http:\/\/www.colegio-sanandres.cl\/index.php?rest_route=%2Fwp%2Fv2%2Fmedia&parent=7210"}],"curies":[{"name":"wp","href":"https:\/\/api.w.org\/{rel}","templated":true}]}}