{"id":7215,"date":"2021-03-06T23:15:02","date_gmt":"2021-03-07T02:15:02","guid":{"rendered":"http:\/\/www.colegio-sanandres.cl\/?page_id=7215"},"modified":"2021-03-07T16:40:24","modified_gmt":"2021-03-07T19:40:24","slug":"kinder-clases-de-orientacion-miercoles-10-jueves-11-de-marzo","status":"publish","type":"page","link":"http:\/\/www.colegio-sanandres.cl\/?page_id=7215","title":{"rendered":"K\u00ednder (Clases de Orientaci\u00f3n Mi\u00e9rcoles 10 y Jueves 11 de Marzo)."},"content":{"rendered":"\n<h3 style=\"text-align: center;\"><strong><span style=\"background-color: #ffcc00;\">K\u00cdNDER A<\/span><br \/><\/strong><\/h3>\n<p><a href=\"http:\/\/www.colegio-sanandres.cl\/wp-content\/uploads\/2021\/03\/K\u00ednder-A.jpg\"><img loading=\"lazy\" decoding=\"async\" class=\"alignnone size-large wp-image-7216\" src=\"http:\/\/www.colegio-sanandres.cl\/wp-content\/uploads\/2021\/03\/K\u00ednder-A-1200x675.jpg\" alt=\"\" width=\"830\" height=\"467\" srcset=\"http:\/\/www.colegio-sanandres.cl\/wp-content\/uploads\/2021\/03\/K\u00ednder-A-1200x675.jpg 1200w, http:\/\/www.colegio-sanandres.cl\/wp-content\/uploads\/2021\/03\/K\u00ednder-A-850x478.jpg 850w, http:\/\/www.colegio-sanandres.cl\/wp-content\/uploads\/2021\/03\/K\u00ednder-A-250x141.jpg 250w, http:\/\/www.colegio-sanandres.cl\/wp-content\/uploads\/2021\/03\/K\u00ednder-A-768x432.jpg 768w, http:\/\/www.colegio-sanandres.cl\/wp-content\/uploads\/2021\/03\/K\u00ednder-A.jpg 1280w\" sizes=\"auto, (max-width: 830px) 100vw, 830px\" \/><\/a><\/p>\n<table width=\"273\">\n<tbody>\n<tr>\n<td style=\"text-align: center;\" width=\"273\"><strong>MI\u00c9RCOLES<br \/><\/strong><\/td>\n<\/tr>\n<tr>\n<td style=\"text-align: left;\" width=\"273\">Asignatura Orientaci\u00f3n \u00a0\u00a0\u00a0\u00a0\u00a0\u00a0\u00a0\u00a0\u00a0\u00a0\u00a0\u00a0\u00a0\u00a0\u00a0<\/td>\n<\/tr>\n<tr>\n<td style=\"text-align: left;\" width=\"273\">Horario 12:00 a 12:45<\/td>\n<\/tr>\n<tr>\n<td style=\"text-align: left;\" width=\"273\">Educadora Evelyn Guzm\u00e1n<\/td>\n<\/tr>\n<tr>\n<td style=\"text-align: left;\" width=\"273\">Link de Acceso <a href=\"https:\/\/meet.google.com\/xse-hira-ieb\">https:\/\/meet.google.com\/xse-hira-ieb<\/a><\/td>\n<\/tr>\n<\/tbody>\n<\/table>\n<p>\u00a0<\/p>\n<table>\n<tbody>\n<tr>\n<td style=\"text-align: center;\" width=\"273\"><strong>JUEVES<br \/><\/strong><\/td>\n<\/tr>\n<tr>\n<td width=\"273\">Asignatura Orientaci\u00f3n \u00a0\u00a0\u00a0 \u00a0\u00a0\u00a0\u00a0\u00a0\u00a0\u00a0\u00a0\u00a0\u00a0\u00a0\u00a0\u00a0\u00a0\u00a0\u00a0\u00a0\u00a0<\/td>\n<\/tr>\n<tr>\n<td width=\"273\">Horario 12:00 a 12:45<\/td>\n<\/tr>\n<tr>\n<td width=\"273\">Educadora Evelyn Guzm\u00e1n<\/td>\n<\/tr>\n<tr>\n<td width=\"273\">Link de Acceso <a href=\"https:\/\/meet.google.com\/soe-wvvj-aap\">https:\/\/meet.google.com\/soe-wvvj-aap<\/a><\/td>\n<\/tr>\n<\/tbody>\n<\/table>\n<p>\u00a0<\/p>\n\n\n\n<hr class=\"wp-block-separator\"\/>\n\n\n\n<div style=\"height:30px\" aria-hidden=\"true\" class=\"wp-block-spacer\"><\/div>\n\n\n\n<h3 style=\"text-align: center;\"><span style=\"background-color: #ccffcc;\"><strong>K\u00cdNDER B<\/strong><\/span><\/h3>\n<p><a href=\"http:\/\/www.colegio-sanandres.cl\/wp-content\/uploads\/2021\/03\/K\u00ednder-B.jpg\"><img loading=\"lazy\" decoding=\"async\" class=\"alignnone size-large wp-image-7217\" src=\"http:\/\/www.colegio-sanandres.cl\/wp-content\/uploads\/2021\/03\/K\u00ednder-B-1200x675.jpg\" alt=\"\" width=\"830\" height=\"467\" srcset=\"http:\/\/www.colegio-sanandres.cl\/wp-content\/uploads\/2021\/03\/K\u00ednder-B-1200x675.jpg 1200w, http:\/\/www.colegio-sanandres.cl\/wp-content\/uploads\/2021\/03\/K\u00ednder-B-850x478.jpg 850w, http:\/\/www.colegio-sanandres.cl\/wp-content\/uploads\/2021\/03\/K\u00ednder-B-250x141.jpg 250w, http:\/\/www.colegio-sanandres.cl\/wp-content\/uploads\/2021\/03\/K\u00ednder-B-768x432.jpg 768w, http:\/\/www.colegio-sanandres.cl\/wp-content\/uploads\/2021\/03\/K\u00ednder-B.jpg 1280w\" sizes=\"auto, (max-width: 830px) 100vw, 830px\" \/><\/a><\/p>\n<table style=\"width: 100%; height: 120px;\" width=\"273\">\n<tbody>\n<tr style=\"height: 24px;\">\n<td style=\"text-align: center; height: 24px;\" width=\"273\"><strong>MI\u00c9RCOLES<br \/><\/strong><\/td>\n<\/tr>\n<tr style=\"height: 24px;\">\n<td style=\"height: 24px; text-align: left;\" width=\"273\">Asignatura Orientaci\u00f3n \u00a0\u00a0\u00a0\u00a0\u00a0\u00a0\u00a0\u00a0\u00a0\u00a0\u00a0\u00a0\u00a0<\/td>\n<\/tr>\n<tr style=\"height: 24px;\">\n<td style=\"height: 24px; text-align: left;\" width=\"273\">Horario 15:00 a 15:45<\/td>\n<\/tr>\n<tr style=\"height: 24px;\">\n<td style=\"height: 24px; text-align: left;\" width=\"273\">Educadora Carol Opazo<\/td>\n<\/tr>\n<tr style=\"height: 24px;\">\n<td style=\"height: 24px; text-align: left;\" width=\"273\">Link de Acceso <a href=\"https:\/\/meet.google.com\/jiq-onfn-tqv\">https:\/\/meet.google.com\/jiq-onfn-tqv<\/a><\/td>\n<\/tr>\n<\/tbody>\n<\/table>\n<p>\u00a0<\/p>\n<table style=\"width: 100%; height: 120px;\">\n<tbody>\n<tr style=\"height: 24px;\">\n<td style=\"text-align: center; height: 24px;\" width=\"273\"><strong>JUEVES<br \/><\/strong><\/td>\n<\/tr>\n<tr style=\"height: 24px;\">\n<td style=\"height: 24px;\" width=\"273\">Asignatura Orientaci\u00f3n \u00a0\u00a0\u00a0\u00a0\u00a0\u00a0\u00a0\u00a0\u00a0<\/td>\n<\/tr>\n<tr style=\"height: 24px;\">\n<td style=\"height: 24px;\" width=\"273\">Horario 15:00 a 15:45<\/td>\n<\/tr>\n<tr style=\"height: 24px;\">\n<td style=\"height: 24px;\" width=\"273\">Educadora Carol Opazo<\/td>\n<\/tr>\n<tr style=\"height: 24px;\">\n<td style=\"height: 24px;\" width=\"273\">Link de Acceso <a href=\"https:\/\/meet.google.com\/tpx-poip-fkc\">https:\/\/meet.google.com\/tpx-poip-fkc<\/a><\/td>\n<\/tr>\n<\/tbody>\n<\/table>\n<p>\u00a0<\/p>\n","protected":false},"excerpt":{"rendered":"<p>K\u00cdNDER A MI\u00c9RCOLES Asignatura Orientaci\u00f3n \u00a0\u00a0\u00a0\u00a0\u00a0\u00a0\u00a0\u00a0\u00a0\u00a0\u00a0\u00a0\u00a0\u00a0\u00a0 Horario 12:00 a 12:45 Educadora Evelyn Guzm\u00e1n Link de Acceso https:\/\/meet.google.com\/xse-hira-ieb \u00a0 JUEVES Asignatura Orientaci\u00f3n \u00a0\u00a0\u00a0 \u00a0\u00a0\u00a0\u00a0\u00a0\u00a0\u00a0\u00a0\u00a0\u00a0\u00a0\u00a0\u00a0\u00a0\u00a0\u00a0\u00a0\u00a0 Horario 12:00 a 12:45 Educadora Evelyn Guzm\u00e1n Link de Acceso https:\/\/meet.google.com\/soe-wvvj-aap \u00a0 K\u00cdNDER B MI\u00c9RCOLES Asignatura Orientaci\u00f3n \u00a0\u00a0\u00a0\u00a0\u00a0\u00a0\u00a0\u00a0\u00a0\u00a0\u00a0\u00a0\u00a0 Horario 15:00 a 15:45 Educadora Carol Opazo Link de Acceso https:\/\/meet.google.com\/jiq-onfn-tqv \u00a0 JUEVES Asignatura [&hellip;]<\/p>\n","protected":false},"author":3,"featured_media":0,"parent":0,"menu_order":0,"comment_status":"closed","ping_status":"closed","template":"","meta":{"footnotes":""},"class_list":["post-7215","page","type-page","status-publish","hentry"],"amp_enabled":true,"_links":{"self":[{"href":"http:\/\/www.colegio-sanandres.cl\/index.php?rest_route=\/wp\/v2\/pages\/7215","targetHints":{"allow":["GET"]}}],"collection":[{"href":"http:\/\/www.colegio-sanandres.cl\/index.php?rest_route=\/wp\/v2\/pages"}],"about":[{"href":"http:\/\/www.colegio-sanandres.cl\/index.php?rest_route=\/wp\/v2\/types\/page"}],"author":[{"embeddable":true,"href":"http:\/\/www.colegio-sanandres.cl\/index.php?rest_route=\/wp\/v2\/users\/3"}],"replies":[{"embeddable":true,"href":"http:\/\/www.colegio-sanandres.cl\/index.php?rest_route=%2Fwp%2Fv2%2Fcomments&post=7215"}],"version-history":[{"count":5,"href":"http:\/\/www.colegio-sanandres.cl\/index.php?rest_route=\/wp\/v2\/pages\/7215\/revisions"}],"predecessor-version":[{"id":7276,"href":"http:\/\/www.colegio-sanandres.cl\/index.php?rest_route=\/wp\/v2\/pages\/7215\/revisions\/7276"}],"wp:attachment":[{"href":"http:\/\/www.colegio-sanandres.cl\/index.php?rest_route=%2Fwp%2Fv2%2Fmedia&parent=7215"}],"curies":[{"name":"wp","href":"https:\/\/api.w.org\/{rel}","templated":true}]}}