{"id":7231,"date":"2021-03-06T23:30:41","date_gmt":"2021-03-07T02:30:41","guid":{"rendered":"http:\/\/www.colegio-sanandres.cl\/?page_id=7231"},"modified":"2021-03-07T16:43:26","modified_gmt":"2021-03-07T19:43:26","slug":"2-basico-clases-de-orientacion-miercoles-10-y-jueves-11-de-marzo","status":"publish","type":"page","link":"http:\/\/www.colegio-sanandres.cl\/?page_id=7231","title":{"rendered":"2\u00b0 B\u00e1sico (Clases de Orientaci\u00f3n Mi\u00e9rcoles 10 y Jueves 11 de Marzo)."},"content":{"rendered":"\n<h3 style=\"text-align: center;\"><strong><span style=\"background-color: #ffcc00;\">2\u00b0 B\u00c1SICO A<\/span><br \/><\/strong><\/h3>\n<p><a href=\"http:\/\/www.colegio-sanandres.cl\/wp-content\/uploads\/2021\/03\/2\u00b0A.jpg\"><img loading=\"lazy\" decoding=\"async\" class=\"alignnone size-large wp-image-7232\" src=\"http:\/\/www.colegio-sanandres.cl\/wp-content\/uploads\/2021\/03\/2\u00b0A-1200x675.jpg\" alt=\"\" width=\"830\" height=\"467\" srcset=\"http:\/\/www.colegio-sanandres.cl\/wp-content\/uploads\/2021\/03\/2\u00b0A-1200x675.jpg 1200w, http:\/\/www.colegio-sanandres.cl\/wp-content\/uploads\/2021\/03\/2\u00b0A-850x478.jpg 850w, http:\/\/www.colegio-sanandres.cl\/wp-content\/uploads\/2021\/03\/2\u00b0A-250x141.jpg 250w, http:\/\/www.colegio-sanandres.cl\/wp-content\/uploads\/2021\/03\/2\u00b0A-768x432.jpg 768w, http:\/\/www.colegio-sanandres.cl\/wp-content\/uploads\/2021\/03\/2\u00b0A.jpg 1280w\" sizes=\"auto, (max-width: 830px) 100vw, 830px\" \/><\/a><\/p>\n<table width=\"273\">\n<tbody>\n<tr>\n<td style=\"text-align: center;\" width=\"273\"><strong>MI\u00c9RCOLES<br \/><\/strong><\/td>\n<\/tr>\n<tr>\n<td style=\"text-align: left;\" width=\"273\">Asignatura Orientaci\u00f3n \u00a0\u00a0\u00a0\u00a0\u00a0\u00a0\u00a0\u00a0\u00a0\u00a0\u00a0\u00a0\u00a0\u00a0\u00a0<\/td>\n<\/tr>\n<tr>\n<td style=\"text-align: left;\" width=\"273\">Horario 15:00 a 15:45<\/td>\n<\/tr>\n<tr>\n<td style=\"text-align: left;\" width=\"273\">Profesora Romina Olgu\u00edn<\/td>\n<\/tr>\n<tr>\n<td style=\"text-align: left;\" width=\"273\">Link de Acceso <a href=\"https:\/\/meet.google.com\/nyx-iizy-zmn\">https:\/\/meet.google.com\/nyx-iizy-zmn<\/a><\/td>\n<\/tr>\n<\/tbody>\n<\/table>\n<p>\u00a0<\/p>\n<table>\n<tbody>\n<tr>\n<td style=\"text-align: center;\" width=\"273\"><strong>JUEVES<br \/><\/strong><\/td>\n<\/tr>\n<tr>\n<td width=\"273\">Asignatura Orientaci\u00f3n \u00a0\u00a0\u00a0 \u00a0\u00a0\u00a0\u00a0\u00a0\u00a0\u00a0\u00a0\u00a0\u00a0\u00a0\u00a0\u00a0\u00a0\u00a0\u00a0\u00a0\u00a0<\/td>\n<\/tr>\n<tr>\n<td width=\"273\">Horario 15:00 a 15:45<\/td>\n<\/tr>\n<tr>\n<td width=\"273\">Profesora Romina Olgu\u00edn<\/td>\n<\/tr>\n<tr>\n<td width=\"273\">Link de Acceso <a href=\"https:\/\/meet.google.com\/qbg-kdei-ssi\">https:\/\/meet.google.com\/qbg-kdei-ssi<\/a><\/td>\n<\/tr>\n<\/tbody>\n<\/table>\n<p>\u00a0<\/p>\n\n\n\n<hr class=\"wp-block-separator\"\/>\n\n\n\n<div style=\"height:30px\" aria-hidden=\"true\" class=\"wp-block-spacer\"><\/div>\n\n\n\n<h3 style=\"text-align: center;\"><span style=\"background-color: #99ccff;\"><strong>2\u00b0 B\u00c1SICO B<\/strong><\/span><\/h3>\n<p><a href=\"http:\/\/www.colegio-sanandres.cl\/wp-content\/uploads\/2021\/03\/2\u00b0B.jpg\"><img loading=\"lazy\" decoding=\"async\" class=\"alignnone size-large wp-image-7233\" src=\"http:\/\/www.colegio-sanandres.cl\/wp-content\/uploads\/2021\/03\/2\u00b0B-1200x675.jpg\" alt=\"\" width=\"830\" height=\"467\" srcset=\"http:\/\/www.colegio-sanandres.cl\/wp-content\/uploads\/2021\/03\/2\u00b0B-1200x675.jpg 1200w, http:\/\/www.colegio-sanandres.cl\/wp-content\/uploads\/2021\/03\/2\u00b0B-850x478.jpg 850w, http:\/\/www.colegio-sanandres.cl\/wp-content\/uploads\/2021\/03\/2\u00b0B-250x141.jpg 250w, http:\/\/www.colegio-sanandres.cl\/wp-content\/uploads\/2021\/03\/2\u00b0B-768x432.jpg 768w, http:\/\/www.colegio-sanandres.cl\/wp-content\/uploads\/2021\/03\/2\u00b0B.jpg 1280w\" sizes=\"auto, (max-width: 830px) 100vw, 830px\" \/><\/a><\/p>\n<table style=\"width: 100%; height: 120px;\" width=\"273\">\n<tbody>\n<tr style=\"height: 24px;\">\n<td style=\"text-align: center; height: 24px;\" width=\"273\"><strong>MI\u00c9RCOLES<br \/><\/strong><\/td>\n<\/tr>\n<tr style=\"height: 24px;\">\n<td style=\"height: 24px; text-align: left;\" width=\"273\">Asignatura Orientaci\u00f3n \u00a0\u00a0\u00a0\u00a0\u00a0\u00a0\u00a0\u00a0\u00a0\u00a0\u00a0\u00a0\u00a0<\/td>\n<\/tr>\n<tr style=\"height: 24px;\">\n<td style=\"height: 24px; text-align: left;\" width=\"273\">Horario 15:00 a 15:45<\/td>\n<\/tr>\n<tr style=\"height: 24px;\">\n<td style=\"height: 24px; text-align: left;\" width=\"273\">Profesora Carolina Ortiz<\/td>\n<\/tr>\n<tr style=\"height: 24px;\">\n<td style=\"height: 24px; text-align: left;\" width=\"273\">Link de Acceso <a href=\"https:\/\/meet.google.com\/jze-uiwm-zii\">https:\/\/meet.google.com\/jze-uiwm-zii<\/a><\/td>\n<\/tr>\n<\/tbody>\n<\/table>\n<p>\u00a0<\/p>\n<table style=\"width: 100%; height: 120px;\">\n<tbody>\n<tr style=\"height: 24px;\">\n<td style=\"text-align: center; height: 24px;\" width=\"273\"><strong>JUEVES<br \/><\/strong><\/td>\n<\/tr>\n<tr style=\"height: 24px;\">\n<td style=\"height: 24px;\" width=\"273\">Asignatura Orientaci\u00f3n \u00a0\u00a0\u00a0\u00a0\u00a0\u00a0\u00a0\u00a0\u00a0<\/td>\n<\/tr>\n<tr style=\"height: 24px;\">\n<td style=\"height: 24px;\" width=\"273\">Horario 15:00 a 15:45<\/td>\n<\/tr>\n<tr style=\"height: 24px;\">\n<td style=\"height: 24px;\" width=\"273\">Profesora Carolina Ortiz<\/td>\n<\/tr>\n<tr style=\"height: 24px;\">\n<td style=\"height: 24px;\" width=\"273\">Link de Acceso <a href=\"https:\/\/meet.google.com\/aqy-axsq-vih\">https:\/\/meet.google.com\/aqy-axsq-vih<\/a><\/td>\n<\/tr>\n<\/tbody>\n<\/table>\n<p>\u00a0<\/p>\n","protected":false},"excerpt":{"rendered":"<p>2\u00b0 B\u00c1SICO A MI\u00c9RCOLES Asignatura Orientaci\u00f3n \u00a0\u00a0\u00a0\u00a0\u00a0\u00a0\u00a0\u00a0\u00a0\u00a0\u00a0\u00a0\u00a0\u00a0\u00a0 Horario 15:00 a 15:45 Profesora Romina Olgu\u00edn Link de Acceso https:\/\/meet.google.com\/nyx-iizy-zmn \u00a0 JUEVES Asignatura Orientaci\u00f3n \u00a0\u00a0\u00a0 \u00a0\u00a0\u00a0\u00a0\u00a0\u00a0\u00a0\u00a0\u00a0\u00a0\u00a0\u00a0\u00a0\u00a0\u00a0\u00a0\u00a0\u00a0 Horario 15:00 a 15:45 Profesora Romina Olgu\u00edn Link de Acceso https:\/\/meet.google.com\/qbg-kdei-ssi \u00a0 2\u00b0 B\u00c1SICO B MI\u00c9RCOLES Asignatura Orientaci\u00f3n \u00a0\u00a0\u00a0\u00a0\u00a0\u00a0\u00a0\u00a0\u00a0\u00a0\u00a0\u00a0\u00a0 Horario 15:00 a 15:45 Profesora Carolina Ortiz Link de Acceso https:\/\/meet.google.com\/jze-uiwm-zii \u00a0 [&hellip;]<\/p>\n","protected":false},"author":3,"featured_media":0,"parent":0,"menu_order":0,"comment_status":"closed","ping_status":"closed","template":"","meta":{"footnotes":""},"class_list":["post-7231","page","type-page","status-publish","hentry"],"amp_enabled":true,"_links":{"self":[{"href":"http:\/\/www.colegio-sanandres.cl\/index.php?rest_route=\/wp\/v2\/pages\/7231","targetHints":{"allow":["GET"]}}],"collection":[{"href":"http:\/\/www.colegio-sanandres.cl\/index.php?rest_route=\/wp\/v2\/pages"}],"about":[{"href":"http:\/\/www.colegio-sanandres.cl\/index.php?rest_route=\/wp\/v2\/types\/page"}],"author":[{"embeddable":true,"href":"http:\/\/www.colegio-sanandres.cl\/index.php?rest_route=\/wp\/v2\/users\/3"}],"replies":[{"embeddable":true,"href":"http:\/\/www.colegio-sanandres.cl\/index.php?rest_route=%2Fwp%2Fv2%2Fcomments&post=7231"}],"version-history":[{"count":2,"href":"http:\/\/www.colegio-sanandres.cl\/index.php?rest_route=\/wp\/v2\/pages\/7231\/revisions"}],"predecessor-version":[{"id":7278,"href":"http:\/\/www.colegio-sanandres.cl\/index.php?rest_route=\/wp\/v2\/pages\/7231\/revisions\/7278"}],"wp:attachment":[{"href":"http:\/\/www.colegio-sanandres.cl\/index.php?rest_route=%2Fwp%2Fv2%2Fmedia&parent=7231"}],"curies":[{"name":"wp","href":"https:\/\/api.w.org\/{rel}","templated":true}]}}